{"id":51,"date":"2019-07-19T16:22:15","date_gmt":"2019-07-19T19:22:15","guid":{"rendered":"https:\/\/www.coreduc.cl\/vbs\/?page_id=51"},"modified":"2019-09-07T15:35:00","modified_gmt":"2019-09-07T19:35:00","slug":"semblanza","status":"publish","type":"page","link":"https:\/\/www.coreduc.cl\/vbs\/nuestro-liceo\/semblanza\/","title":{"rendered":"Semblanza"},"content":{"rendered":"<div class=\"wpb-content-wrapper\"><p>[vc_row css_animation=&#8221;&#8221; row_type=&#8221;row&#8221; use_row_as_full_screen_section=&#8221;no&#8221; type=&#8221;full_width&#8221; angled_section=&#8221;no&#8221; text_align=&#8221;left&#8221; background_image_as_pattern=&#8221;without_pattern&#8221;][vc_column][vc_column_text]<\/p>\n<h2 style=\"font-size: 30px; line-height: 28px; letter-spacing: 1px;\">Biograf\u00eda de Don \u201cV\u00edctor Bezanilla Salinas\u201d<\/h2>\n<p><strong>V\u00edctor Bezanilla Salinas: una empresa como una familia<\/strong><\/p>\n<p><a href=\"https:\/\/www.coreduc.cl\/vbs\/wp-content\/uploads\/2019\/07\/semblanza_1.jpg\"><img loading=\"lazy\" decoding=\"async\" class=\"size-full wp-image-158 alignleft\" src=\"https:\/\/www.coreduc.cl\/vbs\/wp-content\/uploads\/2019\/07\/semblanza_1.jpg\" alt=\"\" width=\"150\" height=\"171\" \/><\/a>V\u00edctor Bezanilla Salinas so\u00f1aba con ser director de orquesta, pero en 1942, a sus 21 a\u00f1os, la prematura muerte de su padre, lo oblig\u00f3 a trabajar para costear sus estudios de Construcci\u00f3n Civil en la Universidad Cat\u00f3lica. Igual transmiti\u00f3 a sus hijos su indescriptible fascinaci\u00f3n por la m\u00fasica porque todos ellos se convirtieron en \u201cperilleros\u201d apasionados y en continuadores de su quehacer empresarial en BESALCO S.A., empresa fundada en 1944 junto a dos amigos.<br \/>\nEntre sus principales obras de construcci\u00f3n, se cuentan, la pavimentaci\u00f3n de calles y avenidas, aeropuerto El Tepual, ensanche de La Gran Avenida, camino entre Cha\u00f1aral y Las Bombas, camino Coya \u2013 Col\u00f3n, camino Pozo Almonte a Sagasca , Metro de Santiago, entre otras.<\/p>\n<p>V\u00edctor Bezanilla sol\u00eda compartir con su esposa lo que ocurr\u00eda en la oficina, incluyendo los momentos dif\u00edciles. Hoy d\u00eda, su esposa Helena Saavedra lo recuerda como un hombre muy comunicativo, cari\u00f1oso, justo y generoso en extremo. Lo define como un paciente oidor de los dilemas y dichas de los dem\u00e1s, lo que le permiti\u00f3 mantener excelentes relaciones con sus hijos y sus trabajadores, varios de los cuales recurr\u00edan a \u00e9l para resolver sus problemas.<\/p>\n<p>Pese a que la mayor parte de los trabajos de la empresa se hicieron muy lejos de Santiago, como en Puerto Montt y Punta Arenas, la familia Bezanilla Saavedra nunca abandon\u00f3 la ciudad, porque la situaci\u00f3n de la empresa permit\u00eda tener personal delegado en la zona. Sin embargo, \u201cel pap\u00e1 igual pasaba viajando, recorriendo miles de kil\u00f3metros en auto\u201d, recuerda hoy su hijo V\u00edctor Bezanilla Saavedra, actual Presidente de Besalco, quien comenz\u00f3 a trabajar en ella a los 14 a\u00f1os. Su padre, explica, era partidario de que sus hijos trabajaran en faenas al menos uno de los tres meses de vacaciones estivales, \u201cespecialmente cuando me sacaba malas notas\u201d. Despu\u00e9s, siendo alumno de Construcci\u00f3n Civil, hizo pr\u00e1cticas de verano en la empresa hasta que se recibi\u00f3 y se dedic\u00f3 enteramente a ella.<\/p>\n<p>Actualmente, cuatro de los 7 hijos del matrimonio Bezanilla Saavedra est\u00e1n vinculados a la empresa familiar, con importantes responsabilidades. Ra\u00fal Bezanilla es gerente de maquinarias; Rodrigo, gerente de servicios y Consejero del Liceo desde 1993; Pablo, el menor de todos, Gerente General de Besalco, est\u00e1 a cargo de la obra Santiago-San Antonio y es jefe de la oficina t\u00e9cnica; Isabel es jefe de ventas de viviendas y Rafael Lira, casado con Adriana Bezanilla, es el abogado jefe de Besalco.<\/p>\n<p>V\u00edctor Bezanilla form\u00f3 una familia unida y muy apegada a esta gran obra familiar, y aunque era muy trabajador y alegre, tambi\u00e9n era extremadamente aprensivo. \u201cHubo oportunidades \u2013recuerda hoy su esposa- en que los problemas parec\u00edan no tener soluci\u00f3n. Entonces, como V\u00edctor era aprensivo, no dorm\u00eda pensando en c\u00f3mo solucionarlos.\u201d<\/p>\n<p>La valoraci\u00f3n del personal de la empresa es una de las ense\u00f1anzas que V\u00edctor Bezanilla dej\u00f3 a sus herederos. As\u00ed, rodeado del cari\u00f1o de sus amigos, familiares y trabajadores, V\u00edctor Bezanilla falleci\u00f3 de una afecci\u00f3n cardiaca en junio de 1991, en pleno ejercicio de sus funciones. Entre sus deseos p\u00f3stumos estaba la cancelaci\u00f3n vitalicia de una jubilaci\u00f3n voluntaria para quince de sus antiguos operarios que no hab\u00edan sido beneficiados con las leyes sociales que aparecieron mucho despu\u00e9s de su ingreso a la empresa.<\/p>\n<p>Tambi\u00e9n fue consejero y Presidente del comit\u00e9 de Obras P\u00fablicas de la C\u00e1mara Chilena de la Construcci\u00f3n, y, trabajando\u00a0junto al sacerdote Alfredo Ruiz-Tagle, mantuvo la\u00a0Presidencia de la Fundaci\u00f3n \u201cMi Casa\u201d durante 20 a\u00f1os, per\u00edodo en el cual se ampli\u00f3 la cobertura de atenci\u00f3n de 240 a 2.000 ni\u00f1os. Particip\u00f3 adem\u00e1s en el directorio de la Sociedad Protectora de la Infancia, y en forma privada, realiz\u00f3 innumerables obras de beneficencia.[\/vc_column_text][vc_empty_space height=&#8221;150px&#8221;][\/vc_column][\/vc_row]<\/p>\n<\/div>","protected":false},"excerpt":{"rendered":"<p>[vc_row css_animation=&#8221;&#8221; row_type=&#8221;row&#8221; use_row_as_full_screen_section=&#8221;no&#8221; type=&#8221;full_width&#8221; angled_section=&#8221;no&#8221; text_align=&#8221;left&#8221; background_image_as_pattern=&#8221;without_pattern&#8221;][vc_column][vc_column_text] Biograf\u00eda de Don \u201cV\u00edctor Bezanilla Salinas\u201d V\u00edctor Bezanilla Salinas: una empresa como una familia V\u00edctor Bezanilla Salinas so\u00f1aba con ser director de orquesta, pero en 1942, a sus 21 a\u00f1os, la prematura muerte de su padre, lo&#8230;<\/p>\n","protected":false},"author":7,"featured_media":0,"parent":152,"menu_order":0,"comment_status":"closed","ping_status":"closed","template":"","meta":{"footnotes":""},"class_list":["post-51","page","type-page","status-publish","hentry"],"_links":{"self":[{"href":"https:\/\/www.coreduc.cl\/vbs\/wp-json\/wp\/v2\/pages\/51","targetHints":{"allow":["GET"]}}],"collection":[{"href":"https:\/\/www.coreduc.cl\/vbs\/wp-json\/wp\/v2\/pages"}],"about":[{"href":"https:\/\/www.coreduc.cl\/vbs\/wp-json\/wp\/v2\/types\/page"}],"author":[{"embeddable":true,"href":"https:\/\/www.coreduc.cl\/vbs\/wp-json\/wp\/v2\/users\/7"}],"replies":[{"embeddable":true,"href":"https:\/\/www.coreduc.cl\/vbs\/wp-json\/wp\/v2\/comments?post=51"}],"version-history":[{"count":7,"href":"https:\/\/www.coreduc.cl\/vbs\/wp-json\/wp\/v2\/pages\/51\/revisions"}],"predecessor-version":[{"id":346,"href":"https:\/\/www.coreduc.cl\/vbs\/wp-json\/wp\/v2\/pages\/51\/revisions\/346"}],"up":[{"embeddable":true,"href":"https:\/\/www.coreduc.cl\/vbs\/wp-json\/wp\/v2\/pages\/152"}],"wp:attachment":[{"href":"https:\/\/www.coreduc.cl\/vbs\/wp-json\/wp\/v2\/media?parent=51"}],"curies":[{"name":"wp","href":"https:\/\/api.w.org\/{rel}","templated":true}]}}