{"id":49,"date":"2019-07-19T16:21:37","date_gmt":"2019-07-19T19:21:37","guid":{"rendered":"https:\/\/www.coreduc.cl\/vbs\/?page_id=49"},"modified":"2022-06-14T11:47:03","modified_gmt":"2022-06-14T15:47:03","slug":"resena-historica","status":"publish","type":"page","link":"https:\/\/www.coreduc.cl\/vbs\/nuestro-liceo\/resena-historica\/","title":{"rendered":"Rese\u00f1a Hist\u00f3rica"},"content":{"rendered":"<div class=\"wpb-content-wrapper\"><p>[vc_row css_animation=&#8221;&#8221; row_type=&#8221;row&#8221; use_row_as_full_screen_section=&#8221;no&#8221; type=&#8221;full_width&#8221; angled_section=&#8221;no&#8221; text_align=&#8221;left&#8221; background_image_as_pattern=&#8221;without_pattern&#8221;][vc_column][vc_column_text]Hace 80 a\u00f1os en el barrio de la Chimba, espec\u00edficamente en D\u00e1vila Baeza 788, comuna de Recoleta, cerca de Estaci\u00f3n Mapocho, las puertas del liceo se abrieron por primera vez a la educaci\u00f3n un 30 de Junio de 1938, fundado con el nombre de Escuela de Artesanos. Recibe su reconocimiento oficial el 1 de Julio de ese mismo a\u00f1o de pu\u00f1o y letra del presidente de la \u00e9poca don Arturo Alessandri Palma.<\/p>\n<p>Desde sus inicios, la Escuela de Artesanos fue conocida a lo largo de nuestro pa\u00eds, recibiendo a j\u00f3venes desde Arica a Punta Arenas para iniciar sus estudios en Hojalater\u00eda, Gasfiter\u00eda y Plomer\u00eda, lo que oblig\u00f3 a crear un Internado y Medio Pupilaje con horario completo, recibiendo alumnos incluso de Isla de Pascua.<\/p>\n<p>En 1941, cambi\u00f3 el nombre por Escuela Nacional de Artesanos de Instalaciones Sanitarias, ENAIS y se crearon las especialidades de Instalaciones Sanitarias, Enchapadur\u00eda en Metales y Mec\u00e1nica en Aviaci\u00f3n. Mas adelante pas\u00f3 a ser la Escuela Industrial Superior N\u00b01 y posteriormente, el Liceo Industrial A-19.<\/p>\n<p>En la d\u00e9cada de los 60, el liceo se traslada a las dependencias de la que fuera la Central de Leche de Santiago, industria que transform\u00f3 el entorno con la creaci\u00f3n de barrios y siendo hoy estudiado por centros universitarios y de investigaci\u00f3n hist\u00f3rica.<\/p>\n<p>Ya en 1993, cuando el Ministerio de Educaci\u00f3n estaba a cargo del Sr. Ricardo Lagos E., expresidente de la Rep\u00fablica, se convirti\u00f3 en el actual Liceo Industrial de la Construcci\u00f3n V\u00edctor Bezanilla Salinas, administrado desde 1988 por la Corporaci\u00f3n Educacional de la Construcci\u00f3n, COREDUC.[\/vc_column_text][vc_empty_space height=&#8221;150px&#8221;][\/vc_column][\/vc_row]<\/p>\n<\/div>","protected":false},"excerpt":{"rendered":"<p>[vc_row css_animation=&#8221;&#8221; row_type=&#8221;row&#8221; use_row_as_full_screen_section=&#8221;no&#8221; type=&#8221;full_width&#8221; angled_section=&#8221;no&#8221; text_align=&#8221;left&#8221; background_image_as_pattern=&#8221;without_pattern&#8221;][vc_column][vc_column_text]Hace 80 a\u00f1os en el barrio de la Chimba, espec\u00edficamente en D\u00e1vila Baeza 788, comuna de Recoleta, cerca de Estaci\u00f3n Mapocho, las puertas del liceo se abrieron por primera vez a la educaci\u00f3n un 30 de Junio de&#8230;<\/p>\n","protected":false},"author":7,"featured_media":0,"parent":152,"menu_order":0,"comment_status":"closed","ping_status":"closed","template":"","meta":{"footnotes":""},"class_list":["post-49","page","type-page","status-publish","hentry"],"_links":{"self":[{"href":"https:\/\/www.coreduc.cl\/vbs\/wp-json\/wp\/v2\/pages\/49","targetHints":{"allow":["GET"]}}],"collection":[{"href":"https:\/\/www.coreduc.cl\/vbs\/wp-json\/wp\/v2\/pages"}],"about":[{"href":"https:\/\/www.coreduc.cl\/vbs\/wp-json\/wp\/v2\/types\/page"}],"author":[{"embeddable":true,"href":"https:\/\/www.coreduc.cl\/vbs\/wp-json\/wp\/v2\/users\/7"}],"replies":[{"embeddable":true,"href":"https:\/\/www.coreduc.cl\/vbs\/wp-json\/wp\/v2\/comments?post=49"}],"version-history":[{"count":6,"href":"https:\/\/www.coreduc.cl\/vbs\/wp-json\/wp\/v2\/pages\/49\/revisions"}],"predecessor-version":[{"id":1554,"href":"https:\/\/www.coreduc.cl\/vbs\/wp-json\/wp\/v2\/pages\/49\/revisions\/1554"}],"up":[{"embeddable":true,"href":"https:\/\/www.coreduc.cl\/vbs\/wp-json\/wp\/v2\/pages\/152"}],"wp:attachment":[{"href":"https:\/\/www.coreduc.cl\/vbs\/wp-json\/wp\/v2\/media?parent=49"}],"curies":[{"name":"wp","href":"https:\/\/api.w.org\/{rel}","templated":true}]}}