{"id":349,"date":"2019-09-10T14:45:30","date_gmt":"2019-09-10T18:45:30","guid":{"rendered":"https:\/\/www.coreduc.cl\/vbs\/?page_id=349"},"modified":"2024-05-28T15:21:09","modified_gmt":"2024-05-28T19:21:09","slug":"indicadores","status":"publish","type":"page","link":"https:\/\/www.coreduc.cl\/vbs\/indicadores\/","title":{"rendered":"Indicadores"},"content":{"rendered":"<div class=\"wpb-content-wrapper\"><p>[vc_row css_animation=&#8221;&#8221; row_type=&#8221;row&#8221; use_row_as_full_screen_section=&#8221;no&#8221; type=&#8221;full_width&#8221; angled_section=&#8221;no&#8221; text_align=&#8221;left&#8221; background_image_as_pattern=&#8221;without_pattern&#8221;][vc_column][vc_column_text]<strong>SIMCE 2017 \u2013 2023<\/strong><\/p>\n<p>Las pruebas SIMCE eval\u00faan los aprendizajes de los estudiantes y determinan los logros esperados dentro de un curso y asignatura determinada.<\/p>\n<table width=\"100%\">\n<tbody>\n<tr>\n<td width=\"48\"><strong>A\u00d1O<\/strong><\/td>\n<td width=\"78\"><strong>LENGUAJE<\/strong><\/td>\n<td width=\"99\"><strong>MATEM\u00c1TICA<\/strong><\/td>\n<\/tr>\n<tr>\n<td width=\"48\"><strong>2023<\/strong><\/td>\n<td width=\"78\"><strong>255<\/strong><\/td>\n<td width=\"99\"><strong>258<\/strong><\/td>\n<\/tr>\n<tr>\n<td width=\"48\"><strong>2022<\/strong><\/td>\n<td width=\"78\"><strong>224<\/strong><\/td>\n<td width=\"99\"><strong>233<\/strong><\/td>\n<\/tr>\n<tr>\n<td width=\"48\">2018<\/td>\n<td width=\"78\"><strong>236<\/strong><\/td>\n<td width=\"99\"><strong>256<\/strong><\/td>\n<\/tr>\n<tr>\n<td width=\"48\">2017<\/td>\n<td width=\"78\"><strong>241<\/strong><\/td>\n<td width=\"99\"><strong>235<\/strong><\/td>\n<\/tr>\n<\/tbody>\n<\/table>\n<p><strong>\u00a0<\/strong><\/p>\n<p><strong>Rendimiento relativo a la comuna:<\/strong><\/p>\n<p>El siguiente valor corresponde al percentil en el que se ubica el establecimiento con respecto a la comuna:<\/p>\n<p style=\"text-align: center;\"><strong>Los estudiantes del liceo VBS obtuvieron puntaje SIMCE superiores al 40% de la comuna.<\/strong><\/p>\n<p><strong>\u00a0<\/strong><\/p>\n<p><strong>\u00a0INDICADORES DE DESARROLLO PERSONAL Y SOCIAL<\/strong><\/p>\n<table width=\"100%\">\n<tbody>\n<tr>\n<td width=\"259\"><strong>A\u00d1O<\/strong><\/td>\n<td width=\"48\"><strong>2018<\/strong><\/td>\n<td width=\"48\"><strong>2022<\/strong><\/td>\n<td width=\"48\"><strong>2023<\/strong><\/td>\n<\/tr>\n<tr>\n<td width=\"259\"><strong>Autoestima acad\u00e9mica y motivaci\u00f3n escolar<\/strong><\/td>\n<td width=\"48\">74<\/td>\n<td width=\"48\">78<\/td>\n<td width=\"48\">79<\/td>\n<\/tr>\n<tr>\n<td width=\"259\"><strong>Clima y convivencia escolar<\/strong><\/td>\n<td width=\"48\">71<\/td>\n<td width=\"48\">81<\/td>\n<td width=\"48\">80<\/td>\n<\/tr>\n<tr>\n<td width=\"259\"><strong>Participaci\u00f3n y formaci\u00f3n ciudadana<\/strong><\/td>\n<td width=\"48\">76<\/td>\n<td width=\"48\">85<\/td>\n<td width=\"48\">84<\/td>\n<\/tr>\n<tr>\n<td width=\"259\"><strong>H\u00e1bitos de vida saludable<\/strong><\/td>\n<td width=\"48\">66<\/td>\n<td width=\"48\">72<\/td>\n<td width=\"48\">72<\/td>\n<\/tr>\n<\/tbody>\n<\/table>\n<p><strong>\u00a0<\/strong><\/p>\n<p><strong>PSU\/PDT\/PAES<\/strong><\/p>\n<p>Resultado del establecimiento de los estudiantes egresados que rindieron el examen que se utiliza para el ingreso a la educaci\u00f3n superior.<\/p>\n<table width=\"100%\">\n<tbody>\n<tr>\n<td width=\"129\"><strong>SECTOR<\/strong><\/td>\n<td width=\"109\"><strong>2020<\/strong><\/td>\n<td width=\"117\"><strong>2021<\/strong><\/td>\n<td width=\"118\"><strong>2022<\/strong><\/td>\n<td width=\"116\"><strong>2023<\/strong><\/td>\n<\/tr>\n<tr>\n<td width=\"129\"><strong>Lenguaje<\/strong><\/td>\n<td width=\"109\"><strong>432<\/strong><\/td>\n<td width=\"117\"><strong>426<\/strong><\/td>\n<td width=\"118\"><strong>542.7<\/strong><\/td>\n<td width=\"116\"><strong>512<\/strong><\/td>\n<\/tr>\n<tr>\n<td width=\"129\"><strong>Matem\u00e1ticas <\/strong><\/td>\n<td width=\"109\"><strong>440<\/strong><\/td>\n<td width=\"117\"><strong>449<\/strong><\/td>\n<td width=\"118\"><strong>510.2<\/strong><\/td>\n<td width=\"116\"><strong>530<\/strong><\/td>\n<\/tr>\n<tr>\n<td width=\"129\"><strong>Historia<\/strong><\/td>\n<td width=\"109\"><strong>513<\/strong><\/td>\n<td width=\"117\"><strong>445<\/strong><\/td>\n<td width=\"118\"><strong>411.8<\/strong><\/td>\n<td width=\"116\"><strong>415<\/strong><\/td>\n<\/tr>\n<tr>\n<td width=\"129\"><strong>Ciencias<\/strong><\/td>\n<td width=\"109\"><strong>443<\/strong><\/td>\n<td width=\"117\"><strong>441<\/strong><\/td>\n<td width=\"118\"><strong>458<\/strong><\/td>\n<td width=\"116\"><strong>425<\/strong><\/td>\n<\/tr>\n<\/tbody>\n<\/table>\n<p><strong>\u00a0<\/strong><\/p>\n<p><strong>PR\u00c1CTICA Y TITULACI\u00d3N SEG\u00daN COHORTE:<\/strong><\/p>\n<table width=\"100%\">\n<tbody>\n<tr>\n<td width=\"47\"><strong>A\u00d1OS<\/strong><\/td>\n<td width=\"98\"><strong>N\u00b0 Als. 4\u00b0 medio egresados<\/strong><\/td>\n<td width=\"114\"><strong>N\u00b0 Als Pr\u00e1ctica en relaci\u00f3n con los egresados<\/strong><\/td>\n<td width=\"121\"><strong>% Als Pr\u00e1ctica en relaci\u00f3n con los egresados<\/strong><\/td>\n<td width=\"103\"><strong>N\u00b0 de alumnos titulados en relaci\u00f3n con los egresados<\/strong><\/td>\n<td width=\"94\"><strong>% Als titulados en relaci\u00f3n con los egresados<\/strong><\/td>\n<\/tr>\n<tr>\n<td width=\"47\"><strong>2020<\/strong><\/td>\n<td width=\"98\">117<\/td>\n<td width=\"114\">112<\/td>\n<td width=\"121\">95,72<\/td>\n<td width=\"103\">107<\/td>\n<td width=\"94\">91,45<\/td>\n<\/tr>\n<tr>\n<td width=\"47\"><strong>2021<\/strong><\/td>\n<td width=\"98\">94<\/td>\n<td width=\"114\">91<\/td>\n<td width=\"121\">96,8<\/td>\n<td width=\"103\">86<\/td>\n<td width=\"94\">91,48<\/td>\n<\/tr>\n<tr>\n<td width=\"47\"><strong>2022<\/strong><\/td>\n<td width=\"98\">105<\/td>\n<td width=\"114\">101<\/td>\n<td width=\"121\">96,2<\/td>\n<td width=\"103\">100<\/td>\n<td width=\"94\">95,2<\/td>\n<\/tr>\n<tr>\n<td width=\"47\">2023<\/td>\n<td width=\"98\">96<\/td>\n<td colspan=\"4\" width=\"432\">EN PROCESO DE PR\u00c1CTICA<\/td>\n<\/tr>\n<\/tbody>\n<\/table>\n<p>&nbsp;<\/p>\n<p><strong>SEGUIMIENTO DE EGRESADOS<\/strong><\/p>\n<p><strong>ACTIVIDAD POST A\u00d1OS DE EGRESO DE 4\u00b0 MEDIO <\/strong><\/p>\n<table width=\"100%\">\n<tbody>\n<tr>\n<td colspan=\"3\" width=\"208\"><strong>Datos Iniciales<\/strong><\/td>\n<td colspan=\"3\" width=\"160\"><strong>Nivel de Estudio en Educaci\u00f3n Superior<\/strong><\/td>\n<td width=\"76\"><strong>Mixta<\/strong><\/td>\n<td colspan=\"2\" width=\"161\"><strong>Laboral<\/strong><\/td>\n<\/tr>\n<tr>\n<td width=\"45\">A\u00d1O<\/td>\n<td width=\"78\"><strong>Egresados<\/strong><\/td>\n<td width=\"85\"><strong>Titulados a\u00f1o<\/strong><\/td>\n<td width=\"47\"><strong>CFT<\/strong><\/td>\n<td width=\"26\"><strong>IP<\/strong><\/td>\n<td width=\"87\"><strong>Universidad<\/strong><\/td>\n<td width=\"76\"><strong>Estudian y Trabajan<\/strong><\/td>\n<td width=\"94\"><strong>S\u00f3lo trabaja<\/strong><\/td>\n<td width=\"66\"><strong>Busca trabajo<\/strong><\/td>\n<\/tr>\n<tr>\n<td width=\"45\">2018<\/td>\n<td width=\"78\">93<\/td>\n<td width=\"85\"><strong>2019<\/strong><\/td>\n<td colspan=\"3\" width=\"160\">15.5%<\/td>\n<td width=\"76\">31%<\/td>\n<td width=\"94\">Trabajo estable: 55.2%<\/p>\n<p>&nbsp;<\/p>\n<p>Trabajo espor\u00e1dico:<\/p>\n<p>12.1%<\/td>\n<td width=\"66\">1.7%<\/td>\n<\/tr>\n<tr>\n<td width=\"45\">2019<\/td>\n<td width=\"78\">103<\/td>\n<td width=\"85\"><strong>2020<\/strong><\/td>\n<td colspan=\"3\" width=\"160\">55.9%<\/td>\n<td width=\"76\">10.2%<\/td>\n<td width=\"94\">Trabajo estable: 54.2%<\/p>\n<p>&nbsp;<\/p>\n<p>Trabajo espor\u00e1dico:<\/p>\n<p>5.1%<\/td>\n<td width=\"66\">3.4%<\/td>\n<\/tr>\n<\/tbody>\n<\/table>\n<p>[\/vc_column_text][vc_empty_space height=&#8221;150px&#8221;][\/vc_column][\/vc_row]<\/p>\n<\/div>","protected":false},"excerpt":{"rendered":"<p>[vc_row css_animation=&#8221;&#8221; row_type=&#8221;row&#8221; use_row_as_full_screen_section=&#8221;no&#8221; type=&#8221;full_width&#8221; angled_section=&#8221;no&#8221; text_align=&#8221;left&#8221; background_image_as_pattern=&#8221;without_pattern&#8221;][vc_column][vc_column_text]SIMCE 2017 \u2013 2023 Las pruebas SIMCE eval\u00faan los aprendizajes de los estudiantes y determinan los logros esperados dentro de un curso y asignatura determinada. A\u00d1O LENGUAJE MATEM\u00c1TICA 2023 255 258 2022 224 233 2018 236 256 2017&#8230;<\/p>\n","protected":false},"author":7,"featured_media":0,"parent":0,"menu_order":0,"comment_status":"closed","ping_status":"closed","template":"","meta":{"footnotes":""},"class_list":["post-349","page","type-page","status-publish","hentry"],"_links":{"self":[{"href":"https:\/\/www.coreduc.cl\/vbs\/wp-json\/wp\/v2\/pages\/349","targetHints":{"allow":["GET"]}}],"collection":[{"href":"https:\/\/www.coreduc.cl\/vbs\/wp-json\/wp\/v2\/pages"}],"about":[{"href":"https:\/\/www.coreduc.cl\/vbs\/wp-json\/wp\/v2\/types\/page"}],"author":[{"embeddable":true,"href":"https:\/\/www.coreduc.cl\/vbs\/wp-json\/wp\/v2\/users\/7"}],"replies":[{"embeddable":true,"href":"https:\/\/www.coreduc.cl\/vbs\/wp-json\/wp\/v2\/comments?post=349"}],"version-history":[{"count":14,"href":"https:\/\/www.coreduc.cl\/vbs\/wp-json\/wp\/v2\/pages\/349\/revisions"}],"predecessor-version":[{"id":2516,"href":"https:\/\/www.coreduc.cl\/vbs\/wp-json\/wp\/v2\/pages\/349\/revisions\/2516"}],"wp:attachment":[{"href":"https:\/\/www.coreduc.cl\/vbs\/wp-json\/wp\/v2\/media?parent=349"}],"curies":[{"name":"wp","href":"https:\/\/api.w.org\/{rel}","templated":true}]}}