{"id":106,"date":"2019-07-22T17:54:24","date_gmt":"2019-07-22T20:54:24","guid":{"rendered":"https:\/\/www.coreduc.cl\/vbs\/?page_id=106"},"modified":"2024-05-28T15:40:35","modified_gmt":"2024-05-28T19:40:35","slug":"documentos","status":"publish","type":"page","link":"https:\/\/www.coreduc.cl\/vbs\/documentos\/","title":{"rendered":"Documentos"},"content":{"rendered":"<div class=\"wpb-content-wrapper\"><p>[vc_row css_animation=&#8221;&#8221; row_type=&#8221;row&#8221; use_row_as_full_screen_section=&#8221;no&#8221; type=&#8221;full_width&#8221; angled_section=&#8221;no&#8221; text_align=&#8221;left&#8221; background_image_as_pattern=&#8221;without_pattern&#8221;][vc_column][vc_column_text]En esta secci\u00f3n podr\u00e1 bajar documentos de su inter\u00e9s.[\/vc_column_text][vc_empty_space height=&#8221;30px&#8221;][\/vc_column][\/vc_row][vc_row css_animation=&#8221;&#8221; row_type=&#8221;row&#8221; use_row_as_full_screen_section=&#8221;no&#8221; type=&#8221;full_width&#8221; angled_section=&#8221;no&#8221; text_align=&#8221;left&#8221; background_image_as_pattern=&#8221;without_pattern&#8221;][vc_column width=&#8221;1\/6&#8243;]<span data-type=\"circle\" data-hover-bg-color=\"#f9d77a\"  class=\"qode_icon_shortcode fa-stack q_font_awsome_icon_stack fa-lg pull-right \" style=\" \"><i class=\"fa fa-circle fa-stack-base fa-stack-2x\" style=\"color: #fbb900;\"><\/i><i class=\"qodef-icon-dripicons dripicon dripicons-archive qode_icon_element fa-stack-1x\" style=\"color: #ffffff;\" ><\/i><\/span>[\/vc_column][vc_column width=&#8221;5\/6&#8243;][vc_empty_space height=&#8221;10px&#8221;]<div class='q_list circle'><a href=\"https:\/\/www.coreduc.cl\/vbs\/wp-content\/uploads\/2023\/04\/Circular-No-3-EE-Administracion-Delegada.pdf\" target=\"_blank\" rel=\"noopener noreferrer\">Circular N\u00b03 \u2013 2013 \u2013 instructivo SUPEREDUC a establecimientos de Administraci\u00f3n Delegada<\/a><\/div>[\/vc_column][\/vc_row][vc_row css_animation=&#8221;&#8221; row_type=&#8221;row&#8221; use_row_as_full_screen_section=&#8221;no&#8221; type=&#8221;full_width&#8221; angled_section=&#8221;no&#8221; text_align=&#8221;left&#8221; background_image_as_pattern=&#8221;without_pattern&#8221;][vc_column][vc_separator css_animation=&#8221;fadeIn&#8221; type=&#8221;normal&#8221;][\/vc_column][\/vc_row][vc_row css_animation=&#8221;&#8221; row_type=&#8221;row&#8221; use_row_as_full_screen_section=&#8221;no&#8221; type=&#8221;full_width&#8221; angled_section=&#8221;no&#8221; text_align=&#8221;left&#8221; background_image_as_pattern=&#8221;without_pattern&#8221;][vc_column width=&#8221;1\/6&#8243;]<span data-type=\"circle\" data-hover-bg-color=\"#f9d77a\"  class=\"qode_icon_shortcode fa-stack q_font_awsome_icon_stack fa-lg pull-right \" style=\" \"><i class=\"fa fa-circle fa-stack-base fa-stack-2x\" style=\"color: #fbb900;\"><\/i><i class=\"qodef-icon-dripicons dripicon dripicons-archive qode_icon_element fa-stack-1x\" style=\"color: #ffffff;\" ><\/i><\/span>[\/vc_column][vc_column width=&#8221;5\/6&#8243;][vc_empty_space height=&#8221;10px&#8221;]<div class='q_list circle'><a href=\"https:\/\/www.coreduc.cl\/vbs\/wp-content\/uploads\/2024\/05\/SAE.2024.jpg\" target=\"_blank\" rel=\"noopener noreferrer\">Sistema de Admisi\u00f3n Escolar<\/a><\/div>[\/vc_column][\/vc_row][vc_row css_animation=&#8221;&#8221; row_type=&#8221;row&#8221; use_row_as_full_screen_section=&#8221;no&#8221; type=&#8221;full_width&#8221; angled_section=&#8221;no&#8221; text_align=&#8221;left&#8221; background_image_as_pattern=&#8221;without_pattern&#8221;][vc_column][vc_separator css_animation=&#8221;fadeIn&#8221; type=&#8221;normal&#8221;][\/vc_column][\/vc_row][vc_row css_animation=&#8221;&#8221; row_type=&#8221;row&#8221; use_row_as_full_screen_section=&#8221;no&#8221; type=&#8221;full_width&#8221; angled_section=&#8221;no&#8221; text_align=&#8221;left&#8221; background_image_as_pattern=&#8221;without_pattern&#8221;][vc_column width=&#8221;1\/6&#8243;]<span data-type=\"circle\" data-hover-bg-color=\"#f9d77a\"  class=\"qode_icon_shortcode fa-stack q_font_awsome_icon_stack fa-lg pull-right \" style=\" \"><i class=\"fa fa-circle fa-stack-base fa-stack-2x\" style=\"color: #fbb900;\"><\/i><i class=\"qodef-icon-dripicons dripicon dripicons-archive qode_icon_element fa-stack-1x\" style=\"color: #ffffff;\" ><\/i><\/span>[\/vc_column][vc_column width=&#8221;5\/6&#8243;][vc_empty_space height=&#8221;10px&#8221;]<div class='q_list circle'><a href=\"https:\/\/www.coreduc.cl\/vbs\/wp-content\/uploads\/2023\/04\/REX666.09.03.2022.APRUEBA.REGLAMENTOPYT.2020.2021.pdf\" target=\"_blank\" rel=\"noopener noreferrer\">Reglamento de Pr\u00e1ctica y Titulaci\u00f3n<\/a><\/div>[\/vc_column][\/vc_row][vc_row css_animation=&#8221;&#8221; row_type=&#8221;row&#8221; use_row_as_full_screen_section=&#8221;no&#8221; type=&#8221;full_width&#8221; angled_section=&#8221;no&#8221; text_align=&#8221;left&#8221; background_image_as_pattern=&#8221;without_pattern&#8221;][vc_column][vc_separator css_animation=&#8221;fadeIn&#8221; type=&#8221;normal&#8221;][\/vc_column][\/vc_row][vc_row css_animation=&#8221;&#8221; row_type=&#8221;row&#8221; use_row_as_full_screen_section=&#8221;no&#8221; type=&#8221;full_width&#8221; angled_section=&#8221;no&#8221; text_align=&#8221;left&#8221; background_image_as_pattern=&#8221;without_pattern&#8221;][vc_column width=&#8221;1\/6&#8243;]<span data-type=\"circle\" data-hover-bg-color=\"#f9d77a\"  class=\"qode_icon_shortcode fa-stack q_font_awsome_icon_stack fa-lg pull-right \" style=\" \"><i class=\"fa fa-circle fa-stack-base fa-stack-2x\" style=\"color: #fbb900;\"><\/i><i class=\"qodef-icon-dripicons dripicon dripicons-archive qode_icon_element fa-stack-1x\" style=\"color: #ffffff;\" ><\/i><\/span>[\/vc_column][vc_column width=&#8221;5\/6&#8243;][vc_empty_space height=&#8221;10px&#8221;]<div class='q_list circle'><a href=\"https:\/\/www.coreduc.cl\/vbs\/wp-content\/uploads\/2023\/04\/PlanEstudios_IyIIMedios.pdf\" target=\"_blank\" rel=\"noopener noreferrer\">Plan de estudio I\u00b0 y II\u00b0 medios<\/a><\/div>[\/vc_column][\/vc_row][vc_row css_animation=&#8221;&#8221; row_type=&#8221;row&#8221; use_row_as_full_screen_section=&#8221;no&#8221; type=&#8221;full_width&#8221; angled_section=&#8221;no&#8221; text_align=&#8221;left&#8221; background_image_as_pattern=&#8221;without_pattern&#8221;][vc_column][vc_separator css_animation=&#8221;fadeIn&#8221; type=&#8221;normal&#8221;][\/vc_column][\/vc_row][vc_row css_animation=&#8221;&#8221; row_type=&#8221;row&#8221; use_row_as_full_screen_section=&#8221;no&#8221; type=&#8221;full_width&#8221; angled_section=&#8221;no&#8221; text_align=&#8221;left&#8221; background_image_as_pattern=&#8221;without_pattern&#8221;][vc_column width=&#8221;1\/6&#8243;]<span data-type=\"circle\" data-hover-bg-color=\"#f9d77a\"  class=\"qode_icon_shortcode fa-stack q_font_awsome_icon_stack fa-lg pull-right \" style=\" \"><i class=\"fa fa-circle fa-stack-base fa-stack-2x\" style=\"color: #fbb900;\"><\/i><i class=\"qodef-icon-dripicons dripicon dripicons-archive qode_icon_element fa-stack-1x\" style=\"color: #ffffff;\" ><\/i><\/span>[\/vc_column][vc_column width=&#8221;5\/6&#8243;][vc_empty_space height=&#8221;10px&#8221;]<div class='q_list circle'><a href=\"https:\/\/www.coreduc.cl\/vbs\/wp-content\/uploads\/2023\/04\/PlanEstudios_CMetalicas.pdf\" target=\"_blank\" rel=\"noopener noreferrer\">Plan de estudio Construcciones Met\u00e1licas<\/a><\/div>[\/vc_column][\/vc_row][vc_row css_animation=&#8221;&#8221; row_type=&#8221;row&#8221; use_row_as_full_screen_section=&#8221;no&#8221; type=&#8221;full_width&#8221; angled_section=&#8221;no&#8221; text_align=&#8221;left&#8221; background_image_as_pattern=&#8221;without_pattern&#8221;][vc_column][vc_separator css_animation=&#8221;fadeIn&#8221; type=&#8221;normal&#8221;][\/vc_column][\/vc_row][vc_row css_animation=&#8221;&#8221; row_type=&#8221;row&#8221; use_row_as_full_screen_section=&#8221;no&#8221; type=&#8221;full_width&#8221; angled_section=&#8221;no&#8221; text_align=&#8221;left&#8221; background_image_as_pattern=&#8221;without_pattern&#8221;][vc_column width=&#8221;1\/6&#8243;]<span data-type=\"circle\" data-hover-bg-color=\"#f9d77a\"  class=\"qode_icon_shortcode fa-stack q_font_awsome_icon_stack fa-lg pull-right \" style=\" \"><i class=\"fa fa-circle fa-stack-base fa-stack-2x\" style=\"color: #fbb900;\"><\/i><i class=\"qodef-icon-dripicons dripicon dripicons-archive qode_icon_element fa-stack-1x\" style=\"color: #ffffff;\" ><\/i><\/span>[\/vc_column][vc_column width=&#8221;5\/6&#8243;][vc_empty_space height=&#8221;10px&#8221;]<div class='q_list circle'><a href=\"https:\/\/www.coreduc.cl\/vbs\/wp-content\/uploads\/2023\/04\/PlanEstudios_CmencionEdificacion.pdf\" target=\"_blank\" rel=\"noopener noreferrer\">Plan de estudio Construcci\u00f3n con menci\u00f3n en Edificaci\u00f3n<\/a><\/div>[\/vc_column][\/vc_row][vc_row css_animation=&#8221;&#8221; row_type=&#8221;row&#8221; use_row_as_full_screen_section=&#8221;no&#8221; type=&#8221;full_width&#8221; angled_section=&#8221;no&#8221; text_align=&#8221;left&#8221; background_image_as_pattern=&#8221;without_pattern&#8221;][vc_column][vc_separator css_animation=&#8221;fadeIn&#8221; type=&#8221;normal&#8221;][\/vc_column][\/vc_row][vc_row css_animation=&#8221;&#8221; row_type=&#8221;row&#8221; use_row_as_full_screen_section=&#8221;no&#8221; type=&#8221;full_width&#8221; angled_section=&#8221;no&#8221; text_align=&#8221;left&#8221; background_image_as_pattern=&#8221;without_pattern&#8221;][vc_column width=&#8221;1\/6&#8243;]<span data-type=\"circle\" data-hover-bg-color=\"#f9d77a\"  class=\"qode_icon_shortcode fa-stack q_font_awsome_icon_stack fa-lg pull-right \" style=\" \"><i class=\"fa fa-circle fa-stack-base fa-stack-2x\" style=\"color: #fbb900;\"><\/i><i class=\"qodef-icon-dripicons dripicon dripicons-archive qode_icon_element fa-stack-1x\" style=\"color: #ffffff;\" ><\/i><\/span>[\/vc_column][vc_column width=&#8221;5\/6&#8243;][vc_empty_space height=&#8221;10px&#8221;]<div class='q_list circle'><a href=\"https:\/\/www.coreduc.cl\/vbs\/wp-content\/uploads\/2023\/04\/PlanEstudios_MueblesyTenMadera.pdf\" target=\"_blank\" rel=\"noopener noreferrer\">Plan de estudio Muebles y Terminaciones en Madera<\/a><\/div>[\/vc_column][\/vc_row][vc_row css_animation=&#8221;&#8221; row_type=&#8221;row&#8221; use_row_as_full_screen_section=&#8221;no&#8221; type=&#8221;full_width&#8221; angled_section=&#8221;no&#8221; text_align=&#8221;left&#8221; background_image_as_pattern=&#8221;without_pattern&#8221;][vc_column][vc_separator css_animation=&#8221;fadeIn&#8221; type=&#8221;normal&#8221;][\/vc_column][\/vc_row][vc_row css_animation=&#8221;&#8221; row_type=&#8221;row&#8221; use_row_as_full_screen_section=&#8221;no&#8221; type=&#8221;full_width&#8221; angled_section=&#8221;no&#8221; text_align=&#8221;left&#8221; background_image_as_pattern=&#8221;without_pattern&#8221;][vc_column width=&#8221;1\/6&#8243;]<span data-type=\"circle\" data-hover-bg-color=\"#f9d77a\"  class=\"qode_icon_shortcode fa-stack q_font_awsome_icon_stack fa-lg pull-right \" style=\" \"><i class=\"fa fa-circle fa-stack-base fa-stack-2x\" style=\"color: #fbb900;\"><\/i><i class=\"qodef-icon-dripicons dripicon dripicons-archive qode_icon_element fa-stack-1x\" style=\"color: #ffffff;\" ><\/i><\/span>[\/vc_column][vc_column width=&#8221;5\/6&#8243;][vc_empty_space height=&#8221;10px&#8221;]<div class='q_list circle'><a href=\"https:\/\/www.coreduc.cl\/vbs\/wp-content\/uploads\/2023\/04\/PlanEstudios_Refrigeracion.pdf\" target=\"_blank\" rel=\"noopener noreferrer\">Plan de estudio Refrigeraci\u00f3n y Climatizaci\u00f3n<\/a><\/div>[\/vc_column][\/vc_row][vc_row css_animation=&#8221;&#8221; row_type=&#8221;row&#8221; use_row_as_full_screen_section=&#8221;no&#8221; type=&#8221;full_width&#8221; angled_section=&#8221;no&#8221; text_align=&#8221;left&#8221; background_image_as_pattern=&#8221;without_pattern&#8221;][vc_column][vc_separator css_animation=&#8221;fadeIn&#8221; type=&#8221;normal&#8221;][\/vc_column][\/vc_row][vc_row css_animation=&#8221;&#8221; row_type=&#8221;row&#8221; use_row_as_full_screen_section=&#8221;no&#8221; type=&#8221;full_width&#8221; angled_section=&#8221;no&#8221; text_align=&#8221;left&#8221; background_image_as_pattern=&#8221;without_pattern&#8221;][vc_column width=&#8221;1\/6&#8243;]<span data-type=\"circle\" data-hover-bg-color=\"#f9d77a\"  class=\"qode_icon_shortcode fa-stack q_font_awsome_icon_stack fa-lg pull-right \" style=\" \"><i class=\"fa fa-circle fa-stack-base fa-stack-2x\" style=\"color: #fbb900;\"><\/i><i class=\"qodef-icon-dripicons dripicon dripicons-archive qode_icon_element fa-stack-1x\" style=\"color: #ffffff;\" ><\/i><\/span>[\/vc_column][vc_column width=&#8221;5\/6&#8243;][vc_empty_space height=&#8221;10px&#8221;]<div class='q_list circle'><a href=\"https:\/\/www.coreduc.cl\/vbs\/wp-content\/uploads\/2024\/05\/VBS_ReglamentoEvaluacion_Decreto67.VF_.pdf\" target=\"_blank\" rel=\"noopener noreferrer\">Reglamento de Evaluaci\u00f3n<\/a><\/div>[\/vc_column][\/vc_row][vc_row css_animation=&#8221;&#8221; row_type=&#8221;row&#8221; use_row_as_full_screen_section=&#8221;no&#8221; type=&#8221;full_width&#8221; angled_section=&#8221;no&#8221; text_align=&#8221;left&#8221; background_image_as_pattern=&#8221;without_pattern&#8221;][vc_column][vc_separator css_animation=&#8221;fadeIn&#8221; type=&#8221;normal&#8221;][\/vc_column][\/vc_row][vc_row css_animation=&#8221;&#8221; row_type=&#8221;row&#8221; use_row_as_full_screen_section=&#8221;no&#8221; type=&#8221;full_width&#8221; angled_section=&#8221;no&#8221; text_align=&#8221;left&#8221; background_image_as_pattern=&#8221;without_pattern&#8221;][vc_column width=&#8221;1\/6&#8243;]<span data-type=\"circle\" data-hover-bg-color=\"#f9d77a\"  class=\"qode_icon_shortcode fa-stack q_font_awsome_icon_stack fa-lg pull-right \" style=\" \"><i class=\"fa fa-circle fa-stack-base fa-stack-2x\" style=\"color: #fbb900;\"><\/i><i class=\"qodef-icon-dripicons dripicon dripicons-archive qode_icon_element fa-stack-1x\" style=\"color: #ffffff;\" ><\/i><\/span>[\/vc_column][vc_column width=&#8221;5\/6&#8243;][vc_empty_space height=&#8221;10px&#8221;]<div class='q_list circle'><a href=\"https:\/\/www.coreduc.cl\/vbs\/wp-content\/uploads\/2024\/05\/Informe.gestion-academica2023.pdf\" target=\"_blank\" rel=\"noopener noreferrer\">Informe Gesti\u00f3n Acad\u00e9mica 2023<\/a><\/div>[\/vc_column][\/vc_row][vc_row css_animation=&#8221;&#8221; row_type=&#8221;row&#8221; use_row_as_full_screen_section=&#8221;no&#8221; type=&#8221;full_width&#8221; angled_section=&#8221;no&#8221; text_align=&#8221;left&#8221; background_image_as_pattern=&#8221;without_pattern&#8221;][vc_column][vc_separator css_animation=&#8221;fadeIn&#8221; type=&#8221;normal&#8221;][\/vc_column][\/vc_row][vc_row css_animation=&#8221;&#8221; row_type=&#8221;row&#8221; use_row_as_full_screen_section=&#8221;no&#8221; type=&#8221;full_width&#8221; angled_section=&#8221;no&#8221; text_align=&#8221;left&#8221; background_image_as_pattern=&#8221;without_pattern&#8221;][vc_column width=&#8221;1\/6&#8243;]<span data-type=\"circle\" data-hover-bg-color=\"#f9d77a\"  class=\"qode_icon_shortcode fa-stack q_font_awsome_icon_stack fa-lg pull-right \" style=\" \"><i class=\"fa fa-circle fa-stack-base fa-stack-2x\" style=\"color: #fbb900;\"><\/i><i class=\"qodef-icon-dripicons dripicon dripicons-archive qode_icon_element fa-stack-1x\" style=\"color: #ffffff;\" ><\/i><\/span>[\/vc_column][vc_column width=&#8221;5\/6&#8243;][vc_empty_space height=&#8221;10px&#8221;]<div class='q_list circle'><a href=\"https:\/\/www.coreduc.cl\/vbs\/wp-content\/uploads\/2024\/05\/Informe.gestionfinanciera2023.pdf\" target=\"_blank\" rel=\"noopener noreferrer\">Informe Gesti\u00f3n Financiera 2023<\/a><\/div>[\/vc_column][\/vc_row][vc_row css_animation=&#8221;&#8221; row_type=&#8221;row&#8221; use_row_as_full_screen_section=&#8221;no&#8221; type=&#8221;full_width&#8221; angled_section=&#8221;no&#8221; text_align=&#8221;left&#8221; background_image_as_pattern=&#8221;without_pattern&#8221;][vc_column][vc_separator css_animation=&#8221;fadeIn&#8221; type=&#8221;normal&#8221;][\/vc_column][\/vc_row][vc_row css_animation=&#8221;&#8221; row_type=&#8221;row&#8221; use_row_as_full_screen_section=&#8221;no&#8221; type=&#8221;full_width&#8221; angled_section=&#8221;no&#8221; text_align=&#8221;left&#8221; background_image_as_pattern=&#8221;without_pattern&#8221;][vc_column width=&#8221;1\/6&#8243;]<span data-type=\"circle\" data-hover-bg-color=\"#f9d77a\"  class=\"qode_icon_shortcode fa-stack q_font_awsome_icon_stack fa-lg pull-right \" style=\" \"><i class=\"fa fa-circle fa-stack-base fa-stack-2x\" style=\"color: #fbb900;\"><\/i><i class=\"qodef-icon-dripicons dripicon dripicons-archive qode_icon_element fa-stack-1x\" style=\"color: #ffffff;\" ><\/i><\/span>[\/vc_column][vc_column width=&#8221;5\/6&#8243;][vc_empty_space height=&#8221;10px&#8221;]<div class='q_list circle'><a href=\"https:\/\/www.coreduc.cl\/vbs\/wp-content\/uploads\/2024\/05\/VBS.PLAN-DE-DESARROLLO-PROFESIONAL-DOCENTE.2024.pdf\" target=\"_blank\" rel=\"noopener noreferrer\">Plan de Desarrollo Profesional Docente 2024<\/a><\/div>[\/vc_column][\/vc_row][vc_row css_animation=&#8221;&#8221; row_type=&#8221;row&#8221; use_row_as_full_screen_section=&#8221;no&#8221; type=&#8221;full_width&#8221; angled_section=&#8221;no&#8221; text_align=&#8221;left&#8221; background_image_as_pattern=&#8221;without_pattern&#8221;][vc_column][vc_separator css_animation=&#8221;fadeIn&#8221; type=&#8221;normal&#8221;][\/vc_column][\/vc_row][vc_row css_animation=&#8221;&#8221; row_type=&#8221;row&#8221; use_row_as_full_screen_section=&#8221;no&#8221; type=&#8221;full_width&#8221; angled_section=&#8221;no&#8221; text_align=&#8221;left&#8221; background_image_as_pattern=&#8221;without_pattern&#8221;][vc_column width=&#8221;1\/6&#8243;]<span data-type=\"circle\" data-hover-bg-color=\"#f9d77a\"  class=\"qode_icon_shortcode fa-stack q_font_awsome_icon_stack fa-lg pull-right \" style=\" \"><i class=\"fa fa-circle fa-stack-base fa-stack-2x\" style=\"color: #fbb900;\"><\/i><i class=\"qodef-icon-dripicons dripicon dripicons-archive qode_icon_element fa-stack-1x\" style=\"color: #ffffff;\" ><\/i><\/span>[\/vc_column][vc_column width=&#8221;5\/6&#8243;][vc_empty_space height=&#8221;10px&#8221;]<div class='q_list circle'><a href=\"https:\/\/www.coreduc.cl\/vbs\/wp-content\/uploads\/2024\/05\/VBS.PLAN-DE-FORMACION-CIUDADANA.2024.pdf\" target=\"_blank\" rel=\"noopener noreferrer\">Plan de Formaci\u00f3n Ciudadana 2024<\/a><\/div>[\/vc_column][\/vc_row][vc_row css_animation=&#8221;&#8221; row_type=&#8221;row&#8221; use_row_as_full_screen_section=&#8221;no&#8221; type=&#8221;full_width&#8221; angled_section=&#8221;no&#8221; text_align=&#8221;left&#8221; background_image_as_pattern=&#8221;without_pattern&#8221;][vc_column][vc_separator css_animation=&#8221;fadeIn&#8221; type=&#8221;normal&#8221;][\/vc_column][\/vc_row][vc_row css_animation=&#8221;&#8221; row_type=&#8221;row&#8221; use_row_as_full_screen_section=&#8221;no&#8221; type=&#8221;full_width&#8221; angled_section=&#8221;no&#8221; text_align=&#8221;left&#8221; background_image_as_pattern=&#8221;without_pattern&#8221;][vc_column width=&#8221;1\/6&#8243;]<span data-type=\"circle\" data-hover-bg-color=\"#f9d77a\"  class=\"qode_icon_shortcode fa-stack q_font_awsome_icon_stack fa-lg pull-right \" style=\" \"><i class=\"fa fa-circle fa-stack-base fa-stack-2x\" style=\"color: #fbb900;\"><\/i><i class=\"qodef-icon-dripicons dripicon dripicons-archive qode_icon_element fa-stack-1x\" style=\"color: #ffffff;\" ><\/i><\/span>[\/vc_column][vc_column width=&#8221;5\/6&#8243;][vc_empty_space height=&#8221;10px&#8221;]<div class='q_list circle'><a href=\"https:\/\/www.coreduc.cl\/vbs\/wp-content\/uploads\/2024\/05\/VBS.PLAN-DE-GESTION-DE-LA-CONVIVENCIA-ESCOLAR.2024.pdf\" target=\"_blank\" rel=\"noopener noreferrer\">Plan de Gesti\u00f3n de la Convivencia Escolar 2024<\/a><\/div>[\/vc_column][\/vc_row][vc_row css_animation=&#8221;&#8221; row_type=&#8221;row&#8221; use_row_as_full_screen_section=&#8221;no&#8221; type=&#8221;full_width&#8221; angled_section=&#8221;no&#8221; text_align=&#8221;left&#8221; background_image_as_pattern=&#8221;without_pattern&#8221;][vc_column][vc_separator css_animation=&#8221;fadeIn&#8221; type=&#8221;normal&#8221;][\/vc_column][\/vc_row][vc_row css_animation=&#8221;&#8221; row_type=&#8221;row&#8221; use_row_as_full_screen_section=&#8221;no&#8221; type=&#8221;full_width&#8221; angled_section=&#8221;no&#8221; text_align=&#8221;left&#8221; background_image_as_pattern=&#8221;without_pattern&#8221;][vc_column width=&#8221;1\/6&#8243;]<span data-type=\"circle\" data-hover-bg-color=\"#f9d77a\"  class=\"qode_icon_shortcode fa-stack q_font_awsome_icon_stack fa-lg pull-right \" style=\" \"><i class=\"fa fa-circle fa-stack-base fa-stack-2x\" style=\"color: #fbb900;\"><\/i><i class=\"qodef-icon-dripicons dripicon dripicons-archive qode_icon_element fa-stack-1x\" style=\"color: #ffffff;\" ><\/i><\/span>[\/vc_column][vc_column width=&#8221;5\/6&#8243;][vc_empty_space height=&#8221;10px&#8221;]<div class='q_list circle'><a href=\"https:\/\/www.coreduc.cl\/vbs\/wp-content\/uploads\/2023\/04\/ProyectoEducativo8812.pdf\" target=\"_blank\" rel=\"noopener noreferrer\">Proyecto Educativo Institucional 2021 &#8211; 2025<\/a><\/div>[\/vc_column][\/vc_row][vc_row css_animation=&#8221;&#8221; row_type=&#8221;row&#8221; use_row_as_full_screen_section=&#8221;no&#8221; type=&#8221;full_width&#8221; angled_section=&#8221;no&#8221; text_align=&#8221;left&#8221; background_image_as_pattern=&#8221;without_pattern&#8221;][vc_column][vc_separator css_animation=&#8221;fadeIn&#8221; type=&#8221;normal&#8221;][\/vc_column][\/vc_row][vc_row css_animation=&#8221;&#8221; row_type=&#8221;row&#8221; use_row_as_full_screen_section=&#8221;no&#8221; type=&#8221;full_width&#8221; angled_section=&#8221;no&#8221; text_align=&#8221;left&#8221; background_image_as_pattern=&#8221;without_pattern&#8221;][vc_column width=&#8221;1\/6&#8243;]<span data-type=\"circle\" data-hover-bg-color=\"#f9d77a\"  class=\"qode_icon_shortcode fa-stack q_font_awsome_icon_stack fa-lg pull-right \" style=\" \"><i class=\"fa fa-circle fa-stack-base fa-stack-2x\" style=\"color: #fbb900;\"><\/i><i class=\"qodef-icon-dripicons dripicon dripicons-archive qode_icon_element fa-stack-1x\" style=\"color: #ffffff;\" ><\/i><\/span>[\/vc_column][vc_column width=&#8221;5\/6&#8243;][vc_empty_space height=&#8221;10px&#8221;]<div class='q_list circle'><a href=\"https:\/\/www.coreduc.cl\/vbs\/wp-content\/uploads\/2024\/05\/VBS.RICE_.2024.pdf\" target=\"_blank\" rel=\"noopener noreferrer\">Reglamento Interno de Convivencia Escolar 2024<\/a><\/div>[\/vc_column][\/vc_row][vc_row css_animation=&#8221;&#8221; row_type=&#8221;row&#8221; use_row_as_full_screen_section=&#8221;no&#8221; type=&#8221;full_width&#8221; angled_section=&#8221;no&#8221; text_align=&#8221;left&#8221; background_image_as_pattern=&#8221;without_pattern&#8221;][vc_column][vc_separator css_animation=&#8221;fadeIn&#8221; type=&#8221;normal&#8221;][\/vc_column][\/vc_row][vc_row css_animation=&#8221;&#8221; row_type=&#8221;row&#8221; use_row_as_full_screen_section=&#8221;no&#8221; type=&#8221;full_width&#8221; angled_section=&#8221;no&#8221; text_align=&#8221;left&#8221; background_image_as_pattern=&#8221;without_pattern&#8221;][vc_column][vc_empty_space][vc_column_text]<\/p>\n<h3>Protocolos<\/h3>\n<p>[\/vc_column_text][vc_empty_space]<a  itemprop=\"url\" href=\"https:\/\/www.coreduc.cl\/vbs\/protocolos\/\" target=\"_self\"  class=\"qbutton  default\" style=\"\">Ver Reglamentos Internos de Convivencia Escolar<\/a>[vc_empty_space][\/vc_column][\/vc_row]<\/p>\n<\/div>","protected":false},"excerpt":{"rendered":"<p>[vc_row css_animation=&#8221;&#8221; row_type=&#8221;row&#8221; use_row_as_full_screen_section=&#8221;no&#8221; type=&#8221;full_width&#8221; angled_section=&#8221;no&#8221; text_align=&#8221;left&#8221; background_image_as_pattern=&#8221;without_pattern&#8221;][vc_column][vc_column_text]En esta secci\u00f3n podr\u00e1 bajar documentos de su inter\u00e9s.[\/vc_column_text][vc_empty_space height=&#8221;30px&#8221;][\/vc_column][\/vc_row][vc_row css_animation=&#8221;&#8221; row_type=&#8221;row&#8221; use_row_as_full_screen_section=&#8221;no&#8221; type=&#8221;full_width&#8221; angled_section=&#8221;no&#8221; text_align=&#8221;left&#8221; background_image_as_pattern=&#8221;without_pattern&#8221;][vc_column width=&#8221;1\/6&#8243;][\/vc_column][vc_column width=&#8221;5\/6&#8243;][vc_empty_space height=&#8221;10px&#8221;][\/vc_column][\/vc_row][vc_row css_animation=&#8221;&#8221; row_type=&#8221;row&#8221; use_row_as_full_screen_section=&#8221;no&#8221; type=&#8221;full_width&#8221; angled_section=&#8221;no&#8221; text_align=&#8221;left&#8221; background_image_as_pattern=&#8221;without_pattern&#8221;][vc_column][vc_separator css_animation=&#8221;fadeIn&#8221; type=&#8221;normal&#8221;][\/vc_column][\/vc_row][vc_row css_animation=&#8221;&#8221; row_type=&#8221;row&#8221; use_row_as_full_screen_section=&#8221;no&#8221; type=&#8221;full_width&#8221; angled_section=&#8221;no&#8221; text_align=&#8221;left&#8221; background_image_as_pattern=&#8221;without_pattern&#8221;][vc_column width=&#8221;1\/6&#8243;][\/vc_column][vc_column width=&#8221;5\/6&#8243;][vc_empty_space&#8230;<\/p>\n","protected":false},"author":7,"featured_media":0,"parent":0,"menu_order":0,"comment_status":"closed","ping_status":"closed","template":"","meta":{"footnotes":""},"class_list":["post-106","page","type-page","status-publish","hentry"],"_links":{"self":[{"href":"https:\/\/www.coreduc.cl\/vbs\/wp-json\/wp\/v2\/pages\/106","targetHints":{"allow":["GET"]}}],"collection":[{"href":"https:\/\/www.coreduc.cl\/vbs\/wp-json\/wp\/v2\/pages"}],"about":[{"href":"https:\/\/www.coreduc.cl\/vbs\/wp-json\/wp\/v2\/types\/page"}],"author":[{"embeddable":true,"href":"https:\/\/www.coreduc.cl\/vbs\/wp-json\/wp\/v2\/users\/7"}],"replies":[{"embeddable":true,"href":"https:\/\/www.coreduc.cl\/vbs\/wp-json\/wp\/v2\/comments?post=106"}],"version-history":[{"count":77,"href":"https:\/\/www.coreduc.cl\/vbs\/wp-json\/wp\/v2\/pages\/106\/revisions"}],"predecessor-version":[{"id":2532,"href":"https:\/\/www.coreduc.cl\/vbs\/wp-json\/wp\/v2\/pages\/106\/revisions\/2532"}],"wp:attachment":[{"href":"https:\/\/www.coreduc.cl\/vbs\/wp-json\/wp\/v2\/media?parent=106"}],"curies":[{"name":"wp","href":"https:\/\/api.w.org\/{rel}","templated":true}]}}