{"id":306,"date":"2019-09-06T10:56:49","date_gmt":"2019-09-06T14:56:49","guid":{"rendered":"https:\/\/www.coreduc.cl\/ssb\/?page_id=306"},"modified":"2021-08-09T16:24:54","modified_gmt":"2021-08-09T20:24:54","slug":"docentes-de-area-tecnica","status":"publish","type":"page","link":"https:\/\/www.coreduc.cl\/ssb\/docentes-de-area-tecnica\/","title":{"rendered":"Docentes de Area T\u00e9cnica"},"content":{"rendered":"<div class=\"wpb-content-wrapper\"><p>[vc_row css_animation=&#8221;&#8221; row_type=&#8221;row&#8221; use_row_as_full_screen_section=&#8221;no&#8221; type=&#8221;full_width&#8221; angled_section=&#8221;no&#8221; text_align=&#8221;left&#8221; background_image_as_pattern=&#8221;without_pattern&#8221;][vc_column][vc_column_text]<\/p>\n<table border=\"0\" width=\"100%\" cellspacing=\"0\" cellpadding=\"5\">\n<tbody>\n<tr>\n<td valign=\"bottom\" width=\"173\">\n<p align=\"left\">Grace Stephanie<\/p>\n<\/td>\n<td valign=\"bottom\" width=\"95\">\n<p align=\"left\">Briones<\/p>\n<\/td>\n<td valign=\"bottom\" width=\"117\">\n<p align=\"left\">Hern\u00e1ndez<\/p>\n<\/td>\n<td valign=\"bottom\" width=\"204\">\n<p align=\"left\">Profesora Administraci\u00f3n<\/p>\n<\/td>\n<\/tr>\n<tr>\n<td valign=\"bottom\" width=\"173\">\n<p align=\"left\">Luis Andr\u00e9s<\/p>\n<\/td>\n<td valign=\"bottom\" width=\"95\">\n<p align=\"left\">Far\u00edas<\/p>\n<\/td>\n<td valign=\"bottom\" width=\"117\">\n<p align=\"left\">Salazar<\/p>\n<\/td>\n<td valign=\"bottom\" width=\"204\">\n<p align=\"left\">Profesor Administraci\u00f3n<\/p>\n<\/td>\n<\/tr>\n<tr>\n<td valign=\"bottom\" width=\"173\">\n<p align=\"left\">Marco Antonio<\/p>\n<\/td>\n<td valign=\"bottom\" width=\"95\">\n<p align=\"left\">G\u00e1lvez<\/p>\n<\/td>\n<td valign=\"bottom\" width=\"117\">\n<p align=\"left\">Soto<\/p>\n<\/td>\n<td valign=\"bottom\" width=\"204\">\n<p align=\"left\">Profesor Refrigeraci\u00f3n<\/p>\n<\/td>\n<\/tr>\n<tr>\n<td valign=\"bottom\" width=\"173\">\n<p align=\"left\">Byron David<\/p>\n<\/td>\n<td valign=\"bottom\" width=\"95\">\n<p align=\"left\">G\u00f3mez<\/p>\n<\/td>\n<td valign=\"bottom\" width=\"117\">\n<p align=\"left\">Fuentes<\/p>\n<\/td>\n<td valign=\"bottom\" width=\"204\">\n<p align=\"left\">Profesor Refrigeraci\u00f3n<\/p>\n<\/td>\n<\/tr>\n<tr>\n<td valign=\"bottom\" width=\"173\">\n<p align=\"left\">Alejandro Antonio<\/p>\n<\/td>\n<td valign=\"bottom\" width=\"95\">\n<p align=\"left\">L\u00f3pez<\/p>\n<\/td>\n<td valign=\"bottom\" width=\"117\">\n<p align=\"left\">Cruz<\/p>\n<\/td>\n<td valign=\"bottom\" width=\"204\">\n<p align=\"left\">Profesor Electr\u00f3nica<\/p>\n<\/td>\n<\/tr>\n<tr>\n<td valign=\"bottom\" width=\"173\">\n<p align=\"left\">Jonathan David<\/p>\n<\/td>\n<td valign=\"bottom\" width=\"95\">\n<p align=\"left\">Luengo<\/p>\n<\/td>\n<td valign=\"bottom\" width=\"117\">\n<p align=\"left\">Aravena<\/p>\n<\/td>\n<td valign=\"bottom\" width=\"204\">\n<p align=\"left\">Profesor Electr\u00f3nica<\/p>\n<\/td>\n<\/tr>\n<tr>\n<td valign=\"bottom\" width=\"173\">\n<p align=\"left\">Ignacio Andr\u00e9s<\/p>\n<\/td>\n<td valign=\"bottom\" width=\"95\">\n<p align=\"left\">Moraga<\/p>\n<\/td>\n<td valign=\"bottom\" width=\"117\">\n<p align=\"left\">Soto<\/p>\n<\/td>\n<td valign=\"bottom\" width=\"204\">\n<p align=\"left\">Profesor Refrigeraci\u00f3n<\/p>\n<\/td>\n<\/tr>\n<tr>\n<td valign=\"bottom\" width=\"173\">\n<p align=\"left\">Carolina Elizabeth<\/p>\n<\/td>\n<td valign=\"bottom\" width=\"95\">\n<p align=\"left\">Tobar<\/p>\n<\/td>\n<td valign=\"bottom\" width=\"117\">\n<p align=\"left\">Ugalde<\/p>\n<\/td>\n<td valign=\"bottom\" width=\"204\">\n<p align=\"left\">Profesora Administraci\u00f3n<\/p>\n<\/td>\n<\/tr>\n<tr>\n<td valign=\"bottom\" width=\"173\">\n<p align=\"left\">Francia Alejandra<\/p>\n<\/td>\n<td valign=\"bottom\" width=\"95\">\n<p align=\"left\">Veloso<\/p>\n<\/td>\n<td valign=\"bottom\" width=\"117\">\n<p align=\"left\">Guerra<\/p>\n<\/td>\n<td valign=\"bottom\" width=\"204\">\n<p align=\"left\">Profesora Administraci\u00f3n<\/p>\n<\/td>\n<\/tr>\n<\/tbody>\n<\/table>\n<p>[\/vc_column_text][vc_empty_space height=&#8221;150px&#8221;][\/vc_column][\/vc_row]<\/p>\n<\/div>","protected":false},"excerpt":{"rendered":"<p>[vc_row css_animation=&#8221;&#8221; row_type=&#8221;row&#8221; use_row_as_full_screen_section=&#8221;no&#8221; type=&#8221;full_width&#8221; angled_section=&#8221;no&#8221; text_align=&#8221;left&#8221; background_image_as_pattern=&#8221;without_pattern&#8221;][vc_column][vc_column_text] Grace Stephanie Briones Hern\u00e1ndez Profesora Administraci\u00f3n Luis Andr\u00e9s Far\u00edas Salazar Profesor Administraci\u00f3n Marco Antonio G\u00e1lvez Soto Profesor Refrigeraci\u00f3n Byron David G\u00f3mez Fuentes Profesor Refrigeraci\u00f3n Alejandro Antonio L\u00f3pez Cruz Profesor Electr\u00f3nica Jonathan David Luengo Aravena Profesor Electr\u00f3nica Ignacio&#8230;<\/p>\n","protected":false},"author":9,"featured_media":0,"parent":0,"menu_order":0,"comment_status":"closed","ping_status":"closed","template":"","meta":{"footnotes":""},"class_list":["post-306","page","type-page","status-publish","hentry"],"_links":{"self":[{"href":"https:\/\/www.coreduc.cl\/ssb\/wp-json\/wp\/v2\/pages\/306","targetHints":{"allow":["GET"]}}],"collection":[{"href":"https:\/\/www.coreduc.cl\/ssb\/wp-json\/wp\/v2\/pages"}],"about":[{"href":"https:\/\/www.coreduc.cl\/ssb\/wp-json\/wp\/v2\/types\/page"}],"author":[{"embeddable":true,"href":"https:\/\/www.coreduc.cl\/ssb\/wp-json\/wp\/v2\/users\/9"}],"replies":[{"embeddable":true,"href":"https:\/\/www.coreduc.cl\/ssb\/wp-json\/wp\/v2\/comments?post=306"}],"version-history":[{"count":2,"href":"https:\/\/www.coreduc.cl\/ssb\/wp-json\/wp\/v2\/pages\/306\/revisions"}],"predecessor-version":[{"id":502,"href":"https:\/\/www.coreduc.cl\/ssb\/wp-json\/wp\/v2\/pages\/306\/revisions\/502"}],"wp:attachment":[{"href":"https:\/\/www.coreduc.cl\/ssb\/wp-json\/wp\/v2\/media?parent=306"}],"curies":[{"name":"wp","href":"https:\/\/api.w.org\/{rel}","templated":true}]}}