{"id":297,"date":"2019-09-06T10:43:12","date_gmt":"2019-09-06T14:43:12","guid":{"rendered":"https:\/\/www.coreduc.cl\/ssb\/?page_id=297"},"modified":"2021-08-09T16:21:20","modified_gmt":"2021-08-09T20:21:20","slug":"docentes-de-formacion-general","status":"publish","type":"page","link":"https:\/\/www.coreduc.cl\/ssb\/docentes-de-formacion-general\/","title":{"rendered":"Docentes de Formaci\u00f3n General"},"content":{"rendered":"<div class=\"wpb-content-wrapper\"><p>[vc_row css_animation=&#8221;&#8221; row_type=&#8221;row&#8221; use_row_as_full_screen_section=&#8221;no&#8221; type=&#8221;full_width&#8221; angled_section=&#8221;no&#8221; text_align=&#8221;left&#8221; background_image_as_pattern=&#8221;without_pattern&#8221;][vc_column][vc_column_text]<\/p>\n<table border=\"0\" width=\"100%\" cellspacing=\"0\" cellpadding=\"5\">\n<tbody>\n<tr>\n<td colspan=\"3\" align=\"center\" valign=\"middle\">\n<p align=\"left\"><strong>Nombre<\/strong><\/p>\n<\/td>\n<td width=\"204\">\n<p align=\"center\"><strong>Asignatura<\/strong><\/p>\n<\/td>\n<\/tr>\n<tr>\n<td width=\"173\">\n<p align=\"left\">Viviana Solange<\/p>\n<\/td>\n<td width=\"212\">\n<p align=\"left\">C\u00e1diz<\/p>\n<\/td>\n<td width=\"117\">\n<p align=\"left\">Ogas<\/p>\n<\/td>\n<td width=\"204\">\n<p align=\"left\">Profesora Historia<\/p>\n<\/td>\n<\/tr>\n<tr>\n<td width=\"173\">\n<p align=\"left\">Omar Antonio<\/p>\n<\/td>\n<td width=\"212\">Castellanos<\/td>\n<td width=\"117\">\n<p align=\"left\">Contreras<\/p>\n<\/td>\n<td width=\"204\">\n<p align=\"left\">Profesor Matem\u00e1tica<\/p>\n<\/td>\n<\/tr>\n<tr>\n<td width=\"173\">\n<p align=\"left\">Teresa Alejandra<\/p>\n<\/td>\n<td width=\"212\">\n<p align=\"left\">Concha<\/p>\n<\/td>\n<td width=\"117\">\n<p align=\"left\">Concha<\/p>\n<\/td>\n<td width=\"204\">\n<p align=\"left\">Profesora Inform\u00e1tica<\/p>\n<\/td>\n<\/tr>\n<tr>\n<td width=\"173\">\n<p align=\"left\">Elena Del Carmen<\/p>\n<\/td>\n<td width=\"212\">\n<p align=\"left\">Contreras<\/p>\n<\/td>\n<td width=\"117\">\n<p align=\"left\">Barrios<\/p>\n<\/td>\n<td width=\"204\">\n<p align=\"left\">Profesora Ingl\u00e9s<\/p>\n<\/td>\n<\/tr>\n<tr>\n<td width=\"173\">\n<p align=\"left\">Ruth Graciela<\/p>\n<\/td>\n<td width=\"212\">\n<p align=\"left\">Fuentes<\/p>\n<\/td>\n<td width=\"117\">\n<p align=\"left\">Leal<\/p>\n<\/td>\n<td width=\"204\">\n<p align=\"left\">Profesora Inform\u00e1tica<\/p>\n<\/td>\n<\/tr>\n<tr>\n<td width=\"173\">\n<p align=\"left\">Mar\u00eda Jos\u00e9<\/p>\n<\/td>\n<td width=\"212\">\n<p align=\"left\">Hern\u00e1ndez<\/p>\n<\/td>\n<td width=\"117\">\n<p align=\"left\">S\u00e1enz<\/p>\n<\/td>\n<td width=\"204\">\n<p align=\"left\">Profesora Lenguaje<\/p>\n<\/td>\n<\/tr>\n<tr>\n<td width=\"173\">\n<p align=\"left\">Javiera Francisca<\/p>\n<\/td>\n<td width=\"212\">\n<p align=\"left\">Irribarra<\/p>\n<\/td>\n<td width=\"117\">\n<p align=\"left\">Bravo<\/p>\n<\/td>\n<td width=\"204\">\n<p align=\"left\">Profesora Filosof\u00eda<\/p>\n<\/td>\n<\/tr>\n<tr>\n<td width=\"173\">\n<p align=\"left\">Marianela Daniela<\/p>\n<\/td>\n<td width=\"212\">\n<p align=\"left\">Mora<\/p>\n<\/td>\n<td width=\"117\">\n<p align=\"left\">Morales<\/p>\n<\/td>\n<td width=\"204\">\n<p align=\"left\">Profesora Qu\u00edmica<\/p>\n<\/td>\n<\/tr>\n<tr>\n<td width=\"173\">\n<p align=\"left\">Carolina Andrea<\/p>\n<\/td>\n<td width=\"212\">\n<p align=\"left\">Mu\u00f1oz<\/p>\n<\/td>\n<td width=\"117\">\n<p align=\"left\">Torres<\/p>\n<\/td>\n<td width=\"204\">\n<p align=\"left\">Profesora Matem\u00e1tica<\/p>\n<\/td>\n<\/tr>\n<tr>\n<td width=\"173\">\n<p align=\"left\">Gonzalo Andr\u00e9s<\/p>\n<\/td>\n<td width=\"212\">\n<p align=\"left\">Osorio<\/p>\n<\/td>\n<td width=\"117\">\n<p align=\"left\">Acu\u00f1a<\/p>\n<\/td>\n<td width=\"204\">\n<p align=\"left\">Profesor Ed. F\u00edsica<\/p>\n<\/td>\n<\/tr>\n<tr>\n<td width=\"173\">\n<p align=\"left\">Luis Mariano<\/p>\n<\/td>\n<td width=\"212\">\n<p align=\"left\">P\u00e9rez<\/p>\n<\/td>\n<td width=\"117\">\n<p align=\"left\">Mart\u00ednez<\/p>\n<\/td>\n<td width=\"204\">\n<p align=\"left\">Profesor Ingl\u00e9s<\/p>\n<\/td>\n<\/tr>\n<tr>\n<td width=\"173\">\n<p align=\"left\">Mariela Soledad<\/p>\n<\/td>\n<td width=\"212\">\n<p align=\"left\">Pierattini<\/p>\n<\/td>\n<td width=\"117\">\n<p align=\"left\">Pierattini<\/p>\n<\/td>\n<td width=\"204\">\n<p align=\"left\">Profesora Biolog\u00eda<\/p>\n<\/td>\n<\/tr>\n<tr>\n<td width=\"173\">\n<p align=\"left\">Tabita Alejandra<\/p>\n<\/td>\n<td width=\"212\">\n<p align=\"left\">Pontone<\/p>\n<\/td>\n<td width=\"117\">\n<p align=\"left\">Quilaqueo<\/p>\n<\/td>\n<td width=\"204\">\n<p align=\"left\">Profesora Matem\u00e1tica<\/p>\n<\/td>\n<\/tr>\n<tr>\n<td width=\"173\">\n<p align=\"left\">Virginia Andrea<\/p>\n<\/td>\n<td width=\"212\">\n<p align=\"left\">Reyes<\/p>\n<\/td>\n<td width=\"117\">\n<p align=\"left\">Mitev<\/p>\n<\/td>\n<td width=\"204\">\n<p align=\"left\">Profesora Historia<\/p>\n<\/td>\n<\/tr>\n<tr>\n<td width=\"173\">\n<p align=\"left\">Mar\u00eda Lorena<\/p>\n<\/td>\n<td width=\"212\">\n<p align=\"left\">Reyes<\/p>\n<\/td>\n<td width=\"117\">\n<p align=\"left\">\u00c1lvarez<\/p>\n<\/td>\n<td width=\"204\">\n<p align=\"left\">Profesora Matem\u00e1tica<\/p>\n<\/td>\n<\/tr>\n<tr>\n<td width=\"173\">\n<p align=\"left\">Alejandro Yerko<\/p>\n<\/td>\n<td width=\"212\">\n<p align=\"left\">Salinas<\/p>\n<\/td>\n<td width=\"117\">\n<p align=\"left\">Fern\u00e1ndez<\/p>\n<\/td>\n<td width=\"204\">\n<p align=\"left\">Profesor M\u00fasica<\/p>\n<\/td>\n<\/tr>\n<tr>\n<td>Esteban Mauricio<\/td>\n<td>Sep\u00falveda<\/td>\n<td>Guerra<\/td>\n<td>Profesor Ed. F\u00edsica<\/td>\n<\/tr>\n<tr>\n<td>Paulina Alejandra<\/td>\n<td>Tapia<\/td>\n<td>Flores<\/td>\n<td>Profesora Lenguaje<\/td>\n<\/tr>\n<tr>\n<td>Mara Paola<\/td>\n<td>Vergara<\/td>\n<td>Vera<\/td>\n<td>Profesora Lenguaje<\/td>\n<\/tr>\n<tr>\n<td>Yehimar<\/td>\n<td>Zerpa<\/td>\n<td>Villegas<\/td>\n<td>Profesora F\u00edsica<\/td>\n<\/tr>\n<tr>\n<td>Ana Paula<\/td>\n<td>Carrasco<\/td>\n<td>Tapia<\/td>\n<td>Profesora Ingl\u00e9s<\/td>\n<\/tr>\n<tr>\n<td>Cristian Hern\u00e1n<\/td>\n<td>Rojas<\/td>\n<td>Mu\u00f1oz<\/td>\n<td>Profesor Religi\u00f3n<\/td>\n<\/tr>\n<tr>\n<td>Johan Paulo Andr\u00e9s<\/td>\n<td>Tapia<\/td>\n<td>Mu\u00f1oz<\/td>\n<td>Profesor Lenguaje<\/td>\n<\/tr>\n<tr>\n<td>Camilo Lucio Lizandro<\/td>\n<td>Soto<\/td>\n<td>Ojeda<\/td>\n<td>Profesor Lenguaje<\/td>\n<\/tr>\n<\/tbody>\n<\/table>\n<p>[\/vc_column_text][vc_empty_space height=&#8221;150px&#8221;][\/vc_column][\/vc_row]<\/p>\n<\/div>","protected":false},"excerpt":{"rendered":"<p>[vc_row css_animation=&#8221;&#8221; row_type=&#8221;row&#8221; use_row_as_full_screen_section=&#8221;no&#8221; type=&#8221;full_width&#8221; angled_section=&#8221;no&#8221; text_align=&#8221;left&#8221; background_image_as_pattern=&#8221;without_pattern&#8221;][vc_column][vc_column_text] Nombre Asignatura Viviana Solange C\u00e1diz Ogas Profesora Historia Omar Antonio Castellanos Contreras Profesor Matem\u00e1tica Teresa Alejandra Concha Concha Profesora Inform\u00e1tica Elena Del Carmen Contreras Barrios Profesora Ingl\u00e9s Ruth Graciela Fuentes Leal Profesora Inform\u00e1tica Mar\u00eda Jos\u00e9 Hern\u00e1ndez S\u00e1enz&#8230;<\/p>\n","protected":false},"author":9,"featured_media":0,"parent":0,"menu_order":0,"comment_status":"closed","ping_status":"closed","template":"","meta":{"footnotes":""},"class_list":["post-297","page","type-page","status-publish","hentry"],"_links":{"self":[{"href":"https:\/\/www.coreduc.cl\/ssb\/wp-json\/wp\/v2\/pages\/297","targetHints":{"allow":["GET"]}}],"collection":[{"href":"https:\/\/www.coreduc.cl\/ssb\/wp-json\/wp\/v2\/pages"}],"about":[{"href":"https:\/\/www.coreduc.cl\/ssb\/wp-json\/wp\/v2\/types\/page"}],"author":[{"embeddable":true,"href":"https:\/\/www.coreduc.cl\/ssb\/wp-json\/wp\/v2\/users\/9"}],"replies":[{"embeddable":true,"href":"https:\/\/www.coreduc.cl\/ssb\/wp-json\/wp\/v2\/comments?post=297"}],"version-history":[{"count":2,"href":"https:\/\/www.coreduc.cl\/ssb\/wp-json\/wp\/v2\/pages\/297\/revisions"}],"predecessor-version":[{"id":501,"href":"https:\/\/www.coreduc.cl\/ssb\/wp-json\/wp\/v2\/pages\/297\/revisions\/501"}],"wp:attachment":[{"href":"https:\/\/www.coreduc.cl\/ssb\/wp-json\/wp\/v2\/media?parent=297"}],"curies":[{"name":"wp","href":"https:\/\/api.w.org\/{rel}","templated":true}]}}