{"id":294,"date":"2019-09-06T10:33:18","date_gmt":"2019-09-06T14:33:18","guid":{"rendered":"https:\/\/www.coreduc.cl\/ssb\/?page_id=294"},"modified":"2021-08-09T16:14:09","modified_gmt":"2021-08-09T20:14:09","slug":"directivaccaa","status":"publish","type":"page","link":"https:\/\/www.coreduc.cl\/ssb\/directivaccaa\/","title":{"rendered":"Directiva Centro de Alumnos"},"content":{"rendered":"<div class=\"wpb-content-wrapper\"><p>[vc_row css_animation=&#8221;&#8221; row_type=&#8221;row&#8221; use_row_as_full_screen_section=&#8221;no&#8221; type=&#8221;full_width&#8221; angled_section=&#8221;no&#8221; text_align=&#8221;left&#8221; background_image_as_pattern=&#8221;without_pattern&#8221;][vc_column][vc_column_text]<\/p>\n<table border=\"0\" width=\"100%\" cellspacing=\"0\" cellpadding=\"5\">\n<tbody>\n<tr>\n<td width=\"198\">\n<p align=\"center\"><strong>Cargo <\/strong><\/p>\n<\/td>\n<td width=\"265\">\n<p align=\"center\"><strong>Nombre <\/strong><\/p>\n<\/td>\n<\/tr>\n<tr>\n<td valign=\"top\" width=\"198\">\n<p align=\"left\"><em>Presidente <\/em><\/p>\n<\/td>\n<td valign=\"top\" width=\"265\">\n<p align=\"center\">Isaac Nicol\u00e1s Rojas Manque<\/p>\n<\/td>\n<\/tr>\n<tr>\n<td valign=\"top\" width=\"198\">\n<p align=\"left\"><em>Vice-Presidente <\/em><\/p>\n<\/td>\n<td valign=\"top\" width=\"265\">\n<p align=\"center\">Alexis Isaac Corval\u00e1n Zamora<\/p>\n<\/td>\n<\/tr>\n<tr>\n<td valign=\"top\" width=\"198\">\n<p align=\"left\"><em>Vocero General <\/em><\/p>\n<\/td>\n<td valign=\"top\" width=\"265\">\n<p align=\"center\">Jord\u00e1n Andr\u00e9s G\u00e1lvez Olavarr\u00eda<\/p>\n<\/td>\n<\/tr>\n<tr>\n<td valign=\"top\" width=\"198\">\n<p align=\"left\"><em>Secretario de Actas <\/em><\/p>\n<\/td>\n<td valign=\"top\" width=\"265\">\n<p align=\"center\">Geremmias Emmanuel Ayora Garay<\/p>\n<\/td>\n<\/tr>\n<tr>\n<td valign=\"top\" width=\"198\">\n<p align=\"left\"><em>Secretaria de Finanzas <\/em><\/p>\n<\/td>\n<td valign=\"top\" width=\"265\">\n<p align=\"center\">Martina Ignacia Silva Gonz\u00e1lez<\/p>\n<\/td>\n<\/tr>\n<tr>\n<td valign=\"top\" width=\"198\">\n<p align=\"left\"><em>Profesor Asesor <\/em><\/p>\n<\/td>\n<td valign=\"top\" width=\"265\">\n<p align=\"center\">Alejandro Salinas Fern\u00e1ndez<\/p>\n<\/td>\n<\/tr>\n<\/tbody>\n<\/table>\n<p>[\/vc_column_text][vc_empty_space height=&#8221;150px&#8221;][\/vc_column][\/vc_row]<\/p>\n<\/div>","protected":false},"excerpt":{"rendered":"<p>[vc_row css_animation=&#8221;&#8221; row_type=&#8221;row&#8221; use_row_as_full_screen_section=&#8221;no&#8221; type=&#8221;full_width&#8221; angled_section=&#8221;no&#8221; text_align=&#8221;left&#8221; background_image_as_pattern=&#8221;without_pattern&#8221;][vc_column][vc_column_text] Cargo Nombre Presidente Isaac Nicol\u00e1s Rojas Manque Vice-Presidente Alexis Isaac Corval\u00e1n Zamora Vocero General Jord\u00e1n Andr\u00e9s G\u00e1lvez Olavarr\u00eda Secretario de Actas Geremmias Emmanuel Ayora Garay Secretaria de Finanzas Martina Ignacia Silva Gonz\u00e1lez Profesor Asesor Alejandro Salinas Fern\u00e1ndez&#8230;<\/p>\n","protected":false},"author":9,"featured_media":0,"parent":0,"menu_order":0,"comment_status":"closed","ping_status":"closed","template":"","meta":{"footnotes":""},"class_list":["post-294","page","type-page","status-publish","hentry"],"_links":{"self":[{"href":"https:\/\/www.coreduc.cl\/ssb\/wp-json\/wp\/v2\/pages\/294","targetHints":{"allow":["GET"]}}],"collection":[{"href":"https:\/\/www.coreduc.cl\/ssb\/wp-json\/wp\/v2\/pages"}],"about":[{"href":"https:\/\/www.coreduc.cl\/ssb\/wp-json\/wp\/v2\/types\/page"}],"author":[{"embeddable":true,"href":"https:\/\/www.coreduc.cl\/ssb\/wp-json\/wp\/v2\/users\/9"}],"replies":[{"embeddable":true,"href":"https:\/\/www.coreduc.cl\/ssb\/wp-json\/wp\/v2\/comments?post=294"}],"version-history":[{"count":3,"href":"https:\/\/www.coreduc.cl\/ssb\/wp-json\/wp\/v2\/pages\/294\/revisions"}],"predecessor-version":[{"id":500,"href":"https:\/\/www.coreduc.cl\/ssb\/wp-json\/wp\/v2\/pages\/294\/revisions\/500"}],"wp:attachment":[{"href":"https:\/\/www.coreduc.cl\/ssb\/wp-json\/wp\/v2\/media?parent=294"}],"curies":[{"name":"wp","href":"https:\/\/api.w.org\/{rel}","templated":true}]}}