{"id":291,"date":"2019-09-06T10:25:44","date_gmt":"2019-09-06T14:25:44","guid":{"rendered":"https:\/\/www.coreduc.cl\/ssb\/?page_id=291"},"modified":"2021-08-09T16:44:32","modified_gmt":"2021-08-09T20:44:32","slug":"directivas-centro-de-padres-y-apoderados","status":"publish","type":"page","link":"https:\/\/www.coreduc.cl\/ssb\/directivas-centro-de-padres-y-apoderados\/","title":{"rendered":"Directivas Centro de Padres y Apoderados"},"content":{"rendered":"<div class=\"wpb-content-wrapper\"><p>[vc_row css_animation=&#8221;&#8221; row_type=&#8221;row&#8221; use_row_as_full_screen_section=&#8221;no&#8221; type=&#8221;full_width&#8221; angled_section=&#8221;no&#8221; text_align=&#8221;left&#8221; background_image_as_pattern=&#8221;without_pattern&#8221;][vc_column][vc_column_text]<\/p>\n<table border=\"0\" width=\"100%\" cellspacing=\"0\" cellpadding=\"5\">\n<tbody>\n<tr>\n<td width=\"155\">\n<p align=\"center\"><strong>Cargo<\/strong><\/p>\n<\/td>\n<td width=\"274\">\n<p align=\"center\"><strong>Nombre<\/strong><\/p>\n<\/td>\n<\/tr>\n<tr>\n<td valign=\"top\" width=\"155\">\n<p align=\"center\"><em>Presidenta <\/em><\/p>\n<\/td>\n<td valign=\"top\" width=\"274\">\n<p align=\"center\">Marie Soledad Concha Aguilar<\/p>\n<\/td>\n<\/tr>\n<tr>\n<td valign=\"top\" width=\"155\">\n<p align=\"center\"><em>Secretaria <\/em><\/p>\n<\/td>\n<td valign=\"top\" width=\"274\">\n<p align=\"center\">Claudia Andrea Ram\u00edrez Concha<\/p>\n<\/td>\n<\/tr>\n<tr>\n<td valign=\"top\" width=\"155\">\n<p align=\"center\"><em>Tesorera <\/em><\/p>\n<\/td>\n<td valign=\"top\" width=\"274\">\n<p align=\"center\">Mar\u00eda Isabel Gonz\u00e1lez Castillo<\/p>\n<\/td>\n<\/tr>\n<\/tbody>\n<\/table>\n<p>[\/vc_column_text][vc_empty_space height=&#8221;150px&#8221;][\/vc_column][\/vc_row]<\/p>\n<\/div>","protected":false},"excerpt":{"rendered":"<p>[vc_row css_animation=&#8221;&#8221; row_type=&#8221;row&#8221; use_row_as_full_screen_section=&#8221;no&#8221; type=&#8221;full_width&#8221; angled_section=&#8221;no&#8221; text_align=&#8221;left&#8221; background_image_as_pattern=&#8221;without_pattern&#8221;][vc_column][vc_column_text] Cargo Nombre Presidenta Marie Soledad Concha Aguilar Secretaria Claudia Andrea Ram\u00edrez Concha Tesorera Mar\u00eda Isabel Gonz\u00e1lez Castillo [\/vc_column_text][vc_empty_space height=&#8221;150px&#8221;][\/vc_column][\/vc_row]<\/p>\n","protected":false},"author":9,"featured_media":0,"parent":0,"menu_order":0,"comment_status":"closed","ping_status":"closed","template":"","meta":{"footnotes":""},"class_list":["post-291","page","type-page","status-publish","hentry"],"_links":{"self":[{"href":"https:\/\/www.coreduc.cl\/ssb\/wp-json\/wp\/v2\/pages\/291","targetHints":{"allow":["GET"]}}],"collection":[{"href":"https:\/\/www.coreduc.cl\/ssb\/wp-json\/wp\/v2\/pages"}],"about":[{"href":"https:\/\/www.coreduc.cl\/ssb\/wp-json\/wp\/v2\/types\/page"}],"author":[{"embeddable":true,"href":"https:\/\/www.coreduc.cl\/ssb\/wp-json\/wp\/v2\/users\/9"}],"replies":[{"embeddable":true,"href":"https:\/\/www.coreduc.cl\/ssb\/wp-json\/wp\/v2\/comments?post=291"}],"version-history":[{"count":2,"href":"https:\/\/www.coreduc.cl\/ssb\/wp-json\/wp\/v2\/pages\/291\/revisions"}],"predecessor-version":[{"id":504,"href":"https:\/\/www.coreduc.cl\/ssb\/wp-json\/wp\/v2\/pages\/291\/revisions\/504"}],"wp:attachment":[{"href":"https:\/\/www.coreduc.cl\/ssb\/wp-json\/wp\/v2\/media?parent=291"}],"curies":[{"name":"wp","href":"https:\/\/api.w.org\/{rel}","templated":true}]}}