{"id":284,"date":"2019-09-06T10:09:08","date_gmt":"2019-09-06T14:09:08","guid":{"rendered":"https:\/\/www.coreduc.cl\/ssb\/?page_id=284"},"modified":"2021-08-09T16:10:13","modified_gmt":"2021-08-09T20:10:13","slug":"consejo-asesor-empresarial","status":"publish","type":"page","link":"https:\/\/www.coreduc.cl\/ssb\/consejo-asesor-empresarial\/","title":{"rendered":"Consejo Asesor Empresarial"},"content":{"rendered":"<div class=\"wpb-content-wrapper\"><p>[vc_row css_animation=&#8221;&#8221; row_type=&#8221;row&#8221; use_row_as_full_screen_section=&#8221;no&#8221; type=&#8221;full_width&#8221; angled_section=&#8221;no&#8221; text_align=&#8221;left&#8221; background_image_as_pattern=&#8221;without_pattern&#8221;][vc_column][vc_empty_space][vc_column_text]<\/p>\n<h2 style=\"font-size: 30px; line-height: 28px; letter-spacing: 1px;\">Presidente:<\/h2>\n<p>[\/vc_column_text][vc_empty_space height=&#8221;10px&#8221;][vc_column_text]Eugenio Becerra Gajardo[\/vc_column_text][vc_empty_space][vc_column_text]<\/p>\n<h2 style=\"font-size: 30px; line-height: 28px; letter-spacing: 1px;\">Consejeros:<\/h2>\n<p>[\/vc_column_text][vc_empty_space height=&#8221;10px&#8221;][vc_column_text]Francisco Javier Izquierdo Van Der Valk<br \/>\nJorge Sandrock Hildebrandt<br \/>\nRodrigo Calvo Gonz\u00e1lez<br \/>\nOscar Cerda Seitz<br \/>\nMauricio Zamora P\u00e9rez<br \/>\nMar\u00eda Francisca Silva Cox [\/vc_column_text][vc_empty_space height=&#8221;150px&#8221;][\/vc_column][\/vc_row]<\/p>\n<\/div>","protected":false},"excerpt":{"rendered":"<p>[vc_row css_animation=&#8221;&#8221; row_type=&#8221;row&#8221; use_row_as_full_screen_section=&#8221;no&#8221; type=&#8221;full_width&#8221; angled_section=&#8221;no&#8221; text_align=&#8221;left&#8221; background_image_as_pattern=&#8221;without_pattern&#8221;][vc_column][vc_empty_space][vc_column_text] Presidente: [\/vc_column_text][vc_empty_space height=&#8221;10px&#8221;][vc_column_text]Eugenio Becerra Gajardo[\/vc_column_text][vc_empty_space][vc_column_text] Consejeros: [\/vc_column_text][vc_empty_space height=&#8221;10px&#8221;][vc_column_text]Francisco Javier Izquierdo Van Der Valk Jorge Sandrock Hildebrandt Rodrigo Calvo Gonz\u00e1lez Oscar Cerda Seitz Mauricio Zamora P\u00e9rez Mar\u00eda Francisca Silva Cox [\/vc_column_text][vc_empty_space height=&#8221;150px&#8221;][\/vc_column][\/vc_row]<\/p>\n","protected":false},"author":9,"featured_media":0,"parent":0,"menu_order":0,"comment_status":"closed","ping_status":"closed","template":"","meta":{"footnotes":""},"class_list":["post-284","page","type-page","status-publish","hentry"],"_links":{"self":[{"href":"https:\/\/www.coreduc.cl\/ssb\/wp-json\/wp\/v2\/pages\/284","targetHints":{"allow":["GET"]}}],"collection":[{"href":"https:\/\/www.coreduc.cl\/ssb\/wp-json\/wp\/v2\/pages"}],"about":[{"href":"https:\/\/www.coreduc.cl\/ssb\/wp-json\/wp\/v2\/types\/page"}],"author":[{"embeddable":true,"href":"https:\/\/www.coreduc.cl\/ssb\/wp-json\/wp\/v2\/users\/9"}],"replies":[{"embeddable":true,"href":"https:\/\/www.coreduc.cl\/ssb\/wp-json\/wp\/v2\/comments?post=284"}],"version-history":[{"count":2,"href":"https:\/\/www.coreduc.cl\/ssb\/wp-json\/wp\/v2\/pages\/284\/revisions"}],"predecessor-version":[{"id":498,"href":"https:\/\/www.coreduc.cl\/ssb\/wp-json\/wp\/v2\/pages\/284\/revisions\/498"}],"wp:attachment":[{"href":"https:\/\/www.coreduc.cl\/ssb\/wp-json\/wp\/v2\/media?parent=284"}],"curies":[{"name":"wp","href":"https:\/\/api.w.org\/{rel}","templated":true}]}}