{"id":267,"date":"2019-09-06T09:36:44","date_gmt":"2019-09-06T13:36:44","guid":{"rendered":"https:\/\/www.coreduc.cl\/ssb\/?page_id=267"},"modified":"2023-06-29T12:51:58","modified_gmt":"2023-06-29T16:51:58","slug":"documentos","status":"publish","type":"page","link":"https:\/\/www.coreduc.cl\/ssb\/documentos\/","title":{"rendered":"Documentos"},"content":{"rendered":"<div class=\"wpb-content-wrapper\"><p>[vc_row css_animation=&#8221;&#8221; row_type=&#8221;row&#8221; use_row_as_full_screen_section=&#8221;no&#8221; type=&#8221;full_width&#8221; angled_section=&#8221;no&#8221; text_align=&#8221;left&#8221; background_image_as_pattern=&#8221;without_pattern&#8221;][vc_column][vc_column_text]En esta secci\u00f3n podr\u00e1 bajar documentos de su inter\u00e9s.[\/vc_column_text][vc_empty_space height=&#8221;30px&#8221;][\/vc_column][\/vc_row][vc_row css_animation=&#8221;&#8221; row_type=&#8221;row&#8221; use_row_as_full_screen_section=&#8221;no&#8221; type=&#8221;full_width&#8221; angled_section=&#8221;no&#8221; text_align=&#8221;left&#8221; background_image_as_pattern=&#8221;without_pattern&#8221;][vc_column width=&#8221;1\/6&#8243;]<span data-type=\"circle\" data-hover-bg-color=\"#f9d77a\"  class=\"qode_icon_shortcode fa-stack q_font_awsome_icon_stack fa-lg pull-right q_icon_animation\" style=\" \"><i class=\"fa fa-circle fa-stack-base fa-stack-2x\" style=\"color: #fbb900;\"><\/i><i class=\"qodef-icon-dripicons dripicon dripicons-archive qode_icon_element fa-stack-1x\" style=\"color: #ffffff;\" ><\/i><\/span>[\/vc_column][vc_column width=&#8221;5\/6&#8243;][vc_empty_space height=&#8221;10px&#8221;]<div class='q_list circle'><a href=\"https:\/\/www.coreduc.cl\/ssb\/wp-content\/uploads\/2021\/08\/Anexo-reglamento-de-evaluacion-2020-covid-19.pdf\" target=\"_blank\" rel=\"noopener noreferrer\">Archivo Anexo Reglamento de Evaluaci\u00f3n 2020 Covid 19<\/a><\/div>[\/vc_column][\/vc_row][vc_row css_animation=&#8221;&#8221; row_type=&#8221;row&#8221; use_row_as_full_screen_section=&#8221;no&#8221; type=&#8221;full_width&#8221; angled_section=&#8221;no&#8221; text_align=&#8221;left&#8221; background_image_as_pattern=&#8221;without_pattern&#8221;][vc_column][vc_separator css_animation=&#8221;fadeIn&#8221; type=&#8221;normal&#8221;][\/vc_column][\/vc_row][vc_row css_animation=&#8221;&#8221; row_type=&#8221;row&#8221; use_row_as_full_screen_section=&#8221;no&#8221; type=&#8221;full_width&#8221; angled_section=&#8221;no&#8221; text_align=&#8221;left&#8221; background_image_as_pattern=&#8221;without_pattern&#8221;][vc_column width=&#8221;1\/6&#8243;]<span data-type=\"circle\" data-hover-bg-color=\"#f9d77a\"  class=\"qode_icon_shortcode fa-stack q_font_awsome_icon_stack fa-lg pull-right q_icon_animation\" style=\" \"><i class=\"fa fa-circle fa-stack-base fa-stack-2x\" style=\"color: #fbb900;\"><\/i><i class=\"qodef-icon-dripicons dripicon dripicons-archive qode_icon_element fa-stack-1x\" style=\"color: #ffffff;\" ><\/i><\/span>[\/vc_column][vc_column width=&#8221;5\/6&#8243;][vc_empty_space height=&#8221;10px&#8221;]<div class='q_list circle'><a href=\"https:\/\/www.coreduc.cl\/ssb\/wp-content\/uploads\/2021\/08\/Informe-Gestion-2020.pdf\" target=\"_blank\" rel=\"noopener noreferrer\">Archivo Informe Gesti\u00f3n 2020<\/a><\/div>[\/vc_column][\/vc_row][vc_row css_animation=&#8221;&#8221; row_type=&#8221;row&#8221; use_row_as_full_screen_section=&#8221;no&#8221; type=&#8221;full_width&#8221; angled_section=&#8221;no&#8221; text_align=&#8221;left&#8221; background_image_as_pattern=&#8221;without_pattern&#8221;][vc_column][vc_separator css_animation=&#8221;fadeIn&#8221; type=&#8221;normal&#8221;][\/vc_column][\/vc_row][vc_row css_animation=&#8221;&#8221; row_type=&#8221;row&#8221; use_row_as_full_screen_section=&#8221;no&#8221; type=&#8221;full_width&#8221; angled_section=&#8221;no&#8221; text_align=&#8221;left&#8221; background_image_as_pattern=&#8221;without_pattern&#8221;][vc_column width=&#8221;1\/6&#8243;]<span data-type=\"circle\" data-hover-bg-color=\"#f9d77a\"  class=\"qode_icon_shortcode fa-stack q_font_awsome_icon_stack fa-lg pull-right q_icon_animation\" style=\" \"><i class=\"fa fa-circle fa-stack-base fa-stack-2x\" style=\"color: #fbb900;\"><\/i><i class=\"qodef-icon-dripicons dripicon dripicons-archive qode_icon_element fa-stack-1x\" style=\"color: #ffffff;\" ><\/i><\/span>[\/vc_column][vc_column width=&#8221;5\/6&#8243;][vc_empty_space height=&#8221;10px&#8221;]<div class='q_list circle'><a href=\"https:\/\/www.coreduc.cl\/ssb\/wp-content\/uploads\/2023\/06\/PEI-CORPORATIVO-2021-2025.pdf\" target=\"_blank\" rel=\"noopener noreferrer\">Archivo Pei Corporativo 2021 &#8211; 2025<\/a><\/div>[\/vc_column][\/vc_row][vc_row css_animation=&#8221;&#8221; row_type=&#8221;row&#8221; use_row_as_full_screen_section=&#8221;no&#8221; type=&#8221;full_width&#8221; angled_section=&#8221;no&#8221; text_align=&#8221;left&#8221; background_image_as_pattern=&#8221;without_pattern&#8221;][vc_column][vc_separator css_animation=&#8221;fadeIn&#8221; type=&#8221;normal&#8221;][\/vc_column][\/vc_row][vc_row css_animation=&#8221;&#8221; row_type=&#8221;row&#8221; use_row_as_full_screen_section=&#8221;no&#8221; type=&#8221;full_width&#8221; angled_section=&#8221;no&#8221; text_align=&#8221;left&#8221; background_image_as_pattern=&#8221;without_pattern&#8221;][vc_column width=&#8221;1\/6&#8243;]<span data-type=\"circle\" data-hover-bg-color=\"#f9d77a\"  class=\"qode_icon_shortcode fa-stack q_font_awsome_icon_stack fa-lg pull-right q_icon_animation\" style=\" \"><i class=\"fa fa-circle fa-stack-base fa-stack-2x\" style=\"color: #fbb900;\"><\/i><i class=\"qodef-icon-dripicons dripicon dripicons-archive qode_icon_element fa-stack-1x\" style=\"color: #ffffff;\" ><\/i><\/span>[\/vc_column][vc_column width=&#8221;5\/6&#8243;][vc_empty_space height=&#8221;10px&#8221;]<div class='q_list circle'><a href=\"https:\/\/www.coreduc.cl\/ssb\/wp-content\/uploads\/2023\/06\/REGLAMENTO-DE-EVALUACION-2023-SSB.pdf\" target=\"_blank\" rel=\"noopener noreferrer\">Archivo Reglamento de Evaluaci\u00f3n 2023 SSB<\/a><\/div>[\/vc_column][\/vc_row][vc_row css_animation=&#8221;&#8221; row_type=&#8221;row&#8221; use_row_as_full_screen_section=&#8221;no&#8221; type=&#8221;full_width&#8221; angled_section=&#8221;no&#8221; text_align=&#8221;left&#8221; background_image_as_pattern=&#8221;without_pattern&#8221;][vc_column][vc_separator css_animation=&#8221;fadeIn&#8221; type=&#8221;normal&#8221;][\/vc_column][\/vc_row][vc_row css_animation=&#8221;&#8221; row_type=&#8221;row&#8221; use_row_as_full_screen_section=&#8221;no&#8221; type=&#8221;full_width&#8221; angled_section=&#8221;no&#8221; text_align=&#8221;left&#8221; background_image_as_pattern=&#8221;without_pattern&#8221;][vc_column width=&#8221;1\/6&#8243;]<span data-type=\"circle\" data-hover-bg-color=\"#f9d77a\"  class=\"qode_icon_shortcode fa-stack q_font_awsome_icon_stack fa-lg pull-right q_icon_animation\" style=\" \"><i class=\"fa fa-circle fa-stack-base fa-stack-2x\" style=\"color: #fbb900;\"><\/i><i class=\"qodef-icon-dripicons dripicon dripicons-archive qode_icon_element fa-stack-1x\" style=\"color: #ffffff;\" ><\/i><\/span>[\/vc_column][vc_column width=&#8221;5\/6&#8243;][vc_empty_space height=&#8221;10px&#8221;]<div class='q_list circle'><a href=\"https:\/\/www.coreduc.cl\/ssb\/wp-content\/uploads\/2021\/08\/Reglamento-practica-y-titulacion-2019-2020.pdf\" target=\"_blank\" rel=\"noopener noreferrer\">Archivo Reglamento Pr\u00e1ctica y Titulaci\u00f3n 2019-2020<\/a><\/div>[\/vc_column][\/vc_row][vc_row css_animation=&#8221;&#8221; row_type=&#8221;row&#8221; use_row_as_full_screen_section=&#8221;no&#8221; type=&#8221;full_width&#8221; angled_section=&#8221;no&#8221; text_align=&#8221;left&#8221; background_image_as_pattern=&#8221;without_pattern&#8221;][vc_column][vc_separator css_animation=&#8221;fadeIn&#8221; type=&#8221;normal&#8221;][\/vc_column][\/vc_row][vc_row css_animation=&#8221;&#8221; row_type=&#8221;row&#8221; use_row_as_full_screen_section=&#8221;no&#8221; type=&#8221;full_width&#8221; angled_section=&#8221;no&#8221; text_align=&#8221;left&#8221; background_image_as_pattern=&#8221;without_pattern&#8221;][vc_column width=&#8221;1\/6&#8243;]<span data-type=\"circle\" data-hover-bg-color=\"#f9d77a\"  class=\"qode_icon_shortcode fa-stack q_font_awsome_icon_stack fa-lg pull-right q_icon_animation\" style=\" \"><i class=\"fa fa-circle fa-stack-base fa-stack-2x\" style=\"color: #fbb900;\"><\/i><i class=\"qodef-icon-dripicons dripicon dripicons-archive qode_icon_element fa-stack-1x\" style=\"color: #ffffff;\" ><\/i><\/span>[\/vc_column][vc_column width=&#8221;5\/6&#8243;][vc_empty_space height=&#8221;10px&#8221;]<div class='q_list circle'><a href=\"https:\/\/www.coreduc.cl\/ssb\/wp-content\/uploads\/2023\/06\/SSB-RICE-COREDUC-2023-VF.pdf\" target=\"_blank\" rel=\"noopener noreferrer\">Archivo SSB Rice Coreduc 2023 VF<\/a><\/div>[\/vc_column][\/vc_row][vc_row css_animation=&#8221;&#8221; row_type=&#8221;row&#8221; use_row_as_full_screen_section=&#8221;no&#8221; type=&#8221;full_width&#8221; angled_section=&#8221;no&#8221; text_align=&#8221;left&#8221; background_image_as_pattern=&#8221;without_pattern&#8221;][vc_column][vc_separator css_animation=&#8221;fadeIn&#8221; type=&#8221;normal&#8221;][\/vc_column][\/vc_row][vc_row css_animation=&#8221;&#8221; row_type=&#8221;row&#8221; use_row_as_full_screen_section=&#8221;no&#8221; type=&#8221;full_width&#8221; angled_section=&#8221;no&#8221; text_align=&#8221;left&#8221; background_image_as_pattern=&#8221;without_pattern&#8221;][vc_column width=&#8221;1\/6&#8243;]<span data-type=\"circle\" data-hover-bg-color=\"#f9d77a\"  class=\"qode_icon_shortcode fa-stack q_font_awsome_icon_stack fa-lg pull-right q_icon_animation\" style=\" \"><i class=\"fa fa-circle fa-stack-base fa-stack-2x\" style=\"color: #fbb900;\"><\/i><i class=\"qodef-icon-dripicons dripicon dripicons-archive qode_icon_element fa-stack-1x\" style=\"color: #ffffff;\" ><\/i><\/span>[\/vc_column][vc_column width=&#8221;5\/6&#8243;][vc_empty_space height=&#8221;10px&#8221;]<div class='q_list circle'><a href=\"https:\/\/www.coreduc.cl\/ssb\/wp-content\/uploads\/2023\/06\/4.-PISE-LSSB-COREDUC-Actualizado-2023.pdf\" target=\"_blank\" rel=\"noopener noreferrer\">Archivo PISE LSSB Coreduc 2023<\/a><\/div>[\/vc_column][\/vc_row][vc_row css_animation=&#8221;&#8221; row_type=&#8221;row&#8221; use_row_as_full_screen_section=&#8221;no&#8221; type=&#8221;full_width&#8221; angled_section=&#8221;no&#8221; text_align=&#8221;left&#8221; background_image_as_pattern=&#8221;without_pattern&#8221;][vc_column][vc_separator css_animation=&#8221;fadeIn&#8221; type=&#8221;normal&#8221;][\/vc_column][\/vc_row][vc_row css_animation=&#8221;&#8221; row_type=&#8221;row&#8221; use_row_as_full_screen_section=&#8221;no&#8221; type=&#8221;full_width&#8221; angled_section=&#8221;no&#8221; text_align=&#8221;left&#8221; background_image_as_pattern=&#8221;without_pattern&#8221;][vc_column width=&#8221;1\/6&#8243;]<span data-type=\"circle\" data-hover-bg-color=\"#f9d77a\"  class=\"qode_icon_shortcode fa-stack q_font_awsome_icon_stack fa-lg pull-right q_icon_animation\" style=\" \"><i class=\"fa fa-circle fa-stack-base fa-stack-2x\" style=\"color: #fbb900;\"><\/i><i class=\"qodef-icon-dripicons dripicon dripicons-archive qode_icon_element fa-stack-1x\" style=\"color: #ffffff;\" ><\/i><\/span>[\/vc_column][vc_column width=&#8221;5\/6&#8243;][vc_empty_space height=&#8221;10px&#8221;]<div class='q_list circle'><a href=\"https:\/\/www.coreduc.cl\/ssb\/wp-content\/uploads\/2021\/08\/Uso-uniforme-escolar.pdf\" target=\"_blank\" rel=\"noopener noreferrer\">Archivo Uso Uniforme Escolar<\/a><\/div>[\/vc_column][\/vc_row][vc_row css_animation=&#8221;&#8221; row_type=&#8221;row&#8221; use_row_as_full_screen_section=&#8221;no&#8221; type=&#8221;full_width&#8221; angled_section=&#8221;no&#8221; text_align=&#8221;left&#8221; background_image_as_pattern=&#8221;without_pattern&#8221;][vc_column][vc_empty_space height=&#8221;150px&#8221;][\/vc_column][\/vc_row]<\/p>\n<\/div>","protected":false},"excerpt":{"rendered":"<p>[vc_row css_animation=&#8221;&#8221; row_type=&#8221;row&#8221; use_row_as_full_screen_section=&#8221;no&#8221; type=&#8221;full_width&#8221; angled_section=&#8221;no&#8221; text_align=&#8221;left&#8221; background_image_as_pattern=&#8221;without_pattern&#8221;][vc_column][vc_column_text]En esta secci\u00f3n podr\u00e1 bajar documentos de su inter\u00e9s.[\/vc_column_text][vc_empty_space height=&#8221;30px&#8221;][\/vc_column][\/vc_row][vc_row css_animation=&#8221;&#8221; row_type=&#8221;row&#8221; use_row_as_full_screen_section=&#8221;no&#8221; type=&#8221;full_width&#8221; angled_section=&#8221;no&#8221; text_align=&#8221;left&#8221; background_image_as_pattern=&#8221;without_pattern&#8221;][vc_column width=&#8221;1\/6&#8243;][\/vc_column][vc_column width=&#8221;5\/6&#8243;][vc_empty_space height=&#8221;10px&#8221;][\/vc_column][\/vc_row][vc_row css_animation=&#8221;&#8221; row_type=&#8221;row&#8221; use_row_as_full_screen_section=&#8221;no&#8221; type=&#8221;full_width&#8221; angled_section=&#8221;no&#8221; text_align=&#8221;left&#8221; background_image_as_pattern=&#8221;without_pattern&#8221;][vc_column][vc_separator css_animation=&#8221;fadeIn&#8221; type=&#8221;normal&#8221;][\/vc_column][\/vc_row][vc_row css_animation=&#8221;&#8221; row_type=&#8221;row&#8221; use_row_as_full_screen_section=&#8221;no&#8221; type=&#8221;full_width&#8221; angled_section=&#8221;no&#8221; text_align=&#8221;left&#8221; background_image_as_pattern=&#8221;without_pattern&#8221;][vc_column width=&#8221;1\/6&#8243;][\/vc_column][vc_column width=&#8221;5\/6&#8243;][vc_empty_space&#8230;<\/p>\n","protected":false},"author":9,"featured_media":0,"parent":0,"menu_order":0,"comment_status":"closed","ping_status":"closed","template":"","meta":{"footnotes":""},"class_list":["post-267","page","type-page","status-publish","hentry"],"_links":{"self":[{"href":"https:\/\/www.coreduc.cl\/ssb\/wp-json\/wp\/v2\/pages\/267","targetHints":{"allow":["GET"]}}],"collection":[{"href":"https:\/\/www.coreduc.cl\/ssb\/wp-json\/wp\/v2\/pages"}],"about":[{"href":"https:\/\/www.coreduc.cl\/ssb\/wp-json\/wp\/v2\/types\/page"}],"author":[{"embeddable":true,"href":"https:\/\/www.coreduc.cl\/ssb\/wp-json\/wp\/v2\/users\/9"}],"replies":[{"embeddable":true,"href":"https:\/\/www.coreduc.cl\/ssb\/wp-json\/wp\/v2\/comments?post=267"}],"version-history":[{"count":12,"href":"https:\/\/www.coreduc.cl\/ssb\/wp-json\/wp\/v2\/pages\/267\/revisions"}],"predecessor-version":[{"id":659,"href":"https:\/\/www.coreduc.cl\/ssb\/wp-json\/wp\/v2\/pages\/267\/revisions\/659"}],"wp:attachment":[{"href":"https:\/\/www.coreduc.cl\/ssb\/wp-json\/wp\/v2\/media?parent=267"}],"curies":[{"name":"wp","href":"https:\/\/api.w.org\/{rel}","templated":true}]}}