{"id":261,"date":"2019-09-06T09:31:23","date_gmt":"2019-09-06T13:31:23","guid":{"rendered":"https:\/\/www.coreduc.cl\/ssb\/?page_id=261"},"modified":"2021-08-09T16:50:38","modified_gmt":"2021-08-09T20:50:38","slug":"cuadrodehonor","status":"publish","type":"page","link":"https:\/\/www.coreduc.cl\/ssb\/cuadrodehonor\/","title":{"rendered":"Cuadro de Honor"},"content":{"rendered":"<h3><strong>Mejor Equipo T\u00e9cnico Profesional<\/strong><\/h3>\n<h4><strong>Especialidad Refrigeraci\u00f3n y Climatizaci\u00f3n<\/strong><\/h4>\n<ul>\n<li>Byron G\u00f3mez Fuentes<\/li>\n<li>Marcos G\u00e1lvez Soto<\/li>\n<li>Ignacio Moraga Soto<\/li>\n<\/ul>\n<p><strong>Porcentaje de Logro:<\/strong> 94.5%<\/p>\n","protected":false},"excerpt":{"rendered":"<p>Mejor Equipo T\u00e9cnico Profesional Especialidad Refrigeraci\u00f3n y Climatizaci\u00f3n Byron G\u00f3mez Fuentes Marcos G\u00e1lvez Soto Ignacio Moraga Soto Porcentaje de Logro: 94.5%<\/p>\n","protected":false},"author":9,"featured_media":0,"parent":0,"menu_order":0,"comment_status":"closed","ping_status":"closed","template":"","meta":{"footnotes":""},"class_list":["post-261","page","type-page","status-publish","hentry"],"_links":{"self":[{"href":"https:\/\/www.coreduc.cl\/ssb\/wp-json\/wp\/v2\/pages\/261","targetHints":{"allow":["GET"]}}],"collection":[{"href":"https:\/\/www.coreduc.cl\/ssb\/wp-json\/wp\/v2\/pages"}],"about":[{"href":"https:\/\/www.coreduc.cl\/ssb\/wp-json\/wp\/v2\/types\/page"}],"author":[{"embeddable":true,"href":"https:\/\/www.coreduc.cl\/ssb\/wp-json\/wp\/v2\/users\/9"}],"replies":[{"embeddable":true,"href":"https:\/\/www.coreduc.cl\/ssb\/wp-json\/wp\/v2\/comments?post=261"}],"version-history":[{"count":5,"href":"https:\/\/www.coreduc.cl\/ssb\/wp-json\/wp\/v2\/pages\/261\/revisions"}],"predecessor-version":[{"id":506,"href":"https:\/\/www.coreduc.cl\/ssb\/wp-json\/wp\/v2\/pages\/261\/revisions\/506"}],"wp:attachment":[{"href":"https:\/\/www.coreduc.cl\/ssb\/wp-json\/wp\/v2\/media?parent=261"}],"curies":[{"name":"wp","href":"https:\/\/api.w.org\/{rel}","templated":true}]}}