{"id":207,"date":"2019-08-21T15:32:03","date_gmt":"2019-08-21T19:32:03","guid":{"rendered":"https:\/\/www.coreduc.cl\/?page_id=207"},"modified":"2019-08-21T15:32:03","modified_gmt":"2019-08-21T19:32:03","slug":"docentes-de-formacion-general","status":"publish","type":"page","link":"https:\/\/www.coreduc.cl\/rdc\/docentes-de-formacion-general\/","title":{"rendered":"Docentes de formaci\u00f3n general"},"content":{"rendered":"<div class=\"wpb-content-wrapper\"><p>[vc_row css_animation=\u00bb\u00bb row_type=\u00bbrow\u00bb use_row_as_full_screen_section=\u00bbno\u00bb type=\u00bbfull_width\u00bb angled_section=\u00bbno\u00bb text_align=\u00bbleft\u00bb background_image_as_pattern=\u00bbwithout_pattern\u00bb][vc_column][vc_column_text]<\/p>\n<table width=\"100%\">\n<tbody>\n<tr>\n<td width=\"175\"><strong>Nombre<\/strong><\/td>\n<\/tr>\n<tr>\n<td width=\"332\">Ren\u00e9 Fabi\u00e1n Arcos Carvajal<\/td>\n<\/tr>\n<tr>\n<td width=\"332\">Karen Alejandra Becerra Herrera<\/td>\n<\/tr>\n<tr>\n<td width=\"332\">Fernando Francisco Contreras Saavedra<\/td>\n<\/tr>\n<tr>\n<td width=\"332\">Carol Andrea Cuevas Tamarin<\/td>\n<\/tr>\n<tr>\n<td width=\"332\">Freddy Rodolfo Espinoza Pe\u00f1a<\/td>\n<\/tr>\n<tr>\n<td width=\"332\">Francisco Javier Gallardo Leiva<\/td>\n<\/tr>\n<tr>\n<td width=\"332\">Heraldo Esteban Gonz\u00e1lez Talep<\/td>\n<\/tr>\n<tr>\n<td width=\"332\">Julio Eduardo Jim\u00e9nez Gallardo<\/td>\n<\/tr>\n<tr>\n<td width=\"332\">Pablo Mangas Merino<\/td>\n<\/tr>\n<tr>\n<td width=\"332\">Patricio Erik Mercado Rivera<\/td>\n<\/tr>\n<tr>\n<td width=\"332\">Gast\u00f3n Lincoyan Olea Fuentes<\/td>\n<\/tr>\n<tr>\n<td width=\"332\">Rodrigo P\u00e9rez Nouveau<\/td>\n<\/tr>\n<tr>\n<td width=\"332\">Alejandro Ignacio Rifo Moreno<\/td>\n<\/tr>\n<tr>\n<td width=\"332\">Soledad de los \u00c1ngeles Rodr\u00edguez Vallejos<\/td>\n<\/tr>\n<tr>\n<td width=\"332\">Mario Antonio Ru\u00edz Savaria<\/td>\n<\/tr>\n<tr>\n<td width=\"332\">Cristian Humberto Vallejos Contreras<\/td>\n<\/tr>\n<\/tbody>\n<\/table>\n<p>[\/vc_column_text][vc_empty_space height=\u00bb150px\u00bb][\/vc_column][\/vc_row]<\/p>\n<\/div>","protected":false},"excerpt":{"rendered":"<p>[vc_row css_animation=\u00bb\u00bb row_type=\u00bbrow\u00bb use_row_as_full_screen_section=\u00bbno\u00bb type=\u00bbfull_width\u00bb angled_section=\u00bbno\u00bb text_align=\u00bbleft\u00bb background_image_as_pattern=\u00bbwithout_pattern\u00bb][vc_column][vc_column_text] Nombre Ren\u00e9 Fabi\u00e1n Arcos Carvajal Karen Alejandra Becerra Herrera Fernando Francisco Contreras Saavedra Carol Andrea Cuevas Tamarin Freddy Rodolfo Espinoza Pe\u00f1a Francisco Javier Gallardo Leiva Heraldo Esteban Gonz\u00e1lez Talep Julio Eduardo Jim\u00e9nez Gallardo Pablo Mangas Merino Patricio&#8230;<\/p>\n","protected":false},"author":7,"featured_media":0,"parent":0,"menu_order":0,"comment_status":"closed","ping_status":"closed","template":"","meta":{"footnotes":""},"class_list":["post-207","page","type-page","status-publish","hentry"],"_links":{"self":[{"href":"https:\/\/www.coreduc.cl\/rdc\/wp-json\/wp\/v2\/pages\/207","targetHints":{"allow":["GET"]}}],"collection":[{"href":"https:\/\/www.coreduc.cl\/rdc\/wp-json\/wp\/v2\/pages"}],"about":[{"href":"https:\/\/www.coreduc.cl\/rdc\/wp-json\/wp\/v2\/types\/page"}],"author":[{"embeddable":true,"href":"https:\/\/www.coreduc.cl\/rdc\/wp-json\/wp\/v2\/users\/7"}],"replies":[{"embeddable":true,"href":"https:\/\/www.coreduc.cl\/rdc\/wp-json\/wp\/v2\/comments?post=207"}],"version-history":[{"count":1,"href":"https:\/\/www.coreduc.cl\/rdc\/wp-json\/wp\/v2\/pages\/207\/revisions"}],"predecessor-version":[{"id":208,"href":"https:\/\/www.coreduc.cl\/rdc\/wp-json\/wp\/v2\/pages\/207\/revisions\/208"}],"wp:attachment":[{"href":"https:\/\/www.coreduc.cl\/rdc\/wp-json\/wp\/v2\/media?parent=207"}],"curies":[{"name":"wp","href":"https:\/\/api.w.org\/{rel}","templated":true}]}}