{"id":203,"date":"2019-08-21T15:18:46","date_gmt":"2019-08-21T19:18:46","guid":{"rendered":"https:\/\/www.coreduc.cl\/?page_id=203"},"modified":"2019-08-21T15:19:24","modified_gmt":"2019-08-21T19:19:24","slug":"directiva-centro-de-alumnos","status":"publish","type":"page","link":"https:\/\/www.coreduc.cl\/rdc\/directiva-centro-de-alumnos\/","title":{"rendered":"Directiva centro de alumnos"},"content":{"rendered":"<div class=\"wpb-content-wrapper\"><p>[vc_row css_animation=\u00bb\u00bb row_type=\u00bbrow\u00bb use_row_as_full_screen_section=\u00bbno\u00bb type=\u00bbfull_width\u00bb angled_section=\u00bbno\u00bb text_align=\u00bbleft\u00bb background_image_as_pattern=\u00bbwithout_pattern\u00bb][vc_column][vc_column_text]<\/p>\n<table width=\"100%\">\n<tbody>\n<tr>\n<td width=\"263\"><strong>Cargo<\/strong><\/td>\n<td width=\"175\"><strong>Nombre<\/strong><\/td>\n<\/tr>\n<tr>\n<td width=\"332\">Presidente<\/td>\n<td width=\"332\">Sr. Luis Astudillo Painemal<\/td>\n<\/tr>\n<tr>\n<td width=\"332\">Vice-Presidenta<\/td>\n<td width=\"332\">Srta. Victoria De la Cruz Su\u00e1rez<\/td>\n<\/tr>\n<tr>\n<td width=\"332\">Secretaria<\/td>\n<td width=\"332\">Srta. Ana\u00ed Vergara Huerta<\/td>\n<\/tr>\n<tr>\n<td width=\"332\">Tesorera<\/td>\n<td width=\"332\">Srta. Patricio Ort\u00edz C\u00e1rdenas<\/td>\n<\/tr>\n<\/tbody>\n<\/table>\n<p>[\/vc_column_text][vc_empty_space height=\u00bb150px\u00bb][\/vc_column][\/vc_row]<\/p>\n<\/div>","protected":false},"excerpt":{"rendered":"<p>[vc_row css_animation=\u00bb\u00bb row_type=\u00bbrow\u00bb use_row_as_full_screen_section=\u00bbno\u00bb type=\u00bbfull_width\u00bb angled_section=\u00bbno\u00bb text_align=\u00bbleft\u00bb background_image_as_pattern=\u00bbwithout_pattern\u00bb][vc_column][vc_column_text] Cargo Nombre Presidente Sr. Luis Astudillo Painemal Vice-Presidenta Srta. Victoria De la Cruz Su\u00e1rez Secretaria Srta. Ana\u00ed Vergara Huerta Tesorera Srta. Patricio Ort\u00edz C\u00e1rdenas [\/vc_column_text][vc_empty_space height=\u00bb150px\u00bb][\/vc_column][\/vc_row]<\/p>\n","protected":false},"author":7,"featured_media":0,"parent":0,"menu_order":0,"comment_status":"closed","ping_status":"closed","template":"","meta":{"footnotes":""},"class_list":["post-203","page","type-page","status-publish","hentry"],"_links":{"self":[{"href":"https:\/\/www.coreduc.cl\/rdc\/wp-json\/wp\/v2\/pages\/203","targetHints":{"allow":["GET"]}}],"collection":[{"href":"https:\/\/www.coreduc.cl\/rdc\/wp-json\/wp\/v2\/pages"}],"about":[{"href":"https:\/\/www.coreduc.cl\/rdc\/wp-json\/wp\/v2\/types\/page"}],"author":[{"embeddable":true,"href":"https:\/\/www.coreduc.cl\/rdc\/wp-json\/wp\/v2\/users\/7"}],"replies":[{"embeddable":true,"href":"https:\/\/www.coreduc.cl\/rdc\/wp-json\/wp\/v2\/comments?post=203"}],"version-history":[{"count":2,"href":"https:\/\/www.coreduc.cl\/rdc\/wp-json\/wp\/v2\/pages\/203\/revisions"}],"predecessor-version":[{"id":205,"href":"https:\/\/www.coreduc.cl\/rdc\/wp-json\/wp\/v2\/pages\/203\/revisions\/205"}],"wp:attachment":[{"href":"https:\/\/www.coreduc.cl\/rdc\/wp-json\/wp\/v2\/media?parent=203"}],"curies":[{"name":"wp","href":"https:\/\/api.w.org\/{rel}","templated":true}]}}