{"id":49,"date":"2019-07-24T19:20:05","date_gmt":"2019-07-24T17:20:05","guid":{"rendered":"https:\/\/www.coreduc.cl\/ocb\/?page_id=49"},"modified":"2023-04-04T10:16:57","modified_gmt":"2023-04-04T14:16:57","slug":"documentos","status":"publish","type":"page","link":"https:\/\/www.coreduc.cl\/ocb\/documentos\/","title":{"rendered":"Documentos"},"content":{"rendered":"<div class=\"wpb-content-wrapper\"><p>[vc_row css_animation=\u00bb\u00bb row_type=\u00bbrow\u00bb use_row_as_full_screen_section=\u00bbno\u00bb type=\u00bbfull_width\u00bb angled_section=\u00bbno\u00bb text_align=\u00bbleft\u00bb background_image_as_pattern=\u00bbwithout_pattern\u00bb][vc_column][vc_column_text]En esta secci\u00f3n podr\u00e1 bajar documentos de su inter\u00e9s.[\/vc_column_text][vc_empty_space height=\u00bb30px\u00bb][\/vc_column][\/vc_row][vc_row css_animation=\u00bb\u00bb row_type=\u00bbrow\u00bb use_row_as_full_screen_section=\u00bbno\u00bb type=\u00bbfull_width\u00bb angled_section=\u00bbno\u00bb text_align=\u00bbleft\u00bb background_image_as_pattern=\u00bbwithout_pattern\u00bb][vc_column width=\u00bb1\/6&#8243;]<span data-type=\"circle\" data-hover-bg-color=\"#f9d77a\"  class=\"qode_icon_shortcode fa-stack q_font_awsome_icon_stack fa-lg pull-right q_icon_animation\" style=\" \"><i class=\"fa fa-circle fa-stack-base fa-stack-2x\" style=\"color: #fbb900;\"><\/i><i class=\"qodef-icon-dripicons dripicon dripicons-archive qode_icon_element fa-stack-1x\" style=\"color: #ffffff;\" ><\/i><\/span>[\/vc_column][vc_column width=\u00bb5\/6&#8243;][vc_empty_space height=\u00bb10px\u00bb]<div class='q_list circle'><a href=\"https:\/\/www.coreduc.cl\/ocb\/wp-content\/uploads\/2023\/04\/cuenta-publica-2022-ocb.pdf\" target=\"_blank\" rel=\"noopener noreferrer\">Cuenta P\u00fablica Gesti\u00f3n 2022<\/a><\/div>[\/vc_column][\/vc_row][vc_row css_animation=\u00bb\u00bb row_type=\u00bbrow\u00bb use_row_as_full_screen_section=\u00bbno\u00bb type=\u00bbfull_width\u00bb angled_section=\u00bbno\u00bb text_align=\u00bbleft\u00bb background_image_as_pattern=\u00bbwithout_pattern\u00bb][vc_column][vc_separator css_animation=\u00bbfadeIn\u00bb type=\u00bbnormal\u00bb][\/vc_column][\/vc_row][vc_row css_animation=\u00bb\u00bb row_type=\u00bbrow\u00bb use_row_as_full_screen_section=\u00bbno\u00bb type=\u00bbfull_width\u00bb angled_section=\u00bbno\u00bb text_align=\u00bbleft\u00bb background_image_as_pattern=\u00bbwithout_pattern\u00bb][vc_column width=\u00bb1\/6&#8243;]<span data-type=\"circle\" data-hover-bg-color=\"#f9d77a\"  class=\"qode_icon_shortcode fa-stack q_font_awsome_icon_stack fa-lg pull-right q_icon_animation\" style=\" \"><i class=\"fa fa-circle fa-stack-base fa-stack-2x\" style=\"color: #fbb900;\"><\/i><i class=\"qodef-icon-dripicons dripicon dripicons-archive qode_icon_element fa-stack-1x\" style=\"color: #ffffff;\" ><\/i><\/span>[\/vc_column][vc_column width=\u00bb5\/6&#8243;][vc_empty_space height=\u00bb10px\u00bb]<div class='q_list circle'><a href=\"https:\/\/www.coreduc.cl\/ocb\/wp-content\/uploads\/2021\/08\/Manual-Protocolo-Covid-19-OCB.pdf\" target=\"_blank\" rel=\"noopener noreferrer\">Protocolo de seguridad Sanitaria Laboral COVID -19<\/a><\/div>[\/vc_column][\/vc_row][vc_row css_animation=\u00bb\u00bb row_type=\u00bbrow\u00bb use_row_as_full_screen_section=\u00bbno\u00bb type=\u00bbfull_width\u00bb angled_section=\u00bbno\u00bb text_align=\u00bbleft\u00bb background_image_as_pattern=\u00bbwithout_pattern\u00bb][vc_column][vc_separator css_animation=\u00bbfadeIn\u00bb type=\u00bbnormal\u00bb][\/vc_column][\/vc_row][vc_row css_animation=\u00bb\u00bb row_type=\u00bbrow\u00bb use_row_as_full_screen_section=\u00bbno\u00bb type=\u00bbfull_width\u00bb angled_section=\u00bbno\u00bb text_align=\u00bbleft\u00bb background_image_as_pattern=\u00bbwithout_pattern\u00bb][vc_column width=\u00bb1\/6&#8243;]<span data-type=\"circle\" data-hover-bg-color=\"#f9d77a\"  class=\"qode_icon_shortcode fa-stack q_font_awsome_icon_stack fa-lg pull-right q_icon_animation\" style=\" \"><i class=\"fa fa-circle fa-stack-base fa-stack-2x\" style=\"color: #fbb900;\"><\/i><i class=\"qodef-icon-dripicons dripicon dripicons-archive qode_icon_element fa-stack-1x\" style=\"color: #ffffff;\" ><\/i><\/span>[\/vc_column][vc_column width=\u00bb5\/6&#8243;][vc_empty_space height=\u00bb10px\u00bb]<div class='q_list circle'><a href=\"https:\/\/www.coreduc.cl\/ocb\/wp-content\/uploads\/2019\/07\/RICE-OCB-COREDUC-2017.pdf\" target=\"_blank\" rel=\"noopener noreferrer\">Reglamento de Convivencia Escolar<\/a><\/div>[\/vc_column][\/vc_row][vc_row css_animation=\u00bb\u00bb row_type=\u00bbrow\u00bb use_row_as_full_screen_section=\u00bbno\u00bb type=\u00bbfull_width\u00bb angled_section=\u00bbno\u00bb text_align=\u00bbleft\u00bb background_image_as_pattern=\u00bbwithout_pattern\u00bb][vc_column][vc_separator css_animation=\u00bbfadeIn\u00bb type=\u00bbnormal\u00bb][\/vc_column][\/vc_row][vc_row css_animation=\u00bb\u00bb row_type=\u00bbrow\u00bb use_row_as_full_screen_section=\u00bbno\u00bb type=\u00bbfull_width\u00bb angled_section=\u00bbno\u00bb text_align=\u00bbleft\u00bb background_image_as_pattern=\u00bbwithout_pattern\u00bb][vc_column width=\u00bb1\/6&#8243;]<span data-type=\"circle\" data-hover-bg-color=\"#f9d77a\"  class=\"qode_icon_shortcode fa-stack q_font_awsome_icon_stack fa-lg pull-right q_icon_animation\" style=\" \"><i class=\"fa fa-circle fa-stack-base fa-stack-2x\" style=\"color: #fbb900;\"><\/i><i class=\"qodef-icon-dripicons dripicon dripicons-archive qode_icon_element fa-stack-1x\" style=\"color: #ffffff;\" ><\/i><\/span>[\/vc_column][vc_column width=\u00bb5\/6&#8243;][vc_empty_space height=\u00bb10px\u00bb]<div class='q_list circle'><a href=\"https:\/\/www.coreduc.cl\/ocb\/wp-content\/uploads\/2019\/07\/PEI-CORPORATIVO-aprobado-3-marzo-2016.pdf\" target=\"_blank\" rel=\"noopener noreferrer\">Proyecto Educativo Institucional<\/a><\/div>[\/vc_column][\/vc_row][vc_row css_animation=\u00bb\u00bb row_type=\u00bbrow\u00bb use_row_as_full_screen_section=\u00bbno\u00bb type=\u00bbfull_width\u00bb angled_section=\u00bbno\u00bb text_align=\u00bbleft\u00bb background_image_as_pattern=\u00bbwithout_pattern\u00bb][vc_column][vc_separator css_animation=\u00bbfadeIn\u00bb type=\u00bbnormal\u00bb][\/vc_column][\/vc_row][vc_row css_animation=\u00bb\u00bb row_type=\u00bbrow\u00bb use_row_as_full_screen_section=\u00bbno\u00bb type=\u00bbfull_width\u00bb angled_section=\u00bbno\u00bb text_align=\u00bbleft\u00bb background_image_as_pattern=\u00bbwithout_pattern\u00bb][vc_column width=\u00bb1\/6&#8243;]<span data-type=\"circle\" data-hover-bg-color=\"#f9d77a\"  class=\"qode_icon_shortcode fa-stack q_font_awsome_icon_stack fa-lg pull-right q_icon_animation\" style=\" \"><i class=\"fa fa-circle fa-stack-base fa-stack-2x\" style=\"color: #fbb900;\"><\/i><i class=\"qodef-icon-dripicons dripicon dripicons-archive qode_icon_element fa-stack-1x\" style=\"color: #ffffff;\" ><\/i><\/span>[\/vc_column][vc_column width=\u00bb5\/6&#8243;][vc_empty_space height=\u00bb10px\u00bb]<div class='q_list circle'><a href=\"https:\/\/www.coreduc.cl\/ocb\/wp-content\/uploads\/2019\/07\/PEI-CORPORATIVO-aprobado-3-marzo-2016.pdf\" target=\"_blank\" rel=\"noopener noreferrer\">Reglamento de Titulaci\u00f3n<\/a><\/div>[\/vc_column][\/vc_row][vc_row css_animation=\u00bb\u00bb row_type=\u00bbrow\u00bb use_row_as_full_screen_section=\u00bbno\u00bb type=\u00bbfull_width\u00bb angled_section=\u00bbno\u00bb text_align=\u00bbleft\u00bb background_image_as_pattern=\u00bbwithout_pattern\u00bb][vc_column][vc_separator css_animation=\u00bbfadeIn\u00bb type=\u00bbnormal\u00bb][\/vc_column][\/vc_row][vc_row css_animation=\u00bb\u00bb row_type=\u00bbrow\u00bb use_row_as_full_screen_section=\u00bbno\u00bb type=\u00bbfull_width\u00bb angled_section=\u00bbno\u00bb text_align=\u00bbleft\u00bb background_image_as_pattern=\u00bbwithout_pattern\u00bb][vc_column width=\u00bb1\/6&#8243;]<span data-type=\"circle\" data-hover-bg-color=\"#f9d77a\"  class=\"qode_icon_shortcode fa-stack q_font_awsome_icon_stack fa-lg pull-right q_icon_animation\" style=\" \"><i class=\"fa fa-circle fa-stack-base fa-stack-2x\" style=\"color: #fbb900;\"><\/i><i class=\"qodef-icon-dripicons dripicon dripicons-archive qode_icon_element fa-stack-1x\" style=\"color: #ffffff;\" ><\/i><\/span>[\/vc_column][vc_column width=\u00bb5\/6&#8243;][vc_empty_space height=\u00bb10px\u00bb]<div class='q_list circle'><a href=\"https:\/\/www.coreduc.cl\/ocb\/wp-content\/uploads\/2019\/07\/Reglamento-de-evaluacion-2017.pdf\" target=\"_blank\" rel=\"noopener noreferrer\">Reglamento de Evaluaci\u00f3n<\/a><\/div>[\/vc_column][\/vc_row][vc_row css_animation=\u00bb\u00bb row_type=\u00bbrow\u00bb use_row_as_full_screen_section=\u00bbno\u00bb type=\u00bbfull_width\u00bb angled_section=\u00bbno\u00bb text_align=\u00bbleft\u00bb background_image_as_pattern=\u00bbwithout_pattern\u00bb][vc_column][vc_separator css_animation=\u00bbfadeIn\u00bb type=\u00bbnormal\u00bb][\/vc_column][\/vc_row][vc_row css_animation=\u00bb\u00bb row_type=\u00bbrow\u00bb use_row_as_full_screen_section=\u00bbno\u00bb type=\u00bbfull_width\u00bb angled_section=\u00bbno\u00bb text_align=\u00bbleft\u00bb background_image_as_pattern=\u00bbwithout_pattern\u00bb][vc_column width=\u00bb1\/6&#8243;]<span data-type=\"circle\" data-hover-bg-color=\"#f9d77a\"  class=\"qode_icon_shortcode fa-stack q_font_awsome_icon_stack fa-lg pull-right q_icon_animation\" style=\" \"><i class=\"fa fa-circle fa-stack-base fa-stack-2x\" style=\"color: #fbb900;\"><\/i><i class=\"qodef-icon-dripicons dripicon dripicons-archive qode_icon_element fa-stack-1x\" style=\"color: #ffffff;\" ><\/i><\/span>[\/vc_column][vc_column width=\u00bb5\/6&#8243;][vc_empty_space height=\u00bb10px\u00bb]<div class='q_list circle'><a href=\"https:\/\/www.coreduc.cl\/ocb\/wp-content\/uploads\/2019\/07\/PISE-2017-OCB.pdf\" target=\"_blank\" rel=\"noopener noreferrer\">Uniforme Escolar<\/a><\/div>[\/vc_column][\/vc_row][vc_row css_animation=\u00bb\u00bb row_type=\u00bbrow\u00bb use_row_as_full_screen_section=\u00bbno\u00bb type=\u00bbfull_width\u00bb angled_section=\u00bbno\u00bb text_align=\u00bbleft\u00bb background_image_as_pattern=\u00bbwithout_pattern\u00bb][vc_column][vc_separator css_animation=\u00bbfadeIn\u00bb type=\u00bbnormal\u00bb][\/vc_column][\/vc_row][vc_row css_animation=\u00bb\u00bb row_type=\u00bbrow\u00bb use_row_as_full_screen_section=\u00bbno\u00bb type=\u00bbfull_width\u00bb angled_section=\u00bbno\u00bb text_align=\u00bbleft\u00bb background_image_as_pattern=\u00bbwithout_pattern\u00bb][vc_column width=\u00bb1\/6&#8243;]<span data-type=\"circle\" data-hover-bg-color=\"#f9d77a\"  class=\"qode_icon_shortcode fa-stack q_font_awsome_icon_stack fa-lg pull-right q_icon_animation\" style=\" \"><i class=\"fa fa-circle fa-stack-base fa-stack-2x\" style=\"color: #fbb900;\"><\/i><i class=\"qodef-icon-dripicons dripicon dripicons-archive qode_icon_element fa-stack-1x\" style=\"color: #ffffff;\" ><\/i><\/span>[\/vc_column][vc_column width=\u00bb5\/6&#8243;][vc_empty_space height=\u00bb10px\u00bb]<div class='q_list circle'><a href=\"https:\/\/www.coreduc.cl\/ocb\/wp-content\/uploads\/2019\/07\/PISE-2017-OCB.pdf\" target=\"_blank\" rel=\"noopener noreferrer\">Plan Integral de seguridad escolar<\/a><\/div>[\/vc_column][\/vc_row][vc_row css_animation=\u00bb\u00bb row_type=\u00bbrow\u00bb use_row_as_full_screen_section=\u00bbno\u00bb type=\u00bbfull_width\u00bb angled_section=\u00bbno\u00bb text_align=\u00bbleft\u00bb background_image_as_pattern=\u00bbwithout_pattern\u00bb][vc_column][vc_separator css_animation=\u00bbfadeIn\u00bb type=\u00bbnormal\u00bb][\/vc_column][\/vc_row][vc_row css_animation=\u00bb\u00bb row_type=\u00bbrow\u00bb use_row_as_full_screen_section=\u00bbno\u00bb type=\u00bbfull_width\u00bb angled_section=\u00bbno\u00bb text_align=\u00bbleft\u00bb background_image_as_pattern=\u00bbwithout_pattern\u00bb][vc_column width=\u00bb1\/6&#8243;]<span data-type=\"circle\" data-hover-bg-color=\"#f9d77a\"  class=\"qode_icon_shortcode fa-stack q_font_awsome_icon_stack fa-lg pull-right q_icon_animation\" style=\" \"><i class=\"fa fa-circle fa-stack-base fa-stack-2x\" style=\"color: #fbb900;\"><\/i><i class=\"qodef-icon-dripicons dripicon dripicons-archive qode_icon_element fa-stack-1x\" style=\"color: #ffffff;\" ><\/i><\/span>[\/vc_column][vc_column width=\u00bb5\/6&#8243;][vc_empty_space height=\u00bb10px\u00bb]<div class='q_list circle'><a href=\"https:\/\/www.coreduc.cl\/ocb\/wp-content\/uploads\/2021\/06\/CUENTA-2020-OCB.pdf\" target=\"_blank\" rel=\"noopener noreferrer\">Cuenta P\u00fablica 2020<\/a><\/div>[\/vc_column][\/vc_row][vc_row css_animation=\u00bb\u00bb row_type=\u00bbrow\u00bb use_row_as_full_screen_section=\u00bbno\u00bb type=\u00bbfull_width\u00bb angled_section=\u00bbno\u00bb text_align=\u00bbleft\u00bb background_image_as_pattern=\u00bbwithout_pattern\u00bb][vc_column][vc_empty_space height=\u00bb150px\u00bb][\/vc_column][\/vc_row]<\/p>\n<\/div>","protected":false},"excerpt":{"rendered":"<p>[vc_row css_animation=\u00bb\u00bb row_type=\u00bbrow\u00bb use_row_as_full_screen_section=\u00bbno\u00bb type=\u00bbfull_width\u00bb angled_section=\u00bbno\u00bb text_align=\u00bbleft\u00bb background_image_as_pattern=\u00bbwithout_pattern\u00bb][vc_column][vc_column_text]En esta secci\u00f3n podr\u00e1 bajar documentos de su inter\u00e9s.[\/vc_column_text][vc_empty_space height=\u00bb30px\u00bb][\/vc_column][\/vc_row][vc_row css_animation=\u00bb\u00bb row_type=\u00bbrow\u00bb use_row_as_full_screen_section=\u00bbno\u00bb type=\u00bbfull_width\u00bb angled_section=\u00bbno\u00bb text_align=\u00bbleft\u00bb background_image_as_pattern=\u00bbwithout_pattern\u00bb][vc_column width=\u00bb1\/6&#8243;][\/vc_column][vc_column width=\u00bb5\/6&#8243;][vc_empty_space height=\u00bb10px\u00bb][\/vc_column][\/vc_row][vc_row css_animation=\u00bb\u00bb row_type=\u00bbrow\u00bb use_row_as_full_screen_section=\u00bbno\u00bb type=\u00bbfull_width\u00bb angled_section=\u00bbno\u00bb text_align=\u00bbleft\u00bb background_image_as_pattern=\u00bbwithout_pattern\u00bb][vc_column][vc_separator css_animation=\u00bbfadeIn\u00bb type=\u00bbnormal\u00bb][\/vc_column][\/vc_row][vc_row css_animation=\u00bb\u00bb row_type=\u00bbrow\u00bb use_row_as_full_screen_section=\u00bbno\u00bb type=\u00bbfull_width\u00bb angled_section=\u00bbno\u00bb text_align=\u00bbleft\u00bb background_image_as_pattern=\u00bbwithout_pattern\u00bb][vc_column width=\u00bb1\/6&#8243;][\/vc_column][vc_column width=\u00bb5\/6&#8243;][vc_empty_space&#8230;<\/p>\n","protected":false},"author":7,"featured_media":0,"parent":0,"menu_order":0,"comment_status":"closed","ping_status":"closed","template":"","meta":{"footnotes":""},"class_list":["post-49","page","type-page","status-publish","hentry"],"_links":{"self":[{"href":"https:\/\/www.coreduc.cl\/ocb\/wp-json\/wp\/v2\/pages\/49","targetHints":{"allow":["GET"]}}],"collection":[{"href":"https:\/\/www.coreduc.cl\/ocb\/wp-json\/wp\/v2\/pages"}],"about":[{"href":"https:\/\/www.coreduc.cl\/ocb\/wp-json\/wp\/v2\/types\/page"}],"author":[{"embeddable":true,"href":"https:\/\/www.coreduc.cl\/ocb\/wp-json\/wp\/v2\/users\/7"}],"replies":[{"embeddable":true,"href":"https:\/\/www.coreduc.cl\/ocb\/wp-json\/wp\/v2\/comments?post=49"}],"version-history":[{"count":8,"href":"https:\/\/www.coreduc.cl\/ocb\/wp-json\/wp\/v2\/pages\/49\/revisions"}],"predecessor-version":[{"id":16042,"href":"https:\/\/www.coreduc.cl\/ocb\/wp-json\/wp\/v2\/pages\/49\/revisions\/16042"}],"wp:attachment":[{"href":"https:\/\/www.coreduc.cl\/ocb\/wp-json\/wp\/v2\/media?parent=49"}],"curies":[{"name":"wp","href":"https:\/\/api.w.org\/{rel}","templated":true}]}}