{"id":47,"date":"2019-07-24T19:19:43","date_gmt":"2019-07-24T17:19:43","guid":{"rendered":"https:\/\/www.coreduc.cl\/ocb\/?page_id=47"},"modified":"2019-08-22T15:23:09","modified_gmt":"2019-08-22T19:23:09","slug":"indicadores","status":"publish","type":"page","link":"https:\/\/www.coreduc.cl\/ocb\/indicadores\/","title":{"rendered":"Indicadores"},"content":{"rendered":"<div class=\"wpb-content-wrapper\"><p>[vc_row css_animation=\u00bb\u00bb row_type=\u00bbrow\u00bb use_row_as_full_screen_section=\u00bbno\u00bb type=\u00bbfull_width\u00bb angled_section=\u00bbno\u00bb text_align=\u00bbleft\u00bb background_image_as_pattern=\u00bbwithout_pattern\u00bb][vc_column][vc_column_text]<\/p>\n<div class=\"entry-content\">\n<table width=\"100%\">\n<tbody>\n<tr>\n<td width=\"263\"><strong>Indicador<\/strong><\/td>\n<td width=\"175\"><strong>Logro<\/strong><\/td>\n<\/tr>\n<tr>\n<td width=\"303\">% de logro en Test de Percepci\u00f3n Val\u00f3rica<\/td>\n<td width=\"82\">82%<\/td>\n<\/tr>\n<tr>\n<td width=\"303\">Tasa de asistencia<\/td>\n<td width=\"82\">92%<\/td>\n<\/tr>\n<tr>\n<td width=\"303\">Tasa de abandono<\/td>\n<td width=\"82\">4,60%<\/td>\n<\/tr>\n<tr>\n<td width=\"303\">Tasa de retenci\u00f3n de becados<\/td>\n<td width=\"82\">90%<\/td>\n<\/tr>\n<tr>\n<td width=\"303\">Tasa de titulaci\u00f3n<\/td>\n<td width=\"82\">92%<\/td>\n<\/tr>\n<\/tbody>\n<\/table>\n<p>&nbsp;<\/p>\n<table width=\"100%\">\n<tbody>\n<tr>\n<td width=\"263\"><strong>Simce \u2013 2015<\/strong><\/td>\n<td width=\"175\"><strong>Logro<\/strong><\/td>\n<\/tr>\n<tr>\n<td width=\"303\">Lenguaje 2\u00ba Medio<\/td>\n<td width=\"82\">231<\/td>\n<\/tr>\n<tr>\n<td width=\"303\">Matem\u00e1ticas 2\u00ba Medio<\/td>\n<td width=\"82\">246<\/td>\n<\/tr>\n<tr>\n<td width=\"303\">Autoestima acad\u00e9mica y motivaci\u00f3n escolar<\/td>\n<td width=\"82\">74%<\/td>\n<\/tr>\n<tr>\n<td width=\"303\">Clima de convivencia escolar<\/td>\n<td width=\"82\">77%<\/td>\n<\/tr>\n<tr>\n<td width=\"303\">Participaci\u00f3n y formaci\u00f3n ciudadana<\/td>\n<td width=\"82\">84%<\/td>\n<\/tr>\n<tr>\n<td width=\"303\">H\u00e1bitos de vida saludable<\/td>\n<td width=\"82\">70%<\/td>\n<\/tr>\n<\/tbody>\n<\/table>\n<p>&nbsp;<\/p>\n<table width=\"100%\">\n<tbody>\n<tr>\n<td width=\"263\"><strong>Pruebas Corporativas Formaci\u00f3n General \u2013 2016<\/strong><\/td>\n<td width=\"175\"><strong>Logro<\/strong><\/td>\n<\/tr>\n<tr>\n<td colspan=\"2\"><strong>1\u00b0 a 4\u00b0 Medio<\/strong><\/td>\n<\/tr>\n<tr>\n<td width=\"303\">Lenguaje<\/td>\n<td width=\"82\">63%<\/td>\n<\/tr>\n<tr>\n<td width=\"303\">Matem\u00e1ticas<\/td>\n<td width=\"82\">52%<\/td>\n<\/tr>\n<tr>\n<td width=\"303\">Historia<\/td>\n<td width=\"82\">60%<\/td>\n<\/tr>\n<tr>\n<td width=\"303\">Ingl\u00e9s<\/td>\n<td width=\"82\">60%<\/td>\n<\/tr>\n<tr>\n<td width=\"303\">Biolog\u00eda<\/td>\n<td width=\"82\">56%<\/td>\n<\/tr>\n<tr>\n<td width=\"303\">F\u00edsica<\/td>\n<td width=\"82\">46%<\/td>\n<\/tr>\n<tr>\n<td width=\"303\">Qu\u00edmica<\/td>\n<td width=\"82\">55%<\/td>\n<\/tr>\n<\/tbody>\n<\/table>\n<p>&nbsp;<\/p>\n<table width=\"100%\">\n<tbody>\n<tr>\n<td width=\"263\"><strong>Pruebas Corporativas Formaci\u00f3n T\u00e9cnica \u2013 2016<\/strong><\/td>\n<td width=\"175\"><strong>Logro<\/strong><\/td>\n<\/tr>\n<tr>\n<td colspan=\"2\"><strong>3\u00b0 y 4\u00b0 Medio<\/strong><\/td>\n<\/tr>\n<tr>\n<td width=\"303\">Construcciones Met\u00e1licas (formaci\u00f3n tradicional)<\/td>\n<td width=\"82\">82%<\/td>\n<\/tr>\n<tr>\n<td width=\"303\">Electricidad (formaci\u00f3n tradicional)<\/td>\n<td width=\"82\">83%<\/td>\n<\/tr>\n<tr>\n<td width=\"303\">Electr\u00f3nica (formaci\u00f3n tradicional)<\/td>\n<td width=\"82\">83%<\/td>\n<\/tr>\n<tr>\n<td width=\"303\">Edificaci\u00f3n (formaci\u00f3n dual)<\/td>\n<td width=\"82\">82%<\/td>\n<\/tr>\n<tr>\n<td width=\"303\" height=\"21\">Mec\u00e1nica Industrial (formaci\u00f3n dual)<\/td>\n<td width=\"82\">80%<\/td>\n<\/tr>\n<\/tbody>\n<\/table>\n<\/div>\n<p>[\/vc_column_text][vc_empty_space height=\u00bb150px\u00bb][\/vc_column][\/vc_row]<\/p>\n<\/div>","protected":false},"excerpt":{"rendered":"<p>[vc_row css_animation=\u00bb\u00bb row_type=\u00bbrow\u00bb use_row_as_full_screen_section=\u00bbno\u00bb type=\u00bbfull_width\u00bb angled_section=\u00bbno\u00bb text_align=\u00bbleft\u00bb background_image_as_pattern=\u00bbwithout_pattern\u00bb][vc_column][vc_column_text] Indicador Logro % de logro en Test de Percepci\u00f3n Val\u00f3rica 82% Tasa de asistencia 92% Tasa de abandono 4,60% Tasa de retenci\u00f3n de becados 90% Tasa de titulaci\u00f3n 92% &nbsp; Simce \u2013 2015 Logro Lenguaje 2\u00ba Medio&#8230;<\/p>\n","protected":false},"author":7,"featured_media":0,"parent":0,"menu_order":0,"comment_status":"closed","ping_status":"closed","template":"","meta":{"footnotes":""},"class_list":["post-47","page","type-page","status-publish","hentry"],"_links":{"self":[{"href":"https:\/\/www.coreduc.cl\/ocb\/wp-json\/wp\/v2\/pages\/47","targetHints":{"allow":["GET"]}}],"collection":[{"href":"https:\/\/www.coreduc.cl\/ocb\/wp-json\/wp\/v2\/pages"}],"about":[{"href":"https:\/\/www.coreduc.cl\/ocb\/wp-json\/wp\/v2\/types\/page"}],"author":[{"embeddable":true,"href":"https:\/\/www.coreduc.cl\/ocb\/wp-json\/wp\/v2\/users\/7"}],"replies":[{"embeddable":true,"href":"https:\/\/www.coreduc.cl\/ocb\/wp-json\/wp\/v2\/comments?post=47"}],"version-history":[{"count":5,"href":"https:\/\/www.coreduc.cl\/ocb\/wp-json\/wp\/v2\/pages\/47\/revisions"}],"predecessor-version":[{"id":396,"href":"https:\/\/www.coreduc.cl\/ocb\/wp-json\/wp\/v2\/pages\/47\/revisions\/396"}],"wp:attachment":[{"href":"https:\/\/www.coreduc.cl\/ocb\/wp-json\/wp\/v2\/media?parent=47"}],"curies":[{"name":"wp","href":"https:\/\/api.w.org\/{rel}","templated":true}]}}