{"id":45,"date":"2019-07-24T19:19:22","date_gmt":"2019-07-24T17:19:22","guid":{"rendered":"https:\/\/www.coreduc.cl\/ocb\/?page_id=45"},"modified":"2019-08-22T17:41:41","modified_gmt":"2019-08-22T21:41:41","slug":"cuadro-de-honor","status":"publish","type":"page","link":"https:\/\/www.coreduc.cl\/ocb\/cuadro-de-honor\/","title":{"rendered":"Cuadro de Honor"},"content":{"rendered":"<div class=\"wpb-content-wrapper\"><p>[vc_row css_animation=\u00bb\u00bb row_type=\u00bbrow\u00bb use_row_as_full_screen_section=\u00bbno\u00bb type=\u00bbfull_width\u00bb angled_section=\u00bbno\u00bb text_align=\u00bbleft\u00bb background_image_as_pattern=\u00bbwithout_pattern\u00bb][vc_column][vc_column_text]<\/p>\n<h2 style=\"font-size: 30px; line-height: 28px; letter-spacing: 1px;\">Alumnos destacados<\/h2>\n<p>[\/vc_column_text][vc_empty_space height=\u00bb10px\u00bb][vc_column_text]<\/p>\n<p style=\"text-align: justify;\">Los alumnos que forman parte de nuestro\u00a0Cuadro de Honor son estudiantes con los mejores promedios de calificaciones de su grupo curso. Quienes gracias a su esfuerzo y perseverancia han logrado estos resultados y hoy se pasan a ser un buen referente\u00a0de superaci\u00f3n para sus compa\u00f1eros.<\/p>\n<p style=\"text-align: justify;\">Nuestro reconocimiento y felicitaci\u00f3n a estos estudiantes que han optado libremente, por dar lo mejor de s\u00ed en pro de su desarrollo y formaci\u00f3n profesional. Les deseamos mucho \u00e9xito y estamos ciertos que les espera un promisorio futuro, plasmado de realizaciones que le permitir\u00e1n cosechar lo sembrado. Nos sentimos orgullosos de que j\u00f3venes como ustedes prestigien nuestra instituci\u00f3n y es un honor el que hayan formado parte de nuestras filas.<\/p>\n<p><strong><br \/>\nEstudiantes con mejores resultados acad\u00e9micos 2015<\/strong><\/p>\n<div class=\"mceTemp\"><\/div>\n<p>[\/vc_column_text][\/vc_column][\/vc_row][vc_row css_animation=\u00bb\u00bb row_type=\u00bbrow\u00bb use_row_as_full_screen_section=\u00bbno\u00bb type=\u00bbfull_width\u00bb angled_section=\u00bbno\u00bb text_align=\u00bbleft\u00bb background_image_as_pattern=\u00bbwithout_pattern\u00bb][vc_column width=\u00bb1\/2&#8243;][vc_single_image image=\u00bb127&#8243; img_size=\u00bbfull\u00bb qode_css_animation=\u00bb\u00bb qode_hover_animation=\u00bbzoom_in\u00bb][vc_column_text]<\/p>\n<p style=\"text-align: justify;\"><strong>KEVIN ETIAN SANTANDER ALVAREZ (4\u00b0B)<\/strong> Mejor rendimiento de 4\u00ba Medio 2015 Junto a sus Padres y al Director del Liceo Don Armando Vel\u00e1squez Di Domenico<\/p>\n<p>[\/vc_column_text][\/vc_column][vc_column width=\u00bb1\/2&#8243;][vc_single_image image=\u00bb128&#8243; img_size=\u00bbfull\u00bb qode_css_animation=\u00bb\u00bb qode_hover_animation=\u00bbzoom_in\u00bb][vc_column_text]<\/p>\n<p style=\"text-align: justify;\"><strong>NICOLAS HERNAN ZAMORA DIAZ (3\u00b0F) <\/strong>Mejor rendimiento de 3\u00ba Medio 2015 Junto a su madre, al Director del Liceo Don Armando Vel\u00e1squez Di Domenico y la Jefa de Unidad de Supervisi\u00f3n y Evaluaci\u00f3n Sra. Marcela Noriel Astudillo.<\/p>\n<p>[\/vc_column_text][\/vc_column][\/vc_row][vc_row css_animation=\u00bb\u00bb row_type=\u00bbrow\u00bb use_row_as_full_screen_section=\u00bbno\u00bb type=\u00bbfull_width\u00bb angled_section=\u00bbno\u00bb text_align=\u00bbleft\u00bb background_image_as_pattern=\u00bbwithout_pattern\u00bb][vc_column][vc_empty_space][\/vc_column][\/vc_row][vc_row css_animation=\u00bb\u00bb row_type=\u00bbrow\u00bb use_row_as_full_screen_section=\u00bbno\u00bb type=\u00bbfull_width\u00bb angled_section=\u00bbno\u00bb text_align=\u00bbleft\u00bb background_image_as_pattern=\u00bbwithout_pattern\u00bb][vc_column width=\u00bb1\/2&#8243;][vc_single_image image=\u00bb130&#8243; img_size=\u00bbfull\u00bb qode_css_animation=\u00bb\u00bb qode_hover_animation=\u00bbzoom_in\u00bb][vc_column_text]<\/p>\n<p style=\"text-align: justify;\"><strong>BASTIAN ANDRES ACE\u00cdTON AMNCIBIA (2\u00b0F) <\/strong>Mejor rendimiento de 2\u00ba Medio 2015 Junto a su Profesora Jefe Arinda Toro, al Director del Liceo Don Armando Vel\u00e1squez Di Domenico y la Jefa de Unidad de Supervisi\u00f3n y Evaluaci\u00f3n Sra. Marcela Noriel Astudillo.<\/p>\n<p>[\/vc_column_text][\/vc_column][vc_column width=\u00bb1\/2&#8243;][vc_single_image image=\u00bb131&#8243; img_size=\u00bbfull\u00bb qode_css_animation=\u00bb\u00bb qode_hover_animation=\u00bbzoom_in\u00bb][vc_column_text]<\/p>\n<p style=\"text-align: justify;\"><strong>DANIEL JOSE AMOS RIQUELME (1\u00b0D) <\/strong>Mejor rendimiento de 1\u00ba Medio 2015 Junto a sus Padres, al Director del Liceo Don Armando Vel\u00e1squez Di Domenico y la Jefa de Unidad de Supervisi\u00f3n y Evaluaci\u00f3n Sra. Marcela Noriel Astudillo.<\/p>\n<p>[\/vc_column_text][\/vc_column][\/vc_row][vc_row css_animation=\u00bb\u00bb row_type=\u00bbrow\u00bb use_row_as_full_screen_section=\u00bbno\u00bb type=\u00bbfull_width\u00bb angled_section=\u00bbno\u00bb text_align=\u00bbleft\u00bb background_image_as_pattern=\u00bbwithout_pattern\u00bb][vc_column][vc_empty_space][\/vc_column][\/vc_row][vc_row css_animation=\u00bb\u00bb row_type=\u00bbrow\u00bb use_row_as_full_screen_section=\u00bbno\u00bb type=\u00bbfull_width\u00bb angled_section=\u00bbno\u00bb text_align=\u00bbleft\u00bb background_image_as_pattern=\u00bbwithout_pattern\u00bb][vc_column width=\u00bb1\/2&#8243;][vc_single_image image=\u00bb132&#8243; img_size=\u00bbfull\u00bb qode_css_animation=\u00bb\u00bb qode_hover_animation=\u00bbzoom_in\u00bb][vc_column_text]<\/p>\n<p style=\"text-align: justify;\"><strong>1\u00b0Medio B 2015 <\/strong>Mejor rendimiento por Curso de 1\u00ba Medios 2015 Con el premio recibido el curso decidi\u00f3 comprar gifcard para cada uno de sus alumnos, ah\u00ed podemos ver a su profesor jefe don Mario Cabezas junto a sus alumnos<\/p>\n<p>[\/vc_column_text][\/vc_column][vc_column width=\u00bb1\/2&#8243;][vc_single_image image=\u00bb133&#8243; img_size=\u00bbfull\u00bb qode_css_animation=\u00bb\u00bb qode_hover_animation=\u00bbzoom_in\u00bb][vc_column_text]<strong>2\u00b0Medio B 2015 <\/strong>Mejor rendimiento por Curso de 2\u00ba Medios 2015[\/vc_column_text][\/vc_column][\/vc_row][vc_row css_animation=\u00bb\u00bb row_type=\u00bbrow\u00bb use_row_as_full_screen_section=\u00bbno\u00bb type=\u00bbfull_width\u00bb angled_section=\u00bbno\u00bb text_align=\u00bbleft\u00bb background_image_as_pattern=\u00bbwithout_pattern\u00bb][vc_column][vc_empty_space][\/vc_column][\/vc_row][vc_row css_animation=\u00bb\u00bb row_type=\u00bbrow\u00bb use_row_as_full_screen_section=\u00bbno\u00bb type=\u00bbfull_width\u00bb angled_section=\u00bbno\u00bb text_align=\u00bbleft\u00bb background_image_as_pattern=\u00bbwithout_pattern\u00bb][vc_column width=\u00bb1\/2&#8243;][vc_single_image image=\u00bb134&#8243; img_size=\u00bbfull\u00bb qode_css_animation=\u00bb\u00bb qode_hover_animation=\u00bbzoom_in\u00bb][vc_column_text]<strong>3\u00b0Medio F 2015 <\/strong>Curso Mejor Asistencia 2015[\/vc_column_text][\/vc_column][vc_column width=\u00bb1\/2&#8243;][\/vc_column][\/vc_row][vc_row css_animation=\u00bb\u00bb row_type=\u00bbrow\u00bb use_row_as_full_screen_section=\u00bbno\u00bb type=\u00bbfull_width\u00bb angled_section=\u00bbno\u00bb text_align=\u00bbleft\u00bb background_image_as_pattern=\u00bbwithout_pattern\u00bb][vc_column][vc_empty_space height=\u00bb150px\u00bb][\/vc_column][\/vc_row]<\/p>\n<\/div>","protected":false},"excerpt":{"rendered":"<p>[vc_row css_animation=\u00bb\u00bb row_type=\u00bbrow\u00bb use_row_as_full_screen_section=\u00bbno\u00bb type=\u00bbfull_width\u00bb angled_section=\u00bbno\u00bb text_align=\u00bbleft\u00bb background_image_as_pattern=\u00bbwithout_pattern\u00bb][vc_column][vc_column_text] Alumnos destacados [\/vc_column_text][vc_empty_space height=\u00bb10px\u00bb][vc_column_text] Los alumnos que forman parte de nuestro\u00a0Cuadro de Honor son estudiantes con los mejores promedios de calificaciones de su grupo curso. Quienes gracias a su esfuerzo y perseverancia han logrado estos resultados y&#8230;<\/p>\n","protected":false},"author":7,"featured_media":0,"parent":0,"menu_order":0,"comment_status":"closed","ping_status":"closed","template":"","meta":{"footnotes":""},"class_list":["post-45","page","type-page","status-publish","hentry"],"_links":{"self":[{"href":"https:\/\/www.coreduc.cl\/ocb\/wp-json\/wp\/v2\/pages\/45","targetHints":{"allow":["GET"]}}],"collection":[{"href":"https:\/\/www.coreduc.cl\/ocb\/wp-json\/wp\/v2\/pages"}],"about":[{"href":"https:\/\/www.coreduc.cl\/ocb\/wp-json\/wp\/v2\/types\/page"}],"author":[{"embeddable":true,"href":"https:\/\/www.coreduc.cl\/ocb\/wp-json\/wp\/v2\/users\/7"}],"replies":[{"embeddable":true,"href":"https:\/\/www.coreduc.cl\/ocb\/wp-json\/wp\/v2\/comments?post=45"}],"version-history":[{"count":10,"href":"https:\/\/www.coreduc.cl\/ocb\/wp-json\/wp\/v2\/pages\/45\/revisions"}],"predecessor-version":[{"id":410,"href":"https:\/\/www.coreduc.cl\/ocb\/wp-json\/wp\/v2\/pages\/45\/revisions\/410"}],"wp:attachment":[{"href":"https:\/\/www.coreduc.cl\/ocb\/wp-json\/wp\/v2\/media?parent=45"}],"curies":[{"name":"wp","href":"https:\/\/api.w.org\/{rel}","templated":true}]}}