{"id":37,"date":"2019-07-24T19:17:39","date_gmt":"2019-07-24T17:17:39","guid":{"rendered":"https:\/\/www.coreduc.cl\/ocb\/?page_id=37"},"modified":"2023-05-16T15:45:02","modified_gmt":"2023-05-16T19:45:02","slug":"docentes-de-formacion-general","status":"publish","type":"page","link":"https:\/\/www.coreduc.cl\/ocb\/docentes-de-formacion-general\/","title":{"rendered":"Docentes de Formaci\u00f3n General"},"content":{"rendered":"<div class=\"wpb-content-wrapper\"><p>[vc_row css_animation=\u00bb\u00bb row_type=\u00bbrow\u00bb use_row_as_full_screen_section=\u00bbno\u00bb type=\u00bbfull_width\u00bb angled_section=\u00bbno\u00bb text_align=\u00bbleft\u00bb background_image_as_pattern=\u00bbwithout_pattern\u00bb][vc_column][vc_empty_space height=\u00bb20&#8243;][vc_column_text]<strong>DOCENTES FORMACI\u00d3N GENERAL 2023<\/strong>[\/vc_column_text][\/vc_column][\/vc_row][vc_row css_animation=\u00bb\u00bb row_type=\u00bbrow\u00bb use_row_as_full_screen_section=\u00bbno\u00bb type=\u00bbfull_width\u00bb angled_section=\u00bbno\u00bb text_align=\u00bbleft\u00bb background_image_as_pattern=\u00bbwithout_pattern\u00bb][vc_column width=\u00bb1\/4&#8243;][vc_single_image image=\u00bb16195&#8243; img_size=\u00bbfull\u00bb qode_css_animation=\u00bb\u00bb][vc_empty_space height=\u00bb20&#8243;][vc_column_text]<\/p>\n<h6>M\u00fasica<br \/>\nAndr\u00e9s Morales D\u00e1vila<\/h6>\n<p>[\/vc_column_text][vc_empty_space height=\u00bb20&#8243;][\/vc_column][vc_column width=\u00bb1\/4&#8243;][vc_single_image image=\u00bb16196&#8243; img_size=\u00bbfull\u00bb qode_css_animation=\u00bb\u00bb][vc_empty_space height=\u00bb20&#8243;][vc_column_text]<\/p>\n<h6>Filosof\u00eda<br \/>\nAntuyeli Mardones Mena<\/h6>\n<p>[\/vc_column_text][vc_empty_space height=\u00bb20&#8243;][\/vc_column][vc_column width=\u00bb1\/4&#8243;][vc_single_image image=\u00bb16197&#8243; img_size=\u00bbfull\u00bb qode_css_animation=\u00bb\u00bb][vc_empty_space height=\u00bb20&#8243;][vc_column_text]<\/p>\n<h6>Historia<br \/>\nArinda Toro Jamett<\/h6>\n<p>[\/vc_column_text][vc_empty_space height=\u00bb20&#8243;][\/vc_column][vc_column width=\u00bb1\/4&#8243;][vc_single_image image=\u00bb16198&#8243; img_size=\u00bbfull\u00bb qode_css_animation=\u00bb\u00bb][vc_empty_space height=\u00bb20&#8243;][vc_column_text]<\/p>\n<h6>Historia<br \/>\nCamila Meza Fern\u00e1ndez<\/h6>\n<p>[\/vc_column_text][vc_empty_space height=\u00bb20&#8243;][\/vc_column][\/vc_row][vc_row css_animation=\u00bb\u00bb row_type=\u00bbrow\u00bb use_row_as_full_screen_section=\u00bbno\u00bb type=\u00bbfull_width\u00bb angled_section=\u00bbno\u00bb text_align=\u00bbleft\u00bb background_image_as_pattern=\u00bbwithout_pattern\u00bb][vc_column width=\u00bb1\/4&#8243;][vc_single_image image=\u00bb16199&#8243; img_size=\u00bbfull\u00bb qode_css_animation=\u00bb\u00bb][vc_empty_space height=\u00bb20&#8243;][vc_column_text]<\/p>\n<h6>Ed. F\u00edsica<br \/>\nDaniela Carre\u00f1o Fern\u00e1ndez<\/h6>\n<p>[\/vc_column_text][vc_empty_space height=\u00bb20&#8243;][\/vc_column][vc_column width=\u00bb1\/4&#8243;][vc_single_image image=\u00bb16200&#8243; img_size=\u00bbfull\u00bb qode_css_animation=\u00bb\u00bb][vc_empty_space height=\u00bb20&#8243;][vc_column_text]<\/p>\n<h6>Lenguaje<br \/>\nFernanda Vera Gonz\u00e1lez<\/h6>\n<p>[\/vc_column_text][vc_empty_space height=\u00bb20&#8243;][\/vc_column][vc_column width=\u00bb1\/4&#8243;][vc_single_image image=\u00bb16201&#8243; img_size=\u00bbfull\u00bb qode_css_animation=\u00bb\u00bb][vc_empty_space height=\u00bb20&#8243;][vc_column_text]<\/p>\n<h6>Religi\u00f3n<br \/>\nGabriela Gonz\u00e1lez Brito<\/h6>\n<p>[\/vc_column_text][vc_empty_space height=\u00bb20&#8243;][\/vc_column][vc_column width=\u00bb1\/4&#8243;][vc_single_image image=\u00bb16202&#8243; img_size=\u00bbfull\u00bb qode_css_animation=\u00bb\u00bb][vc_empty_space height=\u00bb20&#8243;][vc_column_text]<\/p>\n<h6>Ciencias<br \/>\nGiovana Berrios Meza<\/h6>\n<p>[\/vc_column_text][vc_empty_space height=\u00bb20&#8243;][\/vc_column][\/vc_row][vc_row css_animation=\u00bb\u00bb row_type=\u00bbrow\u00bb use_row_as_full_screen_section=\u00bbno\u00bb type=\u00bbfull_width\u00bb angled_section=\u00bbno\u00bb text_align=\u00bbleft\u00bb background_image_as_pattern=\u00bbwithout_pattern\u00bb][vc_column width=\u00bb1\/4&#8243;][vc_single_image image=\u00bb16203&#8243; img_size=\u00bbfull\u00bb qode_css_animation=\u00bb\u00bb][vc_empty_space height=\u00bb20&#8243;][vc_column_text]<\/p>\n<h6>Ed. F\u00edsica<br \/>\nHugo Bustamente Pallacan<\/h6>\n<p>[\/vc_column_text][vc_empty_space height=\u00bb20&#8243;][\/vc_column][vc_column width=\u00bb1\/4&#8243;][vc_single_image image=\u00bb16204&#8243; img_size=\u00bbfull\u00bb qode_css_animation=\u00bb\u00bb][vc_empty_space height=\u00bb20&#8243;][vc_column_text]<\/p>\n<h6>Ciencias<br \/>\nIlisch Herrera \u00c1vila<\/h6>\n<p>[\/vc_column_text][vc_empty_space height=\u00bb20&#8243;][\/vc_column][vc_column width=\u00bb1\/4&#8243;][vc_single_image image=\u00bb16205&#8243; img_size=\u00bbfull\u00bb qode_css_animation=\u00bb\u00bb][vc_empty_space height=\u00bb20&#8243;][vc_column_text]<\/p>\n<h6>Lenguaje<br \/>\nIv\u00e1n Silva Soto<\/h6>\n<p>[\/vc_column_text][vc_empty_space height=\u00bb20&#8243;][\/vc_column][vc_column width=\u00bb1\/4&#8243;][vc_single_image image=\u00bb16206&#8243; img_size=\u00bbfull\u00bb qode_css_animation=\u00bb\u00bb][vc_empty_space height=\u00bb20&#8243;][vc_column_text]<\/p>\n<h6>Lenguaje<br \/>\nKarla Rojas Olivares<\/h6>\n<p>[\/vc_column_text][vc_empty_space height=\u00bb20&#8243;][\/vc_column][\/vc_row][vc_row css_animation=\u00bb\u00bb row_type=\u00bbrow\u00bb use_row_as_full_screen_section=\u00bbno\u00bb type=\u00bbfull_width\u00bb angled_section=\u00bbno\u00bb text_align=\u00bbleft\u00bb background_image_as_pattern=\u00bbwithout_pattern\u00bb][vc_column width=\u00bb1\/4&#8243;][vc_single_image image=\u00bb16207&#8243; img_size=\u00bbfull\u00bb qode_css_animation=\u00bb\u00bb][vc_empty_space height=\u00bb20&#8243;][vc_column_text]<\/p>\n<h6>Ciencias<br \/>\nManuel Hidalgo Rubilar<\/h6>\n<p>[\/vc_column_text][vc_empty_space height=\u00bb20&#8243;][\/vc_column][vc_column width=\u00bb1\/4&#8243;][vc_single_image image=\u00bb16208&#8243; img_size=\u00bbfull\u00bb qode_css_animation=\u00bb\u00bb][vc_empty_space height=\u00bb20&#8243;][vc_column_text]<\/p>\n<h6>Matem\u00e1ticas<br \/>\nNatalia Maggiolo Jara<\/h6>\n<p>[\/vc_column_text][vc_empty_space height=\u00bb20&#8243;][\/vc_column][vc_column width=\u00bb1\/4&#8243;][vc_single_image image=\u00bb16209&#8243; img_size=\u00bbfull\u00bb qode_css_animation=\u00bb\u00bb][vc_empty_space height=\u00bb20&#8243;][vc_column_text]<\/p>\n<h6>Matem\u00e1ticas<br \/>\nPaola Galleguillos Olgu\u00edn<\/h6>\n<p>[\/vc_column_text][vc_empty_space height=\u00bb20&#8243;][\/vc_column][vc_column width=\u00bb1\/4&#8243;][vc_single_image image=\u00bb16210&#8243; img_size=\u00bbfull\u00bb qode_css_animation=\u00bb\u00bb][vc_empty_space height=\u00bb20&#8243;][vc_column_text]<\/p>\n<h6>Ingl\u00e9s<br \/>\nPaula Salinas Valero<\/h6>\n<p>[\/vc_column_text][vc_empty_space height=\u00bb20&#8243;][\/vc_column][\/vc_row][vc_row css_animation=\u00bb\u00bb row_type=\u00bbrow\u00bb use_row_as_full_screen_section=\u00bbno\u00bb type=\u00bbfull_width\u00bb angled_section=\u00bbno\u00bb text_align=\u00bbleft\u00bb background_image_as_pattern=\u00bbwithout_pattern\u00bb][vc_column width=\u00bb1\/4&#8243;][vc_single_image image=\u00bb16211&#8243; img_size=\u00bbfull\u00bb qode_css_animation=\u00bb\u00bb][vc_empty_space height=\u00bb20&#8243;][vc_column_text]<\/p>\n<h6>Lenguaje<br \/>\nPaula San Mart\u00edn Bernal<\/h6>\n<p>[\/vc_column_text][vc_empty_space height=\u00bb20&#8243;][\/vc_column][vc_column width=\u00bb1\/4&#8243;][vc_single_image image=\u00bb16212&#8243; img_size=\u00bbfull\u00bb qode_css_animation=\u00bb\u00bb][vc_empty_space height=\u00bb20&#8243;][vc_column_text]<\/p>\n<h6>Matem\u00e1ticas<br \/>\nPilar de la Vega Chaverr\u00eda<\/h6>\n<p>[\/vc_column_text][vc_empty_space height=\u00bb20&#8243;][\/vc_column][vc_column width=\u00bb1\/4&#8243;][vc_single_image image=\u00bb16213&#8243; img_size=\u00bbfull\u00bb qode_css_animation=\u00bb\u00bb][vc_empty_space height=\u00bb20&#8243;][vc_column_text]<\/p>\n<h6>Matem\u00e1ticas<br \/>\nRomanee D\u00edaz Salinas<\/h6>\n<p>[\/vc_column_text][vc_empty_space height=\u00bb20&#8243;][\/vc_column][vc_column width=\u00bb1\/4&#8243;][vc_single_image image=\u00bb16214&#8243; img_size=\u00bbfull\u00bb qode_css_animation=\u00bb\u00bb][vc_empty_space height=\u00bb20&#8243;][vc_column_text]<\/p>\n<h6>Ingl\u00e9s<br \/>\nYoselyn Castillo Prado<\/h6>\n<p>[\/vc_column_text][vc_empty_space height=\u00bb20&#8243;][\/vc_column][\/vc_row][vc_row css_animation=\u00bb\u00bb row_type=\u00bbrow\u00bb use_row_as_full_screen_section=\u00bbno\u00bb type=\u00bbfull_width\u00bb angled_section=\u00bbno\u00bb text_align=\u00bbleft\u00bb background_image_as_pattern=\u00bbwithout_pattern\u00bb][vc_column][vc_empty_space height=\u00bb20&#8243;][vc_column_text]<strong>DOCENTES FORMACI\u00d3N T\u00c9CNICA 2023<\/strong>[\/vc_column_text][\/vc_column][\/vc_row][vc_row css_animation=\u00bb\u00bb row_type=\u00bbrow\u00bb use_row_as_full_screen_section=\u00bbno\u00bb type=\u00bbfull_width\u00bb angled_section=\u00bbno\u00bb text_align=\u00bbleft\u00bb background_image_as_pattern=\u00bbwithout_pattern\u00bb][vc_column width=\u00bb1\/4&#8243;][vc_single_image image=\u00bb16218&#8243; img_size=\u00bbfull\u00bb qode_css_animation=\u00bb\u00bb][vc_empty_space height=\u00bb20&#8243;][vc_column_text]<\/p>\n<h6>Construcciones Met\u00e1licas<br \/>\nBoris Torres P\u00e9rez<\/h6>\n<p>[\/vc_column_text][vc_empty_space height=\u00bb20&#8243;][\/vc_column][vc_column width=\u00bb1\/4&#8243;][vc_single_image image=\u00bb16219&#8243; img_size=\u00bbfull\u00bb qode_css_animation=\u00bb\u00bb][vc_empty_space height=\u00bb20&#8243;][vc_column_text]<\/p>\n<h6>Construcciones Met\u00e1licas<br \/>\nCatalina Delgado Gonz\u00e1lez<\/h6>\n<p>[\/vc_column_text][vc_empty_space height=\u00bb20&#8243;][\/vc_column][vc_column width=\u00bb1\/4&#8243;][vc_single_image image=\u00bb16220&#8243; img_size=\u00bbfull\u00bb qode_css_animation=\u00bb\u00bb][vc_empty_space height=\u00bb20&#8243;][vc_column_text]<\/p>\n<h6>Electricidad<br \/>\nFelipe Morales Godoy<\/h6>\n<p>[\/vc_column_text][vc_empty_space height=\u00bb20&#8243;][\/vc_column][vc_column width=\u00bb1\/4&#8243;][vc_single_image image=\u00bb16221&#8243; img_size=\u00bbfull\u00bb qode_css_animation=\u00bb\u00bb][vc_empty_space height=\u00bb20&#8243;][vc_column_text]<\/p>\n<h6>Electr\u00f3nica<br \/>\nJairo Mendoza Ruiz<\/h6>\n<p>[\/vc_column_text][vc_empty_space height=\u00bb20&#8243;][\/vc_column][\/vc_row][vc_row css_animation=\u00bb\u00bb row_type=\u00bbrow\u00bb use_row_as_full_screen_section=\u00bbno\u00bb type=\u00bbfull_width\u00bb angled_section=\u00bbno\u00bb text_align=\u00bbleft\u00bb background_image_as_pattern=\u00bbwithout_pattern\u00bb][vc_column width=\u00bb1\/4&#8243;][vc_single_image image=\u00bb16222&#8243; img_size=\u00bbfull\u00bb qode_css_animation=\u00bb\u00bb][vc_empty_space height=\u00bb20&#8243;][vc_column_text]<\/p>\n<h6>Mec\u00e1nica Industrial<br \/>\nJos\u00e9 Luis Bravo Tapia<\/h6>\n<p>[\/vc_column_text][vc_empty_space height=\u00bb20&#8243;][\/vc_column][vc_column width=\u00bb1\/4&#8243;][vc_single_image image=\u00bb16223&#8243; img_size=\u00bbfull\u00bb qode_css_animation=\u00bb\u00bb][vc_empty_space height=\u00bb20&#8243;][vc_column_text]<\/p>\n<h6>Electr\u00f3nica<br \/>\nJuan Mora Ibaceta<\/h6>\n<p>[\/vc_column_text][vc_empty_space height=\u00bb20&#8243;][\/vc_column][vc_column width=\u00bb1\/4&#8243;][vc_single_image image=\u00bb16224&#8243; img_size=\u00bbfull\u00bb qode_css_animation=\u00bb\u00bb][vc_empty_space height=\u00bb20&#8243;][vc_column_text]<\/p>\n<h6>Construcciones Met\u00e1licas<br \/>\nJuan Tapia Santander<\/h6>\n<p>[\/vc_column_text][vc_empty_space height=\u00bb20&#8243;][\/vc_column][vc_column width=\u00bb1\/4&#8243;][vc_single_image image=\u00bb16225&#8243; img_size=\u00bbfull\u00bb qode_css_animation=\u00bb\u00bb][vc_empty_space height=\u00bb20&#8243;][vc_column_text]<\/p>\n<h6>Construcci\u00f3n<br \/>\nMarcelo Maturana Campos<\/h6>\n<p>[\/vc_column_text][vc_empty_space height=\u00bb20&#8243;][\/vc_column][\/vc_row][vc_row css_animation=\u00bb\u00bb row_type=\u00bbrow\u00bb use_row_as_full_screen_section=\u00bbno\u00bb type=\u00bbfull_width\u00bb angled_section=\u00bbno\u00bb text_align=\u00bbleft\u00bb background_image_as_pattern=\u00bbwithout_pattern\u00bb][vc_column width=\u00bb1\/4&#8243;][vc_single_image image=\u00bb16226&#8243; img_size=\u00bbfull\u00bb qode_css_animation=\u00bb\u00bb][vc_empty_space height=\u00bb20&#8243;][vc_column_text]<\/p>\n<h6>Mec\u00e1nica Industrial<br \/>\nMat\u00edas Aros Pizarro<\/h6>\n<p>[\/vc_column_text][vc_empty_space height=\u00bb20&#8243;][\/vc_column][vc_column width=\u00bb1\/4&#8243;][vc_single_image image=\u00bb16227&#8243; img_size=\u00bbfull\u00bb qode_css_animation=\u00bb\u00bb][vc_empty_space height=\u00bb20&#8243;][vc_column_text]<\/p>\n<h6>Construcci\u00f3n<br \/>\nV\u00edctor Campusano Godoy<\/h6>\n<p>[\/vc_column_text][vc_empty_space height=\u00bb20&#8243;][\/vc_column][vc_column width=\u00bb1\/4&#8243;][\/vc_column][vc_column width=\u00bb1\/4&#8243;][\/vc_column][\/vc_row][vc_row css_animation=\u00bb\u00bb row_type=\u00bbrow\u00bb use_row_as_full_screen_section=\u00bbno\u00bb type=\u00bbfull_width\u00bb angled_section=\u00bbno\u00bb text_align=\u00bbleft\u00bb background_image_as_pattern=\u00bbwithout_pattern\u00bb][vc_column][vc_empty_space height=\u00bb150px\u00bb][\/vc_column][\/vc_row]<\/p>\n<\/div>","protected":false},"excerpt":{"rendered":"<p>[vc_row css_animation=\u00bb\u00bb row_type=\u00bbrow\u00bb use_row_as_full_screen_section=\u00bbno\u00bb type=\u00bbfull_width\u00bb angled_section=\u00bbno\u00bb text_align=\u00bbleft\u00bb background_image_as_pattern=\u00bbwithout_pattern\u00bb][vc_column][vc_empty_space height=\u00bb20&#8243;][vc_column_text]DOCENTES FORMACI\u00d3N GENERAL 2023[\/vc_column_text][\/vc_column][\/vc_row][vc_row css_animation=\u00bb\u00bb row_type=\u00bbrow\u00bb use_row_as_full_screen_section=\u00bbno\u00bb type=\u00bbfull_width\u00bb angled_section=\u00bbno\u00bb text_align=\u00bbleft\u00bb background_image_as_pattern=\u00bbwithout_pattern\u00bb][vc_column width=\u00bb1\/4&#8243;][vc_single_image image=\u00bb16195&#8243; img_size=\u00bbfull\u00bb qode_css_animation=\u00bb\u00bb][vc_empty_space height=\u00bb20&#8243;][vc_column_text] M\u00fasica Andr\u00e9s Morales D\u00e1vila [\/vc_column_text][vc_empty_space height=\u00bb20&#8243;][\/vc_column][vc_column width=\u00bb1\/4&#8243;][vc_single_image image=\u00bb16196&#8243; img_size=\u00bbfull\u00bb qode_css_animation=\u00bb\u00bb][vc_empty_space height=\u00bb20&#8243;][vc_column_text] Filosof\u00eda Antuyeli Mardones Mena [\/vc_column_text][vc_empty_space height=\u00bb20&#8243;][\/vc_column][vc_column width=\u00bb1\/4&#8243;][vc_single_image image=\u00bb16197&#8243; img_size=\u00bbfull\u00bb qode_css_animation=\u00bb\u00bb][vc_empty_space&#8230;<\/p>\n","protected":false},"author":7,"featured_media":0,"parent":0,"menu_order":0,"comment_status":"closed","ping_status":"closed","template":"","meta":{"footnotes":""},"class_list":["post-37","page","type-page","status-publish","hentry"],"_links":{"self":[{"href":"https:\/\/www.coreduc.cl\/ocb\/wp-json\/wp\/v2\/pages\/37","targetHints":{"allow":["GET"]}}],"collection":[{"href":"https:\/\/www.coreduc.cl\/ocb\/wp-json\/wp\/v2\/pages"}],"about":[{"href":"https:\/\/www.coreduc.cl\/ocb\/wp-json\/wp\/v2\/types\/page"}],"author":[{"embeddable":true,"href":"https:\/\/www.coreduc.cl\/ocb\/wp-json\/wp\/v2\/users\/7"}],"replies":[{"embeddable":true,"href":"https:\/\/www.coreduc.cl\/ocb\/wp-json\/wp\/v2\/comments?post=37"}],"version-history":[{"count":12,"href":"https:\/\/www.coreduc.cl\/ocb\/wp-json\/wp\/v2\/pages\/37\/revisions"}],"predecessor-version":[{"id":16228,"href":"https:\/\/www.coreduc.cl\/ocb\/wp-json\/wp\/v2\/pages\/37\/revisions\/16228"}],"wp:attachment":[{"href":"https:\/\/www.coreduc.cl\/ocb\/wp-json\/wp\/v2\/media?parent=37"}],"curies":[{"name":"wp","href":"https:\/\/api.w.org\/{rel}","templated":true}]}}