{"id":28,"date":"2019-07-24T19:15:31","date_gmt":"2019-07-24T17:15:31","guid":{"rendered":"https:\/\/www.coreduc.cl\/ocb\/?page_id=28"},"modified":"2023-06-30T11:58:25","modified_gmt":"2023-06-30T15:58:25","slug":"consejo-asesor-empresarial","status":"publish","type":"page","link":"https:\/\/www.coreduc.cl\/ocb\/consejo-asesor-empresarial\/","title":{"rendered":"Consejo Asesor Empresarial"},"content":{"rendered":"<div class=\"wpb-content-wrapper\"><p>[vc_row css_animation=\u00bb\u00bb row_type=\u00bbrow\u00bb use_row_as_full_screen_section=\u00bbno\u00bb type=\u00bbfull_width\u00bb angled_section=\u00bbno\u00bb text_align=\u00bbleft\u00bb background_image_as_pattern=\u00bbwithout_pattern\u00bb][vc_column][vc_empty_space][vc_column_text]<\/p>\n<h2 style=\"font-size: 30px; line-height: 28px; letter-spacing: 1px;\">Presidente:<\/h2>\n<p>[\/vc_column_text][vc_empty_space height=\u00bb10px\u00bb][vc_column_text]Mariela Monardes Huerta, Directora CFTPUCV.[\/vc_column_text][vc_empty_space][vc_column_text]<\/p>\n<h2 style=\"font-size: 30px; line-height: 28px; letter-spacing: 1px;\">Consejeros:<\/h2>\n<p>[\/vc_column_text][vc_empty_space height=\u00bb10px\u00bb][vc_column_text]Italo Petruccelli Torres, Empresa ITALMET<br \/>\nMoises Araya, Empresa IMANTEC<br \/>\nFernanda Olgu\u00edn, Representante ALGAS MARINAS<br \/>\nIgnacio Apablaza, Representante CEMENTO MEL\u00d3N<br \/>\nIvette Araya, Representantes de ALGAS MARINAS<br \/>\nB\u00e1rbara Madrid, Representante INGEMAQ[\/vc_column_text][vc_empty_space height=\u00bb150px\u00bb][\/vc_column][\/vc_row]<\/p>\n<\/div>","protected":false},"excerpt":{"rendered":"<p>[vc_row css_animation=\u00bb\u00bb row_type=\u00bbrow\u00bb use_row_as_full_screen_section=\u00bbno\u00bb type=\u00bbfull_width\u00bb angled_section=\u00bbno\u00bb text_align=\u00bbleft\u00bb background_image_as_pattern=\u00bbwithout_pattern\u00bb][vc_column][vc_empty_space][vc_column_text] Presidente: [\/vc_column_text][vc_empty_space height=\u00bb10px\u00bb][vc_column_text]Mariela Monardes Huerta, Directora CFTPUCV.[\/vc_column_text][vc_empty_space][vc_column_text] Consejeros: [\/vc_column_text][vc_empty_space height=\u00bb10px\u00bb][vc_column_text]Italo Petruccelli Torres, Empresa ITALMET Moises Araya, Empresa IMANTEC Fernanda Olgu\u00edn, Representante ALGAS MARINAS Ignacio Apablaza, Representante CEMENTO MEL\u00d3N Ivette Araya, Representantes de ALGAS MARINAS B\u00e1rbara Madrid, Representante&#8230;<\/p>\n","protected":false},"author":7,"featured_media":0,"parent":0,"menu_order":0,"comment_status":"closed","ping_status":"closed","template":"","meta":{"footnotes":""},"class_list":["post-28","page","type-page","status-publish","hentry"],"_links":{"self":[{"href":"https:\/\/www.coreduc.cl\/ocb\/wp-json\/wp\/v2\/pages\/28","targetHints":{"allow":["GET"]}}],"collection":[{"href":"https:\/\/www.coreduc.cl\/ocb\/wp-json\/wp\/v2\/pages"}],"about":[{"href":"https:\/\/www.coreduc.cl\/ocb\/wp-json\/wp\/v2\/types\/page"}],"author":[{"embeddable":true,"href":"https:\/\/www.coreduc.cl\/ocb\/wp-json\/wp\/v2\/users\/7"}],"replies":[{"embeddable":true,"href":"https:\/\/www.coreduc.cl\/ocb\/wp-json\/wp\/v2\/comments?post=28"}],"version-history":[{"count":16,"href":"https:\/\/www.coreduc.cl\/ocb\/wp-json\/wp\/v2\/pages\/28\/revisions"}],"predecessor-version":[{"id":16402,"href":"https:\/\/www.coreduc.cl\/ocb\/wp-json\/wp\/v2\/pages\/28\/revisions\/16402"}],"wp:attachment":[{"href":"https:\/\/www.coreduc.cl\/ocb\/wp-json\/wp\/v2\/media?parent=28"}],"curies":[{"name":"wp","href":"https:\/\/api.w.org\/{rel}","templated":true}]}}