{"id":24,"date":"2019-07-24T19:14:33","date_gmt":"2019-07-24T17:14:33","guid":{"rendered":"https:\/\/www.coreduc.cl\/ocb\/?page_id=24"},"modified":"2019-09-13T12:24:39","modified_gmt":"2019-09-13T16:24:39","slug":"semblanza","status":"publish","type":"page","link":"https:\/\/www.coreduc.cl\/ocb\/semblanza\/","title":{"rendered":"Semblanza"},"content":{"rendered":"<div class=\"wpb-content-wrapper\"><p>[vc_row css_animation=\u00bb\u00bb row_type=\u00bbrow\u00bb use_row_as_full_screen_section=\u00bbno\u00bb type=\u00bbfull_width\u00bb angled_section=\u00bbno\u00bb text_align=\u00bbleft\u00bb background_image_as_pattern=\u00bbwithout_pattern\u00bb][vc_column][vc_column_text css=\u00bb.vc_custom_1568391874438{margin-bottom: 20px !important;}\u00bb]<\/p>\n<h4>Oscar Corona Barahona: Una vida dedicada a la docencia<\/h4>\n<p>[\/vc_column_text][vc_column_text]<img loading=\"lazy\" decoding=\"async\" class=\"alignleft wp-image-80 size-full\" src=\"https:\/\/www.coreduc.cl\/ocb\/wp-content\/uploads\/2019\/07\/semblanza.jpg\" alt=\"\" width=\"150\" height=\"171\" \/>Don Oscar Corona Barahona naci\u00f3 en la ciudad de Antofagasta en 1908. Curs\u00f3 sus estudios de maestro en Santiago, hasta 1929, en la escuela normal \u201cJos\u00e9 Abelardo N\u00fa\u00f1ez\u201d, y al a\u00f1o siguiente inici\u00f3 su labor educativa en la escuela primaria N\u00ba 6 de Iquique, donde permaneci\u00f3 por espacio de tres a\u00f1os.<\/p>\n<p style=\"text-align: justify;\">Luego se traslad\u00f3 a La Cruz, en 1933, donde cumpli\u00f3 funciones durante cinco a\u00f1os, para retornar nuevamente a Antofagasta en 1940, como profesor de la escuela de Minas de esa ciudad.<\/p>\n<p style=\"text-align: justify;\">Finalmente, en 1946 se viene a la zona central para ejercer funciones como profesor en la entonces Escuela de Artesanos de la ciudad de La Calera, donde destac\u00f3 como profesor de Ciencias Sociales, por su responsabilidad, amor a la profesi\u00f3n, vocaci\u00f3n de servicio y entrega.<\/p>\n<p style=\"text-align: justify;\">En 1976, ocupando el cargo de Inspector General, su dedicaci\u00f3n al trabajo amerit\u00f3 que fuera designado Director Subrogante del establecimiento. Hombre emprendedor por naturaleza, llegaba todos los d\u00edas a las siete de la ma\u00f1ana al liceo y era el \u00faltimo en irse, siempre buscando qu\u00e9 hacer. Como no tuvo hijos, todo su amor lo volc\u00f3 en los alumnos, ellos eran sus hijos, y les brindaba una especial dedicaci\u00f3n.<\/p>\n<p style=\"text-align: justify;\">El \u201cPapi Corona\u201d, como le dec\u00edan sus alumnos, fue hombre de labor fecunda, destac\u00e1ndose sus acciones como la de ser Fundador del Liceo Vespertino Mixto de La Calera, el cual se transform\u00f3 en el actual Liceo Pedro de Valdivia de La Calera, meta tras la cual luch\u00f3 por mucho tiempo.<\/p>\n<p style=\"text-align: justify;\">Siendo un gran entusiasta de los deportes, contribuy\u00f3 como fundador, a crear la Asociaci\u00f3n\u00a0de B\u00e1squetbol de La Calera, de la cual fue su primer presidente por varios a\u00f1os, y a organizar las olimpiadas industriales que se desarrollaron en Illapel, La Calera y San Felipe. Tambi\u00e9n fue el creador del himno del liceo Industrial que muchas generaciones cantaron con orgullo, y, como la escuela tenia internado y los alumnos deb\u00edan permanecer medio tiempo en el Liceo, ide\u00f3 actividades que los mantuvieran ocupados y que fueran interesantes y entretenidas, formando el Circo Industrial para canalizar las aptitudes art\u00edsticas de los alumnos.<\/p>\n<p style=\"text-align: justify;\">Este gran educador tambi\u00e9n se destac\u00f3 por sus rasgos personales. Hombre \u00edntegro, serio, amante del orden y de la disciplina, honesto a carta cabal, sobresal\u00eda por su rectitud; severo y justo en el castigo, creativo, esforzado, luchador, nunca se rend\u00eda ante los obst\u00e1culos que se le presentaban; en s\u00edntesis, un gran emprendedor, muy humano, compart\u00eda con los alumnos como un verdadero padre, los ayudaba a todos, incluso con dinero de su propio bolsillo para costear los pasajes o comprar \u00fatiles escolares. Este noble rasgo le vali\u00f3 su apodo de \u201d PAPI CORONA\u201d.<\/p>\n<p style=\"text-align: justify;\">En 1975, con 45 a\u00f1os de servicio, jubil\u00f3 este destacado educador que dedic\u00f3 toda la vida a su gran pasi\u00f3n, la educaci\u00f3n y los deportes. Muri\u00f3 el 01 de agosto de 1981, a los 73 a\u00f1os de edad, dejando un hermoso ejemplo de su fecunda labor a los actuales maestros del liceo.<\/p>\n<p>[\/vc_column_text][vc_empty_space height=\u00bb150px\u00bb][\/vc_column][\/vc_row]<\/p>\n<\/div>","protected":false},"excerpt":{"rendered":"<p>[vc_row css_animation=\u00bb\u00bb row_type=\u00bbrow\u00bb use_row_as_full_screen_section=\u00bbno\u00bb type=\u00bbfull_width\u00bb angled_section=\u00bbno\u00bb text_align=\u00bbleft\u00bb background_image_as_pattern=\u00bbwithout_pattern\u00bb][vc_column][vc_column_text css=\u00bb.vc_custom_1568391874438{margin-bottom: 20px !important;}\u00bb] Oscar Corona Barahona: Una vida dedicada a la docencia [\/vc_column_text][vc_column_text]Don Oscar Corona Barahona naci\u00f3 en la ciudad de Antofagasta en 1908. Curs\u00f3 sus estudios de maestro en Santiago, hasta 1929, en la escuela normal&#8230;<\/p>\n","protected":false},"author":7,"featured_media":0,"parent":0,"menu_order":0,"comment_status":"closed","ping_status":"closed","template":"","meta":{"footnotes":""},"class_list":["post-24","page","type-page","status-publish","hentry"],"_links":{"self":[{"href":"https:\/\/www.coreduc.cl\/ocb\/wp-json\/wp\/v2\/pages\/24","targetHints":{"allow":["GET"]}}],"collection":[{"href":"https:\/\/www.coreduc.cl\/ocb\/wp-json\/wp\/v2\/pages"}],"about":[{"href":"https:\/\/www.coreduc.cl\/ocb\/wp-json\/wp\/v2\/types\/page"}],"author":[{"embeddable":true,"href":"https:\/\/www.coreduc.cl\/ocb\/wp-json\/wp\/v2\/users\/7"}],"replies":[{"embeddable":true,"href":"https:\/\/www.coreduc.cl\/ocb\/wp-json\/wp\/v2\/comments?post=24"}],"version-history":[{"count":15,"href":"https:\/\/www.coreduc.cl\/ocb\/wp-json\/wp\/v2\/pages\/24\/revisions"}],"predecessor-version":[{"id":15461,"href":"https:\/\/www.coreduc.cl\/ocb\/wp-json\/wp\/v2\/pages\/24\/revisions\/15461"}],"wp:attachment":[{"href":"https:\/\/www.coreduc.cl\/ocb\/wp-json\/wp\/v2\/media?parent=24"}],"curies":[{"name":"wp","href":"https:\/\/api.w.org\/{rel}","templated":true}]}}