{"id":84,"date":"2019-09-11T12:58:41","date_gmt":"2019-09-11T15:58:41","guid":{"rendered":"https:\/\/www.coreduc.cl\/jsu\/?page_id=84"},"modified":"2021-05-03T17:51:17","modified_gmt":"2021-05-03T21:51:17","slug":"asistentes-de-la-educacion","status":"publish","type":"page","link":"https:\/\/www.coreduc.cl\/jsu\/asistentes-de-la-educacion\/","title":{"rendered":"Asistentes de la Educaci\u00f3n"},"content":{"rendered":"<div class=\"wpb-content-wrapper\"><p>[vc_row css_animation=\u00bb\u00bb row_type=\u00bbrow\u00bb use_row_as_full_screen_section=\u00bbno\u00bb type=\u00bbfull_width\u00bb angled_section=\u00bbno\u00bb text_align=\u00bbleft\u00bb background_image_as_pattern=\u00bbwithout_pattern\u00bb][vc_column][vc_column_text]<\/p>\n<table border=\"0\" width=\"100%\" cellspacing=\"0\" cellpadding=\"5\">\n<tbody>\n<tr>\n<td width=\"176\"><strong>NOMBRES<\/strong><\/td>\n<td width=\"97\"><strong>APELLIDO PATERNO<\/strong><\/td>\n<td width=\"98\"><strong>APELLIDO MATERNO<\/strong><\/td>\n<td width=\"277\"><strong>EQUIPO PIE &#8211; PSICOSOCIAL <\/strong><\/td>\n<\/tr>\n<tr>\n<td valign=\"bottom\" nowrap=\"nowrap\" width=\"176\">ROSA XIMENA<\/td>\n<td valign=\"bottom\" nowrap=\"nowrap\" width=\"97\">CARRASCO<\/td>\n<td valign=\"bottom\" nowrap=\"nowrap\" width=\"98\">ESPINOZA<\/td>\n<td valign=\"bottom\" nowrap=\"nowrap\" width=\"277\">COORDINADORA EQUIPO P.I.E.<\/td>\n<\/tr>\n<tr>\n<td valign=\"bottom\" nowrap=\"nowrap\" width=\"176\">V\u00cdCTOR ANDR\u00c9S<\/td>\n<td valign=\"bottom\" nowrap=\"nowrap\" width=\"97\">ESTUARDO<\/td>\n<td valign=\"bottom\" nowrap=\"nowrap\" width=\"98\">OLIVA<\/td>\n<td valign=\"bottom\" nowrap=\"nowrap\" width=\"277\">FONOAUDI\u00d3LOGO &#8211; P.I.E.<\/td>\n<\/tr>\n<tr>\n<td valign=\"bottom\" nowrap=\"nowrap\" width=\"176\">SERGIO FELIPE<\/td>\n<td valign=\"bottom\" nowrap=\"nowrap\" width=\"97\">SANDA\u00d1A<\/td>\n<td valign=\"bottom\" nowrap=\"nowrap\" width=\"98\">FUENTES<\/td>\n<td valign=\"bottom\" nowrap=\"nowrap\" width=\"277\">TERAPEUTA OCUPACIONAL &#8211; P.I.E.<\/td>\n<\/tr>\n<tr>\n<td valign=\"bottom\" nowrap=\"nowrap\" width=\"176\">TAMARA HORTENSIA<\/td>\n<td valign=\"bottom\" nowrap=\"nowrap\" width=\"97\">HERRERA<\/td>\n<td valign=\"bottom\" nowrap=\"nowrap\" width=\"98\">FLORES<\/td>\n<td valign=\"bottom\" nowrap=\"nowrap\" width=\"277\">PSIC\u00d3LOGA\u00a0 &#8211; P.I.E.<\/td>\n<\/tr>\n<tr>\n<td valign=\"bottom\" nowrap=\"nowrap\" width=\"176\">BEL\u00c9N BETSAB\u00c9<\/td>\n<td valign=\"bottom\" nowrap=\"nowrap\" width=\"97\">ORTEGA<\/td>\n<td valign=\"bottom\" nowrap=\"nowrap\" width=\"98\">MU\u00d1OZ<\/td>\n<td valign=\"bottom\" nowrap=\"nowrap\" width=\"277\">APOYO INCLUSI\u00d3N<\/td>\n<\/tr>\n<tr>\n<td valign=\"bottom\" nowrap=\"nowrap\" width=\"176\">DARLEEN MARION<\/td>\n<td valign=\"bottom\" nowrap=\"nowrap\" width=\"97\">ALVARADO<\/td>\n<td valign=\"bottom\" nowrap=\"nowrap\" width=\"98\">CATRIL<\/td>\n<td valign=\"bottom\" nowrap=\"nowrap\" width=\"277\">PROFESORA DIFERENCIAL<\/td>\n<\/tr>\n<tr>\n<td valign=\"bottom\" nowrap=\"nowrap\" width=\"176\">YISELL DAYAN<\/td>\n<td valign=\"bottom\" nowrap=\"nowrap\" width=\"97\">MU\u00d1OZ<\/td>\n<td valign=\"bottom\" nowrap=\"nowrap\" width=\"98\">ULLOA<\/td>\n<td valign=\"bottom\" nowrap=\"nowrap\" width=\"277\">PROFESORA DIFERENCIAL<\/td>\n<\/tr>\n<tr>\n<td valign=\"bottom\" nowrap=\"nowrap\" width=\"176\">CAMILA PAZ<\/td>\n<td valign=\"bottom\" nowrap=\"nowrap\" width=\"97\">HORMAZ\u00c1BAL<\/td>\n<td valign=\"bottom\" nowrap=\"nowrap\" width=\"98\">GONZ\u00c1LEZ<\/td>\n<td valign=\"bottom\" nowrap=\"nowrap\" width=\"277\">PROFESORA DIFERENCIAL<\/td>\n<\/tr>\n<tr>\n<td valign=\"bottom\" nowrap=\"nowrap\" width=\"176\">MARCELA SUSANA<\/td>\n<td valign=\"bottom\" nowrap=\"nowrap\" width=\"97\">BUSTOS<\/td>\n<td valign=\"bottom\" nowrap=\"nowrap\" width=\"98\">MOR\u00c1N<\/td>\n<td valign=\"bottom\" nowrap=\"nowrap\" width=\"277\">PROFESORA DIFERENCIAL<\/td>\n<\/tr>\n<tr>\n<td valign=\"bottom\" nowrap=\"nowrap\" width=\"176\">PAMELA CAROLINA<\/td>\n<td valign=\"bottom\" nowrap=\"nowrap\" width=\"97\">GUERRA<\/td>\n<td valign=\"bottom\" nowrap=\"nowrap\" width=\"98\">ARAYA<\/td>\n<td valign=\"bottom\" nowrap=\"nowrap\" width=\"277\">PROFESORA DIFERENCIAL<\/td>\n<\/tr>\n<tr>\n<td valign=\"bottom\" nowrap=\"nowrap\" width=\"176\">EVA TABITA<\/td>\n<td valign=\"bottom\" nowrap=\"nowrap\" width=\"97\">MONROY<\/td>\n<td valign=\"bottom\" nowrap=\"nowrap\" width=\"98\">RODR\u00cdGUEZ<\/td>\n<td valign=\"bottom\" nowrap=\"nowrap\" width=\"277\">PROFESORA DIFERENCIAL<\/td>\n<\/tr>\n<tr>\n<td valign=\"bottom\" nowrap=\"nowrap\" width=\"176\">CAROLYNE ANDREA<\/td>\n<td valign=\"bottom\" nowrap=\"nowrap\" width=\"97\">VEGA<\/td>\n<td valign=\"bottom\" nowrap=\"nowrap\" width=\"98\">VALENZUELA<\/td>\n<td valign=\"bottom\" nowrap=\"nowrap\" width=\"277\">EQUIPO PSICOSOCIAL &#8211; PSIC\u00d3LOGO<\/td>\n<\/tr>\n<tr>\n<td valign=\"bottom\" nowrap=\"nowrap\" width=\"176\">FERNANDA PATRICIA<\/td>\n<td valign=\"bottom\" nowrap=\"nowrap\" width=\"97\">RIQUELME<\/td>\n<td valign=\"bottom\" nowrap=\"nowrap\" width=\"98\">CH\u00c1VEZ<\/td>\n<td valign=\"bottom\" nowrap=\"nowrap\" width=\"277\">EQUIPO PSICOSOCIAL &#8211; TRABAJADORA SOCIAL<\/td>\n<\/tr>\n<\/tbody>\n<\/table>\n<p>[\/vc_column_text][vc_empty_space][vc_column_text]<\/p>\n<table border=\"0\" width=\"100%\" cellspacing=\"0\" cellpadding=\"5\">\n<tbody>\n<tr>\n<td width=\"176\"><strong>NOMBRES<\/strong><\/td>\n<td width=\"97\"><strong>APELLIDO PATERNO<\/strong><\/td>\n<td width=\"98\"><strong>APELLIDO MATERNO<\/strong><\/td>\n<td width=\"277\"><strong>ASISTENTES DE LA EDUCACI\u00d3N<\/strong><\/td>\n<\/tr>\n<tr>\n<td valign=\"bottom\" nowrap=\"nowrap\" width=\"176\">SERGIO TARSIS<\/td>\n<td valign=\"bottom\" nowrap=\"nowrap\" width=\"97\">VEL\u00c1SQUEZ<\/td>\n<td valign=\"bottom\" nowrap=\"nowrap\" width=\"98\">FERN\u00c1NDEZ<\/td>\n<td valign=\"bottom\" nowrap=\"nowrap\" width=\"277\">ENCARGADO SISTEMAS COMPUTACIONALES<\/td>\n<\/tr>\n<tr>\n<td valign=\"bottom\" nowrap=\"nowrap\" width=\"176\">MILENA ALICIA<\/td>\n<td valign=\"bottom\" nowrap=\"nowrap\" width=\"97\">SANTOS<\/td>\n<td valign=\"bottom\" nowrap=\"nowrap\" width=\"98\">SILVA<\/td>\n<td valign=\"bottom\" nowrap=\"nowrap\" width=\"277\">MONITORA DE CONVIVENCIA ESCOLAR<\/td>\n<\/tr>\n<tr>\n<td valign=\"bottom\" nowrap=\"nowrap\" width=\"176\">LAURA VIOLETA<\/td>\n<td valign=\"bottom\" nowrap=\"nowrap\" width=\"97\">AVENDA\u00d1O<\/td>\n<td valign=\"bottom\" nowrap=\"nowrap\" width=\"98\">SILVA<\/td>\n<td valign=\"bottom\" nowrap=\"nowrap\" width=\"277\">MONITORA DE CONVIVENCIA ESCOLAR<\/td>\n<\/tr>\n<tr>\n<td valign=\"bottom\" nowrap=\"nowrap\" width=\"176\">JOSELIN NATIVIDAD<\/td>\n<td valign=\"bottom\" nowrap=\"nowrap\" width=\"97\">BAST\u00cdAS<\/td>\n<td valign=\"bottom\" nowrap=\"nowrap\" width=\"98\">DOM\u00cdNGUEZ<\/td>\n<td valign=\"bottom\" nowrap=\"nowrap\" width=\"277\">MONITORA DE CONVIVENCIA ESCOLAR<\/td>\n<\/tr>\n<tr>\n<td valign=\"bottom\" nowrap=\"nowrap\" width=\"176\">JEANNETTE DEL CARMEN<\/td>\n<td valign=\"bottom\" nowrap=\"nowrap\" width=\"97\">CAMPOS<\/td>\n<td valign=\"bottom\" nowrap=\"nowrap\" width=\"98\">CAMPOS<\/td>\n<td valign=\"bottom\" nowrap=\"nowrap\" width=\"277\">SECRETARIA DIRECCI\u00d3N<\/td>\n<\/tr>\n<tr>\n<td valign=\"bottom\" nowrap=\"nowrap\" width=\"176\">SOLANGE ANDREA<\/td>\n<td valign=\"bottom\" nowrap=\"nowrap\" width=\"97\">HIDALGO<\/td>\n<td valign=\"bottom\" nowrap=\"nowrap\" width=\"98\">ALMUNA<\/td>\n<td valign=\"bottom\" nowrap=\"nowrap\" width=\"277\">SECRETARIA USE<\/td>\n<\/tr>\n<tr>\n<td valign=\"bottom\" nowrap=\"nowrap\" width=\"176\">MILENA ELIZABETH<\/td>\n<td valign=\"bottom\" nowrap=\"nowrap\" width=\"97\">FLORES<\/td>\n<td valign=\"bottom\" nowrap=\"nowrap\" width=\"98\">VIDAL<\/td>\n<td valign=\"bottom\" nowrap=\"nowrap\" width=\"277\">SECRETARIA<\/td>\n<\/tr>\n<tr>\n<td valign=\"bottom\" nowrap=\"nowrap\" width=\"176\">ROXANA PAOLA<\/td>\n<td valign=\"bottom\" nowrap=\"nowrap\" width=\"97\">MALDONADO<\/td>\n<td valign=\"bottom\" nowrap=\"nowrap\" width=\"98\">ORIAS<\/td>\n<td valign=\"bottom\" nowrap=\"nowrap\" width=\"277\">ASISTENTE ADMINISTRATIVO<\/td>\n<\/tr>\n<tr>\n<td valign=\"bottom\" nowrap=\"nowrap\" width=\"176\">SANDRA EDITH<\/td>\n<td valign=\"bottom\" nowrap=\"nowrap\" width=\"97\">RODR\u00cdGUEZ<\/td>\n<td valign=\"bottom\" nowrap=\"nowrap\" width=\"98\">AVENDA\u00d1O<\/td>\n<td valign=\"bottom\" nowrap=\"nowrap\" width=\"277\">ASISTENTE UAE<\/td>\n<\/tr>\n<tr>\n<td valign=\"bottom\" nowrap=\"nowrap\" width=\"176\">SANTIAGO ALEJANDRO<\/td>\n<td valign=\"bottom\" nowrap=\"nowrap\" width=\"97\">CARRASCO<\/td>\n<td valign=\"bottom\" nowrap=\"nowrap\" width=\"98\">SALD\u00cdA<\/td>\n<td valign=\"bottom\" nowrap=\"nowrap\" width=\"277\">AUXILIAR DE SERVICIO<\/td>\n<\/tr>\n<tr>\n<td valign=\"bottom\" nowrap=\"nowrap\" width=\"176\">V\u00cdCTOR HUGO<\/td>\n<td valign=\"bottom\" nowrap=\"nowrap\" width=\"97\">ARANEDA<\/td>\n<td valign=\"bottom\" nowrap=\"nowrap\" width=\"98\">PALMA<\/td>\n<td valign=\"bottom\" nowrap=\"nowrap\" width=\"277\">AUXILIAR DE SERVICIO<\/td>\n<\/tr>\n<tr>\n<td valign=\"bottom\" nowrap=\"nowrap\" width=\"176\">SERGIO DIONISIO<\/td>\n<td valign=\"bottom\" nowrap=\"nowrap\" width=\"97\">VEL\u00c1SQUEZ<\/td>\n<td valign=\"bottom\" nowrap=\"nowrap\" width=\"98\">BLANCO<\/td>\n<td valign=\"bottom\" nowrap=\"nowrap\" width=\"277\">AUXILIAR DE SERVICIO<\/td>\n<\/tr>\n<tr>\n<td valign=\"bottom\" nowrap=\"nowrap\" width=\"176\">JAIME AURELIO<\/td>\n<td valign=\"bottom\" nowrap=\"nowrap\" width=\"97\">SALAS<\/td>\n<td valign=\"bottom\" nowrap=\"nowrap\" width=\"98\">ROMERO<\/td>\n<td valign=\"bottom\" nowrap=\"nowrap\" width=\"277\">AUXILIAR DE SERVICIO<\/td>\n<\/tr>\n<tr>\n<td valign=\"bottom\" nowrap=\"nowrap\" width=\"176\">IV\u00c1N ENRIQUE<\/td>\n<td valign=\"bottom\" nowrap=\"nowrap\" width=\"97\">PANES<\/td>\n<td valign=\"bottom\" nowrap=\"nowrap\" width=\"98\">PANES<\/td>\n<td valign=\"bottom\" nowrap=\"nowrap\" width=\"277\">AUXILIAR DE SERVICIO<\/td>\n<\/tr>\n<tr>\n<td valign=\"bottom\" nowrap=\"nowrap\" width=\"176\">CARLOS ALEXIS<\/td>\n<td valign=\"bottom\" nowrap=\"nowrap\" width=\"97\">BALBOA<\/td>\n<td valign=\"bottom\" nowrap=\"nowrap\" width=\"98\">NAVARRETE<\/td>\n<td valign=\"bottom\" nowrap=\"nowrap\" width=\"277\">AUXILIAR DE SERVICIO<\/td>\n<\/tr>\n<tr>\n<td valign=\"bottom\" nowrap=\"nowrap\" width=\"176\">GIOVANNI ANTONIO<\/td>\n<td valign=\"bottom\" nowrap=\"nowrap\" width=\"97\">COFR\u00c9<\/td>\n<td valign=\"bottom\" nowrap=\"nowrap\" width=\"98\">MART\u00cdNEZ<\/td>\n<td valign=\"bottom\" nowrap=\"nowrap\" width=\"277\">AUXILIAR DE SERVICIO<\/td>\n<\/tr>\n<tr>\n<td valign=\"bottom\" nowrap=\"nowrap\" width=\"176\">JORGE ALEJANDRO<\/td>\n<td valign=\"bottom\" nowrap=\"nowrap\" width=\"97\">BURGOS<\/td>\n<td valign=\"bottom\" nowrap=\"nowrap\" width=\"98\">HUICHALAF<\/td>\n<td valign=\"bottom\" nowrap=\"nowrap\" width=\"277\">AUXILIAR DE SERVICIO<\/td>\n<\/tr>\n<tr>\n<td valign=\"bottom\" nowrap=\"nowrap\" width=\"176\">MAR\u00cdA SEBASTIANA<\/td>\n<td valign=\"bottom\" nowrap=\"nowrap\" width=\"97\">STUARDO<\/td>\n<td valign=\"bottom\" nowrap=\"nowrap\" width=\"98\">OYARZ\u00daN<\/td>\n<td valign=\"bottom\" nowrap=\"nowrap\" width=\"277\">AUXILIAR DE SERVICIO<\/td>\n<\/tr>\n<\/tbody>\n<\/table>\n<p>[\/vc_column_text][vc_empty_space][\/vc_column][\/vc_row]<\/p>\n<\/div>","protected":false},"excerpt":{"rendered":"<p>[vc_row css_animation=\u00bb\u00bb row_type=\u00bbrow\u00bb use_row_as_full_screen_section=\u00bbno\u00bb type=\u00bbfull_width\u00bb angled_section=\u00bbno\u00bb text_align=\u00bbleft\u00bb background_image_as_pattern=\u00bbwithout_pattern\u00bb][vc_column][vc_column_text] NOMBRES APELLIDO PATERNO APELLIDO MATERNO EQUIPO PIE &#8211; PSICOSOCIAL ROSA XIMENA CARRASCO ESPINOZA COORDINADORA EQUIPO P.I.E. V\u00cdCTOR ANDR\u00c9S ESTUARDO OLIVA FONOAUDI\u00d3LOGO &#8211; P.I.E. SERGIO FELIPE SANDA\u00d1A FUENTES TERAPEUTA OCUPACIONAL &#8211; P.I.E. TAMARA HORTENSIA HERRERA FLORES PSIC\u00d3LOGA\u00a0 &#8211;&#8230;<\/p>\n","protected":false},"author":6,"featured_media":0,"parent":0,"menu_order":0,"comment_status":"closed","ping_status":"closed","template":"","meta":{"footnotes":""},"class_list":["post-84","page","type-page","status-publish","hentry"],"_links":{"self":[{"href":"https:\/\/www.coreduc.cl\/jsu\/wp-json\/wp\/v2\/pages\/84","targetHints":{"allow":["GET"]}}],"collection":[{"href":"https:\/\/www.coreduc.cl\/jsu\/wp-json\/wp\/v2\/pages"}],"about":[{"href":"https:\/\/www.coreduc.cl\/jsu\/wp-json\/wp\/v2\/types\/page"}],"author":[{"embeddable":true,"href":"https:\/\/www.coreduc.cl\/jsu\/wp-json\/wp\/v2\/users\/6"}],"replies":[{"embeddable":true,"href":"https:\/\/www.coreduc.cl\/jsu\/wp-json\/wp\/v2\/comments?post=84"}],"version-history":[{"count":3,"href":"https:\/\/www.coreduc.cl\/jsu\/wp-json\/wp\/v2\/pages\/84\/revisions"}],"predecessor-version":[{"id":291,"href":"https:\/\/www.coreduc.cl\/jsu\/wp-json\/wp\/v2\/pages\/84\/revisions\/291"}],"wp:attachment":[{"href":"https:\/\/www.coreduc.cl\/jsu\/wp-json\/wp\/v2\/media?parent=84"}],"curies":[{"name":"wp","href":"https:\/\/api.w.org\/{rel}","templated":true}]}}