{"id":65,"date":"2019-09-11T12:16:39","date_gmt":"2019-09-11T15:16:39","guid":{"rendered":"https:\/\/www.coreduc.cl\/jsu\/?page_id=65"},"modified":"2021-05-03T18:10:44","modified_gmt":"2021-05-03T22:10:44","slug":"consejo-escolar","status":"publish","type":"page","link":"https:\/\/www.coreduc.cl\/jsu\/consejo-escolar\/","title":{"rendered":"Consejo Escolar"},"content":{"rendered":"<div class=\"wpb-content-wrapper\"><p>[vc_row css_animation=\u00bb\u00bb row_type=\u00bbrow\u00bb use_row_as_full_screen_section=\u00bbno\u00bb type=\u00bbfull_width\u00bb angled_section=\u00bbno\u00bb text_align=\u00bbleft\u00bb background_image_as_pattern=\u00bbwithout_pattern\u00bb][vc_column][vc_empty_space][vc_column_text]<\/p>\n<table border=\"0\" width=\"100%\" cellspacing=\"0\" cellpadding=\"5\">\n<tbody>\n<tr>\n<td valign=\"top\" width=\"204\"><strong>NOMBRE<\/strong><\/td>\n<td valign=\"top\" width=\"278\"><strong>CARGO O REPRESENTACI\u00d3N<\/strong><\/td>\n<\/tr>\n<tr>\n<td width=\"204\">Edgardo Quezada Arias<\/td>\n<td width=\"278\">Representante de Sostenedor<\/td>\n<\/tr>\n<tr>\n<td width=\"204\">Carolina Albornoz Gonz\u00e1lez<\/td>\n<td width=\"278\">Presidenta Centro de Padres<\/td>\n<\/tr>\n<tr>\n<td width=\"204\">Graciela Aguayo Rivera<\/td>\n<td width=\"278\">Representante Docente<\/td>\n<\/tr>\n<tr>\n<td width=\"204\">Sergio Vel\u00e1squez Fern\u00e1ndez<\/td>\n<td width=\"278\">Representante Asistentes de la Educaci\u00f3n<\/td>\n<\/tr>\n<tr>\n<td width=\"204\">Catalina Estrada Villarroel<\/td>\n<td width=\"278\">Presidenta Centro de Alumnos<\/td>\n<\/tr>\n<tr>\n<td width=\"204\">Yuri Figueroa S\u00e1ez<\/td>\n<td width=\"278\">Representante de Direcci\u00f3n<\/td>\n<\/tr>\n<\/tbody>\n<\/table>\n<p>[\/vc_column_text][vc_empty_space][\/vc_column][\/vc_row]<\/p>\n<\/div>","protected":false},"excerpt":{"rendered":"<p>[vc_row css_animation=\u00bb\u00bb row_type=\u00bbrow\u00bb use_row_as_full_screen_section=\u00bbno\u00bb type=\u00bbfull_width\u00bb angled_section=\u00bbno\u00bb text_align=\u00bbleft\u00bb background_image_as_pattern=\u00bbwithout_pattern\u00bb][vc_column][vc_empty_space][vc_column_text] NOMBRE CARGO O REPRESENTACI\u00d3N Edgardo Quezada Arias Representante de Sostenedor Carolina Albornoz Gonz\u00e1lez Presidenta Centro de Padres Graciela Aguayo Rivera Representante Docente Sergio Vel\u00e1squez Fern\u00e1ndez Representante Asistentes de la Educaci\u00f3n Catalina Estrada Villarroel Presidenta Centro de Alumnos&#8230;<\/p>\n","protected":false},"author":6,"featured_media":0,"parent":0,"menu_order":0,"comment_status":"closed","ping_status":"closed","template":"","meta":{"footnotes":""},"class_list":["post-65","page","type-page","status-publish","hentry"],"_links":{"self":[{"href":"https:\/\/www.coreduc.cl\/jsu\/wp-json\/wp\/v2\/pages\/65","targetHints":{"allow":["GET"]}}],"collection":[{"href":"https:\/\/www.coreduc.cl\/jsu\/wp-json\/wp\/v2\/pages"}],"about":[{"href":"https:\/\/www.coreduc.cl\/jsu\/wp-json\/wp\/v2\/types\/page"}],"author":[{"embeddable":true,"href":"https:\/\/www.coreduc.cl\/jsu\/wp-json\/wp\/v2\/users\/6"}],"replies":[{"embeddable":true,"href":"https:\/\/www.coreduc.cl\/jsu\/wp-json\/wp\/v2\/comments?post=65"}],"version-history":[{"count":2,"href":"https:\/\/www.coreduc.cl\/jsu\/wp-json\/wp\/v2\/pages\/65\/revisions"}],"predecessor-version":[{"id":301,"href":"https:\/\/www.coreduc.cl\/jsu\/wp-json\/wp\/v2\/pages\/65\/revisions\/301"}],"wp:attachment":[{"href":"https:\/\/www.coreduc.cl\/jsu\/wp-json\/wp\/v2\/media?parent=65"}],"curies":[{"name":"wp","href":"https:\/\/api.w.org\/{rel}","templated":true}]}}