{"id":106,"date":"2019-09-12T09:59:45","date_gmt":"2019-09-12T12:59:45","guid":{"rendered":"https:\/\/www.coreduc.cl\/jsu\/?page_id=106"},"modified":"2021-06-23T15:49:33","modified_gmt":"2021-06-23T19:49:33","slug":"documentos","status":"publish","type":"page","link":"https:\/\/www.coreduc.cl\/jsu\/documentos\/","title":{"rendered":"Documentos"},"content":{"rendered":"<div class=\"wpb-content-wrapper\"><p>[vc_row css_animation=\u00bb\u00bb row_type=\u00bbrow\u00bb use_row_as_full_screen_section=\u00bbno\u00bb type=\u00bbfull_width\u00bb angled_section=\u00bbno\u00bb text_align=\u00bbleft\u00bb background_image_as_pattern=\u00bbwithout_pattern\u00bb][vc_column][vc_column_text]En esta secci\u00f3n podr\u00e1 bajar documentos de su inter\u00e9s.[\/vc_column_text][vc_empty_space height=\u00bb30px\u00bb][\/vc_column][\/vc_row][vc_row css_animation=\u00bb\u00bb row_type=\u00bbrow\u00bb use_row_as_full_screen_section=\u00bbno\u00bb type=\u00bbfull_width\u00bb angled_section=\u00bbno\u00bb text_align=\u00bbleft\u00bb background_image_as_pattern=\u00bbwithout_pattern\u00bb][vc_column width=\u00bb1\/6&#8243;]<span data-type=\"circle\" data-hover-bg-color=\"#f9d77a\"  class=\"qode_icon_shortcode fa-stack q_font_awsome_icon_stack fa-lg pull-right q_icon_animation\" style=\" \"><i class=\"fa fa-circle fa-stack-base fa-stack-2x\" style=\"color: #fbb900;\"><\/i><i class=\"qodef-icon-dripicons dripicon dripicons-archive qode_icon_element fa-stack-1x\" style=\"color: #ffffff;\" ><\/i><\/span>[\/vc_column][vc_column width=\u00bb5\/6&#8243;][vc_empty_space height=\u00bb10px\u00bb]<div class='q_list circle'><a href=\"https:\/\/www.coreduc.cl\/jsu\/wp-content\/uploads\/2021\/05\/JSU-Anexo-reglamento-evaluacion-2021.pdf\" target=\"_blank\" rel=\"noopener noreferrer\">Cuenta de Gesti\u00f3n Institucional 2020<\/a><\/div>[\/vc_column][\/vc_row][vc_row css_animation=\u00bb\u00bb row_type=\u00bbrow\u00bb use_row_as_full_screen_section=\u00bbno\u00bb type=\u00bbfull_width\u00bb angled_section=\u00bbno\u00bb text_align=\u00bbleft\u00bb background_image_as_pattern=\u00bbwithout_pattern\u00bb][vc_column][vc_separator css_animation=\u00bbfadeIn\u00bb type=\u00bbnormal\u00bb][\/vc_column][\/vc_row][vc_row css_animation=\u00bb\u00bb row_type=\u00bbrow\u00bb use_row_as_full_screen_section=\u00bbno\u00bb type=\u00bbfull_width\u00bb angled_section=\u00bbno\u00bb text_align=\u00bbleft\u00bb background_image_as_pattern=\u00bbwithout_pattern\u00bb][vc_column width=\u00bb1\/6&#8243;]<span data-type=\"circle\" data-hover-bg-color=\"#f9d77a\"  class=\"qode_icon_shortcode fa-stack q_font_awsome_icon_stack fa-lg pull-right q_icon_animation\" style=\" \"><i class=\"fa fa-circle fa-stack-base fa-stack-2x\" style=\"color: #fbb900;\"><\/i><i class=\"qodef-icon-dripicons dripicon dripicons-archive qode_icon_element fa-stack-1x\" style=\"color: #ffffff;\" ><\/i><\/span>[\/vc_column][vc_column width=\u00bb5\/6&#8243;][vc_empty_space height=\u00bb10px\u00bb]<div class='q_list circle'><a href=\"https:\/\/www.coreduc.cl\/jsu\/wp-content\/uploads\/2019\/09\/PEI-JSU-2017.pdf\" target=\"_blank\" rel=\"noopener noreferrer\">Proyecto Educativo Institucional 2017<\/a><\/div>[\/vc_column][\/vc_row][vc_row css_animation=\u00bb\u00bb row_type=\u00bbrow\u00bb use_row_as_full_screen_section=\u00bbno\u00bb type=\u00bbfull_width\u00bb angled_section=\u00bbno\u00bb text_align=\u00bbleft\u00bb background_image_as_pattern=\u00bbwithout_pattern\u00bb][vc_column][vc_separator css_animation=\u00bbfadeIn\u00bb type=\u00bbnormal\u00bb][\/vc_column][\/vc_row][vc_row css_animation=\u00bb\u00bb row_type=\u00bbrow\u00bb use_row_as_full_screen_section=\u00bbno\u00bb type=\u00bbfull_width\u00bb angled_section=\u00bbno\u00bb text_align=\u00bbleft\u00bb background_image_as_pattern=\u00bbwithout_pattern\u00bb][vc_column width=\u00bb1\/6&#8243;]<span data-type=\"circle\" data-hover-bg-color=\"#f9d77a\"  class=\"qode_icon_shortcode fa-stack q_font_awsome_icon_stack fa-lg pull-right q_icon_animation\" style=\" \"><i class=\"fa fa-circle fa-stack-base fa-stack-2x\" style=\"color: #fbb900;\"><\/i><i class=\"qodef-icon-dripicons dripicon dripicons-archive qode_icon_element fa-stack-1x\" style=\"color: #ffffff;\" ><\/i><\/span>[\/vc_column][vc_column width=\u00bb5\/6&#8243;][vc_empty_space height=\u00bb10px\u00bb]<div class='q_list circle'><a href=\"https:\/\/www.coreduc.cl\/jsu\/wp-content\/uploads\/2021\/05\/JSU-REGLAMENTO-EVALUACION-2020-2021.pdf\" target=\"_blank\" rel=\"noopener noreferrer\">Reglamento de Evaluaci\u00f3n<\/a><\/div>[\/vc_column][\/vc_row][vc_row css_animation=\u00bb\u00bb row_type=\u00bbrow\u00bb use_row_as_full_screen_section=\u00bbno\u00bb type=\u00bbfull_width\u00bb angled_section=\u00bbno\u00bb text_align=\u00bbleft\u00bb background_image_as_pattern=\u00bbwithout_pattern\u00bb][vc_column][vc_separator css_animation=\u00bbfadeIn\u00bb type=\u00bbnormal\u00bb][\/vc_column][\/vc_row][vc_row css_animation=\u00bb\u00bb row_type=\u00bbrow\u00bb use_row_as_full_screen_section=\u00bbno\u00bb type=\u00bbfull_width\u00bb angled_section=\u00bbno\u00bb text_align=\u00bbleft\u00bb background_image_as_pattern=\u00bbwithout_pattern\u00bb][vc_column width=\u00bb1\/6&#8243;]<span data-type=\"circle\" data-hover-bg-color=\"#f9d77a\"  class=\"qode_icon_shortcode fa-stack q_font_awsome_icon_stack fa-lg pull-right q_icon_animation\" style=\" \"><i class=\"fa fa-circle fa-stack-base fa-stack-2x\" style=\"color: #fbb900;\"><\/i><i class=\"qodef-icon-dripicons dripicon dripicons-archive qode_icon_element fa-stack-1x\" style=\"color: #ffffff;\" ><\/i><\/span>[\/vc_column][vc_column width=\u00bb5\/6&#8243;][vc_empty_space height=\u00bb10px\u00bb]<div class='q_list circle'><a href=\"https:\/\/www.coreduc.cl\/jsu\/wp-content\/uploads\/2021\/05\/REGLAMENTO-DE-PRACTICA-Y-TITULACION-2020.pdf\" target=\"_blank\" rel=\"noopener noreferrer\">Reglamento de Pr\u00e1ctica y Titulaci\u00f3n<\/a><\/div>[\/vc_column][\/vc_row][vc_row css_animation=\u00bb\u00bb row_type=\u00bbrow\u00bb use_row_as_full_screen_section=\u00bbno\u00bb type=\u00bbfull_width\u00bb angled_section=\u00bbno\u00bb text_align=\u00bbleft\u00bb background_image_as_pattern=\u00bbwithout_pattern\u00bb][vc_column][vc_separator css_animation=\u00bbfadeIn\u00bb type=\u00bbnormal\u00bb][\/vc_column][\/vc_row][vc_row css_animation=\u00bb\u00bb row_type=\u00bbrow\u00bb use_row_as_full_screen_section=\u00bbno\u00bb type=\u00bbfull_width\u00bb angled_section=\u00bbno\u00bb text_align=\u00bbleft\u00bb background_image_as_pattern=\u00bbwithout_pattern\u00bb][vc_column width=\u00bb1\/6&#8243;]<span data-type=\"circle\" data-hover-bg-color=\"#f9d77a\"  class=\"qode_icon_shortcode fa-stack q_font_awsome_icon_stack fa-lg pull-right q_icon_animation\" style=\" \"><i class=\"fa fa-circle fa-stack-base fa-stack-2x\" style=\"color: #fbb900;\"><\/i><i class=\"qodef-icon-dripicons dripicon dripicons-archive qode_icon_element fa-stack-1x\" style=\"color: #ffffff;\" ><\/i><\/span>[\/vc_column][vc_column width=\u00bb5\/6&#8243;][vc_empty_space height=\u00bb10px\u00bb]<div class='q_list circle'><a href=\"https:\/\/www.coreduc.cl\/jsu\/wp-content\/uploads\/2021\/05\/RICE-JSU-COREDUC-2020-2021.pdf\" target=\"_blank\" rel=\"noopener noreferrer\">Reglamento Interno de Convivencia Escolar RICE 2020-2021 <\/a><\/div>[\/vc_column][\/vc_row][vc_row css_animation=\u00bb\u00bb row_type=\u00bbrow\u00bb use_row_as_full_screen_section=\u00bbno\u00bb type=\u00bbfull_width\u00bb angled_section=\u00bbno\u00bb text_align=\u00bbleft\u00bb background_image_as_pattern=\u00bbwithout_pattern\u00bb][vc_column][vc_separator css_animation=\u00bbfadeIn\u00bb type=\u00bbnormal\u00bb][\/vc_column][\/vc_row][vc_row css_animation=\u00bb\u00bb row_type=\u00bbrow\u00bb use_row_as_full_screen_section=\u00bbno\u00bb type=\u00bbfull_width\u00bb angled_section=\u00bbno\u00bb text_align=\u00bbleft\u00bb background_image_as_pattern=\u00bbwithout_pattern\u00bb][vc_column width=\u00bb1\/6&#8243;]<span data-type=\"circle\" data-hover-bg-color=\"#f9d77a\"  class=\"qode_icon_shortcode fa-stack q_font_awsome_icon_stack fa-lg pull-right q_icon_animation\" style=\" \"><i class=\"fa fa-circle fa-stack-base fa-stack-2x\" style=\"color: #fbb900;\"><\/i><i class=\"qodef-icon-dripicons dripicon dripicons-archive qode_icon_element fa-stack-1x\" style=\"color: #ffffff;\" ><\/i><\/span>[\/vc_column][vc_column width=\u00bb5\/6&#8243;][vc_empty_space height=\u00bb10px\u00bb]<div class='q_list circle'><a href=\"https:\/\/www.coreduc.cl\/jsu\/wp-content\/uploads\/2019\/09\/PISE-2017-JSU-1.pdf\" target=\"_blank\" rel=\"noopener noreferrer\">Plan Integral de seguridad escolar<\/a><\/div>[\/vc_column][\/vc_row][vc_row css_animation=\u00bb\u00bb row_type=\u00bbrow\u00bb use_row_as_full_screen_section=\u00bbno\u00bb type=\u00bbfull_width\u00bb angled_section=\u00bbno\u00bb text_align=\u00bbleft\u00bb background_image_as_pattern=\u00bbwithout_pattern\u00bb][vc_column][vc_separator css_animation=\u00bbfadeIn\u00bb type=\u00bbnormal\u00bb][\/vc_column][\/vc_row][vc_row css_animation=\u00bb\u00bb row_type=\u00bbrow\u00bb use_row_as_full_screen_section=\u00bbno\u00bb type=\u00bbfull_width\u00bb angled_section=\u00bbno\u00bb text_align=\u00bbleft\u00bb background_image_as_pattern=\u00bbwithout_pattern\u00bb][vc_column width=\u00bb1\/6&#8243;]<span data-type=\"circle\" data-hover-bg-color=\"#f9d77a\"  class=\"qode_icon_shortcode fa-stack q_font_awsome_icon_stack fa-lg pull-right q_icon_animation\" style=\" \"><i class=\"fa fa-circle fa-stack-base fa-stack-2x\" style=\"color: #fbb900;\"><\/i><i class=\"qodef-icon-dripicons dripicon dripicons-archive qode_icon_element fa-stack-1x\" style=\"color: #ffffff;\" ><\/i><\/span>[\/vc_column][vc_column width=\u00bb5\/6&#8243;][vc_empty_space height=\u00bb10px\u00bb]<div class='q_list circle'><a href=\"https:\/\/www.coreduc.cl\/jsu\/wp-content\/uploads\/2021\/06\/CUENTA-PUBLICA-JSU-2020.pdf\" target=\"_blank\" rel=\"noopener noreferrer\">Descargar Cuenta P\u00fablica<\/a><\/div>[\/vc_column][\/vc_row][vc_row css_animation=\u00bb\u00bb row_type=\u00bbrow\u00bb use_row_as_full_screen_section=\u00bbno\u00bb type=\u00bbfull_width\u00bb angled_section=\u00bbno\u00bb text_align=\u00bbleft\u00bb background_image_as_pattern=\u00bbwithout_pattern\u00bb][vc_column][vc_empty_space height=\u00bb150px\u00bb][\/vc_column][\/vc_row]<\/p>\n<\/div>","protected":false},"excerpt":{"rendered":"<p>[vc_row css_animation=\u00bb\u00bb row_type=\u00bbrow\u00bb use_row_as_full_screen_section=\u00bbno\u00bb type=\u00bbfull_width\u00bb angled_section=\u00bbno\u00bb text_align=\u00bbleft\u00bb background_image_as_pattern=\u00bbwithout_pattern\u00bb][vc_column][vc_column_text]En esta secci\u00f3n podr\u00e1 bajar documentos de su inter\u00e9s.[\/vc_column_text][vc_empty_space height=\u00bb30px\u00bb][\/vc_column][\/vc_row][vc_row css_animation=\u00bb\u00bb row_type=\u00bbrow\u00bb use_row_as_full_screen_section=\u00bbno\u00bb type=\u00bbfull_width\u00bb angled_section=\u00bbno\u00bb text_align=\u00bbleft\u00bb background_image_as_pattern=\u00bbwithout_pattern\u00bb][vc_column width=\u00bb1\/6&#8243;][\/vc_column][vc_column width=\u00bb5\/6&#8243;][vc_empty_space height=\u00bb10px\u00bb][\/vc_column][\/vc_row][vc_row css_animation=\u00bb\u00bb row_type=\u00bbrow\u00bb use_row_as_full_screen_section=\u00bbno\u00bb type=\u00bbfull_width\u00bb angled_section=\u00bbno\u00bb text_align=\u00bbleft\u00bb background_image_as_pattern=\u00bbwithout_pattern\u00bb][vc_column][vc_separator css_animation=\u00bbfadeIn\u00bb type=\u00bbnormal\u00bb][\/vc_column][\/vc_row][vc_row css_animation=\u00bb\u00bb row_type=\u00bbrow\u00bb use_row_as_full_screen_section=\u00bbno\u00bb type=\u00bbfull_width\u00bb angled_section=\u00bbno\u00bb text_align=\u00bbleft\u00bb background_image_as_pattern=\u00bbwithout_pattern\u00bb][vc_column width=\u00bb1\/6&#8243;][\/vc_column][vc_column width=\u00bb5\/6&#8243;][vc_empty_space&#8230;<\/p>\n","protected":false},"author":6,"featured_media":0,"parent":0,"menu_order":0,"comment_status":"closed","ping_status":"closed","template":"","meta":{"footnotes":""},"class_list":["post-106","page","type-page","status-publish","hentry"],"_links":{"self":[{"href":"https:\/\/www.coreduc.cl\/jsu\/wp-json\/wp\/v2\/pages\/106","targetHints":{"allow":["GET"]}}],"collection":[{"href":"https:\/\/www.coreduc.cl\/jsu\/wp-json\/wp\/v2\/pages"}],"about":[{"href":"https:\/\/www.coreduc.cl\/jsu\/wp-json\/wp\/v2\/types\/page"}],"author":[{"embeddable":true,"href":"https:\/\/www.coreduc.cl\/jsu\/wp-json\/wp\/v2\/users\/6"}],"replies":[{"embeddable":true,"href":"https:\/\/www.coreduc.cl\/jsu\/wp-json\/wp\/v2\/comments?post=106"}],"version-history":[{"count":11,"href":"https:\/\/www.coreduc.cl\/jsu\/wp-json\/wp\/v2\/pages\/106\/revisions"}],"predecessor-version":[{"id":349,"href":"https:\/\/www.coreduc.cl\/jsu\/wp-json\/wp\/v2\/pages\/106\/revisions\/349"}],"wp:attachment":[{"href":"https:\/\/www.coreduc.cl\/jsu\/wp-json\/wp\/v2\/media?parent=106"}],"curies":[{"name":"wp","href":"https:\/\/api.w.org\/{rel}","templated":true}]}}