{"id":101,"date":"2019-09-11T13:44:18","date_gmt":"2019-09-11T16:44:18","guid":{"rendered":"https:\/\/www.coreduc.cl\/jsu\/?page_id=101"},"modified":"2021-05-04T11:34:34","modified_gmt":"2021-05-04T15:34:34","slug":"indicadores","status":"publish","type":"page","link":"https:\/\/www.coreduc.cl\/jsu\/indicadores\/","title":{"rendered":"Indicadores"},"content":{"rendered":"<div class=\"wpb-content-wrapper\"><p>[vc_row css_animation=\u00bb\u00bb row_type=\u00bbrow\u00bb use_row_as_full_screen_section=\u00bbno\u00bb type=\u00bbfull_width\u00bb angled_section=\u00bbno\u00bb text_align=\u00bbleft\u00bb background_image_as_pattern=\u00bbwithout_pattern\u00bb][vc_column][vc_column_text]<\/p>\n<table border=\"0\" width=\"100%\" cellspacing=\"0\" cellpadding=\"5\">\n<tbody>\n<tr>\n<td valign=\"top\" nowrap=\"nowrap\" width=\"324\"><strong>LOGROS DE\u00a0APRENDIZAJE<\/strong><\/td>\n<td valign=\"top\" nowrap=\"nowrap\" width=\"93\">\n<p align=\"center\"><strong>2017<\/strong><\/p>\n<\/td>\n<td valign=\"top\" nowrap=\"nowrap\" width=\"93\">\n<p align=\"center\"><strong>2018<\/strong><\/p>\n<\/td>\n<td valign=\"top\" nowrap=\"nowrap\" width=\"79\">\n<p align=\"center\"><strong>2019<\/strong><\/p>\n<\/td>\n<\/tr>\n<tr>\n<td valign=\"top\" nowrap=\"nowrap\" width=\"324\">Comprensi\u00f3n lectora\u00a0 8 b\u00e1sico<\/td>\n<td valign=\"top\" nowrap=\"nowrap\" width=\"93\">\n<p align=\"center\">273<\/p>\n<\/td>\n<td valign=\"top\" nowrap=\"nowrap\" width=\"93\">\n<p align=\"center\">&#8212;-<\/p>\n<\/td>\n<td valign=\"top\" nowrap=\"nowrap\" width=\"79\">\n<p align=\"center\">245<\/p>\n<\/td>\n<\/tr>\n<tr>\n<td valign=\"top\" nowrap=\"nowrap\" width=\"324\">Comprensi\u00f3n lectora 2\u00b0 Medio<\/td>\n<td valign=\"top\" nowrap=\"nowrap\" width=\"93\">\n<p align=\"center\">276<\/p>\n<\/td>\n<td valign=\"top\" nowrap=\"nowrap\" width=\"93\">\n<p align=\"center\">264<\/p>\n<\/td>\n<td valign=\"top\" nowrap=\"nowrap\" width=\"79\">\n<p align=\"center\">&#8212;<\/p>\n<\/td>\n<\/tr>\n<tr>\n<td valign=\"top\" nowrap=\"nowrap\" width=\"324\">Educaci\u00f3n Matem\u00e1tica 8 b\u00e1sico<\/td>\n<td valign=\"top\" nowrap=\"nowrap\" width=\"93\">\n<p align=\"center\">299<\/p>\n<\/td>\n<td valign=\"top\" nowrap=\"nowrap\" width=\"93\">\n<p align=\"center\">&#8212;&#8211;<\/p>\n<\/td>\n<td valign=\"top\" nowrap=\"nowrap\" width=\"79\">\n<p align=\"center\">261<\/p>\n<\/td>\n<\/tr>\n<tr>\n<td valign=\"top\" nowrap=\"nowrap\" width=\"324\">Educaci\u00f3n Matem\u00e1tica 2\u00b0 Medio<\/td>\n<td valign=\"top\" nowrap=\"nowrap\" width=\"93\">\n<p align=\"center\">310<\/p>\n<\/td>\n<td valign=\"top\" nowrap=\"nowrap\" width=\"93\">\n<p align=\"center\">305<\/p>\n<\/td>\n<td valign=\"top\" nowrap=\"nowrap\" width=\"79\">\n<p align=\"center\">&#8212;<\/p>\n<\/td>\n<\/tr>\n<tr>\n<td valign=\"top\" nowrap=\"nowrap\" width=\"324\">Comprensi\u00f3n del Medio Social y Cultural\u00a0 2\u00b0 medio<\/td>\n<td valign=\"top\" nowrap=\"nowrap\" width=\"93\">\n<p align=\"center\">286<\/p>\n<\/td>\n<td valign=\"top\" nowrap=\"nowrap\" width=\"93\">\n<p align=\"center\">272<\/p>\n<\/td>\n<td valign=\"top\" nowrap=\"nowrap\" width=\"79\">\n<p align=\"center\">&#8212;<\/p>\n<\/td>\n<\/tr>\n<tr>\n<td valign=\"top\" nowrap=\"nowrap\" width=\"324\">Estudio y Comprensi\u00f3n de la naturaleza 8\u00b0 B\u00e1sico<\/td>\n<td valign=\"top\" nowrap=\"nowrap\" width=\"93\">\n<p align=\"center\">288<\/p>\n<\/td>\n<td valign=\"top\" nowrap=\"nowrap\" width=\"93\">\n<p align=\"center\">&#8212;&#8212;<\/p>\n<\/td>\n<td valign=\"top\" nowrap=\"nowrap\" width=\"79\">\n<p align=\"center\">251<\/p>\n<\/td>\n<\/tr>\n<tr>\n<td valign=\"top\" nowrap=\"nowrap\" width=\"324\"><strong>OTROS INDICADORES SIMCE <\/strong><\/td>\n<td valign=\"top\" nowrap=\"nowrap\" width=\"93\"><\/td>\n<td valign=\"top\" nowrap=\"nowrap\" width=\"93\"><\/td>\n<td valign=\"top\" nowrap=\"nowrap\" width=\"79\"><\/td>\n<\/tr>\n<tr>\n<td valign=\"top\" nowrap=\"nowrap\" width=\"324\"><strong>AUTOESTIMA ACAD\u00c9MICA Y MOTIVACI\u00d3N ESCOLAR<\/strong><\/td>\n<td valign=\"top\" nowrap=\"nowrap\" width=\"93\"><strong>4\u00b0 B\u00c1SICO<\/strong><\/td>\n<td valign=\"top\" nowrap=\"nowrap\" width=\"93\"><strong>8\u00b0 B\u00c1SICO<\/strong><\/td>\n<td valign=\"top\" nowrap=\"nowrap\" width=\"79\"><strong>2\u00b0 MEDIO<\/strong><\/td>\n<\/tr>\n<tr>\n<td valign=\"top\" nowrap=\"nowrap\" width=\"324\">Autopercepci\u00f3n y autovaloraci\u00f3n acad\u00e9mica<\/td>\n<td valign=\"top\" nowrap=\"nowrap\" width=\"93\"><\/td>\n<td valign=\"top\" nowrap=\"nowrap\" width=\"93\">\n<p align=\"center\">74<\/p>\n<\/td>\n<td valign=\"top\" nowrap=\"nowrap\" width=\"79\">\n<p align=\"center\">70<\/p>\n<\/td>\n<\/tr>\n<tr>\n<td valign=\"top\" nowrap=\"nowrap\" width=\"324\">Motivaci\u00f3n escolar<\/td>\n<td valign=\"top\" nowrap=\"nowrap\" width=\"93\"><\/td>\n<td valign=\"top\" nowrap=\"nowrap\" width=\"93\">\n<p align=\"center\">77<\/p>\n<\/td>\n<td valign=\"top\" nowrap=\"nowrap\" width=\"79\">\n<p align=\"center\">75<\/p>\n<\/td>\n<\/tr>\n<tr>\n<td valign=\"top\" nowrap=\"nowrap\" width=\"324\"><strong>CLIMA DE CONVIVENCIA ESCOLAR<\/strong><\/td>\n<td valign=\"top\" nowrap=\"nowrap\" width=\"93\"><strong>4\u00b0 B\u00c1SICO<\/strong><\/td>\n<td valign=\"top\" nowrap=\"nowrap\" width=\"93\"><strong>8\u00b0 B\u00c1SICO<\/strong><\/td>\n<td valign=\"top\" nowrap=\"nowrap\" width=\"79\"><strong>2\u00b0 MEDIO<\/strong><\/td>\n<\/tr>\n<tr>\n<td valign=\"top\" nowrap=\"nowrap\" width=\"324\">Ambiente de respeto<\/td>\n<td valign=\"top\" nowrap=\"nowrap\" width=\"93\"><\/td>\n<td valign=\"top\" nowrap=\"nowrap\" width=\"93\">\n<p align=\"center\">68<\/p>\n<\/td>\n<td valign=\"top\" nowrap=\"nowrap\" width=\"79\">\n<p align=\"center\">63<\/p>\n<\/td>\n<\/tr>\n<tr>\n<td valign=\"top\" nowrap=\"nowrap\" width=\"324\">Ambiente organizado<\/td>\n<td valign=\"top\" nowrap=\"nowrap\" width=\"93\"><\/td>\n<td valign=\"top\" nowrap=\"nowrap\" width=\"93\">\n<p align=\"center\">85<\/p>\n<\/td>\n<td valign=\"top\" nowrap=\"nowrap\" width=\"79\">\n<p align=\"center\">83<\/p>\n<\/td>\n<\/tr>\n<tr>\n<td valign=\"top\" nowrap=\"nowrap\" width=\"324\">Ambiente seguro<\/td>\n<td valign=\"top\" nowrap=\"nowrap\" width=\"93\"><\/td>\n<td valign=\"top\" nowrap=\"nowrap\" width=\"93\">\n<p align=\"center\">78<\/p>\n<\/td>\n<td valign=\"top\" nowrap=\"nowrap\" width=\"79\">\n<p align=\"center\">74<\/p>\n<\/td>\n<\/tr>\n<tr>\n<td valign=\"top\" nowrap=\"nowrap\" width=\"324\"><strong>PARTICIPACI\u00d3N Y FORMACI\u00d3N CIUDADANA<\/strong><\/td>\n<td valign=\"top\" nowrap=\"nowrap\" width=\"93\"><strong>4\u00b0 B\u00c1SICO<\/strong><\/td>\n<td valign=\"top\" nowrap=\"nowrap\" width=\"93\"><strong>8\u00b0 B\u00c1SICO<\/strong><\/td>\n<td valign=\"top\" nowrap=\"nowrap\" width=\"79\"><strong>2\u00b0 MEDIO<\/strong><\/td>\n<\/tr>\n<tr>\n<td valign=\"top\" nowrap=\"nowrap\" width=\"324\">Sentido de pertenencia<\/td>\n<td valign=\"top\" nowrap=\"nowrap\" width=\"93\"><\/td>\n<td valign=\"top\" nowrap=\"nowrap\" width=\"93\">\n<p align=\"center\">75<\/p>\n<\/td>\n<td valign=\"top\" nowrap=\"nowrap\" width=\"79\">\n<p align=\"center\">82<\/p>\n<\/td>\n<\/tr>\n<tr>\n<td valign=\"top\" nowrap=\"nowrap\" width=\"324\">Participaci\u00f3n<\/td>\n<td valign=\"top\" nowrap=\"nowrap\" width=\"93\"><\/td>\n<td valign=\"top\" nowrap=\"nowrap\" width=\"93\">\n<p align=\"center\">75<\/p>\n<\/td>\n<td valign=\"top\" nowrap=\"nowrap\" width=\"79\">\n<p align=\"center\">72<\/p>\n<\/td>\n<\/tr>\n<tr>\n<td valign=\"top\" nowrap=\"nowrap\" width=\"324\">Vida democr\u00e1tica<\/td>\n<td valign=\"top\" nowrap=\"nowrap\" width=\"93\"><\/td>\n<td valign=\"top\" nowrap=\"nowrap\" width=\"93\">\n<p align=\"center\">86<\/p>\n<\/td>\n<td valign=\"top\" nowrap=\"nowrap\" width=\"79\">\n<p align=\"center\">79<\/p>\n<\/td>\n<\/tr>\n<tr>\n<td valign=\"top\" nowrap=\"nowrap\" width=\"324\"><strong>H\u00c1BITOS DE VIDA SALUDABLE<\/strong><\/td>\n<td valign=\"top\" nowrap=\"nowrap\" width=\"93\"><strong>4\u00b0 B\u00c1SICO<\/strong><\/td>\n<td valign=\"top\" nowrap=\"nowrap\" width=\"93\"><strong>8\u00b0 B\u00c1SICO<\/strong><\/td>\n<td valign=\"top\" nowrap=\"nowrap\" width=\"79\"><strong>2\u00b0 MEDIO<\/strong><\/td>\n<\/tr>\n<tr>\n<td valign=\"top\" nowrap=\"nowrap\" width=\"324\">H\u00e1bitos de autocuidado<\/td>\n<td valign=\"top\" nowrap=\"nowrap\" width=\"93\"><\/td>\n<td valign=\"top\" nowrap=\"nowrap\" width=\"93\">\n<p align=\"center\">78<\/p>\n<\/td>\n<td valign=\"top\" nowrap=\"nowrap\" width=\"79\">\n<p align=\"center\">76<\/p>\n<\/td>\n<\/tr>\n<tr>\n<td valign=\"top\" nowrap=\"nowrap\" width=\"324\">H\u00e1bitos alimenticios<\/td>\n<td valign=\"top\" nowrap=\"nowrap\" width=\"93\"><\/td>\n<td valign=\"top\" nowrap=\"nowrap\" width=\"93\">\n<p align=\"center\">77<\/p>\n<\/td>\n<td valign=\"top\" nowrap=\"nowrap\" width=\"79\">\n<p align=\"center\">72<\/p>\n<\/td>\n<\/tr>\n<tr>\n<td valign=\"top\" nowrap=\"nowrap\" width=\"324\">H\u00e1bitos de vida activa<\/td>\n<td valign=\"top\" nowrap=\"nowrap\" width=\"93\"><\/td>\n<td valign=\"top\" nowrap=\"nowrap\" width=\"93\">\n<p align=\"center\">75<\/p>\n<\/td>\n<td valign=\"top\" nowrap=\"nowrap\" width=\"79\">\n<p align=\"center\">62<\/p>\n<\/td>\n<\/tr>\n<tr>\n<td valign=\"top\" nowrap=\"nowrap\" width=\"324\"><strong>PRUEBAS CORPORATIVAS ENSE\u00d1ANZA MEDIA<\/strong><\/td>\n<td valign=\"top\" nowrap=\"nowrap\" width=\"93\"><\/td>\n<td valign=\"top\" nowrap=\"nowrap\" width=\"93\">\n<p align=\"center\"><strong>2018<\/strong><\/p>\n<\/td>\n<td valign=\"top\" nowrap=\"nowrap\" width=\"79\"><\/td>\n<\/tr>\n<tr>\n<td valign=\"top\" nowrap=\"nowrap\" width=\"324\">LENGUAJE<\/td>\n<td valign=\"top\" nowrap=\"nowrap\" width=\"93\"><\/td>\n<td valign=\"top\" nowrap=\"nowrap\" width=\"93\">\n<p align=\"center\">69%<\/p>\n<\/td>\n<td valign=\"top\" nowrap=\"nowrap\" width=\"79\"><\/td>\n<\/tr>\n<tr>\n<td valign=\"top\" nowrap=\"nowrap\" width=\"324\">MATEM\u00c1TICA<\/td>\n<td valign=\"top\" nowrap=\"nowrap\" width=\"93\"><\/td>\n<td valign=\"top\" nowrap=\"nowrap\" width=\"93\">\n<p align=\"center\">60%<\/p>\n<\/td>\n<td valign=\"top\" nowrap=\"nowrap\" width=\"79\"><\/td>\n<\/tr>\n<tr>\n<td valign=\"top\" nowrap=\"nowrap\" width=\"324\">HISTORIA<\/td>\n<td valign=\"top\" nowrap=\"nowrap\" width=\"93\"><\/td>\n<td valign=\"top\" nowrap=\"nowrap\" width=\"93\">\n<p align=\"center\">64%<\/p>\n<\/td>\n<td valign=\"top\" nowrap=\"nowrap\" width=\"79\"><\/td>\n<\/tr>\n<tr>\n<td valign=\"top\" nowrap=\"nowrap\" width=\"324\">INGLES<\/td>\n<td valign=\"top\" nowrap=\"nowrap\" width=\"93\"><\/td>\n<td valign=\"top\" nowrap=\"nowrap\" width=\"93\">\n<p align=\"center\">74%<\/p>\n<\/td>\n<td valign=\"top\" nowrap=\"nowrap\" width=\"79\"><\/td>\n<\/tr>\n<tr>\n<td valign=\"top\" nowrap=\"nowrap\" width=\"324\">BIOLOGIA<\/td>\n<td valign=\"top\" nowrap=\"nowrap\" width=\"93\"><\/td>\n<td valign=\"top\" nowrap=\"nowrap\" width=\"93\">\n<p align=\"center\">62%<\/p>\n<\/td>\n<td valign=\"top\" nowrap=\"nowrap\" width=\"79\"><\/td>\n<\/tr>\n<tr>\n<td valign=\"top\" nowrap=\"nowrap\" width=\"324\">F\u00cdSICA<\/td>\n<td valign=\"top\" nowrap=\"nowrap\" width=\"93\"><\/td>\n<td valign=\"top\" nowrap=\"nowrap\" width=\"93\">\n<p align=\"center\">66%<\/p>\n<\/td>\n<td valign=\"top\" nowrap=\"nowrap\" width=\"79\"><\/td>\n<\/tr>\n<tr>\n<td valign=\"top\" nowrap=\"nowrap\" width=\"324\">QU\u00cdMICA<\/td>\n<td valign=\"top\" nowrap=\"nowrap\" width=\"93\"><\/td>\n<td valign=\"top\" nowrap=\"nowrap\" width=\"93\">\n<p align=\"center\">64%<\/p>\n<\/td>\n<td valign=\"top\" nowrap=\"nowrap\" width=\"79\"><\/td>\n<\/tr>\n<tr>\n<td valign=\"top\" nowrap=\"nowrap\" width=\"324\"><strong>PRUEBAS CORPORATIVAS ENSE\u00d1ANZA BASICA<\/strong><\/td>\n<td valign=\"top\" nowrap=\"nowrap\" width=\"93\">\n<p align=\"center\"><strong>1\u00b0 a 4\u00b0 B\u00e1sico Leng<\/strong><\/p>\n<\/td>\n<td valign=\"top\" nowrap=\"nowrap\" width=\"93\">\n<p align=\"center\"><strong>5\u00b0 a 8\u00b0 B\u00e1sico Mat<\/strong><\/p>\n<\/td>\n<td valign=\"top\" nowrap=\"nowrap\" width=\"79\">\n<p align=\"center\"><strong>5\u00b0 a 8\u00b0 B\u00e1sico Leng<\/strong><\/p>\n<\/td>\n<\/tr>\n<tr>\n<td valign=\"top\" nowrap=\"nowrap\" width=\"324\">\n<p align=\"right\"><strong>\u00a0<\/strong><\/p>\n<\/td>\n<td valign=\"top\" nowrap=\"nowrap\" width=\"93\">\n<p align=\"center\"><strong>71%<\/strong><\/p>\n<\/td>\n<td valign=\"top\" nowrap=\"nowrap\" width=\"93\">\n<p align=\"center\"><strong>48%<\/strong><\/p>\n<\/td>\n<td nowrap=\"nowrap\" width=\"79\">\n<p align=\"center\"><strong>64%<\/strong><\/p>\n<\/td>\n<\/tr>\n<tr>\n<td valign=\"top\" nowrap=\"nowrap\" width=\"324\">\n<p align=\"right\"><strong>\u00a0<\/strong><\/p>\n<\/td>\n<td valign=\"top\" nowrap=\"nowrap\" width=\"93\">\n<p align=\"center\"><strong>64%<\/strong><\/p>\n<\/td>\n<td valign=\"top\" nowrap=\"nowrap\" width=\"93\">\n<p align=\"center\"><strong>54%<\/strong><\/p>\n<\/td>\n<td nowrap=\"nowrap\" width=\"79\">\n<p align=\"center\"><strong>67%<\/strong><\/p>\n<\/td>\n<\/tr>\n<tr>\n<td valign=\"top\" nowrap=\"nowrap\" width=\"324\">\n<p align=\"right\"><strong>\u00a0<\/strong><\/p>\n<\/td>\n<td valign=\"top\" nowrap=\"nowrap\" width=\"93\">\n<p align=\"center\"><strong>64%<\/strong><\/p>\n<\/td>\n<td valign=\"top\" nowrap=\"nowrap\" width=\"93\">\n<p align=\"center\"><strong>62%<\/strong><\/p>\n<\/td>\n<td nowrap=\"nowrap\" width=\"79\">\n<p align=\"center\"><strong>70%<\/strong><\/p>\n<\/td>\n<\/tr>\n<tr>\n<td valign=\"top\" nowrap=\"nowrap\" width=\"324\">\n<p align=\"right\"><strong>\u00a0<\/strong><\/p>\n<\/td>\n<td valign=\"top\" nowrap=\"nowrap\" width=\"93\">\n<p align=\"center\"><strong>71%<\/strong><\/p>\n<\/td>\n<td valign=\"top\" nowrap=\"nowrap\" width=\"93\">\n<p align=\"center\"><strong>50%<\/strong><\/p>\n<\/td>\n<td valign=\"top\" nowrap=\"nowrap\" width=\"79\">\n<p align=\"center\"><strong>74%<\/strong><\/p>\n<\/td>\n<\/tr>\n<\/tbody>\n<\/table>\n<p>[\/vc_column_text][vc_empty_space][\/vc_column][\/vc_row]<\/p>\n<\/div>","protected":false},"excerpt":{"rendered":"<p>[vc_row css_animation=\u00bb\u00bb row_type=\u00bbrow\u00bb use_row_as_full_screen_section=\u00bbno\u00bb type=\u00bbfull_width\u00bb angled_section=\u00bbno\u00bb text_align=\u00bbleft\u00bb background_image_as_pattern=\u00bbwithout_pattern\u00bb][vc_column][vc_column_text] LOGROS DE\u00a0APRENDIZAJE 2017 2018 2019 Comprensi\u00f3n lectora\u00a0 8 b\u00e1sico 273 &#8212;- 245 Comprensi\u00f3n lectora 2\u00b0 Medio 276 264 &#8212; Educaci\u00f3n Matem\u00e1tica 8 b\u00e1sico 299 &#8212;&#8211; 261 Educaci\u00f3n Matem\u00e1tica 2\u00b0 Medio 310 305 &#8212; Comprensi\u00f3n del Medio Social&#8230;<\/p>\n","protected":false},"author":6,"featured_media":0,"parent":0,"menu_order":0,"comment_status":"closed","ping_status":"closed","template":"","meta":{"footnotes":""},"class_list":["post-101","page","type-page","status-publish","hentry"],"_links":{"self":[{"href":"https:\/\/www.coreduc.cl\/jsu\/wp-json\/wp\/v2\/pages\/101","targetHints":{"allow":["GET"]}}],"collection":[{"href":"https:\/\/www.coreduc.cl\/jsu\/wp-json\/wp\/v2\/pages"}],"about":[{"href":"https:\/\/www.coreduc.cl\/jsu\/wp-json\/wp\/v2\/types\/page"}],"author":[{"embeddable":true,"href":"https:\/\/www.coreduc.cl\/jsu\/wp-json\/wp\/v2\/users\/6"}],"replies":[{"embeddable":true,"href":"https:\/\/www.coreduc.cl\/jsu\/wp-json\/wp\/v2\/comments?post=101"}],"version-history":[{"count":2,"href":"https:\/\/www.coreduc.cl\/jsu\/wp-json\/wp\/v2\/pages\/101\/revisions"}],"predecessor-version":[{"id":317,"href":"https:\/\/www.coreduc.cl\/jsu\/wp-json\/wp\/v2\/pages\/101\/revisions\/317"}],"wp:attachment":[{"href":"https:\/\/www.coreduc.cl\/jsu\/wp-json\/wp\/v2\/media?parent=101"}],"curies":[{"name":"wp","href":"https:\/\/api.w.org\/{rel}","templated":true}]}}