{"id":57,"date":"2019-09-11T16:45:25","date_gmt":"2019-09-11T19:45:25","guid":{"rendered":"https:\/\/www.coreduc.cl\/hvl\/?page_id=57"},"modified":"2019-09-11T17:52:09","modified_gmt":"2019-09-11T20:52:09","slug":"docentes-de-formacion-general","status":"publish","type":"page","link":"https:\/\/www.coreduc.cl\/hvl\/docentes-de-formacion-general\/","title":{"rendered":"Docentes de Formaci\u00f3n General"},"content":{"rendered":"<div class=\"wpb-content-wrapper\"><p>[vc_row css_animation=\u00bb\u00bb row_type=\u00bbrow\u00bb use_row_as_full_screen_section=\u00bbno\u00bb type=\u00bbfull_width\u00bb angled_section=\u00bbno\u00bb text_align=\u00bbleft\u00bb background_image_as_pattern=\u00bbwithout_pattern\u00bb][vc_column][vc_single_image image=\u00bb92&#8243; img_size=\u00bbfull\u00bb alignment=\u00bbcenter\u00bb qode_css_animation=\u00bb\u00bb][vc_empty_space height=\u00bb20px\u00bb][vc_column_text]<\/p>\n<table width=\"100%\">\n<tbody>\n<tr>\n<td width=\"171\"><strong>Nombres<\/strong><\/td>\n<td width=\"119\"><strong>Apellido paterno<\/strong><\/td>\n<td width=\"116\"><strong>Apellido materno<\/strong><\/td>\n<td width=\"185\"><strong>Asignaturas<\/strong><\/td>\n<\/tr>\n<tr>\n<td width=\"171\">JOSE RENE<\/td>\n<td width=\"119\">ARIAS<\/td>\n<td width=\"116\">FUENTEALBA<\/td>\n<td width=\"185\">Educaci\u00f3n F\u00edsica<\/td>\n<\/tr>\n<tr>\n<td width=\"171\">ERWIN DEL TRANSITO<\/td>\n<td width=\"119\">ARROYO<\/td>\n<td width=\"116\">VERA<\/td>\n<td width=\"185\">Matem\u00e1tica<\/td>\n<\/tr>\n<tr>\n<td width=\"171\">MARIA MAGDALENA<\/td>\n<td width=\"119\">BASCUR<\/td>\n<td width=\"116\">OSSES<\/td>\n<td width=\"185\">Religi\u00f3n<\/td>\n<\/tr>\n<tr>\n<td width=\"171\">ELIZABETH ORIANA<\/td>\n<td width=\"119\">CARRASCO<\/td>\n<td width=\"116\">SILVA<\/td>\n<td width=\"185\">Biolog\u00eda<\/td>\n<\/tr>\n<tr>\n<td width=\"171\">ERWIN GERARDO<\/td>\n<td width=\"119\">ERBO<\/td>\n<td width=\"116\">ACOSTA<\/td>\n<td width=\"185\">Historia<\/td>\n<\/tr>\n<tr>\n<td width=\"171\">MONICA TATIANA<\/td>\n<td width=\"119\">FABRES<\/td>\n<td width=\"116\">FIGUEREDO<\/td>\n<td width=\"185\">F\u00edsica<\/td>\n<\/tr>\n<tr>\n<td width=\"171\">ALEJANDRA FRANCISCA<\/td>\n<td width=\"119\">GAJARDO<\/td>\n<td width=\"116\">VARGAS<\/td>\n<td width=\"185\">Lenguaje<\/td>\n<\/tr>\n<tr>\n<td width=\"171\">INGRID MARIA JOSE<\/td>\n<td width=\"119\">L\u00d3PEZ<\/td>\n<td width=\"116\">ZAPATA<\/td>\n<td width=\"185\">Lenguaje y Comunicaci\u00f3n<\/td>\n<\/tr>\n<tr>\n<td width=\"171\">VALENTINA PILAR<\/td>\n<td width=\"119\">LORCA<\/td>\n<td width=\"116\">MU\u00d1OZ<\/td>\n<td width=\"185\">Lenguaje y Comunicaci\u00f3n<\/td>\n<\/tr>\n<tr>\n<td width=\"171\">MARIO ALEJANDRO<\/td>\n<td width=\"119\">MOLINA<\/td>\n<td width=\"116\">VASQUEZ<\/td>\n<td width=\"185\">M\u00fasica<\/td>\n<\/tr>\n<tr>\n<td width=\"171\">MARIA CECILIA<\/td>\n<td width=\"119\">MORAGA<\/td>\n<td width=\"116\">SAEZ<\/td>\n<td width=\"185\">Qu\u00edmica<\/td>\n<\/tr>\n<tr>\n<td width=\"171\">IRMA DEL CARMEN<\/td>\n<td width=\"119\">MORALES<\/td>\n<td width=\"116\">RECABAL<\/td>\n<td width=\"185\">Lenguaje<\/td>\n<\/tr>\n<tr>\n<td width=\"171\">TERESA DEL CARMEN<\/td>\n<td width=\"119\">NUNEZ<\/td>\n<td width=\"116\">HIDALGO<\/td>\n<td width=\"185\">Matem\u00e1tica<\/td>\n<\/tr>\n<tr>\n<td width=\"171\">JOSE ALBERTO<\/td>\n<td width=\"119\">PIZARRO<\/td>\n<td width=\"116\">ONATE<\/td>\n<td width=\"185\">Tecnolog\u00eda \/ Edificaci\u00f3n<\/td>\n<\/tr>\n<tr>\n<td width=\"171\">ALICIA INGRID<\/td>\n<td width=\"119\">RODRIGUEZ<\/td>\n<td width=\"116\">HERMOSILLA<\/td>\n<td width=\"185\">Matem\u00e1tica<\/td>\n<\/tr>\n<tr>\n<td width=\"171\">CAROLINA PILAR<\/td>\n<td width=\"119\">SANCHEZ<\/td>\n<td width=\"116\">ALARCON<\/td>\n<td width=\"185\">Lenguaje<\/td>\n<\/tr>\n<tr>\n<td width=\"171\">RICHARD ALEXIS<\/td>\n<td width=\"119\">SANHUEZA<\/td>\n<td width=\"116\">BUSTAMANTE<\/td>\n<td width=\"185\">Historia<\/td>\n<\/tr>\n<tr>\n<td width=\"171\">MIGUEL ANGEL<\/td>\n<td width=\"119\">SEPULVEDA<\/td>\n<td width=\"116\">ORTIZ<\/td>\n<td width=\"185\">Historia<\/td>\n<\/tr>\n<tr>\n<td width=\"171\">ESTEFANIA ALEJANDRA<\/td>\n<td width=\"119\">URRA<\/td>\n<td width=\"116\">ALARCON<\/td>\n<td width=\"185\">HISTORIA Y GEOGRAFIA<\/td>\n<\/tr>\n<tr>\n<td width=\"171\">NELSON ANTONIO<\/td>\n<td width=\"119\">URRA<\/td>\n<td width=\"116\">DELGADO<\/td>\n<td width=\"185\">Educaci\u00f3n F\u00edsica<\/td>\n<\/tr>\n<tr>\n<td width=\"171\">CLAUDIA LISSETTE<\/td>\n<td width=\"119\">VEGA<\/td>\n<td width=\"116\">RIFFO<\/td>\n<td width=\"185\">Ingl\u00e9s<\/td>\n<\/tr>\n<tr>\n<td width=\"171\">ANDREA<\/td>\n<td width=\"119\">VERA<\/td>\n<td width=\"116\">AGUILERA<\/td>\n<td width=\"185\">Ingl\u00e9s<\/td>\n<\/tr>\n<\/tbody>\n<\/table>\n<p>[\/vc_column_text][vc_empty_space height=\u00bb150px\u00bb][\/vc_column][\/vc_row]<\/p>\n<\/div>","protected":false},"excerpt":{"rendered":"<p>[vc_row css_animation=\u00bb\u00bb row_type=\u00bbrow\u00bb use_row_as_full_screen_section=\u00bbno\u00bb type=\u00bbfull_width\u00bb angled_section=\u00bbno\u00bb text_align=\u00bbleft\u00bb background_image_as_pattern=\u00bbwithout_pattern\u00bb][vc_column][vc_single_image image=\u00bb92&#8243; img_size=\u00bbfull\u00bb alignment=\u00bbcenter\u00bb qode_css_animation=\u00bb\u00bb][vc_empty_space height=\u00bb20px\u00bb][vc_column_text] Nombres Apellido paterno Apellido materno Asignaturas JOSE RENE ARIAS FUENTEALBA Educaci\u00f3n F\u00edsica ERWIN DEL TRANSITO ARROYO VERA Matem\u00e1tica MARIA MAGDALENA BASCUR OSSES Religi\u00f3n ELIZABETH ORIANA CARRASCO SILVA Biolog\u00eda ERWIN GERARDO ERBO ACOSTA&#8230;<\/p>\n","protected":false},"author":6,"featured_media":0,"parent":0,"menu_order":0,"comment_status":"closed","ping_status":"closed","template":"","meta":{"footnotes":""},"_links":{"self":[{"href":"https:\/\/www.coreduc.cl\/hvl\/wp-json\/wp\/v2\/pages\/57"}],"collection":[{"href":"https:\/\/www.coreduc.cl\/hvl\/wp-json\/wp\/v2\/pages"}],"about":[{"href":"https:\/\/www.coreduc.cl\/hvl\/wp-json\/wp\/v2\/types\/page"}],"author":[{"embeddable":true,"href":"https:\/\/www.coreduc.cl\/hvl\/wp-json\/wp\/v2\/users\/6"}],"replies":[{"embeddable":true,"href":"https:\/\/www.coreduc.cl\/hvl\/wp-json\/wp\/v2\/comments?post=57"}],"version-history":[{"count":5,"href":"https:\/\/www.coreduc.cl\/hvl\/wp-json\/wp\/v2\/pages\/57\/revisions"}],"predecessor-version":[{"id":97,"href":"https:\/\/www.coreduc.cl\/hvl\/wp-json\/wp\/v2\/pages\/57\/revisions\/97"}],"wp:attachment":[{"href":"https:\/\/www.coreduc.cl\/hvl\/wp-json\/wp\/v2\/media?parent=57"}],"curies":[{"name":"wp","href":"https:\/\/api.w.org\/{rel}","templated":true}]}}