{"id":47,"date":"2019-09-11T16:36:56","date_gmt":"2019-09-11T19:36:56","guid":{"rendered":"https:\/\/www.coreduc.cl\/hvl\/?page_id=47"},"modified":"2019-09-11T17:32:48","modified_gmt":"2019-09-11T20:32:48","slug":"consejo-escolar","status":"publish","type":"page","link":"https:\/\/www.coreduc.cl\/hvl\/consejo-escolar\/","title":{"rendered":"Consejo Escolar"},"content":{"rendered":"<div class=\"wpb-content-wrapper\"><p>[vc_row css_animation=\u00bb\u00bb row_type=\u00bbrow\u00bb use_row_as_full_screen_section=\u00bbno\u00bb type=\u00bbfull_width\u00bb angled_section=\u00bbno\u00bb text_align=\u00bbleft\u00bb background_image_as_pattern=\u00bbwithout_pattern\u00bb z_index=\u00bb\u00bb padding_bottom=\u00bb80&#8243;][vc_column][vc_column_text]<\/p>\n<table width=\"100%\">\n<tbody>\n<tr>\n<td width=\"263\"><strong>Cargo<\/strong><\/td>\n<td width=\"175\"><strong>Nombre<\/strong><\/td>\n<\/tr>\n<tr>\n<td width=\"332\">Director<\/td>\n<td width=\"332\">Jorge Munita Parra<\/td>\n<\/tr>\n<tr>\n<td width=\"332\">Presidente Centro de Alumnos<\/td>\n<td width=\"332\">Fabi\u00e1n Carrera Monsalvez<\/td>\n<\/tr>\n<tr>\n<td width=\"332\">Presidente Centro General de Padres<\/td>\n<td width=\"332\">Jos\u00e9 Correa Vega<\/td>\n<\/tr>\n<tr>\n<td width=\"332\">Asistente de la Educaci\u00f3n<\/td>\n<td width=\"332\">Jos\u00e9 Bahamondes Herrera<\/td>\n<\/tr>\n<tr>\n<td width=\"332\">Profesor de Formaci\u00f3n Diferenciada<\/td>\n<td width=\"332\">Osvaldo Hern\u00e1ndez Arroyo<\/td>\n<\/tr>\n<tr>\n<td width=\"332\">Profesor de Formaci\u00f3n General<\/td>\n<td width=\"332\">Erwin Erbo Acosta<\/td>\n<\/tr>\n<\/tbody>\n<\/table>\n<p>[\/vc_column_text][\/vc_column][\/vc_row]<\/p>\n<\/div>","protected":false},"excerpt":{"rendered":"<p>[vc_row css_animation=\u00bb\u00bb row_type=\u00bbrow\u00bb use_row_as_full_screen_section=\u00bbno\u00bb type=\u00bbfull_width\u00bb angled_section=\u00bbno\u00bb text_align=\u00bbleft\u00bb background_image_as_pattern=\u00bbwithout_pattern\u00bb z_index=\u00bb\u00bb padding_bottom=\u00bb80&#8243;][vc_column][vc_column_text] Cargo Nombre Director Jorge Munita Parra Presidente Centro de Alumnos Fabi\u00e1n Carrera Monsalvez Presidente Centro General de Padres Jos\u00e9 Correa Vega Asistente de la Educaci\u00f3n Jos\u00e9 Bahamondes Herrera Profesor de Formaci\u00f3n Diferenciada Osvaldo Hern\u00e1ndez Arroyo&#8230;<\/p>\n","protected":false},"author":6,"featured_media":0,"parent":0,"menu_order":0,"comment_status":"closed","ping_status":"closed","template":"","meta":{"footnotes":""},"_links":{"self":[{"href":"https:\/\/www.coreduc.cl\/hvl\/wp-json\/wp\/v2\/pages\/47"}],"collection":[{"href":"https:\/\/www.coreduc.cl\/hvl\/wp-json\/wp\/v2\/pages"}],"about":[{"href":"https:\/\/www.coreduc.cl\/hvl\/wp-json\/wp\/v2\/types\/page"}],"author":[{"embeddable":true,"href":"https:\/\/www.coreduc.cl\/hvl\/wp-json\/wp\/v2\/users\/6"}],"replies":[{"embeddable":true,"href":"https:\/\/www.coreduc.cl\/hvl\/wp-json\/wp\/v2\/comments?post=47"}],"version-history":[{"count":4,"href":"https:\/\/www.coreduc.cl\/hvl\/wp-json\/wp\/v2\/pages\/47\/revisions"}],"predecessor-version":[{"id":85,"href":"https:\/\/www.coreduc.cl\/hvl\/wp-json\/wp\/v2\/pages\/47\/revisions\/85"}],"wp:attachment":[{"href":"https:\/\/www.coreduc.cl\/hvl\/wp-json\/wp\/v2\/media?parent=47"}],"curies":[{"name":"wp","href":"https:\/\/api.w.org\/{rel}","templated":true}]}}