{"id":42,"date":"2019-09-11T16:21:36","date_gmt":"2019-09-11T19:21:36","guid":{"rendered":"https:\/\/www.coreduc.cl\/hvl\/?page_id=42"},"modified":"2019-09-11T17:05:20","modified_gmt":"2019-09-11T20:05:20","slug":"semblanza","status":"publish","type":"page","link":"https:\/\/www.coreduc.cl\/hvl\/semblanza\/","title":{"rendered":"Semblanza"},"content":{"rendered":"<div class=\"wpb-content-wrapper\"><p>[vc_row css_animation=\u00bb\u00bb row_type=\u00bbrow\u00bb use_row_as_full_screen_section=\u00bbno\u00bb type=\u00bbfull_width\u00bb angled_section=\u00bbno\u00bb text_align=\u00bbleft\u00bb background_image_as_pattern=\u00bbwithout_pattern\u00bb css=\u00bb.vc_custom_1566493598777{padding-bottom: 100px !important;}\u00bb z_index=\u00bb\u00bb][vc_column][vc_column_text]Hern\u00e1n Valenzuela Leyton naci\u00f3 el 4 de Agosto de 1924 en Santiago de Chile.<br \/>\nSu padre fue el agricultor Aliro Valenzuela Labb\u00e9 y su madre Blanca Leyton Carvajal. Ellos formaron una familia de 11 hijos de los cuales Hern\u00e1n fue el octavo.<\/p>\n<p>Vivi\u00f3 su infancia en Colchagua. Inici\u00f3 la etapa escolar en el Internado de Talca. M\u00e1s tarde la familia se traslad\u00f3 a San Bernardo y continu\u00f3 la Educaci\u00f3n Secundaria en el Liceo de Hombres de San Bernardo.<\/p>\n<p>El a\u00f1o 1943 ingres\u00f3 a la Universidad Cat\u00f3lica de Valpara\u00edso donde se titul\u00f3 como Ingeniero Civil Qu\u00edmico. De su \u00e9poca universitaria, \u00e9l se\u00f1alaba como lo m\u00e1s importante su encuentro con Cristo, y un compromiso con esa fe absoluta en su Padre Dios a quien le agradec\u00eda la vida.<\/p>\n<p>Esta fe lo anim\u00f3 en todo lo que hizo y explica su confianza y alegr\u00eda vitales.<br \/>\nEl a\u00f1o 1950 se cas\u00f3 con Eliana, formando una familia que tuvo 11 hijos. A los 36 a\u00f1os de matrimonio ya ten\u00edan 15 nietos.<\/p>\n<p>Se desempe\u00f1\u00f3 como profesional de importantes empresas del sector industrial textil del pa\u00eds y como profesor en la Universidad Cat\u00f3lica de Valpara\u00edso y en la Escuela de Ingenier\u00eda.<\/p>\n<p>El a\u00f1o 1960 y con s\u00f3lo 35 a\u00f1os de edad, ingres\u00f3 al Servicio de Cooperaci\u00f3n T\u00e9cnica de la CORFO. En el Departamento de Formaci\u00f3n Profesional dio inicio a una brillante trayectoria en el campo del desarrollo de los Recursos Humanos. En esta causa se comprometi\u00f3 con una pasi\u00f3n y entrega que le merecieron el respeto y aprecio de quienes trabajaron con \u00e9l.<\/p>\n<p>Fue becado por la OIT en Francia, Italia, Suiza y Espa\u00f1a para conocer sus organismos de formaci\u00f3n profesional.<\/p>\n<p>Desde su cargo en SERCOTEC particip\u00f3 en la gestaci\u00f3n de m\u00faltiples programas y Centros de Capacitaci\u00f3n, colaborando en la creaci\u00f3n del Departamento de Asistencia T\u00e9cnica Internacional (DATI); antecedente hist\u00f3rico de CONYCIT y elaborando los estatutos del Instituto Nacional de Capacitaci\u00f3n Profesional, creado el 21 de Octubre de 1966.<\/p>\n<p>INACAP lo reconoce como uno de sus m\u00e1s destacados profesionales. A este instituto se entreg\u00f3 con singular empuje, vi\u00e9ndolo extenderse con Sedes por todo Chile.<br \/>\nEra un convencido de que trabajando con seriedad en la superaci\u00f3n de nosotros mismos y en el desarrollo de los talentos se logra una vida plena. Por esto, vio la necesidad de facilitar a cada trabajador los medios reales para su crecimiento personal y profesional.<\/p>\n<p>Esto lo llev\u00f3 a constituirse en el impulsor y gestor de la Ley de Capacitaci\u00f3n y Empleo en Chile, referente jur\u00eddico del Servicio Nacional de Capacitaci\u00f3n y Empleo (SENCE). De este modo colabor\u00f3 a mejorar la condici\u00f3n social, laboral, humana y econ\u00f3mica de miles de chilenos.<\/p>\n<p>Con posterioridad a esta labor, reconocida especialmente por los trabajadores y empresas, su pujante batallar en el campo de la formaci\u00f3n profesional se extendi\u00f3 a Venezuela, pa\u00eds que conoci\u00f3 y recogi\u00f3 los frutos de su experiencia profesional.<br \/>\nDe regreso en Chile su constante dedicaci\u00f3n y conocimientos fueron requeridos para poner en marcha establecimientos educacionales del sector t\u00e9cnico profesional, traspasados al \u00e1rea privada, desempe\u00f1\u00e1ndose como gerente fundador de la Corporaci\u00f3n Educacional de la Construcci\u00f3n.<\/p>\n<p>Estaba en esta labor cuando inesperadamente, el 29 de octubre de 1986, con 62 a\u00f1os de vida, sufri\u00f3 un accidente vascular por cuya causa falleci\u00f3.<br \/>\nHern\u00e1n dej\u00f3 profundas huellas en los que lo conocieron. M\u00e1s que por lo que hizo, que no fue poco, lo que atra\u00eda en \u00e9l era su actitud, es decir como hacia las cosas. Su calidad humana se manifestaba en todas las actividades que realizaba. La bondad constitu\u00eda un signo esencial de su presencia.[\/vc_column_text][vc_empty_space height=\u00bb80px\u00bb][\/vc_column][\/vc_row]<\/p>\n<\/div>","protected":false},"excerpt":{"rendered":"<p>[vc_row css_animation=\u00bb\u00bb row_type=\u00bbrow\u00bb use_row_as_full_screen_section=\u00bbno\u00bb type=\u00bbfull_width\u00bb angled_section=\u00bbno\u00bb text_align=\u00bbleft\u00bb background_image_as_pattern=\u00bbwithout_pattern\u00bb css=\u00bb.vc_custom_1566493598777{padding-bottom: 100px !important;}\u00bb z_index=\u00bb\u00bb][vc_column][vc_column_text]Hern\u00e1n Valenzuela Leyton naci\u00f3 el 4 de Agosto de 1924 en Santiago de Chile. Su padre fue el agricultor Aliro Valenzuela Labb\u00e9 y su madre Blanca Leyton Carvajal. Ellos formaron una familia de 11&#8230;<\/p>\n","protected":false},"author":6,"featured_media":0,"parent":0,"menu_order":0,"comment_status":"closed","ping_status":"closed","template":"","meta":{"footnotes":""},"_links":{"self":[{"href":"https:\/\/www.coreduc.cl\/hvl\/wp-json\/wp\/v2\/pages\/42"}],"collection":[{"href":"https:\/\/www.coreduc.cl\/hvl\/wp-json\/wp\/v2\/pages"}],"about":[{"href":"https:\/\/www.coreduc.cl\/hvl\/wp-json\/wp\/v2\/types\/page"}],"author":[{"embeddable":true,"href":"https:\/\/www.coreduc.cl\/hvl\/wp-json\/wp\/v2\/users\/6"}],"replies":[{"embeddable":true,"href":"https:\/\/www.coreduc.cl\/hvl\/wp-json\/wp\/v2\/comments?post=42"}],"version-history":[{"count":3,"href":"https:\/\/www.coreduc.cl\/hvl\/wp-json\/wp\/v2\/pages\/42\/revisions"}],"predecessor-version":[{"id":76,"href":"https:\/\/www.coreduc.cl\/hvl\/wp-json\/wp\/v2\/pages\/42\/revisions\/76"}],"wp:attachment":[{"href":"https:\/\/www.coreduc.cl\/hvl\/wp-json\/wp\/v2\/media?parent=42"}],"curies":[{"name":"wp","href":"https:\/\/api.w.org\/{rel}","templated":true}]}}