{"id":40,"date":"2019-09-11T16:20:51","date_gmt":"2019-09-11T19:20:51","guid":{"rendered":"https:\/\/www.coreduc.cl\/hvl\/?page_id=40"},"modified":"2019-09-11T17:01:28","modified_gmt":"2019-09-11T20:01:28","slug":"resena-historica","status":"publish","type":"page","link":"https:\/\/www.coreduc.cl\/hvl\/resena-historica\/","title":{"rendered":"Rese\u00f1a hist\u00f3rica"},"content":{"rendered":"<div class=\"wpb-content-wrapper\"><p>[vc_row css_animation=\u00bb\u00bb row_type=\u00bbrow\u00bb use_row_as_full_screen_section=\u00bbno\u00bb type=\u00bbfull_width\u00bb angled_section=\u00bbno\u00bb text_align=\u00bbleft\u00bb background_image_as_pattern=\u00bbwithout_pattern\u00bb css=\u00bb.vc_custom_1566493598777{padding-bottom: 100px !important;}\u00bb z_index=\u00bb\u00bb][vc_column][vc_column_text]Este Liceo inici\u00f3 sus actividades en el a\u00f1o 1965 como Escuela Industrial N\u00ba 2 Anexa a la Escuela Industrial San Vicente. En 1971 se cre\u00f3 como Liceo independiente y fue traspasado a la Corporaci\u00f3n Educacional de la Construcci\u00f3n, en administraci\u00f3n bajo el D.L. N\u00ba3.166, a partir del a\u00f1o 1987.<\/p>\n<p>Con la implementaci\u00f3n de la Reforma, a partir del a\u00f1o 2001, la Formaci\u00f3n T\u00e9cnica se realiza en los dos \u00faltimos a\u00f1os de Educaci\u00f3n Media.<\/p>\n<p>Cada especialidad cuenta con talleres donde los alumnos pueden ejecutar tareas pr\u00e1cticas de aplicaci\u00f3n de los conocimientos adquiridos, y que tienen como prop\u00f3sito fundamental, lograr los aprendizajes esperados en cada uno de los M\u00f3dulos que componen el Plan de Estudio de cada especialidad, adem\u00e1s del sector de Educaci\u00f3n Tecnol\u00f3gica.[\/vc_column_text][\/vc_column][\/vc_row]<\/p>\n<\/div>","protected":false},"excerpt":{"rendered":"<p>[vc_row css_animation=\u00bb\u00bb row_type=\u00bbrow\u00bb use_row_as_full_screen_section=\u00bbno\u00bb type=\u00bbfull_width\u00bb angled_section=\u00bbno\u00bb text_align=\u00bbleft\u00bb background_image_as_pattern=\u00bbwithout_pattern\u00bb css=\u00bb.vc_custom_1566493598777{padding-bottom: 100px !important;}\u00bb z_index=\u00bb\u00bb][vc_column][vc_column_text]Este Liceo inici\u00f3 sus actividades en el a\u00f1o 1965 como Escuela Industrial N\u00ba 2 Anexa a la Escuela Industrial San Vicente. En 1971 se cre\u00f3 como Liceo independiente y fue traspasado a la Corporaci\u00f3n&#8230;<\/p>\n","protected":false},"author":6,"featured_media":0,"parent":0,"menu_order":0,"comment_status":"closed","ping_status":"closed","template":"","meta":{"footnotes":""},"_links":{"self":[{"href":"https:\/\/www.coreduc.cl\/hvl\/wp-json\/wp\/v2\/pages\/40"}],"collection":[{"href":"https:\/\/www.coreduc.cl\/hvl\/wp-json\/wp\/v2\/pages"}],"about":[{"href":"https:\/\/www.coreduc.cl\/hvl\/wp-json\/wp\/v2\/types\/page"}],"author":[{"embeddable":true,"href":"https:\/\/www.coreduc.cl\/hvl\/wp-json\/wp\/v2\/users\/6"}],"replies":[{"embeddable":true,"href":"https:\/\/www.coreduc.cl\/hvl\/wp-json\/wp\/v2\/comments?post=40"}],"version-history":[{"count":2,"href":"https:\/\/www.coreduc.cl\/hvl\/wp-json\/wp\/v2\/pages\/40\/revisions"}],"predecessor-version":[{"id":74,"href":"https:\/\/www.coreduc.cl\/hvl\/wp-json\/wp\/v2\/pages\/40\/revisions\/74"}],"wp:attachment":[{"href":"https:\/\/www.coreduc.cl\/hvl\/wp-json\/wp\/v2\/media?parent=40"}],"curies":[{"name":"wp","href":"https:\/\/api.w.org\/{rel}","templated":true}]}}