{"id":185,"date":"2019-09-13T11:47:05","date_gmt":"2019-09-13T14:47:05","guid":{"rendered":"https:\/\/www.coreduc.cl\/hvl\/?page_id=185"},"modified":"2021-10-19T13:46:51","modified_gmt":"2021-10-19T16:46:51","slug":"noticias","status":"publish","type":"page","link":"https:\/\/www.coreduc.cl\/hvl\/noticias\/","title":{"rendered":"Noticias"},"content":{"rendered":"<div class=\"wpb-content-wrapper\"><p>[vc_row css_animation=\u00bb\u00bb row_type=\u00bbrow\u00bb use_row_as_full_screen_section=\u00bbno\u00bb type=\u00bbfull_width\u00bb angled_section=\u00bbno\u00bb text_align=\u00bbleft\u00bb background_image_as_pattern=\u00bbwithout_pattern\u00bb][vc_column]<div class='latest_post_two_holder four_columns'><ul><li class=\"clearfix\"><div class=\"latest_post_two_image\"><a itemprop=\"url\" href=\"https:\/\/www.coreduc.cl\/hvl\/programa-de-celebracion-de-la-educacion-tecnico-profesional-ano-2022\/\"><img loading=\"lazy\" decoding=\"async\" width=\"700\" height=\"404\" src=\"https:\/\/www.coreduc.cl\/hvl\/wp-content\/uploads\/2022\/08\/nota-programa-hvl-700x404.jpg\" class=\"attachment-portfolio_masonry_with_space size-portfolio_masonry_with_space wp-post-image\" alt=\"\" srcset=\"https:\/\/www.coreduc.cl\/hvl\/wp-content\/uploads\/2022\/08\/nota-programa-hvl-700x404.jpg 700w, https:\/\/www.coreduc.cl\/hvl\/wp-content\/uploads\/2022\/08\/nota-programa-hvl-300x173.jpg 300w, https:\/\/www.coreduc.cl\/hvl\/wp-content\/uploads\/2022\/08\/nota-programa-hvl-768x444.jpg 768w, https:\/\/www.coreduc.cl\/hvl\/wp-content\/uploads\/2022\/08\/nota-programa-hvl-345x198.jpg 345w, https:\/\/www.coreduc.cl\/hvl\/wp-content\/uploads\/2022\/08\/nota-programa-hvl.jpg 900w\" sizes=\"(max-width: 700px) 100vw, 700px\" \/><\/a><\/div><div class=\"latest_post_two_inner\" ><div class=\"latest_post_two_text\"><h5 itemprop=\"name\" class=\"latest_post_two_title entry_title\"><a itemprop=\"url\" href=\"https:\/\/www.coreduc.cl\/hvl\/programa-de-celebracion-de-la-educacion-tecnico-profesional-ano-2022\/\" >Programa de Celebraci\u00f3n de La Educaci\u00f3n T\u00e9cnico Profesional \u2013 A\u00f1o 2022<\/a><\/h5><div class=\"separator small left \" ><\/div><p itemprop=\"description\" class=\"latest_post_two_excerpt\" >Actividades Principales<\/p><\/div><div class=\"latest_post_two_info\" ><div class=\"latest_post_two_info_inner\" ><div class=\"post_info_author\"><img alt='Author Image' src='https:\/\/secure.gravatar.com\/avatar\/052da8cec5d507c6fbaf0b1a22c4d8c2?s=30&#038;d=mm&#038;r=g' srcset='https:\/\/secure.gravatar.com\/avatar\/052da8cec5d507c6fbaf0b1a22c4d8c2?s=60&#038;d=mm&#038;r=g 2x' class='avatar avatar-30 photo' height='30' width='30' \/><span class=\"post_info_author_name\">admin<\/span><\/div><div itemprop=\"dateCreated\" class=\"post_info_date entry_date updated\">19 agosto, 2022<meta itemprop=\"interactionCount\" content=\"UserComments: <?php echo get_comments_number(qode_get_page_id()); ?>\"\/><\/div><\/div><\/div><\/div><\/li><li class=\"clearfix\"><div class=\"latest_post_two_image\"><a itemprop=\"url\" href=\"https:\/\/www.coreduc.cl\/hvl\/ganadores-concurso-de-cuentos-preventivos\/\"><img loading=\"lazy\" decoding=\"async\" width=\"700\" height=\"404\" src=\"https:\/\/www.coreduc.cl\/hvl\/wp-content\/uploads\/2020\/12\/nota-hvl1512-700x404.jpg\" class=\"attachment-portfolio_masonry_with_space size-portfolio_masonry_with_space wp-post-image\" alt=\"\" srcset=\"https:\/\/www.coreduc.cl\/hvl\/wp-content\/uploads\/2020\/12\/nota-hvl1512-700x404.jpg 700w, https:\/\/www.coreduc.cl\/hvl\/wp-content\/uploads\/2020\/12\/nota-hvl1512-300x173.jpg 300w, https:\/\/www.coreduc.cl\/hvl\/wp-content\/uploads\/2020\/12\/nota-hvl1512-768x444.jpg 768w, https:\/\/www.coreduc.cl\/hvl\/wp-content\/uploads\/2020\/12\/nota-hvl1512-345x198.jpg 345w, https:\/\/www.coreduc.cl\/hvl\/wp-content\/uploads\/2020\/12\/nota-hvl1512.jpg 900w\" sizes=\"(max-width: 700px) 100vw, 700px\" \/><\/a><\/div><div class=\"latest_post_two_inner\" ><div class=\"latest_post_two_text\"><h5 itemprop=\"name\" class=\"latest_post_two_title entry_title\"><a itemprop=\"url\" href=\"https:\/\/www.coreduc.cl\/hvl\/ganadores-concurso-de-cuentos-preventivos\/\" >Ganadores Concurso De Cuentos Preventivos<\/a><\/h5><div class=\"separator small left \" ><\/div><p itemprop=\"description\" class=\"latest_post_two_excerpt\" >Ganadores Concurso de Cuentos Preventivos COREDUC <\/p><\/div><div class=\"latest_post_two_info\" ><div class=\"latest_post_two_info_inner\" ><div class=\"post_info_author\"><img alt='Author Image' src='https:\/\/secure.gravatar.com\/avatar\/052da8cec5d507c6fbaf0b1a22c4d8c2?s=30&#038;d=mm&#038;r=g' srcset='https:\/\/secure.gravatar.com\/avatar\/052da8cec5d507c6fbaf0b1a22c4d8c2?s=60&#038;d=mm&#038;r=g 2x' class='avatar avatar-30 photo' height='30' width='30' \/><span class=\"post_info_author_name\">admin<\/span><\/div><div itemprop=\"dateCreated\" class=\"post_info_date entry_date updated\">15 diciembre, 2020<meta itemprop=\"interactionCount\" content=\"UserComments: <?php echo get_comments_number(qode_get_page_id()); ?>\"\/><\/div><\/div><\/div><\/div><\/li><li class=\"clearfix\"><div class=\"latest_post_two_image\"><a itemprop=\"url\" href=\"https:\/\/www.coreduc.cl\/hvl\/ublica-ano-2017-liceo-hernan-valenzuela-leyton\/\"><img loading=\"lazy\" decoding=\"async\" width=\"600\" height=\"347\" src=\"https:\/\/www.coreduc.cl\/hvl\/wp-content\/uploads\/2019\/09\/cuenta.png\" class=\"attachment-portfolio_masonry_with_space size-portfolio_masonry_with_space wp-post-image\" alt=\"\" srcset=\"https:\/\/www.coreduc.cl\/hvl\/wp-content\/uploads\/2019\/09\/cuenta.png 600w, https:\/\/www.coreduc.cl\/hvl\/wp-content\/uploads\/2019\/09\/cuenta-300x174.png 300w\" sizes=\"(max-width: 600px) 100vw, 600px\" \/><\/a><\/div><div class=\"latest_post_two_inner\" ><div class=\"latest_post_two_text\"><h5 itemprop=\"name\" class=\"latest_post_two_title entry_title\"><a itemprop=\"url\" href=\"https:\/\/www.coreduc.cl\/hvl\/ublica-ano-2017-liceo-hernan-valenzuela-leyton\/\" >\u00fablica A\u00f1o 2017 Liceo Hern\u00e1n Valenzuela Leyton<\/a><\/h5><div class=\"separator small left \" ><\/div><p itemprop=\"description\" class=\"latest_post_two_excerpt\" >Como es tradicional, el mi\u00e9rcoles 28 de marzo, se realiz\u00f3 la<\/p><\/div><div class=\"latest_post_two_info\" ><div class=\"latest_post_two_info_inner\" ><div class=\"post_info_author\"><img alt='Author Image' src='https:\/\/secure.gravatar.com\/avatar\/052da8cec5d507c6fbaf0b1a22c4d8c2?s=30&#038;d=mm&#038;r=g' srcset='https:\/\/secure.gravatar.com\/avatar\/052da8cec5d507c6fbaf0b1a22c4d8c2?s=60&#038;d=mm&#038;r=g 2x' class='avatar avatar-30 photo' height='30' width='30' \/><span class=\"post_info_author_name\">admin<\/span><\/div><div itemprop=\"dateCreated\" class=\"post_info_date entry_date updated\">04 abril, 2018<meta itemprop=\"interactionCount\" content=\"UserComments: <?php echo get_comments_number(qode_get_page_id()); ?>\"\/><\/div><\/div><\/div><\/div><\/li><li class=\"clearfix\"><div class=\"latest_post_two_image\"><a itemprop=\"url\" href=\"https:\/\/www.coreduc.cl\/hvl\/celebracion-dia-de-la-educacion\/\"><img loading=\"lazy\" decoding=\"async\" width=\"600\" height=\"347\" src=\"https:\/\/www.coreduc.cl\/hvl\/wp-content\/uploads\/2019\/09\/celebracion.png\" class=\"attachment-portfolio_masonry_with_space size-portfolio_masonry_with_space wp-post-image\" alt=\"\" srcset=\"https:\/\/www.coreduc.cl\/hvl\/wp-content\/uploads\/2019\/09\/celebracion.png 600w, https:\/\/www.coreduc.cl\/hvl\/wp-content\/uploads\/2019\/09\/celebracion-300x174.png 300w\" sizes=\"(max-width: 600px) 100vw, 600px\" \/><\/a><\/div><div class=\"latest_post_two_inner\" ><div class=\"latest_post_two_text\"><h5 itemprop=\"name\" class=\"latest_post_two_title entry_title\"><a itemprop=\"url\" href=\"https:\/\/www.coreduc.cl\/hvl\/celebracion-dia-de-la-educacion\/\" >Celebraci\u00f3n d\u00eda de la educaci\u00f3n<\/a><\/h5><div class=\"separator small left \" ><\/div><p itemprop=\"description\" class=\"latest_post_two_excerpt\" >Con asistencia de las alumnas y los alumnos de 2\u00b0 a\u00f1os medio<\/p><\/div><div class=\"latest_post_two_info\" ><div class=\"latest_post_two_info_inner\" ><div class=\"post_info_author\"><img alt='Author Image' src='https:\/\/secure.gravatar.com\/avatar\/052da8cec5d507c6fbaf0b1a22c4d8c2?s=30&#038;d=mm&#038;r=g' srcset='https:\/\/secure.gravatar.com\/avatar\/052da8cec5d507c6fbaf0b1a22c4d8c2?s=60&#038;d=mm&#038;r=g 2x' class='avatar avatar-30 photo' height='30' width='30' \/><span class=\"post_info_author_name\">admin<\/span><\/div><div itemprop=\"dateCreated\" class=\"post_info_date entry_date updated\">04 septiembre, 2017<meta itemprop=\"interactionCount\" content=\"UserComments: <?php echo get_comments_number(qode_get_page_id()); ?>\"\/><\/div><\/div><\/div><\/div><\/li><li class=\"clearfix\"><div class=\"latest_post_two_image\"><a itemprop=\"url\" href=\"https:\/\/www.coreduc.cl\/hvl\/proceso-de-admision-1er-ano-medio-2018\/\"><img loading=\"lazy\" decoding=\"async\" width=\"600\" height=\"347\" src=\"https:\/\/www.coreduc.cl\/hvl\/wp-content\/uploads\/2019\/09\/admision.png\" class=\"attachment-portfolio_masonry_with_space size-portfolio_masonry_with_space wp-post-image\" alt=\"\" srcset=\"https:\/\/www.coreduc.cl\/hvl\/wp-content\/uploads\/2019\/09\/admision.png 600w, https:\/\/www.coreduc.cl\/hvl\/wp-content\/uploads\/2019\/09\/admision-300x174.png 300w\" sizes=\"(max-width: 600px) 100vw, 600px\" \/><\/a><\/div><div class=\"latest_post_two_inner\" ><div class=\"latest_post_two_text\"><h5 itemprop=\"name\" class=\"latest_post_two_title entry_title\"><a itemprop=\"url\" href=\"https:\/\/www.coreduc.cl\/hvl\/proceso-de-admision-1er-ano-medio-2018\/\" >Proceso de admisi\u00f3n 1er a\u00f1o medio 2018<\/a><\/h5><div class=\"separator small left \" ><\/div><p itemprop=\"description\" class=\"latest_post_two_excerpt\" >La familia interesada en postular a su hijo(a) deber\u00e1 inscri<\/p><\/div><div class=\"latest_post_two_info\" ><div class=\"latest_post_two_info_inner\" ><div class=\"post_info_author\"><img alt='Author Image' src='https:\/\/secure.gravatar.com\/avatar\/052da8cec5d507c6fbaf0b1a22c4d8c2?s=30&#038;d=mm&#038;r=g' srcset='https:\/\/secure.gravatar.com\/avatar\/052da8cec5d507c6fbaf0b1a22c4d8c2?s=60&#038;d=mm&#038;r=g 2x' class='avatar avatar-30 photo' height='30' width='30' \/><span class=\"post_info_author_name\">admin<\/span><\/div><div itemprop=\"dateCreated\" class=\"post_info_date entry_date updated\">01 agosto, 2017<meta itemprop=\"interactionCount\" content=\"UserComments: <?php echo get_comments_number(qode_get_page_id()); ?>\"\/><\/div><\/div><\/div><\/div><\/li><li class=\"clearfix\"><div class=\"latest_post_two_image\"><a itemprop=\"url\" href=\"https:\/\/www.coreduc.cl\/hvl\/talleres-de-capacitacion-para-el-trabajo-en-altura\/\"><img loading=\"lazy\" decoding=\"async\" width=\"600\" height=\"347\" src=\"https:\/\/www.coreduc.cl\/hvl\/wp-content\/uploads\/2019\/09\/alturta.png\" class=\"attachment-portfolio_masonry_with_space size-portfolio_masonry_with_space wp-post-image\" alt=\"\" srcset=\"https:\/\/www.coreduc.cl\/hvl\/wp-content\/uploads\/2019\/09\/alturta.png 600w, https:\/\/www.coreduc.cl\/hvl\/wp-content\/uploads\/2019\/09\/alturta-300x174.png 300w\" sizes=\"(max-width: 600px) 100vw, 600px\" \/><\/a><\/div><div class=\"latest_post_two_inner\" ><div class=\"latest_post_two_text\"><h5 itemprop=\"name\" class=\"latest_post_two_title entry_title\"><a itemprop=\"url\" href=\"https:\/\/www.coreduc.cl\/hvl\/talleres-de-capacitacion-para-el-trabajo-en-altura\/\" >Talleres de capacitaci\u00f3n para el trabajo en altura<\/a><\/h5><div class=\"separator small left \" ><\/div><p itemprop=\"description\" class=\"latest_post_two_excerpt\" >Ingenier\u00eda y Construcci\u00f3n Sigdo Koppers S.A. y la Corporaci\u00f3<\/p><\/div><div class=\"latest_post_two_info\" ><div class=\"latest_post_two_info_inner\" ><div class=\"post_info_author\"><img alt='Author Image' src='https:\/\/secure.gravatar.com\/avatar\/052da8cec5d507c6fbaf0b1a22c4d8c2?s=30&#038;d=mm&#038;r=g' srcset='https:\/\/secure.gravatar.com\/avatar\/052da8cec5d507c6fbaf0b1a22c4d8c2?s=60&#038;d=mm&#038;r=g 2x' class='avatar avatar-30 photo' height='30' width='30' \/><span class=\"post_info_author_name\">admin<\/span><\/div><div itemprop=\"dateCreated\" class=\"post_info_date entry_date updated\">01 agosto, 2017<meta itemprop=\"interactionCount\" content=\"UserComments: <?php echo get_comments_number(qode_get_page_id()); ?>\"\/><\/div><\/div><\/div><\/div><\/li><li class=\"clearfix\"><div class=\"latest_post_two_image\"><a itemprop=\"url\" href=\"https:\/\/www.coreduc.cl\/hvl\/dia-mundial-del-medio-ambiente\/\"><img loading=\"lazy\" decoding=\"async\" width=\"600\" height=\"347\" src=\"https:\/\/www.coreduc.cl\/hvl\/wp-content\/uploads\/2019\/09\/medioambiente.png\" class=\"attachment-portfolio_masonry_with_space size-portfolio_masonry_with_space wp-post-image\" alt=\"\" srcset=\"https:\/\/www.coreduc.cl\/hvl\/wp-content\/uploads\/2019\/09\/medioambiente.png 600w, https:\/\/www.coreduc.cl\/hvl\/wp-content\/uploads\/2019\/09\/medioambiente-300x174.png 300w\" sizes=\"(max-width: 600px) 100vw, 600px\" \/><\/a><\/div><div class=\"latest_post_two_inner\" ><div class=\"latest_post_two_text\"><h5 itemprop=\"name\" class=\"latest_post_two_title entry_title\"><a itemprop=\"url\" href=\"https:\/\/www.coreduc.cl\/hvl\/dia-mundial-del-medio-ambiente\/\" >D\u00eda Mundial del Medio Ambiente<\/a><\/h5><div class=\"separator small left \" ><\/div><p itemprop=\"description\" class=\"latest_post_two_excerpt\" >Con motivo de celebrarse el lunes 5 de junio de 2017 el D\u00eda <\/p><\/div><div class=\"latest_post_two_info\" ><div class=\"latest_post_two_info_inner\" ><div class=\"post_info_author\"><img alt='Author Image' src='https:\/\/secure.gravatar.com\/avatar\/052da8cec5d507c6fbaf0b1a22c4d8c2?s=30&#038;d=mm&#038;r=g' srcset='https:\/\/secure.gravatar.com\/avatar\/052da8cec5d507c6fbaf0b1a22c4d8c2?s=60&#038;d=mm&#038;r=g 2x' class='avatar avatar-30 photo' height='30' width='30' \/><span class=\"post_info_author_name\">admin<\/span><\/div><div itemprop=\"dateCreated\" class=\"post_info_date entry_date updated\">17 julio, 2017<meta itemprop=\"interactionCount\" content=\"UserComments: <?php echo get_comments_number(qode_get_page_id()); ?>\"\/><\/div><\/div><\/div><\/div><\/li><li class=\"clearfix\"><div class=\"latest_post_two_image\"><a itemprop=\"url\" href=\"https:\/\/www.coreduc.cl\/hvl\/orquesta-sinfonica-de-la-u-de-concepcion-se-presento-en-el-gimnasio-del-liceo\/\"><img loading=\"lazy\" decoding=\"async\" width=\"600\" height=\"347\" src=\"https:\/\/www.coreduc.cl\/hvl\/wp-content\/uploads\/2015\/11\/udeconce.png\" class=\"attachment-portfolio_masonry_with_space size-portfolio_masonry_with_space wp-post-image\" alt=\"\" srcset=\"https:\/\/www.coreduc.cl\/hvl\/wp-content\/uploads\/2015\/11\/udeconce.png 600w, https:\/\/www.coreduc.cl\/hvl\/wp-content\/uploads\/2015\/11\/udeconce-300x174.png 300w\" sizes=\"(max-width: 600px) 100vw, 600px\" \/><\/a><\/div><div class=\"latest_post_two_inner\" ><div class=\"latest_post_two_text\"><h5 itemprop=\"name\" class=\"latest_post_two_title entry_title\"><a itemprop=\"url\" href=\"https:\/\/www.coreduc.cl\/hvl\/orquesta-sinfonica-de-la-u-de-concepcion-se-presento-en-el-gimnasio-del-liceo\/\" >Orquesta Sinf\u00f3nica de la U de Concepci\u00f3n se present\u00f3 en el Gimnasio del Liceo<\/a><\/h5><div class=\"separator small left \" ><\/div><p itemprop=\"description\" class=\"latest_post_two_excerpt\" >la Orquesta Sinf\u00f3nica de la U. de Concepci\u00f3n, dirigida por P<\/p><\/div><div class=\"latest_post_two_info\" ><div class=\"latest_post_two_info_inner\" ><div class=\"post_info_author\"><img alt='Author Image' src='https:\/\/secure.gravatar.com\/avatar\/052da8cec5d507c6fbaf0b1a22c4d8c2?s=30&#038;d=mm&#038;r=g' srcset='https:\/\/secure.gravatar.com\/avatar\/052da8cec5d507c6fbaf0b1a22c4d8c2?s=60&#038;d=mm&#038;r=g 2x' class='avatar avatar-30 photo' height='30' width='30' \/><span class=\"post_info_author_name\">admin<\/span><\/div><div itemprop=\"dateCreated\" class=\"post_info_date entry_date updated\">04 abril, 2016<meta itemprop=\"interactionCount\" content=\"UserComments: <?php echo get_comments_number(qode_get_page_id()); ?>\"\/><\/div><\/div><\/div><\/div><\/li><li class=\"clearfix\"><div class=\"latest_post_two_image\"><a itemprop=\"url\" href=\"https:\/\/www.coreduc.cl\/hvl\/titulacion-2015\/\"><img loading=\"lazy\" decoding=\"async\" width=\"600\" height=\"347\" src=\"https:\/\/www.coreduc.cl\/hvl\/wp-content\/uploads\/2019\/09\/2015.png\" class=\"attachment-portfolio_masonry_with_space size-portfolio_masonry_with_space wp-post-image\" alt=\"\" srcset=\"https:\/\/www.coreduc.cl\/hvl\/wp-content\/uploads\/2019\/09\/2015.png 600w, https:\/\/www.coreduc.cl\/hvl\/wp-content\/uploads\/2019\/09\/2015-300x174.png 300w\" sizes=\"(max-width: 600px) 100vw, 600px\" \/><\/a><\/div><div class=\"latest_post_two_inner\" ><div class=\"latest_post_two_text\"><h5 itemprop=\"name\" class=\"latest_post_two_title entry_title\"><a itemprop=\"url\" href=\"https:\/\/www.coreduc.cl\/hvl\/titulacion-2015\/\" >Titulaci\u00f3n 2015<\/a><\/h5><div class=\"separator small left \" ><\/div><p itemprop=\"description\" class=\"latest_post_two_excerpt\" >El mi\u00e9rcoles 14 de octubre de 2015, a partir de las 17:00 hr<\/p><\/div><div class=\"latest_post_two_info\" ><div class=\"latest_post_two_info_inner\" ><div class=\"post_info_author\"><img alt='Author Image' src='https:\/\/secure.gravatar.com\/avatar\/052da8cec5d507c6fbaf0b1a22c4d8c2?s=30&#038;d=mm&#038;r=g' srcset='https:\/\/secure.gravatar.com\/avatar\/052da8cec5d507c6fbaf0b1a22c4d8c2?s=60&#038;d=mm&#038;r=g 2x' class='avatar avatar-30 photo' height='30' width='30' \/><span class=\"post_info_author_name\">admin<\/span><\/div><div itemprop=\"dateCreated\" class=\"post_info_date entry_date updated\">10 noviembre, 2015<meta itemprop=\"interactionCount\" content=\"UserComments: <?php echo get_comments_number(qode_get_page_id()); ?>\"\/><\/div><\/div><\/div><\/div><\/li><li class=\"clearfix\"><div class=\"latest_post_two_image\"><a itemprop=\"url\" href=\"https:\/\/www.coreduc.cl\/hvl\/fiestas-patrias-2015\/\"><img loading=\"lazy\" decoding=\"async\" width=\"600\" height=\"347\" src=\"https:\/\/www.coreduc.cl\/hvl\/wp-content\/uploads\/2019\/09\/fiestas.png\" class=\"attachment-portfolio_masonry_with_space size-portfolio_masonry_with_space wp-post-image\" alt=\"\" srcset=\"https:\/\/www.coreduc.cl\/hvl\/wp-content\/uploads\/2019\/09\/fiestas.png 600w, https:\/\/www.coreduc.cl\/hvl\/wp-content\/uploads\/2019\/09\/fiestas-300x174.png 300w\" sizes=\"(max-width: 600px) 100vw, 600px\" \/><\/a><\/div><div class=\"latest_post_two_inner\" ><div class=\"latest_post_two_text\"><h5 itemprop=\"name\" class=\"latest_post_two_title entry_title\"><a itemprop=\"url\" href=\"https:\/\/www.coreduc.cl\/hvl\/fiestas-patrias-2015\/\" >Fiestas Patrias 2015<\/a><\/h5><div class=\"separator small left \" ><\/div><p itemprop=\"description\" class=\"latest_post_two_excerpt\" >Con la presencia de toda la Comunidad Educativa se celebraro<\/p><\/div><div class=\"latest_post_two_info\" ><div class=\"latest_post_two_info_inner\" ><div class=\"post_info_author\"><img alt='Author Image' src='https:\/\/secure.gravatar.com\/avatar\/052da8cec5d507c6fbaf0b1a22c4d8c2?s=30&#038;d=mm&#038;r=g' srcset='https:\/\/secure.gravatar.com\/avatar\/052da8cec5d507c6fbaf0b1a22c4d8c2?s=60&#038;d=mm&#038;r=g 2x' class='avatar avatar-30 photo' height='30' width='30' \/><span class=\"post_info_author_name\">admin<\/span><\/div><div itemprop=\"dateCreated\" class=\"post_info_date entry_date updated\">05 octubre, 2015<meta itemprop=\"interactionCount\" content=\"UserComments: <?php echo get_comments_number(qode_get_page_id()); ?>\"\/><\/div><\/div><\/div><\/div><\/li><\/ul><\/div>[\/vc_column][\/vc_row]<\/p>\n<\/div>","protected":false},"excerpt":{"rendered":"<p>[vc_row css_animation=\u00bb\u00bb row_type=\u00bbrow\u00bb use_row_as_full_screen_section=\u00bbno\u00bb type=\u00bbfull_width\u00bb angled_section=\u00bbno\u00bb text_align=\u00bbleft\u00bb background_image_as_pattern=\u00bbwithout_pattern\u00bb][vc_column][\/vc_column][\/vc_row]<\/p>\n","protected":false},"author":6,"featured_media":0,"parent":0,"menu_order":0,"comment_status":"closed","ping_status":"closed","template":"","meta":{"footnotes":""},"_links":{"self":[{"href":"https:\/\/www.coreduc.cl\/hvl\/wp-json\/wp\/v2\/pages\/185"}],"collection":[{"href":"https:\/\/www.coreduc.cl\/hvl\/wp-json\/wp\/v2\/pages"}],"about":[{"href":"https:\/\/www.coreduc.cl\/hvl\/wp-json\/wp\/v2\/types\/page"}],"author":[{"embeddable":true,"href":"https:\/\/www.coreduc.cl\/hvl\/wp-json\/wp\/v2\/users\/6"}],"replies":[{"embeddable":true,"href":"https:\/\/www.coreduc.cl\/hvl\/wp-json\/wp\/v2\/comments?post=185"}],"version-history":[{"count":8,"href":"https:\/\/www.coreduc.cl\/hvl\/wp-json\/wp\/v2\/pages\/185\/revisions"}],"predecessor-version":[{"id":272,"href":"https:\/\/www.coreduc.cl\/hvl\/wp-json\/wp\/v2\/pages\/185\/revisions\/272"}],"wp:attachment":[{"href":"https:\/\/www.coreduc.cl\/hvl\/wp-json\/wp\/v2\/media?parent=185"}],"curies":[{"name":"wp","href":"https:\/\/api.w.org\/{rel}","templated":true}]}}