{"id":118,"date":"2019-09-13T09:41:29","date_gmt":"2019-09-13T12:41:29","guid":{"rendered":"https:\/\/www.coreduc.cl\/hvl\/?page_id=118"},"modified":"2019-09-13T09:41:29","modified_gmt":"2019-09-13T12:41:29","slug":"especialidades-2","status":"publish","type":"page","link":"https:\/\/www.coreduc.cl\/hvl\/especialidades-2\/","title":{"rendered":"Especialidades"},"content":{"rendered":"<div class=\"wpb-content-wrapper\"><p>[vc_row css_animation=\u00bb\u00bb row_type=\u00bbrow\u00bb use_row_as_full_screen_section=\u00bbno\u00bb type=\u00bbfull_width\u00bb angled_section=\u00bbno\u00bb text_align=\u00bbleft\u00bb background_image_as_pattern=\u00bbwithout_pattern\u00bb][vc_column][vc_column_text css=\u00bb.vc_custom_1568377656800{margin-bottom: 40px !important;}\u00bb]<\/p>\n<h4>ESPECIALIDAD: CONSTRUCCIONES MET\u00c1LICAS MODALIDAD DUAL<\/h4>\n<p>[\/vc_column_text][vc_single_image image=\u00bb119&#8243; img_size=\u00bbfull\u00bb qode_css_animation=\u00bb\u00bb][vc_empty_space][vc_column_text css=\u00bb.vc_custom_1568377426245{margin-bottom: 30px !important;}\u00bb]La especialidad de Construcciones Met\u00e1licas, pertenece al sector econ\u00f3mico Metalmec\u00e1nico.<\/p>\n<p>Se imparte con el modelo Dual desde el a\u00f1o 2002.<\/p>\n<p>Sus cursos son el 3\u00b0 a\u00f1o A y el 4\u00b0 a\u00f1o A.<\/p>\n<p>N\u00b0 de vacantes para 3\u00b0 a\u00f1o: 30 estudiantes.<\/p>\n<p>Dispone de un amplio taller, con instalaciones e infraestructura\u00a0 adecuadas, con 16 cabinas de soldar con sistema forzado de extracci\u00f3n de gases, equipos, m\u00e1quinas, instrumentos y herramientas con tecnolog\u00eda actual en cantidad necesaria para atender a 35 estudiantes simult\u00e1neamente. Posee una Red H\u00fameda, V\u00eda de Escape a la Zona de Seguridad, Se\u00f1al\u00e9ticas de seguridad, buena iluminaci\u00f3n, instalaci\u00f3n el\u00e9ctrica monof\u00e1sica, bif\u00e1sica y trif\u00e1sica recientemente modernizada.<\/p>\n<p>Cuenta con Docentes con alta competencia profesional y acad\u00e9mica. Anualmente se establecen convenios con alrededor de 15 empresas del sector con el prop\u00f3sito de lograr una formaci\u00f3n profesional integral en un contexto real y de alta significancia. Para ello se comprometen con cupos duales y de pr\u00e1cticas profesionales, charlas t\u00e9cnicas, pasant\u00edas y perfeccionamiento para profesores.[\/vc_column_text][vc_column_text]<strong>COMPETENCIAS T\u00c9CNICAS DEL EGRESADO:<\/strong><\/p>\n<p>La y el T\u00e9cnico de Nivel Medio en Construcciones Met\u00e1licas est\u00e1 capacitada(o) para:<\/p>\n<ol>\n<li>Fabricar, reparar y mantener piezas, partes, componentes y sistemas de construcciones met\u00e1licas de acuerdo a los planos y las especificaciones t\u00e9cnicas del proyecto.<\/li>\n<li>Armar y montar, en obra o en taller elementos y subconjuntos de elementos de estructuras met\u00e1licas para instalaciones industriales de acuerdo a los planos y las especificaciones t\u00e9cnicas del proyecto.<\/li>\n<li>Mecanizar taladrado, esmerilado, aserrado y conformado de partes y piezas met\u00e1licas, con herramientas manuales y semiautom\u00e1ticas.<\/li>\n<li>Cubicar y presupuestar materiales de estructuras met\u00e1licas de acuerdo a los planos y las especificaciones t\u00e9cnicas de un proyecto.<\/li>\n<li>Fabricar elementos decorativos, de protecci\u00f3n y mobiliarios con tubos, perfiles y chapas met\u00e1licas de acuerdo a los planos de un proyecto.<\/li>\n<\/ol>\n<p>&nbsp;<\/p>\n<p><strong>CAMPO OCUPACIONAL:<\/strong><\/p>\n<p>Las t\u00e9cnicas y t\u00e9cnicos de esta especialidad se desempe\u00f1an en empresas del sector metalmec\u00e1nico, tales como maestranzas, participando en procesos de fabricaci\u00f3n, montaje, instalaci\u00f3n y mantenci\u00f3n de estructuras y componentes de acero.<\/p>\n<p>&nbsp;<\/p>\n<p><strong>EMPRESAS COLABORADORAS:<\/strong><\/p>\n<p>Las principales empresas colaboradoras son:<\/p>\n<p>Fabricaci\u00f3n y Montaje Pedro Sanhueza Campos<\/p>\n<p>Edyce Metal\u00fargica\u00a0 S.A.<\/p>\n<p>SIGU Ingenier\u00eda y Construcci\u00f3n<\/p>\n<p>JLM Construcci\u00f3n en Acero SPA<\/p>\n<p>Maestranza Acero Sur E.I.R.L.<\/p>\n<p>Neumann S.A.<\/p>\n<p>Ingenier\u00eda y Montajes Cristian Mellado Calder\u00f3n<\/p>\n<p>Maestranza Carriel Norte Ltda.<\/p>\n<p>Famac\u00f3n S.A.<\/p>\n<p>Construcciones y Servicios L y V Ltda.[\/vc_column_text][vc_empty_space][\/vc_column][\/vc_row][vc_row css_animation=\u00bb\u00bb row_type=\u00bbrow\u00bb use_row_as_full_screen_section=\u00bbno\u00bb type=\u00bbfull_width\u00bb angled_section=\u00bbno\u00bb text_align=\u00bbleft\u00bb background_image_as_pattern=\u00bbwithout_pattern\u00bb][vc_column][vc_column_text css=\u00bb.vc_custom_1568377814550{margin-top: 40px !important;margin-bottom: 40px !important;}\u00bb]<\/p>\n<h4>ESPECIALIDAD: CONSTRUCCIONES MET\u00c1LICAS MODALIDAD DUAL<\/h4>\n<p>[\/vc_column_text][vc_single_image image=\u00bb123&#8243; img_size=\u00bbfull\u00bb qode_css_animation=\u00bb\u00bb][vc_empty_space][vc_column_text]La especialidad de Administraci\u00f3n, pertenece al sector econ\u00f3mico de Administraci\u00f3n. Se imparte en el liceo y con el modelo dual desde el a\u00f1o 2013.<\/p>\n<p>Sus cursos son el 3\u00b0 a\u00f1o B y 4\u00b0 a\u00f1o B.<\/p>\n<p>N\u00b0 de vacantes para 3\u00b0 a\u00f1o: 30 estudiantes.<\/p>\n<p>Dispone con un laboratorio acondicionado con 30 puestos de trabajo m\u00e1s el del profesor, cada uno de ellos con un equipo computacional de \u00faltima generaci\u00f3n, adem\u00e1s posee un proyector multimedia y una fotocopiadora. La sala tiene un sistema de climatizaci\u00f3n.<\/p>\n<p>Cuenta con Docentes con alta competencia profesional y acad\u00e9mica. Anualmente se establecen convenios con alrededor de 50 empresas con el prop\u00f3sito de lograr una formaci\u00f3n profesional integral en un contexto real y de alta significancia. Para ello se comprometen con cupos duales, de pr\u00e1cticas profesionales y charlas t\u00e9cnicas.<\/p>\n<p>&nbsp;<\/p>\n<p><strong>COMPETENCIAS T\u00c9CNICAS DEL EGRESADO:<\/strong><\/p>\n<p>El T\u00e9cnico de Nivel Medio en Construcciones Met\u00e1licas est\u00e1 capacitado para:<\/p>\n<ol>\n<li>Llenado y tramitaci\u00f3n de contratos de trabajo, remuneraciones y finiquito, de acuerdo a la legislaci\u00f3n vigente.<\/li>\n<li>C\u00e1lculo de remuneraciones y finiquitos, obligaciones tributarias y previsionales del personal de una empresa, de acuerdo a los contratos de trabajo y la legislaci\u00f3n vigente.<\/li>\n<li>Tratamiento de informaci\u00f3n de bienestar y desarrollo de las personas; ascensos, promociones, transferencias, capacitaci\u00f3n, desempe\u00f1os, evaluaciones, entre otros, para la toma de decisiones de las jefaturas.<\/li>\n<li>Planificaci\u00f3n, implementaci\u00f3n y evaluaci\u00f3n de procesos de descripci\u00f3n de cargos, de reclutamiento e inducci\u00f3n b\u00e1sica de personal, de acuerdo a las necesidades de la empresa, los procedimientos establecidos y la normativa vigente.<\/li>\n<\/ol>\n<p>&nbsp;<\/p>\n<p><strong>CAMPO OCUPACIONAL:<\/strong><\/p>\n<p>Las t\u00e9cnicas y los t\u00e9cnicos de esta especialidad se desempe\u00f1an en peque\u00f1as, medianas y grandes empresas tanto de los sectores productivos como de servicios, desarrollando labores de apoyo a distintos procesos administrativos y comerciales, en \u00e1reas de reclutamiento y selecci\u00f3n de personal, capacitaci\u00f3n, remuneraciones, evaluaci\u00f3n y en todas aquellas que intervienen en los procesos y subprocesos de recursos humanos.<\/p>\n<p>&nbsp;<\/p>\n<p><strong>EMPRESAS COLABORADORAS:<\/strong><\/p>\n<p>Las principales empresas colaboradoras son:<\/p>\n<p>Homecenter Sodimac S.A. Local 81<\/p>\n<p>Administradora Cordillera Ltda.<\/p>\n<p>Venteko Home Concepci\u00f3n<\/p>\n<p>Soc. Pesquera Landes S.A.<\/p>\n<p>Transportes Pac\u00edfico Ltda.<\/p>\n<p>Inmobiliaria Socovesa Sur S.A.<\/p>\n<p>Royal Santiago Hotel S.A.<\/p>\n<p>Ingenier\u00eda y Tecnolog\u00eda Kropsis Ltda.<\/p>\n<p>Crecic S.A.[\/vc_column_text][vc_empty_space][\/vc_column][\/vc_row][vc_row css_animation=\u00bb\u00bb row_type=\u00bbrow\u00bb use_row_as_full_screen_section=\u00bbno\u00bb type=\u00bbfull_width\u00bb angled_section=\u00bbno\u00bb text_align=\u00bbleft\u00bb background_image_as_pattern=\u00bbwithout_pattern\u00bb][vc_column][vc_column_text css=\u00bb.vc_custom_1568377870613{margin-top: 40px !important;margin-bottom: 40px !important;}\u00bb]<\/p>\n<h4><strong>ESPECIALIDAD: INSTALACIONES SANITARIAS MODALIDAD DUAL<\/strong><\/h4>\n<p>[\/vc_column_text][vc_single_image image=\u00bb126&#8243; img_size=\u00bbfull\u00bb qode_css_animation=\u00bb\u00bb][vc_empty_space][vc_column_text]La especialidad de Instalaciones Sanitarias, pertenece al sector econ\u00f3mico Construcci\u00f3n.<\/p>\n<p>Se imparte en nuestro liceo desde el a\u00f1o 1972 y desde el a\u00f1o 2017\u00a0 con el modelo Dual.<\/p>\n<p>Sus cursos son el 3\u00b0 a\u00f1o C y el 4\u00b0 a\u00f1o C.<\/p>\n<p>N\u00b0 de vacantes para 3\u00b0 a\u00f1o: 30 estudiantes.<\/p>\n<p>&nbsp;<\/p>\n<p>Dispone de un taller de 294 m\u00b2 con instalaciones e infraestructura adecuadas para atender simult\u00e1neamente a 50 estudiantes. Dispone de suficientes Bancos de Trabajo, equipos, instrumentos y herramientas de \u00faltima tecnolog\u00eda, Vestidores individuales, Red H\u00fameda, V\u00eda de Escape hacia la Zona de Seguridad, Se\u00f1al\u00e9ticas de seguridad, buena iluminaci\u00f3n e instalaci\u00f3n el\u00e9ctrica monof\u00e1sica recientemente modernizada.<\/p>\n<p>&nbsp;<\/p>\n<p>Cuenta con Docentes con alta competencia profesional y acad\u00e9mica. Anualmente se establecen convenios con alrededor de 20 empresas del sector con el prop\u00f3sito de comprometerlas con cupos para estudiantes aprendices y pr\u00e1cticas profesionales, charlas t\u00e9cnicas, visitas de estudios, pasant\u00edas y perfeccionamiento de profesores.<\/p>\n<p>&nbsp;<\/p>\n<p><strong>COMPETENCIAS T\u00c9CNICAS DEL EGRESADO:<\/strong><\/p>\n<p>La t\u00e9cnica y el t\u00e9cnico de Nivel Medio en Instalaciones Sanitarias est\u00e1 capacitada(o) para cumplir con las funciones de ejecuci\u00f3n, planificaci\u00f3n, cubicaci\u00f3n, mantenci\u00f3n, reparaci\u00f3n o reposici\u00f3n de las redes de agua, alcantarillado y gas. Esta \u00faltima funci\u00f3n es una de las ramas de especializaci\u00f3n con mayor demanda por la masiva expansi\u00f3n en el uso del gas natural en las instalaciones actuales.<\/p>\n<p>&nbsp;<\/p>\n<p><strong>CAMPO OCUPACIONAL:<\/strong><\/p>\n<p>El o la profesional de la especialidad podr\u00e1 desempe\u00f1arse en empresas inmobiliarias, constructoras, empresas contratistas o como contratista independiente. Los trabajos que podr\u00e1 desarrollar van desde la instalaci\u00f3n de red de agua, alcantarillado y gas en baja presi\u00f3n, hasta la reparaci\u00f3n de obras urbanas o rurales. Tambi\u00e9n se espera que pueda participar en el estudio y an\u00e1lisis de documentaci\u00f3n t\u00e9cnica; en la planificaci\u00f3n de tareas, materiales y recursos; en la ejecuci\u00f3n de instalaciones en terreno, y en la mantenci\u00f3n o reposici\u00f3n de las redes, artefactos, equipos, m\u00e1quinas y herramientas.<\/p>\n<p>&nbsp;<\/p>\n<p><strong>EMPRESAS COLABORADORAS:<\/strong><\/p>\n<p>Las principales empresas colaboradoras son:<\/p>\n<p>Soc. Constructora Carvacho Hnos. SPA<\/p>\n<p>Saniceb<\/p>\n<p>Pell Cal y C\u00eda. Ltda.<\/p>\n<p>Silva y C\u00eda. Ltda.<\/p>\n<p>Ingenier\u00eda en Proyectos y C\u00eda. Ltda.<\/p>\n<p>Tecnifor Ingenier\u00eda y Mantenci\u00f3n Ltda.<\/p>\n<p>Cinco M E.I.R.L.<\/p>\n<p>Constructora Miramar Ltda.<\/p>\n<p>[\/vc_column_text][vc_empty_space][\/vc_column][\/vc_row][vc_row css_animation=\u00bb\u00bb row_type=\u00bbrow\u00bb use_row_as_full_screen_section=\u00bbno\u00bb type=\u00bbfull_width\u00bb angled_section=\u00bbno\u00bb text_align=\u00bbleft\u00bb background_image_as_pattern=\u00bbwithout_pattern\u00bb][vc_column][vc_column_text css=\u00bb.vc_custom_1568378099187{margin-top: 40px !important;margin-bottom: 40px !important;}\u00bb]<\/p>\n<h4><strong>ESPECIALIDAD: REFRIGERACI\u00d3N Y CLIMATIZACI\u00d3N MODALIDAD DUALL<\/strong><\/h4>\n<p>[\/vc_column_text][vc_single_image image=\u00bb128&#8243; img_size=\u00bbfull\u00bb qode_css_animation=\u00bb\u00bb][vc_empty_space][vc_column_text]La especialidad de Refrigeraci\u00f3n y Climatizaci\u00f3n, pertenece al sector econ\u00f3mico Construcci\u00f3n.<\/p>\n<p>Se imparte en nuestro liceo desde el a\u00f1o 1972 y con el modelo dual desde el a\u00f1o 1997.<\/p>\n<p>Sus cursos son el 3\u00b0 a\u00f1o D y 4\u00b0 a\u00f1o D<\/p>\n<p>N\u00b0 de vacantes para 3\u00b0 a\u00f1o: 30 estudiantes.<\/p>\n<p>Dispone de un taller de 164 m\u00b2 con capacidad para atender a 35 estudiantes en forma simult\u00e1nea. Cuenta con suficientes Bancos de Trabajo, equipos, instrumentos y herramientas de \u00faltima tecnolog\u00eda, Red H\u00fameda, V\u00eda de Escape hacia la Zona de Seguridad, Se\u00f1al\u00e9ticas de seguridad, buena iluminaci\u00f3n e instalaci\u00f3n el\u00e9ctrica monof\u00e1sica y trif\u00e1sica recientemente modernizada.<\/p>\n<p>&nbsp;<\/p>\n<p>Es atendida por docentes con alta competencia profesional y acad\u00e9mica. Anualmente se establecen convenios con m\u00e1s de 35 empresas del sector con el prop\u00f3sito de comprometerlas con cupos para aprendices duales, pr\u00e1cticas profesionales, charlas t\u00e9cnicas, pasant\u00edas y perfeccionamiento de profesores.<\/p>\n<p>&nbsp;<\/p>\n<p><strong>COMPETENCIAS T\u00c9CNICAS DEL EGRESADO:<\/strong><\/p>\n<p>La t\u00e9cnica y el t\u00e9cnico de Nivel Medio en Refrigeraci\u00f3n y Climatizaci\u00f3n est\u00e1 capacitada(o) para:<\/p>\n<ol>\n<li>Armar e instalar redes de ca\u00f1er\u00edas para sistemas de refrigeraci\u00f3n, climatizaci\u00f3n y calefacci\u00f3n.<\/li>\n<li>Fabricar e instalar redes de ductos para sistemas de climatizaci\u00f3n, calefacci\u00f3n y ventilaci\u00f3n.<\/li>\n<li>Instalar equipos y componentes para sistemas de refrigeraci\u00f3n, calefacci\u00f3n y ventilaci\u00f3n.<\/li>\n<li>Instalar circuitos de control y fuerza para sistemas de refrigeraci\u00f3n, climatizaci\u00f3n, calefacci\u00f3n y ventilaci\u00f3n.<\/li>\n<li>Poner en marcha y probar el funcionamiento de los sistemas de refrigeraci\u00f3n, climatizaci\u00f3n, calefacci\u00f3n y ventilaci\u00f3n.<\/li>\n<li>Realizar el mantenimiento de sistemas de refrigeraci\u00f3n, climatizaci\u00f3n, calefacci\u00f3n y ventilaci\u00f3n.<\/li>\n<\/ol>\n<p>&nbsp;<\/p>\n<p><strong>CAMPO OCUPACIONAL:<\/strong><\/p>\n<p>El o la profesional de esta especialidad podr\u00e1 desempe\u00f1arse en peque\u00f1as, medianas y grandes empresas tanto de los sectores productivos como de servicios, desarrollando\u00a0 trabajos de instalaci\u00f3n, mantenci\u00f3n y reparaci\u00f3n de equipos y sistemas de refrigeraci\u00f3n, calefacci\u00f3n y climatizaci\u00f3n.<\/p>\n<p>&nbsp;<\/p>\n<p><strong>EMPRESAS COLABORADORAS:<\/strong><\/p>\n<p>Las principales empresas colaboradoras son:<\/p>\n<p>Malbec y C\u00eda. Ltda.<\/p>\n<p>Sociedad JSA Climatizaci\u00f3n Ltda.<\/p>\n<p>Refrigeraci\u00f3n del Sur Ltda.<\/p>\n<p>Climateq<\/p>\n<p>Rial Climatizaci\u00f3n Ltda.<\/p>\n<p>Container Operators S.A.<\/p>\n<p>Coca Cola Embonor S.A.<\/p>\n<p>Punto Fr\u00edo S.A.<\/p>\n<p>San Vicente Terminal Internacional S.A.<\/p>\n<p>Marina del Sol S.A.<\/p>\n<p>D &amp; F Ltda.<\/p>\n<p>Congelados del Pac\u00edfico S.A.[\/vc_column_text][vc_empty_space][\/vc_column][\/vc_row][vc_row css_animation=\u00bb\u00bb row_type=\u00bbrow\u00bb use_row_as_full_screen_section=\u00bbno\u00bb type=\u00bbfull_width\u00bb angled_section=\u00bbno\u00bb text_align=\u00bbleft\u00bb background_image_as_pattern=\u00bbwithout_pattern\u00bb][vc_column][vc_column_text css=\u00bb.vc_custom_1568378250559{margin-top: 40px !important;margin-bottom: 40px !important;}\u00bb]<\/p>\n<h4><strong>ESPECIALIDAD: CONSTRUCCI\u00d3N MENCI\u00d3N EDIFICACI\u00d3N \u2013 MODALIDAD DUAL<\/strong><\/h4>\n<p>[\/vc_column_text][vc_single_image image=\u00bb130&#8243; img_size=\u00bbfull\u00bb qode_css_animation=\u00bb\u00bb][vc_empty_space][vc_column_text]La especialidad de Construcci\u00f3n pertenece al sector econ\u00f3mico Construcci\u00f3n.<\/p>\n<p>Se imparte en nuestro liceo desde el a\u00f1o 1972 y con el modelo dual desde el a\u00f1o 1996.<\/p>\n<p>Sus cursos son el 3\u00b0 a\u00f1o E y 4\u00b0 a\u00f1o E<\/p>\n<p>N\u00b0 de vacantes para 3\u00b0 a\u00f1o: 30 estudiantes.<\/p>\n<p>Posee un taller de 180 m\u00b2 con capacidad para atender a 35 estudiantes en forma simult\u00e1nea.<\/p>\n<p>Dispone de suficientes Bancos de Trabajo, m\u00e1quinas, equipos, instrumentos y herramientas de \u00faltima tecnolog\u00eda, Red H\u00fameda, V\u00eda de Escape hacia la Zona de Seguridad, Se\u00f1al\u00e9ticas de seguridad, buena iluminaci\u00f3n e instalaci\u00f3n el\u00e9ctrica monof\u00e1sica y trif\u00e1sica.<\/p>\n<p>Cuenta con Docentes con alta competencia profesional y acad\u00e9mica. Anualmente se establecen convenios con m\u00e1s de 20 empresas del sector con el prop\u00f3sito de comprometerlas con cupos para aprendices duales, pr\u00e1cticas profesionales, charlas t\u00e9cnicas, pasant\u00edas y perfeccionamiento de profesores.<\/p>\n<p>&nbsp;<\/p>\n<p><strong>COMPETENCIAS T\u00c9CNICAS DEL EGRESADO:<\/strong><\/p>\n<p>La t\u00e9cnica y el t\u00e9cnico de Nivel Medio en Construcci\u00f3n, menci\u00f3n Edificaci\u00f3n est\u00e1 capacitada(o) para:<\/p>\n<ol>\n<li>Planificar y ejecutar el trazado y excavaci\u00f3n de obras de edificaci\u00f3n.<\/li>\n<li>Planificar, armar e instalar obras de enfierradura.<\/li>\n<li>Planificar y ejecutar obras de hormig\u00f3n.<\/li>\n<li>Planificar y ejecutar obras de alba\u00f1iler\u00eda.<\/li>\n<li>Planificar y ejecutar obras de carpinter\u00eda.<\/li>\n<\/ol>\n<p>&nbsp;<\/p>\n<p><strong>CAMPO OCUPACIONAL:<\/strong><\/p>\n<p>El o la profesional de esta especialidad podr\u00e1 desempe\u00f1arse en peque\u00f1as, medianas y grandes empresas de construcci\u00f3n desarrollando instalaci\u00f3n de faenas, trazado, elaboraci\u00f3n de cimientos, estructuras resistentes, muros soportantes y techumbres.<\/p>\n<p>&nbsp;<\/p>\n<p><strong>EMPRESAS COLABORADORAS:<\/strong><\/p>\n<p>Las principales empresas colaboradoras son:<\/p>\n<p>Constructora Miramar Ltda.<\/p>\n<p>Liem Ltda.<\/p>\n<p>\u00c1vila y \u00c1vila Construcciones Ltda.<\/p>\n<p>Venteko Home Concepci\u00f3n<\/p>\n<p>Obras Civiles y Montaje Industrial Pinto y C\u00eda. Ltda.<\/p>\n<p>Inoxidables Alejandro Mois\u00e9s Zamora Duque E.I.R.L.<\/p>\n<p>Inmobiliaria y Constructora Las Magdalenas.[\/vc_column_text][vc_empty_space][\/vc_column][\/vc_row][vc_row css_animation=\u00bb\u00bb row_type=\u00bbrow\u00bb use_row_as_full_screen_section=\u00bbno\u00bb type=\u00bbfull_width\u00bb angled_section=\u00bbno\u00bb text_align=\u00bbleft\u00bb background_image_as_pattern=\u00bbwithout_pattern\u00bb][vc_column][vc_column_text css=\u00bb.vc_custom_1568378346286{margin-top: 40px !important;margin-bottom: 40px !important;}\u00bb]<\/p>\n<h4><strong>ESPECIALIDAD: ELECTRICIDAD \u2013 MODALIDAD TRADICIONAL<\/strong><\/h4>\n<p>[\/vc_column_text][vc_single_image image=\u00bb131&#8243; img_size=\u00bbfull\u00bb qode_css_animation=\u00bb\u00bb][vc_empty_space][vc_column_text]La especialidad de Electricidad pertenece al sector econ\u00f3mico Electricidad.<\/p>\n<p>Se imparte en nuestro liceo desde el a\u00f1o 1985.<\/p>\n<p>Sus cursos son el 3\u00b0 a\u00f1o F y el 4\u00b0 a\u00f1o F.<\/p>\n<p>N\u00b0 de vacantes para 3\u00b0 a\u00f1o: 30 estudiantes.<\/p>\n<p>Dispone de dos nuevos laboratorios, cada uno de 102 m\u00b2 ; uno de Automatizaci\u00f3n y Electr\u00f3nica y el otro de Neum\u00e1tica, Hidr\u00e1ulica y Control. Sus instalaciones e infraestructura son adecuadas para atender simult\u00e1neamente a 60 estudiantes. Dispone de suficientes Bancos de Trabajo, equipos, instrumentos y herramientas de \u00faltima tecnolog\u00eda, Red H\u00fameda, V\u00eda de Escape hacia la Zona de Seguridad, Se\u00f1al\u00e9ticas de seguridad, buena iluminaci\u00f3n y una renovada instalaci\u00f3n el\u00e9ctrica monof\u00e1sica, bif\u00e1sica y trif\u00e1sica.<\/p>\n<p>Cuenta con Docentes con alta competencia profesional y acad\u00e9mica. Anualmente se establecen convenios con m\u00e1s de 15 empresas del sector con el prop\u00f3sito de comprometerlas con cupos para pr\u00e1cticas profesionales, charlas t\u00e9cnicas, visitas de estudios, pasant\u00edas y perfeccionamiento de profesores.<\/p>\n<p>&nbsp;<\/p>\n<p><strong>COMPETENCIAS T\u00c9CNICAS DEL EGRESADO:<\/strong><\/p>\n<p>La t\u00e9cnica y el t\u00e9cnico de Nivel Medio en Construcci\u00f3n, menci\u00f3n Electricidad est\u00e1 capacitado para realizar:<\/p>\n<ol>\n<li>Instalaciones, reparaciones y mantenimientos a nivel b\u00e1sico de circuitos e infraestructura el\u00e9ctrica;<\/li>\n<li>Proyectos el\u00e9ctricos domiciliarios (esquema, planos y presupuestos);<\/li>\n<li>Instalaciones el\u00e9ctricas domiciliarias;<\/li>\n<li>Elaboraci\u00f3n y ejecuci\u00f3n de instalaciones de proyectos el\u00e9ctricos y equipos dom\u00f3ticos, inm\u00f3ticos y de control industrial en empresas de servicios e industriales;<\/li>\n<li>Mantenimiento y programaci\u00f3n de equipos, m\u00e1quinas y sistemas el\u00e9ctricos en diversas actividades productivas;<\/li>\n<li>Reportes, bit\u00e1coras y\/o informes t\u00e9cnicos.<\/li>\n<\/ol>\n<p>&nbsp;<\/p>\n<p><strong>CAMPO OCUPACIONAL:<\/strong><\/p>\n<p>El o la profesional de esta especialidad podr\u00e1 desempe\u00f1arse en peque\u00f1as, medianas y grandes empresas de producci\u00f3n y servicios, ejecutando tareas de instalaci\u00f3n, montaje, reparaci\u00f3n y mantenci\u00f3n de sistemas el\u00e9ctricos en baja tensi\u00f3n, con un m\u00e1ximo de 10 KW de potencia total y redes de alumbrado domiciliario y p\u00fablico.<\/p>\n<p>&nbsp;<\/p>\n<p><strong>EMPRESAS COLABORADORAS:<\/strong><\/p>\n<p>Las principales empresas colaboradoras son:<\/p>\n<p>Worktech Electric Ltda.<\/p>\n<p>Lureye Generaci\u00f3n S.A.<\/p>\n<p>Juan Ayala y C\u00eda Ltda.<\/p>\n<p>MLA Servicios T\u00e9cnicos El\u00e9ctricos E.I.R.L.<\/p>\n<p>Energy Sur Ingenier\u00eda S.A.<\/p>\n<p>Ingenier\u00eda y Construcciones El\u00e9ctricas Ingelec Ltda<\/p>\n<p>Celulosa Arauco y Constituci\u00f3n S.A.<\/p>\n<p>Enap Refiner\u00edas B\u00edo B\u00edo.[\/vc_column_text][vc_empty_space height=\u00bb50px\u00bb][\/vc_column][\/vc_row]<\/p>\n<\/div>","protected":false},"excerpt":{"rendered":"<p>[vc_row css_animation=\u00bb\u00bb row_type=\u00bbrow\u00bb use_row_as_full_screen_section=\u00bbno\u00bb type=\u00bbfull_width\u00bb angled_section=\u00bbno\u00bb text_align=\u00bbleft\u00bb background_image_as_pattern=\u00bbwithout_pattern\u00bb][vc_column][vc_column_text css=\u00bb.vc_custom_1568377656800{margin-bottom: 40px !important;}\u00bb] ESPECIALIDAD: CONSTRUCCIONES MET\u00c1LICAS MODALIDAD DUAL [\/vc_column_text][vc_single_image image=\u00bb119&#8243; img_size=\u00bbfull\u00bb qode_css_animation=\u00bb\u00bb][vc_empty_space][vc_column_text css=\u00bb.vc_custom_1568377426245{margin-bottom: 30px !important;}\u00bb]La especialidad de Construcciones Met\u00e1licas, pertenece al sector econ\u00f3mico Metalmec\u00e1nico. Se imparte con el modelo Dual desde el a\u00f1o 2002. Sus cursos son&#8230;<\/p>\n","protected":false},"author":6,"featured_media":0,"parent":0,"menu_order":0,"comment_status":"closed","ping_status":"closed","template":"","meta":{"footnotes":""},"_links":{"self":[{"href":"https:\/\/www.coreduc.cl\/hvl\/wp-json\/wp\/v2\/pages\/118"}],"collection":[{"href":"https:\/\/www.coreduc.cl\/hvl\/wp-json\/wp\/v2\/pages"}],"about":[{"href":"https:\/\/www.coreduc.cl\/hvl\/wp-json\/wp\/v2\/types\/page"}],"author":[{"embeddable":true,"href":"https:\/\/www.coreduc.cl\/hvl\/wp-json\/wp\/v2\/users\/6"}],"replies":[{"embeddable":true,"href":"https:\/\/www.coreduc.cl\/hvl\/wp-json\/wp\/v2\/comments?post=118"}],"version-history":[{"count":9,"href":"https:\/\/www.coreduc.cl\/hvl\/wp-json\/wp\/v2\/pages\/118\/revisions"}],"predecessor-version":[{"id":133,"href":"https:\/\/www.coreduc.cl\/hvl\/wp-json\/wp\/v2\/pages\/118\/revisions\/133"}],"wp:attachment":[{"href":"https:\/\/www.coreduc.cl\/hvl\/wp-json\/wp\/v2\/media?parent=118"}],"curies":[{"name":"wp","href":"https:\/\/api.w.org\/{rel}","templated":true}]}}