{"id":116,"date":"2019-09-12T13:37:47","date_gmt":"2019-09-12T16:37:47","guid":{"rendered":"https:\/\/www.coreduc.cl\/hvl\/?page_id=116"},"modified":"2019-09-13T09:52:43","modified_gmt":"2019-09-13T12:52:43","slug":"indicadores","status":"publish","type":"page","link":"https:\/\/www.coreduc.cl\/hvl\/indicadores\/","title":{"rendered":"Indicadores"},"content":{"rendered":"<div class=\"wpb-content-wrapper\"><p>[vc_row css_animation=\u00bb\u00bb row_type=\u00bbrow\u00bb use_row_as_full_screen_section=\u00bbno\u00bb type=\u00bbfull_width\u00bb angled_section=\u00bbno\u00bb text_align=\u00bbleft\u00bb background_image_as_pattern=\u00bbwithout_pattern\u00bb][vc_column][vc_column_text]<\/p>\n<table width=\"100%\">\n<tbody>\n<tr>\n<td width=\"431\"><strong>Indicador<\/strong><\/td>\n<td width=\"249\"><strong>Logro<\/strong><\/td>\n<\/tr>\n<tr>\n<td width=\"431\">% de logro en Test de Percepci\u00f3n Val\u00f3rica<\/td>\n<td width=\"249\">78%<\/td>\n<\/tr>\n<tr>\n<td width=\"431\">Tasa de asistencia<\/td>\n<td width=\"249\">91%<\/td>\n<\/tr>\n<tr>\n<td width=\"431\">Tasa de abandono<\/td>\n<td width=\"249\">2.4%<\/td>\n<\/tr>\n<tr>\n<td width=\"431\">Tasa de retenci\u00f3n de becados<\/td>\n<td width=\"249\">100%<\/td>\n<\/tr>\n<tr>\n<td width=\"431\">Tasa de titulaci\u00f3n<\/td>\n<td width=\"249\">99%<\/td>\n<\/tr>\n<\/tbody>\n<\/table>\n<p>&nbsp;<\/p>\n<table width=\"100%\">\n<tbody>\n<tr>\n<td width=\"431\"><strong>Simce \u2013 2016<\/strong><\/td>\n<td width=\"495\"><strong>Logro<\/strong><\/td>\n<\/tr>\n<tr>\n<td width=\"175\">Lenguaje 2\u00ba Medio 523 Pts.<\/td>\n<td width=\"495\">523 pts.<\/td>\n<\/tr>\n<tr>\n<td width=\"175\">Matem\u00e1ticas 2\u00ba Medio 286 Pts.<\/td>\n<td width=\"495\">286 pts.<\/td>\n<\/tr>\n<tr>\n<td width=\"175\">Autoestima acad\u00e9mica y motivaci\u00f3n escolar<\/td>\n<td width=\"495\">76 pts.<\/td>\n<\/tr>\n<tr>\n<td width=\"175\">Clima de convivencia escolar<\/td>\n<td width=\"495\">75 pts.<\/td>\n<\/tr>\n<tr>\n<td width=\"175\">Participaci\u00f3n y formaci\u00f3n ciudadana<\/td>\n<td width=\"495\">82 pts.<\/td>\n<\/tr>\n<tr>\n<td width=\"175\">H\u00e1bitos de vida saludable<\/td>\n<td width=\"495\">72 pts.<\/td>\n<\/tr>\n<\/tbody>\n<\/table>\n<p>&nbsp;<\/p>\n<table width=\"100%\">\n<tbody>\n<tr>\n<td width=\"210\"><strong>Pruebas Corporativas Formaci\u00f3n General \u2013 2016<\/strong><\/td>\n<td width=\"140\"><strong>Logro<\/strong><\/td>\n<\/tr>\n<tr>\n<td colspan=\"2\"><strong>1\u00b0 a 4\u00b0 Medio<\/strong><\/td>\n<\/tr>\n<tr>\n<td width=\"242\">Lenguaje<\/td>\n<td width=\"66\">64%<\/td>\n<\/tr>\n<tr>\n<td width=\"242\">Matem\u00e1ticas<\/td>\n<td width=\"66\">57%<\/td>\n<\/tr>\n<tr>\n<td width=\"242\">Historia<\/td>\n<td width=\"66\">61%<\/td>\n<\/tr>\n<tr>\n<td width=\"242\">Ingl\u00e9s<\/td>\n<td width=\"66\">65%<\/td>\n<\/tr>\n<tr>\n<td width=\"242\">Biolog\u00eda<\/td>\n<td width=\"66\">63%<\/td>\n<\/tr>\n<tr>\n<td width=\"242\">F\u00edsica<\/td>\n<td width=\"66\">58%<\/td>\n<\/tr>\n<tr>\n<td width=\"242\">Qu\u00edmica<\/td>\n<td width=\"66\">54%<\/td>\n<\/tr>\n<\/tbody>\n<\/table>\n<p>&nbsp;<\/p>\n<table width=\"100%\">\n<tbody>\n<tr>\n<td width=\"210\"><strong>Pruebas Corporativas Formaci\u00f3n T\u00e9cnica \u2013 2016<\/strong><\/td>\n<td width=\"140\"><strong>Logro<\/strong><\/td>\n<\/tr>\n<tr>\n<td colspan=\"2\"><strong>3\u00b0 y 4\u00b0 Medio<\/strong><\/td>\n<\/tr>\n<tr>\n<td width=\"242\">Construcciones Met\u00e1licas (formaci\u00f3n dual)<\/td>\n<td width=\"66\">85%<\/td>\n<\/tr>\n<tr>\n<td width=\"242\">Administraci\u00f3n(formaci\u00f3n dual)<\/td>\n<td width=\"66\">80%<\/td>\n<\/tr>\n<tr>\n<td width=\"242\">Inst. Sanitarias (formaci\u00f3n tradicional)<\/td>\n<td width=\"66\">88%<\/td>\n<\/tr>\n<tr>\n<td width=\"242\">Refrigeraci\u00f3n y Climatizaci\u00f3n (formaci\u00f3n dual)<\/td>\n<td width=\"66\">80%<\/td>\n<\/tr>\n<tr>\n<td width=\"242\">Edificaci\u00f3n (formaci\u00f3n dual)<\/td>\n<td width=\"66\">80%<\/td>\n<\/tr>\n<tr>\n<td width=\"242\">Electricidad (formaci\u00f3n tradicional)<\/td>\n<td width=\"66\">90%<\/td>\n<\/tr>\n<\/tbody>\n<\/table>\n<p>[\/vc_column_text][\/vc_column][\/vc_row][vc_row css_animation=\u00bb\u00bb row_type=\u00bbrow\u00bb use_row_as_full_screen_section=\u00bbno\u00bb type=\u00bbfull_width\u00bb angled_section=\u00bbno\u00bb text_align=\u00bbleft\u00bb background_image_as_pattern=\u00bbwithout_pattern\u00bb][vc_column][vc_empty_space height=\u00bb50px\u00bb][\/vc_column][\/vc_row]<\/p>\n<\/div>","protected":false},"excerpt":{"rendered":"<p>[vc_row css_animation=\u00bb\u00bb row_type=\u00bbrow\u00bb use_row_as_full_screen_section=\u00bbno\u00bb type=\u00bbfull_width\u00bb angled_section=\u00bbno\u00bb text_align=\u00bbleft\u00bb background_image_as_pattern=\u00bbwithout_pattern\u00bb][vc_column][vc_column_text] Indicador Logro % de logro en Test de Percepci\u00f3n Val\u00f3rica 78% Tasa de asistencia 91% Tasa de abandono 2.4% Tasa de retenci\u00f3n de becados 100% Tasa de titulaci\u00f3n 99% &nbsp; Simce \u2013 2016 Logro Lenguaje 2\u00ba Medio&#8230;<\/p>\n","protected":false},"author":6,"featured_media":0,"parent":0,"menu_order":0,"comment_status":"closed","ping_status":"closed","template":"","meta":{"footnotes":""},"_links":{"self":[{"href":"https:\/\/www.coreduc.cl\/hvl\/wp-json\/wp\/v2\/pages\/116"}],"collection":[{"href":"https:\/\/www.coreduc.cl\/hvl\/wp-json\/wp\/v2\/pages"}],"about":[{"href":"https:\/\/www.coreduc.cl\/hvl\/wp-json\/wp\/v2\/types\/page"}],"author":[{"embeddable":true,"href":"https:\/\/www.coreduc.cl\/hvl\/wp-json\/wp\/v2\/users\/6"}],"replies":[{"embeddable":true,"href":"https:\/\/www.coreduc.cl\/hvl\/wp-json\/wp\/v2\/comments?post=116"}],"version-history":[{"count":4,"href":"https:\/\/www.coreduc.cl\/hvl\/wp-json\/wp\/v2\/pages\/116\/revisions"}],"predecessor-version":[{"id":137,"href":"https:\/\/www.coreduc.cl\/hvl\/wp-json\/wp\/v2\/pages\/116\/revisions\/137"}],"wp:attachment":[{"href":"https:\/\/www.coreduc.cl\/hvl\/wp-json\/wp\/v2\/media?parent=116"}],"curies":[{"name":"wp","href":"https:\/\/api.w.org\/{rel}","templated":true}]}}