{"id":74,"date":"2019-09-10T11:17:58","date_gmt":"2019-09-10T14:17:58","guid":{"rendered":"https:\/\/www.coreduc.cl\/epl\/?page_id=74"},"modified":"2023-05-04T17:13:08","modified_gmt":"2023-05-04T21:13:08","slug":"docentes-formacion-tecnica","status":"publish","type":"page","link":"https:\/\/www.coreduc.cl\/epl\/docentes-formacion-tecnica\/","title":{"rendered":"Docentes Formaci\u00f3n T\u00e9cnica"},"content":{"rendered":"<div class=\"wpb-content-wrapper\"><p>[vc_row css_animation=\u00bb\u00bb row_type=\u00bbrow\u00bb use_row_as_full_screen_section=\u00bbno\u00bb type=\u00bbfull_width\u00bb angled_section=\u00bbno\u00bb text_align=\u00bbleft\u00bb background_image_as_pattern=\u00bbwithout_pattern\u00bb][vc_column][vc_column_text]<strong>Profesores Plan Diferenciado<\/strong><\/p>\n<table width=\"100%\">\n<tbody>\n<tr>\n<td width=\"31\"><strong>N\u00ba<\/strong><\/td>\n<td width=\"320\"><strong>PLAN DIFERENCIA<\/strong><\/td>\n<\/tr>\n<tr>\n<td width=\"31\">1<\/td>\n<td width=\"320\">Aguirre de la puente Matias Ignacio<\/td>\n<\/tr>\n<tr>\n<td width=\"31\">2<\/td>\n<td width=\"320\">Arancibia Mendoza\u00a0 Leonardo<\/td>\n<\/tr>\n<tr>\n<td width=\"31\">3<\/td>\n<td width=\"320\">Avila Z\u00fa\u00f1iga Sergio Andrigo<\/td>\n<\/tr>\n<tr>\n<td width=\"31\">4<\/td>\n<td width=\"320\">Canales Rojas Ricardo Antonio<\/td>\n<\/tr>\n<tr>\n<td width=\"31\">5<\/td>\n<td width=\"320\">Carre\u00f1o Arias Jonathan Nicolas<\/td>\n<\/tr>\n<tr>\n<td width=\"31\">6<\/td>\n<td width=\"320\">Chamaca Marangunic Carlos<\/td>\n<\/tr>\n<tr>\n<td width=\"31\">7<\/td>\n<td width=\"320\">Concha Perez Alfredo Ariel<\/td>\n<\/tr>\n<tr>\n<td width=\"31\">8<\/td>\n<td width=\"320\">Lara Droguett Miguel Hern\u00e1n<\/td>\n<\/tr>\n<tr>\n<td width=\"31\">9<\/td>\n<td width=\"320\">Madrid Angulo Julio Cesar<\/td>\n<\/tr>\n<tr>\n<td width=\"31\">10<\/td>\n<td width=\"320\">Meza Henr\u00edquez Julio Sebasti\u00e1n<\/td>\n<\/tr>\n<tr>\n<td width=\"31\">11<\/td>\n<td width=\"320\">Molina Venegas Francisco Mario<\/td>\n<\/tr>\n<tr>\n<td width=\"31\">12<\/td>\n<td width=\"320\">Monsalve Perez Sebastian<\/td>\n<\/tr>\n<tr>\n<td width=\"31\">13<\/td>\n<td width=\"320\">Mu\u00f1oz Maureira Wilson Mois\u00e9s<\/td>\n<\/tr>\n<tr>\n<td width=\"31\">14<\/td>\n<td width=\"320\">Mu\u00f1oz Mella Alexis Wladimir<\/td>\n<\/tr>\n<tr>\n<td width=\"31\">15<\/td>\n<td width=\"320\">Rivera Gonzalez Hector Enrique<\/td>\n<\/tr>\n<tr>\n<td width=\"31\">16<\/td>\n<td width=\"320\">Rodriguez Monica<\/td>\n<\/tr>\n<tr>\n<td width=\"31\">17<\/td>\n<td width=\"320\">Rojas Medina H\u00e9ctor Alejandro<\/td>\n<\/tr>\n<tr>\n<td width=\"31\">18<\/td>\n<td width=\"320\">Rojas Salinas\u00a0 Eduardo Enrique<\/td>\n<\/tr>\n<tr>\n<td width=\"31\">19<\/td>\n<td width=\"320\">Tapia Gatica Mario<\/td>\n<\/tr>\n<\/tbody>\n<\/table>\n<p>[\/vc_column_text][\/vc_column][\/vc_row][vc_row css_animation=\u00bb\u00bb row_type=\u00bbrow\u00bb use_row_as_full_screen_section=\u00bbno\u00bb type=\u00bbfull_width\u00bb angled_section=\u00bbno\u00bb text_align=\u00bbleft\u00bb background_image_as_pattern=\u00bbwithout_pattern\u00bb][vc_column][vc_empty_space height=\u00bb100px\u00bb][\/vc_column][\/vc_row]<\/p>\n<\/div>","protected":false},"excerpt":{"rendered":"<p>[vc_row css_animation=\u00bb\u00bb row_type=\u00bbrow\u00bb use_row_as_full_screen_section=\u00bbno\u00bb type=\u00bbfull_width\u00bb angled_section=\u00bbno\u00bb text_align=\u00bbleft\u00bb background_image_as_pattern=\u00bbwithout_pattern\u00bb][vc_column][vc_column_text]Profesores Plan Diferenciado N\u00ba PLAN DIFERENCIA 1 Aguirre de la puente Matias Ignacio 2 Arancibia Mendoza\u00a0 Leonardo 3 Avila Z\u00fa\u00f1iga Sergio Andrigo 4 Canales Rojas Ricardo Antonio 5 Carre\u00f1o Arias Jonathan Nicolas 6 Chamaca Marangunic Carlos 7 Concha&#8230;<\/p>\n","protected":false},"author":5,"featured_media":0,"parent":0,"menu_order":0,"comment_status":"closed","ping_status":"closed","template":"","meta":{"footnotes":""},"_links":{"self":[{"href":"https:\/\/www.coreduc.cl\/epl\/wp-json\/wp\/v2\/pages\/74"}],"collection":[{"href":"https:\/\/www.coreduc.cl\/epl\/wp-json\/wp\/v2\/pages"}],"about":[{"href":"https:\/\/www.coreduc.cl\/epl\/wp-json\/wp\/v2\/types\/page"}],"author":[{"embeddable":true,"href":"https:\/\/www.coreduc.cl\/epl\/wp-json\/wp\/v2\/users\/5"}],"replies":[{"embeddable":true,"href":"https:\/\/www.coreduc.cl\/epl\/wp-json\/wp\/v2\/comments?post=74"}],"version-history":[{"count":8,"href":"https:\/\/www.coreduc.cl\/epl\/wp-json\/wp\/v2\/pages\/74\/revisions"}],"predecessor-version":[{"id":590,"href":"https:\/\/www.coreduc.cl\/epl\/wp-json\/wp\/v2\/pages\/74\/revisions\/590"}],"wp:attachment":[{"href":"https:\/\/www.coreduc.cl\/epl\/wp-json\/wp\/v2\/media?parent=74"}],"curies":[{"name":"wp","href":"https:\/\/api.w.org\/{rel}","templated":true}]}}