{"id":46,"date":"2019-09-10T10:37:05","date_gmt":"2019-09-10T13:37:05","guid":{"rendered":"https:\/\/www.coreduc.cl\/epl\/?page_id=46"},"modified":"2019-09-10T10:38:09","modified_gmt":"2019-09-10T13:38:09","slug":"semblanza","status":"publish","type":"page","link":"https:\/\/www.coreduc.cl\/epl\/semblanza\/","title":{"rendered":"Semblanza"},"content":{"rendered":"<div class=\"wpb-content-wrapper\"><p>[vc_row css_animation=\u00bb\u00bb row_type=\u00bbrow\u00bb use_row_as_full_screen_section=\u00bbno\u00bb type=\u00bbfull_width\u00bb angled_section=\u00bbno\u00bb text_align=\u00bbleft\u00bb background_image_as_pattern=\u00bbwithout_pattern\u00bb][vc_column][vc_column_text]ERNESTO PINTO LAGARRIGUE<\/p>\n<p>Naci\u00f3 en Santiago el 15 de septiembre el a\u00f1o 1918 y falleci\u00f3 en la misma ciudad el 25 de septiembre de 1977.<\/p>\n<p>Sus estudios de Educaci\u00f3n Primaria y Secundaria los realiz\u00f3 en el Liceo Alem\u00e1n entre los a\u00f1os 1925 y 1934. Luego ingreso a la Universidad de Chile a la Facultad de Ingenier\u00eda donde obtuvo su titulo de Ingeniero Civil en el a\u00f1o 1942, recibiendo la Menci\u00f3n en Electricidad.<\/p>\n<p>Casado con Do\u00f1a Luciana Claude Fonck, con quien tuvo dos hijos, Mar\u00eda Eugenia y Ernesto.<\/p>\n<p>Durante el gobierno de Don Jorge Alessandri R. desempe\u00f1o cargos de la m\u00e1s alta importancia en el Sector de la Construcci\u00f3n.\u00a0Durante casi dos a\u00f1os ocupo la Vice presidencia de la Corporaci\u00f3n de la Vivienda CORVI, y a partir de 1960 asumi\u00f3 el cargo de Ministro de Obras P\u00fablicas correspondi\u00e9ndole dirigir la reconstrucci\u00f3n del Pa\u00eds con motivo del terremoto del a\u00f1o 1960.<\/p>\n<p>Algunas de sus funciones P\u00fablicas y Empresariales m\u00e1s importantes:<\/p>\n<p>Durante 1960 y 1964, en el cargo de Ministro de Obras P\u00fablicas su obra m\u00e1s notable fue la construcci\u00f3n y pavimentaci\u00f3n del Camino Longitudinal de Arica a Pto. Montt, aporte valios\u00edsimo para el desarrollo Nacional.<\/p>\n<p>Luego desde 1966 y 1971, se desempe\u00f1o como Gerente General de la empresa\u00a0Cemento Mel\u00f3n, fue socio Fundador de la C\u00e1mara Chilena de la Construcci\u00f3n, y Presidente del Instituto Chileno del Cemento y Hormig\u00f3n.<\/p>\n<p>Docencia e Investigaci\u00f3n<\/p>\n<ul>\n<li>Profesor de la Escuela de Ingenier\u00eda de la Universidad de Chile<\/li>\n<li>Profesor e Investigador del Instituto Chileno del Cemento y Hormig\u00f3n<\/li>\n<\/ul>\n<p>[\/vc_column_text][\/vc_column][\/vc_row][vc_row css_animation=\u00bb\u00bb row_type=\u00bbrow\u00bb use_row_as_full_screen_section=\u00bbno\u00bb type=\u00bbfull_width\u00bb angled_section=\u00bbno\u00bb text_align=\u00bbleft\u00bb background_image_as_pattern=\u00bbwithout_pattern\u00bb][vc_column][vc_empty_space height=\u00bb52px\u00bb][\/vc_column][\/vc_row]<\/p>\n<\/div>","protected":false},"excerpt":{"rendered":"<p>[vc_row css_animation=\u00bb\u00bb row_type=\u00bbrow\u00bb use_row_as_full_screen_section=\u00bbno\u00bb type=\u00bbfull_width\u00bb angled_section=\u00bbno\u00bb text_align=\u00bbleft\u00bb background_image_as_pattern=\u00bbwithout_pattern\u00bb][vc_column][vc_column_text]ERNESTO PINTO LAGARRIGUE Naci\u00f3 en Santiago el 15 de septiembre el a\u00f1o 1918 y falleci\u00f3 en la misma ciudad el 25 de septiembre de 1977. Sus estudios de Educaci\u00f3n Primaria y Secundaria los realiz\u00f3 en el Liceo Alem\u00e1n&#8230;<\/p>\n","protected":false},"author":5,"featured_media":0,"parent":0,"menu_order":0,"comment_status":"closed","ping_status":"closed","template":"","meta":{"footnotes":""},"_links":{"self":[{"href":"https:\/\/www.coreduc.cl\/epl\/wp-json\/wp\/v2\/pages\/46"}],"collection":[{"href":"https:\/\/www.coreduc.cl\/epl\/wp-json\/wp\/v2\/pages"}],"about":[{"href":"https:\/\/www.coreduc.cl\/epl\/wp-json\/wp\/v2\/types\/page"}],"author":[{"embeddable":true,"href":"https:\/\/www.coreduc.cl\/epl\/wp-json\/wp\/v2\/users\/5"}],"replies":[{"embeddable":true,"href":"https:\/\/www.coreduc.cl\/epl\/wp-json\/wp\/v2\/comments?post=46"}],"version-history":[{"count":3,"href":"https:\/\/www.coreduc.cl\/epl\/wp-json\/wp\/v2\/pages\/46\/revisions"}],"predecessor-version":[{"id":50,"href":"https:\/\/www.coreduc.cl\/epl\/wp-json\/wp\/v2\/pages\/46\/revisions\/50"}],"wp:attachment":[{"href":"https:\/\/www.coreduc.cl\/epl\/wp-json\/wp\/v2\/media?parent=46"}],"curies":[{"name":"wp","href":"https:\/\/api.w.org\/{rel}","templated":true}]}}