{"id":43,"date":"2019-09-10T10:28:02","date_gmt":"2019-09-10T13:28:02","guid":{"rendered":"https:\/\/www.coreduc.cl\/epl\/?page_id=43"},"modified":"2019-09-13T13:05:27","modified_gmt":"2019-09-13T16:05:27","slug":"resena-historica","status":"publish","type":"page","link":"https:\/\/www.coreduc.cl\/epl\/resena-historica\/","title":{"rendered":"Rese\u00f1a Hist\u00f3rica"},"content":{"rendered":"<div class=\"wpb-content-wrapper\"><p>[vc_row css_animation=\u00bb\u00bb row_type=\u00bbrow\u00bb use_row_as_full_screen_section=\u00bbno\u00bb type=\u00bbfull_width\u00bb angled_section=\u00bbno\u00bb text_align=\u00bbleft\u00bb background_image_as_pattern=\u00bbwithout_pattern\u00bb][vc_column][vc_column_text]El Liceo Industrial \u201cErnesto Pinto Lagarrigue\u201d de Rancagua tiene sus or\u00edgenes en el ex-Instituto Polit\u00e9cnico de Sewell. Una de las mayores limitaciones de los estudiantes de Sewell hasta 1970, para la continuaci\u00f3n de sus estudios, era la dificultad para trasladarse desde el mineral hasta la ciudad de Rancagua.\u00a0Cabe hacer notar que el \u00fanico medio de transporte entre ambas localidades hasta entonces era el tren, el cual demoraba alrededor de cinco horas para cubrir el trayecto entre Rancagua y Sewell.<\/p>\n<p>Entre los a\u00f1os 1971 y 1985, con el prop\u00f3sito de disminuir los costos de producci\u00f3n y mantenci\u00f3n del campamento Sewell, la empresa Codelco Chile, procede al traslado de la poblaci\u00f3n de dicho campamento a la ciudad de Rancagua. Lo anterior, teniendo como base el Plan 280 (aumento de la producci\u00f3n de cobre en 280 000 toneladas). Como consecuencia de esto, se traslad\u00f3 tambi\u00e9n a Rancagua, el Instituto Polit\u00e9cnico de Sewell.<\/p>\n<p>En virtud del Plan 280 del Mineral El Teniente, el Ministerio de Educaci\u00f3n procedi\u00f3 durante el a\u00f1o 1970, a construir la planta f\u00edsica para el futuro establecimiento en Rancagua, el que se edific\u00f3 en la Avenida Rep\u00fablica de Chile N\u00ba 255, con un total de 5.500 m2 construidos en una superficie de 14.703 m2 .<\/p>\n<p>Con fecha 20 de enero de 1971, se dicta el Decreto 218 del Ministerio de Educaci\u00f3n que dice textualmente \u201cTrasladase a la ciudad de Rancagua el Instituto Polit\u00e9cnico de Sewell de segunda clase y transf\u00f3rmese en Escuela Industrial N\u00ba 2 de Rancagua. El 22 de Marzo de 1971, la Escuela Industrial N\u00ba 2 de Rancagua, inicia sus actividades con los cuatro niveles de Ense\u00f1anza Media con una matr\u00edcula de 650 alumnos distribuidos en 19 cursos.<\/p>\n<p>El traslado de la Escuela a la ciudad de Rancagua marca un per\u00edodo muy importante en la vida del establecimiento.\u00a0De hecho la Escuela comienza a funcionar en forma independiente de las ramas comercial y t\u00e9cnica.\u00a0Se crean a partir de 1971, tres nuevas especialidades: Construcci\u00f3n Habitacional, Construcciones Met\u00e1licas e Instalaciones Sanitarias.\u00a0Se mantiene la especialidad de Construcci\u00f3n de Interiores.\u00a0En 1972 se crea adem\u00e1s la especialidad de Aire Acondicionado.<br \/>\nEl Decreto 1673 del a\u00f1o 1979, determin\u00f3 que los establecimientos que impart\u00edan Educaci\u00f3n Media t\u00e9cnico-Profesional, se llamar\u00edan Liceos y agregar\u00edan la denominaci\u00f3n correspondiente a la modalidad de que se trate; lo por tanto, la Escuela Industrial N\u00ba\u00a02 pas\u00f3 a denominarse entonces Liceo Industrial B-5 de Rancagua.<\/p>\n<p>A mediados de la d\u00e9cada de los 80, en virtud del Decreto 3166 de 1980 se realizaron las gestiones correspondientes entre el Ministerio de Educaci\u00f3n y la Corporaci\u00f3n Educacional de la Construcci\u00f3n, dependiente de la CAMARA CHILENA DE LA CONSTRUCCION, destinadas a traspasar la administraci\u00f3n del Liceo Industrial B-5 a la citada corporaci\u00f3n; proceso que culmin\u00f3 con la publicaci\u00f3n por parte del Ministerio de Educaci\u00f3n, del Decreto 1514 del 16 de Noviembre de 1986. De esta forma, la Corporaci\u00f3n se hace cargo de la administraci\u00f3n del Liceo a contar del 1\u00b0 de enero de 1987. Y su nombre, lo lleva en homenaje al Se\u00f1or \u201cERNESTO PINTO LAGARRIGUE\u201d, socio fundador de la C\u00e1mara Chilena de la Construcci\u00f3n, Ministro de Obras P\u00fablicas en el gobierno de\u00a0don Jorge Alessandri Rodr\u00edguez y Profesor de la Escuela de Ingenier\u00eda de la Universidad de Chile, entre otras actividades desarrolladas.[\/vc_column_text][\/vc_column][\/vc_row][vc_row css_animation=\u00bb\u00bb row_type=\u00bbrow\u00bb use_row_as_full_screen_section=\u00bbno\u00bb type=\u00bbfull_width\u00bb angled_section=\u00bbno\u00bb text_align=\u00bbleft\u00bb background_image_as_pattern=\u00bbwithout_pattern\u00bb][vc_column][vc_empty_space height=\u00bb52px\u00bb][\/vc_column][\/vc_row]<\/p>\n<\/div>","protected":false},"excerpt":{"rendered":"<p>[vc_row css_animation=\u00bb\u00bb row_type=\u00bbrow\u00bb use_row_as_full_screen_section=\u00bbno\u00bb type=\u00bbfull_width\u00bb angled_section=\u00bbno\u00bb text_align=\u00bbleft\u00bb background_image_as_pattern=\u00bbwithout_pattern\u00bb][vc_column][vc_column_text]El Liceo Industrial \u201cErnesto Pinto Lagarrigue\u201d de Rancagua tiene sus or\u00edgenes en el ex-Instituto Polit\u00e9cnico de Sewell. Una de las mayores limitaciones de los estudiantes de Sewell hasta 1970, para la continuaci\u00f3n de sus estudios, era la dificultad&#8230;<\/p>\n","protected":false},"author":5,"featured_media":0,"parent":0,"menu_order":0,"comment_status":"closed","ping_status":"closed","template":"","meta":{"footnotes":""},"_links":{"self":[{"href":"https:\/\/www.coreduc.cl\/epl\/wp-json\/wp\/v2\/pages\/43"}],"collection":[{"href":"https:\/\/www.coreduc.cl\/epl\/wp-json\/wp\/v2\/pages"}],"about":[{"href":"https:\/\/www.coreduc.cl\/epl\/wp-json\/wp\/v2\/types\/page"}],"author":[{"embeddable":true,"href":"https:\/\/www.coreduc.cl\/epl\/wp-json\/wp\/v2\/users\/5"}],"replies":[{"embeddable":true,"href":"https:\/\/www.coreduc.cl\/epl\/wp-json\/wp\/v2\/comments?post=43"}],"version-history":[{"count":3,"href":"https:\/\/www.coreduc.cl\/epl\/wp-json\/wp\/v2\/pages\/43\/revisions"}],"predecessor-version":[{"id":238,"href":"https:\/\/www.coreduc.cl\/epl\/wp-json\/wp\/v2\/pages\/43\/revisions\/238"}],"wp:attachment":[{"href":"https:\/\/www.coreduc.cl\/epl\/wp-json\/wp\/v2\/media?parent=43"}],"curies":[{"name":"wp","href":"https:\/\/api.w.org\/{rel}","templated":true}]}}