{"id":147,"date":"2019-09-10T12:54:43","date_gmt":"2019-09-10T15:54:43","guid":{"rendered":"https:\/\/www.coreduc.cl\/epl\/?page_id=147"},"modified":"2021-08-10T11:18:57","modified_gmt":"2021-08-10T15:18:57","slug":"documentos","status":"publish","type":"page","link":"https:\/\/www.coreduc.cl\/epl\/documentos\/","title":{"rendered":"Documentos"},"content":{"rendered":"<div class=\"wpb-content-wrapper\"><p>[vc_row css_animation=\u00bb\u00bb row_type=\u00bbrow\u00bb use_row_as_full_screen_section=\u00bbno\u00bb type=\u00bbfull_width\u00bb angled_section=\u00bbno\u00bb text_align=\u00bbleft\u00bb background_image_as_pattern=\u00bbwithout_pattern\u00bb][vc_column][vc_column_text]En esta secci\u00f3n podr\u00e1 bajar documentos de su inter\u00e9s.[\/vc_column_text][vc_empty_space height=\u00bb30px\u00bb][\/vc_column][\/vc_row][vc_row css_animation=\u00bb\u00bb row_type=\u00bbrow\u00bb use_row_as_full_screen_section=\u00bbno\u00bb type=\u00bbfull_width\u00bb angled_section=\u00bbno\u00bb text_align=\u00bbleft\u00bb background_image_as_pattern=\u00bbwithout_pattern\u00bb][vc_column width=\u00bb1\/6&#8243;]<span data-type=\"circle\" data-hover-bg-color=\"#f9d77a\"  class=\"qode_icon_shortcode fa-stack q_font_awsome_icon_stack fa-lg pull-right q_icon_animation\" style=\" \"><i class=\"fa fa-circle fa-stack-base fa-stack-2x\" style=\"color: #fbb900;\"><\/i><i class=\"qodef-icon-dripicons dripicon dripicons-archive qode_icon_element fa-stack-1x\" style=\"color: #ffffff;\" ><\/i><\/span>[\/vc_column][vc_column width=\u00bb5\/6&#8243;][vc_empty_space height=\u00bb10px\u00bb]<div class='q_list circle'><a href=\"https:\/\/www.coreduc.cl\/epl\/wp-content\/uploads\/2021\/08\/Cuenta-publica-2020.pdf\" target=\"_blank\" rel=\"noopener noreferrer\">Cuenta p\u00fablica 2020<\/a><\/div>[\/vc_column][\/vc_row][vc_row css_animation=\u00bb\u00bb row_type=\u00bbrow\u00bb use_row_as_full_screen_section=\u00bbno\u00bb type=\u00bbfull_width\u00bb angled_section=\u00bbno\u00bb text_align=\u00bbleft\u00bb background_image_as_pattern=\u00bbwithout_pattern\u00bb][vc_column][vc_separator css_animation=\u00bbfadeIn\u00bb type=\u00bbnormal\u00bb][\/vc_column][\/vc_row][vc_row css_animation=\u00bb\u00bb row_type=\u00bbrow\u00bb use_row_as_full_screen_section=\u00bbno\u00bb type=\u00bbfull_width\u00bb angled_section=\u00bbno\u00bb text_align=\u00bbleft\u00bb background_image_as_pattern=\u00bbwithout_pattern\u00bb][vc_column width=\u00bb1\/6&#8243;]<span data-type=\"circle\" data-hover-bg-color=\"#f9d77a\"  class=\"qode_icon_shortcode fa-stack q_font_awsome_icon_stack fa-lg pull-right q_icon_animation\" style=\" \"><i class=\"fa fa-circle fa-stack-base fa-stack-2x\" style=\"color: #fbb900;\"><\/i><i class=\"qodef-icon-dripicons dripicon dripicons-archive qode_icon_element fa-stack-1x\" style=\"color: #ffffff;\" ><\/i><\/span>[\/vc_column][vc_column width=\u00bb5\/6&#8243;][vc_empty_space height=\u00bb10px\u00bb]<div class='q_list circle'><a href=\"https:\/\/www.coreduc.cl\/epl\/wp-content\/uploads\/2021\/08\/PEI-CORPORATIVO.pdf\" target=\"_blank\" rel=\"noopener noreferrer\">Proyecto Educativo Institucional Corporativo<\/a><\/div>[\/vc_column][\/vc_row][vc_row css_animation=\u00bb\u00bb row_type=\u00bbrow\u00bb use_row_as_full_screen_section=\u00bbno\u00bb type=\u00bbfull_width\u00bb angled_section=\u00bbno\u00bb text_align=\u00bbleft\u00bb background_image_as_pattern=\u00bbwithout_pattern\u00bb][vc_column][vc_separator css_animation=\u00bbfadeIn\u00bb type=\u00bbnormal\u00bb][\/vc_column][\/vc_row][vc_row css_animation=\u00bb\u00bb row_type=\u00bbrow\u00bb use_row_as_full_screen_section=\u00bbno\u00bb type=\u00bbfull_width\u00bb angled_section=\u00bbno\u00bb text_align=\u00bbleft\u00bb background_image_as_pattern=\u00bbwithout_pattern\u00bb][vc_column width=\u00bb1\/6&#8243;]<span data-type=\"circle\" data-hover-bg-color=\"#f9d77a\"  class=\"qode_icon_shortcode fa-stack q_font_awsome_icon_stack fa-lg pull-right q_icon_animation\" style=\" \"><i class=\"fa fa-circle fa-stack-base fa-stack-2x\" style=\"color: #fbb900;\"><\/i><i class=\"qodef-icon-dripicons dripicon dripicons-archive qode_icon_element fa-stack-1x\" style=\"color: #ffffff;\" ><\/i><\/span>[\/vc_column][vc_column width=\u00bb5\/6&#8243;][vc_empty_space height=\u00bb10px\u00bb]<div class='q_list circle'><a href=\"https:\/\/www.coreduc.cl\/epl\/wp-content\/uploads\/2021\/08\/PLAN-DE-FORMACION-CIUDADANA.pdf\" target=\"_blank\" rel=\"noopener noreferrer\">Plan de Formaci\u00f3n Ciudadana<\/a><\/div>[\/vc_column][\/vc_row][vc_row css_animation=\u00bb\u00bb row_type=\u00bbrow\u00bb use_row_as_full_screen_section=\u00bbno\u00bb type=\u00bbfull_width\u00bb angled_section=\u00bbno\u00bb text_align=\u00bbleft\u00bb background_image_as_pattern=\u00bbwithout_pattern\u00bb][vc_column][vc_separator css_animation=\u00bbfadeIn\u00bb type=\u00bbnormal\u00bb][\/vc_column][\/vc_row][vc_row css_animation=\u00bb\u00bb row_type=\u00bbrow\u00bb use_row_as_full_screen_section=\u00bbno\u00bb type=\u00bbfull_width\u00bb angled_section=\u00bbno\u00bb text_align=\u00bbleft\u00bb background_image_as_pattern=\u00bbwithout_pattern\u00bb][vc_column width=\u00bb1\/6&#8243;]<span data-type=\"circle\" data-hover-bg-color=\"#f9d77a\"  class=\"qode_icon_shortcode fa-stack q_font_awsome_icon_stack fa-lg pull-right q_icon_animation\" style=\" \"><i class=\"fa fa-circle fa-stack-base fa-stack-2x\" style=\"color: #fbb900;\"><\/i><i class=\"qodef-icon-dripicons dripicon dripicons-archive qode_icon_element fa-stack-1x\" style=\"color: #ffffff;\" ><\/i><\/span>[\/vc_column][vc_column width=\u00bb5\/6&#8243;][vc_empty_space height=\u00bb10px\u00bb]<div class='q_list circle'><a href=\"https:\/\/www.coreduc.cl\/epl\/wp-content\/uploads\/2021\/08\/PLAN-DE-SEGURIDAD-ESCOLAR.pdf\" target=\"_blank\" rel=\"noopener noreferrer\">Plan de Seguridad Escolar<\/a><\/div>[\/vc_column][\/vc_row][vc_row css_animation=\u00bb\u00bb row_type=\u00bbrow\u00bb use_row_as_full_screen_section=\u00bbno\u00bb type=\u00bbfull_width\u00bb angled_section=\u00bbno\u00bb text_align=\u00bbleft\u00bb background_image_as_pattern=\u00bbwithout_pattern\u00bb][vc_column][vc_separator css_animation=\u00bbfadeIn\u00bb type=\u00bbnormal\u00bb][\/vc_column][\/vc_row][vc_row css_animation=\u00bb\u00bb row_type=\u00bbrow\u00bb use_row_as_full_screen_section=\u00bbno\u00bb type=\u00bbfull_width\u00bb angled_section=\u00bbno\u00bb text_align=\u00bbleft\u00bb background_image_as_pattern=\u00bbwithout_pattern\u00bb][vc_column width=\u00bb1\/6&#8243;]<span data-type=\"circle\" data-hover-bg-color=\"#f9d77a\"  class=\"qode_icon_shortcode fa-stack q_font_awsome_icon_stack fa-lg pull-right q_icon_animation\" style=\" \"><i class=\"fa fa-circle fa-stack-base fa-stack-2x\" style=\"color: #fbb900;\"><\/i><i class=\"qodef-icon-dripicons dripicon dripicons-archive qode_icon_element fa-stack-1x\" style=\"color: #ffffff;\" ><\/i><\/span>[\/vc_column][vc_column width=\u00bb5\/6&#8243;][vc_empty_space height=\u00bb10px\u00bb]<div class='q_list circle'><a href=\"https:\/\/www.coreduc.cl\/epl\/wp-content\/uploads\/2021\/08\/PROGRAMA-DE-EDUCACION-SEXUAL.pdf\" target=\"_blank\" rel=\"noopener noreferrer\">Programa de Educaci\u00f3n Sexual<\/a><\/div>[\/vc_column][\/vc_row][vc_row css_animation=\u00bb\u00bb row_type=\u00bbrow\u00bb use_row_as_full_screen_section=\u00bbno\u00bb type=\u00bbfull_width\u00bb angled_section=\u00bbno\u00bb text_align=\u00bbleft\u00bb background_image_as_pattern=\u00bbwithout_pattern\u00bb][vc_column][vc_separator css_animation=\u00bbfadeIn\u00bb type=\u00bbnormal\u00bb][\/vc_column][\/vc_row][vc_row css_animation=\u00bb\u00bb row_type=\u00bbrow\u00bb use_row_as_full_screen_section=\u00bbno\u00bb type=\u00bbfull_width\u00bb angled_section=\u00bbno\u00bb text_align=\u00bbleft\u00bb background_image_as_pattern=\u00bbwithout_pattern\u00bb][vc_column width=\u00bb1\/6&#8243;]<span data-type=\"circle\" data-hover-bg-color=\"#f9d77a\"  class=\"qode_icon_shortcode fa-stack q_font_awsome_icon_stack fa-lg pull-right q_icon_animation\" style=\" \"><i class=\"fa fa-circle fa-stack-base fa-stack-2x\" style=\"color: #fbb900;\"><\/i><i class=\"qodef-icon-dripicons dripicon dripicons-archive qode_icon_element fa-stack-1x\" style=\"color: #ffffff;\" ><\/i><\/span>[\/vc_column][vc_column width=\u00bb5\/6&#8243;][vc_empty_space height=\u00bb10px\u00bb]<div class='q_list circle'><a href=\"https:\/\/www.coreduc.cl\/epl\/wp-content\/uploads\/2021\/08\/REGLAMENTO-DE-EVALUACION-2020.pdf\" target=\"_blank\" rel=\"noopener noreferrer\">Reglamento de Evaluaci\u00f3n 2020<\/a><\/div>[\/vc_column][\/vc_row][vc_row css_animation=\u00bb\u00bb row_type=\u00bbrow\u00bb use_row_as_full_screen_section=\u00bbno\u00bb type=\u00bbfull_width\u00bb angled_section=\u00bbno\u00bb text_align=\u00bbleft\u00bb background_image_as_pattern=\u00bbwithout_pattern\u00bb][vc_column][vc_separator css_animation=\u00bbfadeIn\u00bb type=\u00bbnormal\u00bb][\/vc_column][\/vc_row][vc_row css_animation=\u00bb\u00bb row_type=\u00bbrow\u00bb use_row_as_full_screen_section=\u00bbno\u00bb type=\u00bbfull_width\u00bb angled_section=\u00bbno\u00bb text_align=\u00bbleft\u00bb background_image_as_pattern=\u00bbwithout_pattern\u00bb][vc_column width=\u00bb1\/6&#8243;]<span data-type=\"circle\" data-hover-bg-color=\"#f9d77a\"  class=\"qode_icon_shortcode fa-stack q_font_awsome_icon_stack fa-lg pull-right q_icon_animation\" style=\" \"><i class=\"fa fa-circle fa-stack-base fa-stack-2x\" style=\"color: #fbb900;\"><\/i><i class=\"qodef-icon-dripicons dripicon dripicons-archive qode_icon_element fa-stack-1x\" style=\"color: #ffffff;\" ><\/i><\/span>[\/vc_column][vc_column width=\u00bb5\/6&#8243;][vc_empty_space height=\u00bb10px\u00bb]<div class='q_list circle'><a href=\"https:\/\/www.coreduc.cl\/epl\/wp-content\/uploads\/2021\/08\/Reglamento-de-practica-y-titulacion.pdf\" target=\"_blank\" rel=\"noopener noreferrer\">Reglamento de pr\u00e1ctica y titulaci\u00f3n<\/a><\/div>[\/vc_column][\/vc_row][vc_row css_animation=\u00bb\u00bb row_type=\u00bbrow\u00bb use_row_as_full_screen_section=\u00bbno\u00bb type=\u00bbfull_width\u00bb angled_section=\u00bbno\u00bb text_align=\u00bbleft\u00bb background_image_as_pattern=\u00bbwithout_pattern\u00bb][vc_column][vc_separator css_animation=\u00bbfadeIn\u00bb type=\u00bbnormal\u00bb][\/vc_column][\/vc_row][vc_row css_animation=\u00bb\u00bb row_type=\u00bbrow\u00bb use_row_as_full_screen_section=\u00bbno\u00bb type=\u00bbfull_width\u00bb angled_section=\u00bbno\u00bb text_align=\u00bbleft\u00bb background_image_as_pattern=\u00bbwithout_pattern\u00bb][vc_column width=\u00bb1\/6&#8243;]<span data-type=\"circle\" data-hover-bg-color=\"#f9d77a\"  class=\"qode_icon_shortcode fa-stack q_font_awsome_icon_stack fa-lg pull-right q_icon_animation\" style=\" \"><i class=\"fa fa-circle fa-stack-base fa-stack-2x\" style=\"color: #fbb900;\"><\/i><i class=\"qodef-icon-dripicons dripicon dripicons-archive qode_icon_element fa-stack-1x\" style=\"color: #ffffff;\" ><\/i><\/span>[\/vc_column][vc_column width=\u00bb5\/6&#8243;][vc_empty_space height=\u00bb10px\u00bb]<div class='q_list circle'><a href=\"https:\/\/www.coreduc.cl\/epl\/wp-content\/uploads\/2021\/08\/RICE-EPL-COREDUC-2019-2020.pdf\" target=\"_blank\" rel=\"noopener noreferrer\">Reglamento Interno de Convivencia Escolar<\/a><\/div>[\/vc_column][\/vc_row][vc_row css_animation=\u00bb\u00bb row_type=\u00bbrow\u00bb use_row_as_full_screen_section=\u00bbno\u00bb type=\u00bbfull_width\u00bb angled_section=\u00bbno\u00bb text_align=\u00bbleft\u00bb background_image_as_pattern=\u00bbwithout_pattern\u00bb][vc_column][vc_empty_space height=\u00bb150px\u00bb][\/vc_column][\/vc_row]<\/p>\n<\/div>","protected":false},"excerpt":{"rendered":"<p>[vc_row css_animation=\u00bb\u00bb row_type=\u00bbrow\u00bb use_row_as_full_screen_section=\u00bbno\u00bb type=\u00bbfull_width\u00bb angled_section=\u00bbno\u00bb text_align=\u00bbleft\u00bb background_image_as_pattern=\u00bbwithout_pattern\u00bb][vc_column][vc_column_text]En esta secci\u00f3n podr\u00e1 bajar documentos de su inter\u00e9s.[\/vc_column_text][vc_empty_space height=\u00bb30px\u00bb][\/vc_column][\/vc_row][vc_row css_animation=\u00bb\u00bb row_type=\u00bbrow\u00bb use_row_as_full_screen_section=\u00bbno\u00bb type=\u00bbfull_width\u00bb angled_section=\u00bbno\u00bb text_align=\u00bbleft\u00bb background_image_as_pattern=\u00bbwithout_pattern\u00bb][vc_column width=\u00bb1\/6&#8243;][\/vc_column][vc_column width=\u00bb5\/6&#8243;][vc_empty_space height=\u00bb10px\u00bb][\/vc_column][\/vc_row][vc_row css_animation=\u00bb\u00bb row_type=\u00bbrow\u00bb use_row_as_full_screen_section=\u00bbno\u00bb type=\u00bbfull_width\u00bb angled_section=\u00bbno\u00bb text_align=\u00bbleft\u00bb background_image_as_pattern=\u00bbwithout_pattern\u00bb][vc_column][vc_separator css_animation=\u00bbfadeIn\u00bb type=\u00bbnormal\u00bb][\/vc_column][\/vc_row][vc_row css_animation=\u00bb\u00bb row_type=\u00bbrow\u00bb use_row_as_full_screen_section=\u00bbno\u00bb type=\u00bbfull_width\u00bb angled_section=\u00bbno\u00bb text_align=\u00bbleft\u00bb background_image_as_pattern=\u00bbwithout_pattern\u00bb][vc_column width=\u00bb1\/6&#8243;][\/vc_column][vc_column width=\u00bb5\/6&#8243;][vc_empty_space&#8230;<\/p>\n","protected":false},"author":5,"featured_media":0,"parent":0,"menu_order":0,"comment_status":"closed","ping_status":"closed","template":"","meta":{"footnotes":""},"_links":{"self":[{"href":"https:\/\/www.coreduc.cl\/epl\/wp-json\/wp\/v2\/pages\/147"}],"collection":[{"href":"https:\/\/www.coreduc.cl\/epl\/wp-json\/wp\/v2\/pages"}],"about":[{"href":"https:\/\/www.coreduc.cl\/epl\/wp-json\/wp\/v2\/types\/page"}],"author":[{"embeddable":true,"href":"https:\/\/www.coreduc.cl\/epl\/wp-json\/wp\/v2\/users\/5"}],"replies":[{"embeddable":true,"href":"https:\/\/www.coreduc.cl\/epl\/wp-json\/wp\/v2\/comments?post=147"}],"version-history":[{"count":4,"href":"https:\/\/www.coreduc.cl\/epl\/wp-json\/wp\/v2\/pages\/147\/revisions"}],"predecessor-version":[{"id":396,"href":"https:\/\/www.coreduc.cl\/epl\/wp-json\/wp\/v2\/pages\/147\/revisions\/396"}],"wp:attachment":[{"href":"https:\/\/www.coreduc.cl\/epl\/wp-json\/wp\/v2\/media?parent=147"}],"curies":[{"name":"wp","href":"https:\/\/api.w.org\/{rel}","templated":true}]}}