{"id":142,"date":"2019-09-10T12:50:18","date_gmt":"2019-09-10T15:50:18","guid":{"rendered":"https:\/\/www.coreduc.cl\/epl\/?page_id=142"},"modified":"2023-05-04T17:17:31","modified_gmt":"2023-05-04T21:17:31","slug":"indicadores","status":"publish","type":"page","link":"https:\/\/www.coreduc.cl\/epl\/indicadores\/","title":{"rendered":"Indicadores"},"content":{"rendered":"<div class=\"wpb-content-wrapper\"><p>[vc_row css_animation=\u00bb\u00bb row_type=\u00bbrow\u00bb use_row_as_full_screen_section=\u00bbno\u00bb type=\u00bbfull_width\u00bb angled_section=\u00bbno\u00bb text_align=\u00bbleft\u00bb background_image_as_pattern=\u00bbwithout_pattern\u00bb][vc_column][vc_column_text]<strong>INDICADORES<br \/>\n<\/strong><strong>Titulados 2022<\/strong><\/p>\n<table width=\"100%\">\n<tbody>\n<tr>\n<td style=\"width: 32.1477%;\" width=\"213\"><strong>ESPECIALIDADES<\/strong><\/td>\n<td style=\"width: 20.1094%;\" width=\"132\"><strong>TOTAL ALUMNOS<\/strong><br \/>\n<strong>2021<\/strong><\/td>\n<td style=\"width: 17.0999%;\" width=\"112\"><strong>PR\u00c1CTICA<\/strong><br \/>\n<strong>TERMINADA<\/strong><\/td>\n<td style=\"width: 29.275%;\" width=\"194\"><strong>PR\u00c1CTICA<\/strong><br \/>\n<strong>TERMINADA<\/strong><\/td>\n<\/tr>\n<tr>\n<td style=\"width: 32.1477%;\" width=\"213\">REFRIGERACION Y CLIMATIZACI\u00d3N<\/td>\n<td style=\"width: 20.1094%;\" width=\"132\">33<\/td>\n<td style=\"width: 17.0999%;\" width=\"112\">27<\/td>\n<td style=\"width: 29.275%;\" width=\"194\">82<\/td>\n<\/tr>\n<tr>\n<td style=\"width: 32.1477%;\" width=\"213\">CONSTRUCCI\u00d3N<\/td>\n<td style=\"width: 20.1094%;\" width=\"132\">41<\/td>\n<td style=\"width: 17.0999%;\" width=\"112\">25<\/td>\n<td style=\"width: 29.275%;\" width=\"194\">61<\/td>\n<\/tr>\n<tr>\n<td style=\"width: 32.1477%;\" width=\"213\">CONSTRUCCIONES MET\u00c1LICAS TRADICIONAL<\/td>\n<td style=\"width: 20.1094%;\" width=\"132\">40<\/td>\n<td style=\"width: 17.0999%;\" width=\"112\">26<\/td>\n<td style=\"width: 29.275%;\" width=\"194\">65<\/td>\n<\/tr>\n<tr>\n<td style=\"width: 32.1477%;\" width=\"213\">CONSTRUCCIONES MET\u00c1LICAS DUAL<\/td>\n<td style=\"width: 20.1094%;\" width=\"132\">28<\/td>\n<td style=\"width: 17.0999%;\" width=\"112\">11<\/td>\n<td style=\"width: 29.275%;\" width=\"194\">39<\/td>\n<\/tr>\n<tr>\n<td style=\"width: 32.1477%;\" width=\"213\">EXPLOTACI\u00d3N MINERA<\/td>\n<td style=\"width: 20.1094%;\" width=\"132\">41<\/td>\n<td style=\"width: 17.0999%;\" width=\"112\">29<\/td>\n<td style=\"width: 29.275%;\" width=\"194\">71<\/td>\n<\/tr>\n<tr>\n<td style=\"width: 32.1477%;\" width=\"213\">ELECTRICIDAD DUAL<\/td>\n<td style=\"width: 20.1094%;\" width=\"132\">44<\/td>\n<td style=\"width: 17.0999%;\" width=\"112\">29<\/td>\n<td style=\"width: 29.275%;\" width=\"194\">66<\/td>\n<\/tr>\n<tr>\n<td style=\"width: 32.1477%;\" width=\"213\">DIBUJO T\u00c9CNICO<\/td>\n<td style=\"width: 20.1094%;\" width=\"132\">37<\/td>\n<td style=\"width: 17.0999%;\" width=\"112\">15<\/td>\n<td style=\"width: 29.275%;\" width=\"194\">41<\/td>\n<\/tr>\n<tr>\n<td style=\"width: 32.1477%;\" width=\"213\">ELECTRICIDAD TRADICIONAL<\/td>\n<td style=\"width: 20.1094%;\" width=\"132\">44<\/td>\n<td style=\"width: 17.0999%;\" width=\"112\">41<\/td>\n<td style=\"width: 29.275%;\" width=\"194\">93<\/td>\n<\/tr>\n<tr>\n<td style=\"width: 32.1477%;\" width=\"213\"><strong>TOTAL <\/strong><\/td>\n<td style=\"width: 20.1094%;\" width=\"132\"><strong>308<\/strong><\/td>\n<td style=\"width: 17.0999%;\" width=\"112\"><strong>203<\/strong><\/td>\n<td style=\"width: 29.275%;\" width=\"194\"><strong>66%<\/strong><\/td>\n<\/tr>\n<\/tbody>\n<\/table>\n<p>[\/vc_column_text][vc_empty_space][\/vc_column][\/vc_row]<\/p>\n<\/div>","protected":false},"excerpt":{"rendered":"<p>[vc_row css_animation=\u00bb\u00bb row_type=\u00bbrow\u00bb use_row_as_full_screen_section=\u00bbno\u00bb type=\u00bbfull_width\u00bb angled_section=\u00bbno\u00bb text_align=\u00bbleft\u00bb background_image_as_pattern=\u00bbwithout_pattern\u00bb][vc_column][vc_column_text]INDICADORES Titulados 2022 ESPECIALIDADES TOTAL ALUMNOS 2021 PR\u00c1CTICA TERMINADA PR\u00c1CTICA TERMINADA REFRIGERACION Y CLIMATIZACI\u00d3N 33 27 82 CONSTRUCCI\u00d3N 41 25 61 CONSTRUCCIONES MET\u00c1LICAS TRADICIONAL 40 26 65 CONSTRUCCIONES MET\u00c1LICAS DUAL 28 11 39 EXPLOTACI\u00d3N MINERA 41 29 71&#8230;<\/p>\n","protected":false},"author":5,"featured_media":0,"parent":0,"menu_order":0,"comment_status":"closed","ping_status":"closed","template":"","meta":{"footnotes":""},"_links":{"self":[{"href":"https:\/\/www.coreduc.cl\/epl\/wp-json\/wp\/v2\/pages\/142"}],"collection":[{"href":"https:\/\/www.coreduc.cl\/epl\/wp-json\/wp\/v2\/pages"}],"about":[{"href":"https:\/\/www.coreduc.cl\/epl\/wp-json\/wp\/v2\/types\/page"}],"author":[{"embeddable":true,"href":"https:\/\/www.coreduc.cl\/epl\/wp-json\/wp\/v2\/users\/5"}],"replies":[{"embeddable":true,"href":"https:\/\/www.coreduc.cl\/epl\/wp-json\/wp\/v2\/comments?post=142"}],"version-history":[{"count":21,"href":"https:\/\/www.coreduc.cl\/epl\/wp-json\/wp\/v2\/pages\/142\/revisions"}],"predecessor-version":[{"id":593,"href":"https:\/\/www.coreduc.cl\/epl\/wp-json\/wp\/v2\/pages\/142\/revisions\/593"}],"wp:attachment":[{"href":"https:\/\/www.coreduc.cl\/epl\/wp-json\/wp\/v2\/media?parent=142"}],"curies":[{"name":"wp","href":"https:\/\/api.w.org\/{rel}","templated":true}]}}