{"id":85,"date":"2019-09-09T18:15:10","date_gmt":"2019-09-09T16:15:10","guid":{"rendered":"https:\/\/www.coreduc.cl\/cev\/?page_id=85"},"modified":"2024-06-06T16:34:53","modified_gmt":"2024-06-06T14:34:53","slug":"directiva-formacion-tecnica","status":"publish","type":"page","link":"https:\/\/www.coreduc.cl\/cev\/directiva-formacion-tecnica\/","title":{"rendered":"Directiva Formaci\u00f3n T\u00e9cnica"},"content":{"rendered":"<h3>Docentes de formaci\u00f3n t\u00e9cnica<\/h3>\n<table style=\"border-collapse: collapse; width: 100%;\" border=\"1\">\n<tbody>\n<tr>\n<td style=\"width: 50%;\">Jos\u00e9 Mella A.<\/td>\n<td style=\"width: 50%;\">Electr\u00f3nica<\/td>\n<\/tr>\n<tr>\n<td style=\"width: 50%;\">Julio Burbano V.<\/td>\n<td style=\"width: 50%;\">Electr\u00f3nica<\/td>\n<\/tr>\n<tr>\n<td style=\"width: 50%;\">Alberto Yagnam Z.<\/td>\n<td style=\"width: 50%;\">Gastronom\u00eda<\/td>\n<\/tr>\n<tr>\n<td style=\"width: 50%;\">Oscar D\u00edaz P.<\/td>\n<td style=\"width: 50%;\">Gastronom\u00eda<\/td>\n<\/tr>\n<tr>\n<td style=\"width: 50%;\">Carla Saavedra M.<\/td>\n<td style=\"width: 50%;\">Enfermer\u00eda<\/td>\n<\/tr>\n<tr>\n<td style=\"width: 50%;\">Elizabeth Gonz\u00e1lez G.<\/td>\n<td style=\"width: 50%;\">Enfermer\u00eda<\/td>\n<\/tr>\n<\/tbody>\n<\/table>\n<p>&nbsp;<\/p>\n","protected":false},"excerpt":{"rendered":"<p>Docentes de formaci\u00f3n t\u00e9cnica Jos\u00e9 Mella A. Electr\u00f3nica Julio Burbano V. Electr\u00f3nica Alberto Yagnam Z. Gastronom\u00eda Oscar D\u00edaz P. Gastronom\u00eda Carla Saavedra M. Enfermer\u00eda Elizabeth Gonz\u00e1lez G. Enfermer\u00eda &nbsp;<\/p>\n","protected":false},"author":6,"featured_media":0,"parent":0,"menu_order":0,"comment_status":"closed","ping_status":"closed","template":"","meta":{"footnotes":""},"class_list":["post-85","page","type-page","status-publish","hentry"],"_links":{"self":[{"href":"https:\/\/www.coreduc.cl\/cev\/wp-json\/wp\/v2\/pages\/85"}],"collection":[{"href":"https:\/\/www.coreduc.cl\/cev\/wp-json\/wp\/v2\/pages"}],"about":[{"href":"https:\/\/www.coreduc.cl\/cev\/wp-json\/wp\/v2\/types\/page"}],"author":[{"embeddable":true,"href":"https:\/\/www.coreduc.cl\/cev\/wp-json\/wp\/v2\/users\/6"}],"replies":[{"embeddable":true,"href":"https:\/\/www.coreduc.cl\/cev\/wp-json\/wp\/v2\/comments?post=85"}],"version-history":[{"count":3,"href":"https:\/\/www.coreduc.cl\/cev\/wp-json\/wp\/v2\/pages\/85\/revisions"}],"predecessor-version":[{"id":535,"href":"https:\/\/www.coreduc.cl\/cev\/wp-json\/wp\/v2\/pages\/85\/revisions\/535"}],"wp:attachment":[{"href":"https:\/\/www.coreduc.cl\/cev\/wp-json\/wp\/v2\/media?parent=85"}],"curies":[{"name":"wp","href":"https:\/\/api.w.org\/{rel}","templated":true}]}}