{"id":76,"date":"2019-09-09T18:06:21","date_gmt":"2019-09-09T16:06:21","guid":{"rendered":"https:\/\/www.coreduc.cl\/cev\/?page_id=76"},"modified":"2024-06-06T16:40:01","modified_gmt":"2024-06-06T14:40:01","slug":"docentes-formacion-general","status":"publish","type":"page","link":"https:\/\/www.coreduc.cl\/cev\/docentes-formacion-general\/","title":{"rendered":"Docentes Formaci\u00f3n General"},"content":{"rendered":"<p><strong>P\u00e1rvulo<\/strong><\/p>\n<table style=\"border-collapse: collapse; width: 100%;\" border=\"1\">\n<tbody>\n<tr>\n<td style=\"width: 50%;\">Natalia Far\u00edas T.<\/td>\n<td style=\"width: 50%;\">Jefe de Ciclo<\/td>\n<\/tr>\n<tr>\n<td style=\"width: 50%;\">Marcela Mu\u00f1oz V.<\/td>\n<td style=\"width: 50%;\">Educadora de P\u00e1rvulo<\/td>\n<\/tr>\n<tr>\n<td style=\"width: 50%;\">Mar\u00eda Jos\u00e9 Fern\u00e1ndez P.<\/td>\n<td style=\"width: 50%;\">Educadora de P\u00e1rvulo<\/td>\n<\/tr>\n<tr>\n<td style=\"width: 50%;\">Victoria Jim\u00e9nez V.<\/td>\n<td style=\"width: 50%;\">Educadora de P\u00e1rvulo<\/td>\n<\/tr>\n<\/tbody>\n<\/table>\n<p>&nbsp;<\/p>\n<p><strong>Primer Ciclo B\u00e1sico<\/strong><\/p>\n<table style=\"border-collapse: collapse; width: 100%;\" border=\"1\">\n<tbody>\n<tr style=\"height: 24px;\">\n<td style=\"width: 50%; height: 24px;\">Jessica Balboa A.<\/td>\n<td style=\"width: 50%; height: 24px;\">Jefe de Ciclo<\/td>\n<\/tr>\n<tr style=\"height: 24px;\">\n<td style=\"width: 50%; height: 24px;\">Natalia Derpich C.<\/td>\n<td style=\"width: 50%; height: 24px;\">General B\u00e1sica<\/td>\n<\/tr>\n<tr style=\"height: 24px;\">\n<td style=\"width: 50%; height: 24px;\">Carolina Murillo B.<\/td>\n<td style=\"width: 50%; height: 24px;\">General B\u00e1sica<\/td>\n<\/tr>\n<tr style=\"height: 24px;\">\n<td style=\"width: 50%; height: 24px;\">Karin Norese M.<\/td>\n<td style=\"width: 50%; height: 24px;\">General B\u00e1sica<\/td>\n<\/tr>\n<tr style=\"height: 24px;\">\n<td style=\"width: 50%; height: 24px;\">Paola Far\u00edas N.<\/td>\n<td style=\"width: 50%; height: 24px;\">General B\u00e1sica<\/td>\n<\/tr>\n<tr style=\"height: 24px;\">\n<td style=\"width: 50%; height: 24px;\">Paula Mar\u00edn \u00c1.<\/td>\n<td style=\"width: 50%; height: 24px;\">General B\u00e1sica<\/td>\n<\/tr>\n<tr style=\"height: 24px;\">\n<td style=\"width: 50%; height: 24px;\">Pamela Barra L.<\/td>\n<td style=\"width: 50%; height: 24px;\">General B\u00e1sica<\/td>\n<\/tr>\n<tr style=\"height: 24px;\">\n<td style=\"width: 50%; height: 24px;\">Beatriz Pizarro C.<\/td>\n<td style=\"width: 50%; height: 24px;\">General B\u00e1sica<\/td>\n<\/tr>\n<tr style=\"height: 24px;\">\n<td style=\"width: 50%; height: 24px;\">Katherine Guajardo F.<\/td>\n<td style=\"width: 50%; height: 24px;\">General B\u00e1sica<\/td>\n<\/tr>\n<tr style=\"height: 24px;\">\n<td style=\"width: 50%; height: 24px;\">Crist\u00f3bal Mu\u00f1oz C.<\/td>\n<td style=\"width: 50%; height: 24px;\">Educaci\u00f3n Musical<\/td>\n<\/tr>\n<tr style=\"height: 24px;\">\n<td style=\"width: 50%; height: 24px;\">Patricia Morales M.<\/td>\n<td style=\"width: 50%; height: 24px;\">Religi\u00f3n<\/td>\n<\/tr>\n<tr style=\"height: 24px;\">\n<td style=\"width: 50%; height: 24px;\">Katherine Quezada A.<\/td>\n<td style=\"width: 50%; height: 24px;\">Educaci\u00f3n F\u00edsica<\/td>\n<\/tr>\n<tr style=\"height: 24px;\">\n<td style=\"width: 50%; height: 24px;\">Erika Maldonado C.<\/td>\n<td style=\"width: 50%; height: 24px;\">Paradocente<\/td>\n<\/tr>\n<\/tbody>\n<\/table>\n<p>&nbsp;<\/p>\n<p><strong>Segundo Ciclo B\u00e1sico<\/strong><\/p>\n<table style=\"border-collapse: collapse; width: 100%;\" border=\"1\">\n<tbody>\n<tr style=\"height: 24px;\">\n<td style=\"width: 50%; height: 24px;\">Karina Orellana O.<\/td>\n<td style=\"width: 50%; height: 24px;\">Jefe de Ciclo<\/td>\n<\/tr>\n<tr style=\"height: 24px;\">\n<td style=\"width: 50%; height: 24px;\">Paulina Palma C.<\/td>\n<td style=\"width: 50%; height: 24px;\">Lenguaje<\/td>\n<\/tr>\n<tr style=\"height: 24px;\">\n<td style=\"width: 50%; height: 24px;\">Monserrat Salfate A.<\/td>\n<td style=\"width: 50%; height: 24px;\">Historia<\/td>\n<\/tr>\n<tr style=\"height: 24px;\">\n<td style=\"width: 50%; height: 24px;\">Paulette Mu\u00f1oz M.<\/td>\n<td style=\"width: 50%; height: 24px;\">Ingl\u00e9s<\/td>\n<\/tr>\n<tr style=\"height: 24px;\">\n<td style=\"width: 50%; height: 24px;\">Paloma Ram\u00edrez G.<\/td>\n<td style=\"width: 50%; height: 24px;\">Ingl\u00e9s<\/td>\n<\/tr>\n<tr style=\"height: 24px;\">\n<td style=\"width: 50%; height: 24px;\">Hern\u00e1n Correa S.<\/td>\n<td style=\"width: 50%; height: 24px;\">Matem\u00e1tica<\/td>\n<\/tr>\n<tr>\n<td style=\"width: 50%;\">Karla Poblete R.<\/td>\n<td style=\"width: 50%;\">Matem\u00e1tica<\/td>\n<\/tr>\n<tr>\n<td style=\"width: 50%;\">Camila C\u00e1rdenas S.<\/td>\n<td style=\"width: 50%;\">Ciencias<\/td>\n<\/tr>\n<tr>\n<td style=\"width: 50%;\">Francesca D\u00edaz A.<\/td>\n<td style=\"width: 50%;\">Ciencias<\/td>\n<\/tr>\n<tr>\n<td style=\"width: 50%;\">Johanna Garrido S.<\/td>\n<td style=\"width: 50%;\">Historia<\/td>\n<\/tr>\n<tr>\n<td style=\"width: 50%;\">B\u00e1rbara Gonz\u00e1lez G.<\/td>\n<td style=\"width: 50%;\">Lenguaje<\/td>\n<\/tr>\n<tr>\n<td style=\"width: 50%;\">Mar\u00eda Teresa Contreras<\/td>\n<td style=\"width: 50%;\">Matem\u00e1tica<\/td>\n<\/tr>\n<tr>\n<td style=\"width: 50%;\">Carlos Palma G.<\/td>\n<td style=\"width: 50%;\">Educaci\u00f3n F\u00edsica<\/td>\n<\/tr>\n<tr>\n<td style=\"width: 50%;\">Tamara Jara C.<\/td>\n<td style=\"width: 50%;\">Artes<\/td>\n<\/tr>\n<tr>\n<td style=\"width: 50%;\">Paulina Millap\u00e1n<\/td>\n<td style=\"width: 50%;\">Artes<\/td>\n<\/tr>\n<tr>\n<td style=\"width: 50%;\">Sof\u00eda Torres<\/td>\n<td style=\"width: 50%;\">Tecnolog\u00eda<\/td>\n<\/tr>\n<\/tbody>\n<\/table>\n<p>&nbsp;<\/p>\n<p><strong>Ense\u00f1anza Media<\/strong><\/p>\n<table style=\"border-collapse: collapse; width: 100%;\" border=\"1\">\n<tbody>\n<tr>\n<td style=\"width: 50%;\">Claudia Lorca M.<\/td>\n<td style=\"width: 50%;\">Jefe de Ciclo<\/td>\n<\/tr>\n<tr>\n<td style=\"width: 50%;\">Karem Urrea M.<\/td>\n<td style=\"width: 50%;\">Lenguaje<\/td>\n<\/tr>\n<tr>\n<td style=\"width: 50%;\">Gisel Rojas J.<\/td>\n<td style=\"width: 50%;\">Lenguaje<\/td>\n<\/tr>\n<tr>\n<td style=\"width: 50%;\">Viviana Pino V.<\/td>\n<td style=\"width: 50%;\">Ingl\u00e9s<\/td>\n<\/tr>\n<tr>\n<td style=\"width: 50%;\">Mar\u00eda Pilar Ruy-P\u00e9rez<\/td>\n<td style=\"width: 50%;\">Qu\u00edmica y Biolog\u00eda<\/td>\n<\/tr>\n<tr>\n<td style=\"width: 50%;\">Marco Castro V.<\/td>\n<td style=\"width: 50%;\">Religi\u00f3n<\/td>\n<\/tr>\n<tr>\n<td style=\"width: 50%;\">Claudia Torres S.<\/td>\n<td style=\"width: 50%;\">Matem\u00e1tica<\/td>\n<\/tr>\n<tr>\n<td style=\"width: 50%;\">Esteban Necochea C.<\/td>\n<td style=\"width: 50%;\">Matem\u00e1tica<\/td>\n<\/tr>\n<tr>\n<td style=\"width: 50%;\">Johanna Garrido S.<\/td>\n<td style=\"width: 50%;\">Historia<\/td>\n<\/tr>\n<tr>\n<td style=\"width: 50%;\">Cristian Adriazola C.<\/td>\n<td style=\"width: 50%;\">Educaci\u00f3n F\u00edsica<\/td>\n<\/tr>\n<tr>\n<td style=\"width: 50%;\">H\u00e9ctor Mu\u00f1oz O.<\/td>\n<td style=\"width: 50%;\">Filosof\u00eda<\/td>\n<\/tr>\n<tr>\n<td style=\"width: 50%;\">Mat\u00edas Rebolledo P.<\/td>\n<td style=\"width: 50%;\">Matem\u00e1tica<\/td>\n<\/tr>\n<tr>\n<td style=\"width: 50%;\">Rodrigo Ba\u00f1ados N.<\/td>\n<td style=\"width: 50%;\">Encargado convivencia escolar<\/td>\n<\/tr>\n<tr>\n<td style=\"width: 50%;\">Iv\u00e1n Fern\u00e1ndez I.<\/td>\n<td style=\"width: 50%;\">Educaci\u00f3n ciudadana<\/td>\n<\/tr>\n<\/tbody>\n<\/table>\n<p>&nbsp;<\/p>\n<p><strong>Equipo de Integraci\u00f3n<\/strong><\/p>\n<table style=\"border-collapse: collapse; width: 100%;\" border=\"1\">\n<tbody>\n<tr>\n<td style=\"width: 50%;\">Carolina Luque M.<\/td>\n<td style=\"width: 50%;\">\u00a0Jefe de PIE<\/td>\n<\/tr>\n<tr>\n<td style=\"width: 50%;\">Judith Parraguez M.<\/td>\n<td style=\"width: 50%;\">Educadora Diferencial<\/td>\n<\/tr>\n<tr>\n<td style=\"width: 50%;\">Valeria C\u00e1rdenas R.<\/td>\n<td style=\"width: 50%;\">Educadora Diferencial<\/td>\n<\/tr>\n<tr>\n<td style=\"width: 50%;\">Nayarett Riquelme J.<\/td>\n<td style=\"width: 50%;\">Educadora Diferencial<\/td>\n<\/tr>\n<tr>\n<td style=\"width: 50%;\">Beatriz Fern\u00e1ndez L.<\/td>\n<td style=\"width: 50%;\">Educadora Diferencial<\/td>\n<\/tr>\n<tr>\n<td style=\"width: 50%;\">Cecilia Reyes V.<\/td>\n<td style=\"width: 50%;\">Psicopedagoga<\/td>\n<\/tr>\n<tr>\n<td style=\"width: 50%;\">Ver\u00f3nica Barra Z.<\/td>\n<td style=\"width: 50%;\">Educadora Diferencial<\/td>\n<\/tr>\n<tr>\n<td style=\"width: 50%;\">Camila Aguirre S.<\/td>\n<td style=\"width: 50%;\">Educadora Diferencial<\/td>\n<\/tr>\n<tr>\n<td style=\"width: 50%;\">Camila Carvajal J.<\/td>\n<td style=\"width: 50%;\">Fonoaudi\u00f3loga<\/td>\n<\/tr>\n<tr>\n<td style=\"width: 50%;\">Mar\u00eda Teresa Rivas.<\/td>\n<td style=\"width: 50%;\">Fonoaudi\u00f3loga<\/td>\n<\/tr>\n<tr>\n<td style=\"width: 50%;\">Ignacia Leiva S.<\/td>\n<td style=\"width: 50%;\">Psic\u00f3loga<\/td>\n<\/tr>\n<tr>\n<td style=\"width: 50%;\">Carolina Urrutia C.<\/td>\n<td style=\"width: 50%;\">Psic\u00f3loga<\/td>\n<\/tr>\n<tr>\n<td style=\"width: 50%;\">Sof\u00eda Miranda V.<\/td>\n<td style=\"width: 50%;\">Terapeuta ocupacional<\/td>\n<\/tr>\n<\/tbody>\n<\/table>\n<p>&nbsp;<\/p>\n","protected":false},"excerpt":{"rendered":"<p>P\u00e1rvulo Natalia Far\u00edas T. Jefe de Ciclo Marcela Mu\u00f1oz V. Educadora de P\u00e1rvulo Mar\u00eda Jos\u00e9 Fern\u00e1ndez P. Educadora de P\u00e1rvulo Victoria Jim\u00e9nez V. Educadora de P\u00e1rvulo &nbsp; Primer Ciclo B\u00e1sico Jessica Balboa A. Jefe de Ciclo Natalia Derpich C. General B\u00e1sica Carolina Murillo B. General&#8230;<\/p>\n","protected":false},"author":6,"featured_media":0,"parent":0,"menu_order":0,"comment_status":"closed","ping_status":"closed","template":"","meta":{"footnotes":""},"class_list":["post-76","page","type-page","status-publish","hentry"],"_links":{"self":[{"href":"https:\/\/www.coreduc.cl\/cev\/wp-json\/wp\/v2\/pages\/76"}],"collection":[{"href":"https:\/\/www.coreduc.cl\/cev\/wp-json\/wp\/v2\/pages"}],"about":[{"href":"https:\/\/www.coreduc.cl\/cev\/wp-json\/wp\/v2\/types\/page"}],"author":[{"embeddable":true,"href":"https:\/\/www.coreduc.cl\/cev\/wp-json\/wp\/v2\/users\/6"}],"replies":[{"embeddable":true,"href":"https:\/\/www.coreduc.cl\/cev\/wp-json\/wp\/v2\/comments?post=76"}],"version-history":[{"count":13,"href":"https:\/\/www.coreduc.cl\/cev\/wp-json\/wp\/v2\/pages\/76\/revisions"}],"predecessor-version":[{"id":537,"href":"https:\/\/www.coreduc.cl\/cev\/wp-json\/wp\/v2\/pages\/76\/revisions\/537"}],"wp:attachment":[{"href":"https:\/\/www.coreduc.cl\/cev\/wp-json\/wp\/v2\/media?parent=76"}],"curies":[{"name":"wp","href":"https:\/\/api.w.org\/{rel}","templated":true}]}}