{"id":70,"date":"2019-09-09T17:11:52","date_gmt":"2019-09-09T15:11:52","guid":{"rendered":"https:\/\/www.coreduc.cl\/cev\/?page_id=70"},"modified":"2024-06-06T15:29:29","modified_gmt":"2024-06-06T13:29:29","slug":"directiva-centro-de-alumnos","status":"publish","type":"page","link":"https:\/\/www.coreduc.cl\/cev\/directiva-centro-de-alumnos\/","title":{"rendered":"Directiva Centro de Alumnos"},"content":{"rendered":"<table width=\"100%\">\n<tbody>\n<tr>\n<td width=\"263\"><strong>Cargo<\/strong><\/td>\n<td width=\"175\"><strong>Nombre<\/strong><\/td>\n<\/tr>\n<tr>\n<td width=\"332\">Presidente<\/td>\n<td width=\"332\">Francisca Bozo Barraza<\/td>\n<\/tr>\n<tr>\n<td width=\"332\">Vicepresidente<\/td>\n<td width=\"332\">Martina Ortiz Valencia<\/td>\n<\/tr>\n<tr>\n<td width=\"332\">Tesorera<\/td>\n<td width=\"332\">Damaris Vera Meza<\/td>\n<\/tr>\n<tr>\n<td width=\"332\">Secretario ejecutivo<\/td>\n<td width=\"332\">Mart\u00edn Carrasco Aguirre<\/td>\n<\/tr>\n<tr>\n<td width=\"332\">Secretaria de actas<\/td>\n<td width=\"332\">Isidora Su\u00e1rez C\u00f3rdova<\/td>\n<\/tr>\n<\/tbody>\n<\/table>\n<p>&nbsp;<\/p>\n","protected":false},"excerpt":{"rendered":"<p>Cargo Nombre Presidente Francisca Bozo Barraza Vicepresidente Martina Ortiz Valencia Tesorera Damaris Vera Meza Secretario ejecutivo Mart\u00edn Carrasco Aguirre Secretaria de actas Isidora Su\u00e1rez C\u00f3rdova &nbsp;<\/p>\n","protected":false},"author":6,"featured_media":0,"parent":0,"menu_order":0,"comment_status":"closed","ping_status":"closed","template":"","meta":{"footnotes":""},"class_list":["post-70","page","type-page","status-publish","hentry"],"_links":{"self":[{"href":"https:\/\/www.coreduc.cl\/cev\/wp-json\/wp\/v2\/pages\/70"}],"collection":[{"href":"https:\/\/www.coreduc.cl\/cev\/wp-json\/wp\/v2\/pages"}],"about":[{"href":"https:\/\/www.coreduc.cl\/cev\/wp-json\/wp\/v2\/types\/page"}],"author":[{"embeddable":true,"href":"https:\/\/www.coreduc.cl\/cev\/wp-json\/wp\/v2\/users\/6"}],"replies":[{"embeddable":true,"href":"https:\/\/www.coreduc.cl\/cev\/wp-json\/wp\/v2\/comments?post=70"}],"version-history":[{"count":4,"href":"https:\/\/www.coreduc.cl\/cev\/wp-json\/wp\/v2\/pages\/70\/revisions"}],"predecessor-version":[{"id":526,"href":"https:\/\/www.coreduc.cl\/cev\/wp-json\/wp\/v2\/pages\/70\/revisions\/526"}],"wp:attachment":[{"href":"https:\/\/www.coreduc.cl\/cev\/wp-json\/wp\/v2\/media?parent=70"}],"curies":[{"name":"wp","href":"https:\/\/api.w.org\/{rel}","templated":true}]}}