{"id":68,"date":"2019-09-09T17:07:33","date_gmt":"2019-09-09T15:07:33","guid":{"rendered":"https:\/\/www.coreduc.cl\/cev\/?page_id=68"},"modified":"2024-06-06T15:27:31","modified_gmt":"2024-06-06T13:27:31","slug":"consejo-escolar","status":"publish","type":"page","link":"https:\/\/www.coreduc.cl\/cev\/consejo-escolar\/","title":{"rendered":"Consejo Escolar"},"content":{"rendered":"<table width=\"100%\">\n<tbody>\n<tr>\n<td width=\"263\"><strong>Cargo<\/strong><\/td>\n<td width=\"175\"><strong>Nombre<\/strong><\/td>\n<\/tr>\n<tr>\n<td width=\"332\">Representante Coreduc<\/td>\n<td width=\"332\">Sr. Mario Figueroa Fuentes<\/td>\n<\/tr>\n<tr>\n<td width=\"332\">Representante Equipo Directivo<\/td>\n<td width=\"332\">Sr. Jos\u00e9 Ricardo Elgueta Cuevas<\/td>\n<\/tr>\n<tr>\n<td width=\"332\">Representante Docentes<\/td>\n<td width=\"332\">Sra. Jessica Balboa Alegr\u00eda<\/td>\n<\/tr>\n<tr>\n<td width=\"332\">Representante Asistentes de la Educaci\u00f3n<\/td>\n<td width=\"332\">Sra. Maribel Pacheco M<\/td>\n<\/tr>\n<tr>\n<td width=\"332\">Representante Centro de Padres<\/td>\n<td width=\"332\">Sra. Elisa Vald\u00e9s P\u00e9rez<\/td>\n<\/tr>\n<tr>\n<td width=\"332\">Representante Centro de Alumnos<\/td>\n<td width=\"332\">Srta. Francisca Bozo Barraza<\/td>\n<\/tr>\n<\/tbody>\n<\/table>\n<p>&nbsp;<\/p>\n","protected":false},"excerpt":{"rendered":"<p>Cargo Nombre Representante Coreduc Sr. Mario Figueroa Fuentes Representante Equipo Directivo Sr. Jos\u00e9 Ricardo Elgueta Cuevas Representante Docentes Sra. Jessica Balboa Alegr\u00eda Representante Asistentes de la Educaci\u00f3n Sra. Maribel Pacheco M Representante Centro de Padres Sra. Elisa Vald\u00e9s P\u00e9rez Representante Centro de Alumnos Srta. Francisca&#8230;<\/p>\n","protected":false},"author":6,"featured_media":0,"parent":0,"menu_order":0,"comment_status":"closed","ping_status":"closed","template":"","meta":{"footnotes":""},"class_list":["post-68","page","type-page","status-publish","hentry"],"_links":{"self":[{"href":"https:\/\/www.coreduc.cl\/cev\/wp-json\/wp\/v2\/pages\/68"}],"collection":[{"href":"https:\/\/www.coreduc.cl\/cev\/wp-json\/wp\/v2\/pages"}],"about":[{"href":"https:\/\/www.coreduc.cl\/cev\/wp-json\/wp\/v2\/types\/page"}],"author":[{"embeddable":true,"href":"https:\/\/www.coreduc.cl\/cev\/wp-json\/wp\/v2\/users\/6"}],"replies":[{"embeddable":true,"href":"https:\/\/www.coreduc.cl\/cev\/wp-json\/wp\/v2\/comments?post=68"}],"version-history":[{"count":2,"href":"https:\/\/www.coreduc.cl\/cev\/wp-json\/wp\/v2\/pages\/68\/revisions"}],"predecessor-version":[{"id":524,"href":"https:\/\/www.coreduc.cl\/cev\/wp-json\/wp\/v2\/pages\/68\/revisions\/524"}],"wp:attachment":[{"href":"https:\/\/www.coreduc.cl\/cev\/wp-json\/wp\/v2\/media?parent=68"}],"curies":[{"name":"wp","href":"https:\/\/api.w.org\/{rel}","templated":true}]}}