{"id":64,"date":"2019-09-09T16:52:18","date_gmt":"2019-09-09T14:52:18","guid":{"rendered":"https:\/\/www.coreduc.cl\/cev\/?page_id=64"},"modified":"2024-06-06T15:25:27","modified_gmt":"2024-06-06T13:25:27","slug":"consejo-asesor-empresarial","status":"publish","type":"page","link":"https:\/\/www.coreduc.cl\/cev\/consejo-asesor-empresarial\/","title":{"rendered":"Consejo Asesor Empresarial"},"content":{"rendered":"<h2>Presidente<\/h2>\n<p>Sr. Diego Varas Benavente, Inmobiliaria Fortaleza<\/p>\n<p>&nbsp;<\/p>\n<h2>Consejeros<\/h2>\n<p>Sra. Ximena Charpentier Canales, Centro de Formaci\u00f3n T\u00e9cnica Santo Tom\u00e1s<br \/>\nSr. Percival Linacre R\u00edos, Independiente<br \/>\nSr. Miguel Fleischmann Furth, Elfle materiales el\u00e9ctricos<\/p>\n","protected":false},"excerpt":{"rendered":"<p>Presidente Sr. Diego Varas Benavente, Inmobiliaria Fortaleza &nbsp; Consejeros Sra. Ximena Charpentier Canales, Centro de Formaci\u00f3n T\u00e9cnica Santo Tom\u00e1s Sr. Percival Linacre R\u00edos, Independiente Sr. Miguel Fleischmann Furth, Elfle materiales el\u00e9ctricos<\/p>\n","protected":false},"author":6,"featured_media":0,"parent":0,"menu_order":0,"comment_status":"closed","ping_status":"closed","template":"","meta":{"footnotes":""},"class_list":["post-64","page","type-page","status-publish","hentry"],"_links":{"self":[{"href":"https:\/\/www.coreduc.cl\/cev\/wp-json\/wp\/v2\/pages\/64"}],"collection":[{"href":"https:\/\/www.coreduc.cl\/cev\/wp-json\/wp\/v2\/pages"}],"about":[{"href":"https:\/\/www.coreduc.cl\/cev\/wp-json\/wp\/v2\/types\/page"}],"author":[{"embeddable":true,"href":"https:\/\/www.coreduc.cl\/cev\/wp-json\/wp\/v2\/users\/6"}],"replies":[{"embeddable":true,"href":"https:\/\/www.coreduc.cl\/cev\/wp-json\/wp\/v2\/comments?post=64"}],"version-history":[{"count":4,"href":"https:\/\/www.coreduc.cl\/cev\/wp-json\/wp\/v2\/pages\/64\/revisions"}],"predecessor-version":[{"id":522,"href":"https:\/\/www.coreduc.cl\/cev\/wp-json\/wp\/v2\/pages\/64\/revisions\/522"}],"wp:attachment":[{"href":"https:\/\/www.coreduc.cl\/cev\/wp-json\/wp\/v2\/media?parent=64"}],"curies":[{"name":"wp","href":"https:\/\/api.w.org\/{rel}","templated":true}]}}