{"id":53,"date":"2019-09-09T16:20:28","date_gmt":"2019-09-09T14:20:28","guid":{"rendered":"https:\/\/www.coreduc.cl\/cev\/?page_id=53"},"modified":"2019-09-13T17:38:31","modified_gmt":"2019-09-13T15:38:31","slug":"resena-historica","status":"publish","type":"page","link":"https:\/\/www.coreduc.cl\/cev\/resena-historica\/","title":{"rendered":"Rese\u00f1a Hist\u00f3rica"},"content":{"rendered":"<div class=\"wpb-content-wrapper\"><p>[vc_row css_animation=\u00bb\u00bb row_type=\u00bbrow\u00bb use_row_as_full_screen_section=\u00bbno\u00bb type=\u00bbfull_width\u00bb angled_section=\u00bbno\u00bb text_align=\u00bbleft\u00bb background_image_as_pattern=\u00bbwithout_pattern\u00bb][vc_column][vc_column_text]El a\u00f1o 2000 nace el Colegio Polivalente Elisa Vald\u00e9s, CEV, como iniciativa de un grupo de profesionales y empresarios pertenecientes a la Fundaci\u00f3n Hogar Catequ\u00edstico, entre ellos la se\u00f1ora Mar\u00eda de la Luz Arizt\u00eda de Castro qui\u00e9n comienza a concretar la idea de desarrollar un establecimiento educacional que otorgara educaci\u00f3n sustentada en valores cristianos a los m\u00e1s desprotegidos, entreg\u00e1ndoles herramientas personales y profesionales necesarias para incorporarse al mundo del trabajo. Tras conversaciones con sacerdotes y autoridades municipales de la comuna de Puente Alto se identifica que en el sector de bajo de mena -conjunto de poblaci\u00f3n de alta vulnerabilidad- la poblaci\u00f3n escolar iba en aumento y los establecimientos educacionales quedaban retirados del sector. As\u00ed, el CEV nace con el objetivo de amparar a esa poblaci\u00f3n escolar.<\/p>\n<p>Tras dos a\u00f1os de recaudaci\u00f3n de dineros, permisos ministeriales y municipales, en marzo del 2002, se da por inaugurado el Colegio Polivalente Elisa Vald\u00e9s con un peque\u00f1o pabell\u00f3n que albergaba a 300 estudiantes aproximadamente, una treintena de personal \u2013entre docentes y asistentes de la educaci\u00f3n- que comenzaron a trabajar desde Pre k\u00ednder a 4\u00ba b\u00e1sico. Durante todo ese a\u00f1o se trabaj\u00f3 en el desarrollo acad\u00e9mico de los niveles ya se\u00f1alado y paralelamente, se construyeron dos pabellones m\u00e1s, con 16 salas de clases.<\/p>\n<p>Para el 2003 se ampliaron las matr\u00edculas a todos los niveles, teniendo I\u00ba y II\u00ba medio de ense\u00f1anza media cient\u00edfico humanista y III\u00ba y IV\u00ba medio de formaci\u00f3n t\u00e9cnico profesional. A\u00f1o tras a\u00f1o el colegio segu\u00eda forjando mejoras bajo la visi\u00f3n y misi\u00f3n declarada en el proyecto educativo inicial \u201cDar una oportunidad de saber crecer\u201d a una poblaci\u00f3n vulnerable y de pocas expectativas.<\/p>\n<p>En el 2008 nace la idea de crear ense\u00f1anza media vespertina para apoyar a la comunidad de los sectores aleda\u00f1os y sobre todo, a padres y apoderados de nuestro colegio que quer\u00edan y necesitaban obtener su licencia de IV\u00ba medio. As\u00ed, la direcci\u00f3n de la \u00e9poca comenz\u00f3 a concretar la idea y en marzo del 2009, iniciaron las clases con 62 estudiantes, todos mayores de 30 a\u00f1os y apoderados nuestro colegio.<\/p>\n<p>En el a\u00f1o 2006, como consecuencia de las buenas pr\u00e1cticas pedag\u00f3gicas se obtuvo por primera vez el bono de excelencia acad\u00e9mica para todos los funcionarios. As\u00ed, a\u00f1o tras a\u00f1o, la direcci\u00f3n del colegio trabaja en pro de un real y buen aprendizaje de los estudiantes, cumpliendo con los principios y valores declarados en la misi\u00f3n del proyecto educativo.<\/p>\n<p>A fines del primer semestre del 2011 la sostenedora vendi\u00f3 el colegio a la Corporaci\u00f3n Educacional de la C\u00e1mara Chilena de la Construcci\u00f3n, COREDUC qui\u00e9nes trajeron consigo una l\u00ednea pedag\u00f3gica fuerte y clara orientada en la excelencia acad\u00e9mica. As\u00ed, la nueva direcci\u00f3n aport\u00f3 nuevos lineamientos en pro de superar el d\u00e9ficit de conocimientos en todas las asignaturas y niveles, poniendo hincapi\u00e9 en lenguaje y matem\u00e1tica a trav\u00e9s de un mejoramiento del trabajo en aula orientado, apoyado y revisado por coaching expertos en la materia.<\/p>\n<p>Ha pasado el tiempo y es as\u00ed como nuestro colegio ha ido a pasos agigantados mejorando. El cuerpo directivo, docente y asistentes de la educaci\u00f3n trabajan en la misi\u00f3n de ense\u00f1ar, educar y formar a los estudiantes. El CEV comenz\u00f3 con un puntaje Simce en 4\u00ba b\u00e1sico de 236 y en II\u00ba medio de 228 puntos promedio entre lenguaje y matem\u00e1tica para el 2013 tenemos como resultado en 4\u00ba b\u00e1sico 266 y II\u00ba medio de 276 como puntaje promedio, en las asignaturas se\u00f1aladas.<\/p>\n<p>Actualmente el colegio cuenta con 4 cursos de p\u00e1rvulos, 16 cursos b\u00e1sicos, 6cursos de educaci\u00f3n media cient\u00edfico humanista, 6 cursos de educaci\u00f3n media t\u00e9cnico profesional y 3 cursos de ense\u00f1anza media t\u00e9cnico profesional modalidad vespertina con una matr\u00edcula total de 1.217 alumnos yalumnas.<\/p>\n<p>Han pasado 11 a\u00f1os desde nuestra fundaci\u00f3n y 8 generaciones de ex \u2013alumnos(as) de nuestro colegio que, sin duda alguna, llevan con orgullo los principios, valores humanos y cristianos que el modelo educativo construido durante estos a\u00f1os, les ha entregado.<\/p>\n<p>Santiago, agosto 2013[\/vc_column_text][vc_empty_space height=\u00bb100px\u00bb][\/vc_column][\/vc_row]<\/p>\n<\/div>","protected":false},"excerpt":{"rendered":"<p>[vc_row css_animation=\u00bb\u00bb row_type=\u00bbrow\u00bb use_row_as_full_screen_section=\u00bbno\u00bb type=\u00bbfull_width\u00bb angled_section=\u00bbno\u00bb text_align=\u00bbleft\u00bb background_image_as_pattern=\u00bbwithout_pattern\u00bb][vc_column][vc_column_text]El a\u00f1o 2000 nace el Colegio Polivalente Elisa Vald\u00e9s, CEV, como iniciativa de un grupo de profesionales y empresarios pertenecientes a la Fundaci\u00f3n Hogar Catequ\u00edstico, entre ellos la se\u00f1ora Mar\u00eda de la Luz Arizt\u00eda de Castro qui\u00e9n comienza&#8230;<\/p>\n","protected":false},"author":6,"featured_media":0,"parent":0,"menu_order":0,"comment_status":"closed","ping_status":"closed","template":"","meta":{"footnotes":""},"class_list":["post-53","page","type-page","status-publish","hentry"],"_links":{"self":[{"href":"https:\/\/www.coreduc.cl\/cev\/wp-json\/wp\/v2\/pages\/53"}],"collection":[{"href":"https:\/\/www.coreduc.cl\/cev\/wp-json\/wp\/v2\/pages"}],"about":[{"href":"https:\/\/www.coreduc.cl\/cev\/wp-json\/wp\/v2\/types\/page"}],"author":[{"embeddable":true,"href":"https:\/\/www.coreduc.cl\/cev\/wp-json\/wp\/v2\/users\/6"}],"replies":[{"embeddable":true,"href":"https:\/\/www.coreduc.cl\/cev\/wp-json\/wp\/v2\/comments?post=53"}],"version-history":[{"count":2,"href":"https:\/\/www.coreduc.cl\/cev\/wp-json\/wp\/v2\/pages\/53\/revisions"}],"predecessor-version":[{"id":184,"href":"https:\/\/www.coreduc.cl\/cev\/wp-json\/wp\/v2\/pages\/53\/revisions\/184"}],"wp:attachment":[{"href":"https:\/\/www.coreduc.cl\/cev\/wp-json\/wp\/v2\/media?parent=53"}],"curies":[{"name":"wp","href":"https:\/\/api.w.org\/{rel}","templated":true}]}}