{"id":48,"date":"2019-09-09T16:11:43","date_gmt":"2019-09-09T14:11:43","guid":{"rendered":"https:\/\/www.coreduc.cl\/cev\/?page_id=48"},"modified":"2019-09-13T17:39:28","modified_gmt":"2019-09-13T15:39:28","slug":"semblanza","status":"publish","type":"page","link":"https:\/\/www.coreduc.cl\/cev\/semblanza\/","title":{"rendered":"Semblanza"},"content":{"rendered":"<div class=\"wpb-content-wrapper\"><p>[vc_row css_animation=\u00bb\u00bb row_type=\u00bbrow\u00bb use_row_as_full_screen_section=\u00bbno\u00bb type=\u00bbfull_width\u00bb angled_section=\u00bbno\u00bb text_align=\u00bbleft\u00bb background_image_as_pattern=\u00bbwithout_pattern\u00bb][vc_column][vc_column_text]<img loading=\"lazy\" decoding=\"async\" class=\"alignleft size-full wp-image-49\" src=\"https:\/\/www.coreduc.cl\/cev\/wp-content\/uploads\/2019\/09\/semblanza3.jpg\" alt=\"\" width=\"150\" height=\"259\" \/>Naci\u00f3 el 17 de octubre de 1894, su padre se llamaba don Jos\u00e9 Florencio y su madre do\u00f1a Juanita, tuvo 5 hermanos y de su familia aprendi\u00f3 el deseo de buscar siempre el querer de Cristo para ella.<\/p>\n<p>Su muerte fue el 22 de junio de 1973, esta fecha es su Pascua, el encuentro definitivo junto al Se\u00f1or. Desde su juventud junto a su hermana Herminia y su prima Juanita Fern\u00e1ndez, hoy Santa Teresa de los Andes compart\u00edan los mismos intereses: el amor a Cristo, al Sant\u00edsimo Sacramento y al Carmelo. Hac\u00edan juntas sus proyectos de vida y hac\u00edan catequesis en el campo para preparar a los ni\u00f1os que har\u00edan su Primera Comuni\u00f3n.<\/p>\n<p>En tiempos de Elisa Vald\u00e9s se usaba encender unas peque\u00f1as l\u00e1mparas rellenas con aceite al lado del sagrario para indicar la presencia de Jes\u00fas. Elisa, pas\u00f3 en sus momentos de oraci\u00f3n muchas horas delante del Sant\u00edsimo. La d\u00e9bil luz de la lamparita de aceite la acompa\u00f1aba y la hac\u00eda pensar que su vida y la de su obra deber\u00edan ser como ella, y es con esta su inspiraci\u00f3n que crea el Hogar Catequ\u00edstico, con la finalidad de formar profesores de religi\u00f3n.<\/p>\n<p>Nosotros tambi\u00e9n hoy estamos invitados a ser como esta lamparita, anunciando a todas las personas la presencia de Jes\u00fas. Debemos brillar con nuestras buenas obras, con nuestro amor y respeto por los dem\u00e1s para que as\u00ed, todos quienes nos vean puedan decir que \u201cJes\u00fas est\u00e1 ah\u00ed\u201d.[\/vc_column_text][vc_empty_space height=\u00bb100px\u00bb][\/vc_column][\/vc_row]<\/p>\n<\/div>","protected":false},"excerpt":{"rendered":"<p>[vc_row css_animation=\u00bb\u00bb row_type=\u00bbrow\u00bb use_row_as_full_screen_section=\u00bbno\u00bb type=\u00bbfull_width\u00bb angled_section=\u00bbno\u00bb text_align=\u00bbleft\u00bb background_image_as_pattern=\u00bbwithout_pattern\u00bb][vc_column][vc_column_text]Naci\u00f3 el 17 de octubre de 1894, su padre se llamaba don Jos\u00e9 Florencio y su madre do\u00f1a Juanita, tuvo 5 hermanos y de su familia aprendi\u00f3 el deseo de buscar siempre el querer de Cristo para ella&#8230;.<\/p>\n","protected":false},"author":6,"featured_media":0,"parent":0,"menu_order":0,"comment_status":"closed","ping_status":"closed","template":"","meta":{"footnotes":""},"class_list":["post-48","page","type-page","status-publish","hentry"],"_links":{"self":[{"href":"https:\/\/www.coreduc.cl\/cev\/wp-json\/wp\/v2\/pages\/48"}],"collection":[{"href":"https:\/\/www.coreduc.cl\/cev\/wp-json\/wp\/v2\/pages"}],"about":[{"href":"https:\/\/www.coreduc.cl\/cev\/wp-json\/wp\/v2\/types\/page"}],"author":[{"embeddable":true,"href":"https:\/\/www.coreduc.cl\/cev\/wp-json\/wp\/v2\/users\/6"}],"replies":[{"embeddable":true,"href":"https:\/\/www.coreduc.cl\/cev\/wp-json\/wp\/v2\/comments?post=48"}],"version-history":[{"count":2,"href":"https:\/\/www.coreduc.cl\/cev\/wp-json\/wp\/v2\/pages\/48\/revisions"}],"predecessor-version":[{"id":185,"href":"https:\/\/www.coreduc.cl\/cev\/wp-json\/wp\/v2\/pages\/48\/revisions\/185"}],"wp:attachment":[{"href":"https:\/\/www.coreduc.cl\/cev\/wp-json\/wp\/v2\/media?parent=48"}],"curies":[{"name":"wp","href":"https:\/\/api.w.org\/{rel}","templated":true}]}}